{"id":6,"date":"2024-10-07T14:48:12","date_gmt":"2024-10-07T12:48:12","guid":{"rendered":"https:\/\/o-seznam.cz\/napoveda\/prohlizece\/?page_id=6"},"modified":"2025-04-24T10:22:01","modified_gmt":"2025-04-24T08:22:01","slug":"napoveda-prohlizece","status":"publish","type":"page","link":"https:\/\/o-seznam.cz\/napoveda\/prohlizece\/","title":{"rendered":"N\u00e1pov\u011bda Seznam.cz pro internetov\u00e9 prohl\u00ed\u017ee\u010de"},"content":{"rendered":"\n<div class=\"wp-block-group alignwide is-layout-constrained wp-block-group-is-layout-constrained\">\n<div class=\"wp-block-group alignwide is-layout-constrained wp-block-group-is-layout-constrained\"><div class=\"alignwide alignwide wp-block-seznam-hero\"><div class=\"cover is-hero is-hero-default bg-neutral-40\"><img decoding=\"async\" src=\"https:\/\/o-seznam.cz\/napoveda\/prohlizece\/wp-content\/themes\/seznam\/patterns\/images\/seznam-cover.jpg\" class=\"cover__media\" alt=\"\" \/><div class=\"cover__dim\" style=\"opacity:0.45\"><\/div><div class=\"cover__content is-layout-constrained\">\n\n<h1 class=\"wp-block-heading has-text-align-left\">N\u00e1pov\u011bda<br>internetov\u00fdch<br>prohl\u00ed\u017ee\u010d\u016f<\/h1>\n\n\n\n<div class=\"wp-block-group is-content-justification-left is-layout-constrained wp-container-core-group-is-layout-59d06cab wp-block-group-is-layout-constrained\">\n<p>N\u00e1vody pro nastaven\u00ed a pou\u017e\u00edv\u00e1n\u00ed r\u016fzn\u00fdch prohl\u00ed\u017ee\u010d\u016f, a to v\u010detn\u011b Seznamu, Chrome, Safari, Edge, Mozilly a Opery. Dozv\u00edte se, jak optimalizovat jejich v\u00fdkon a \u0159e\u0161it \u010dast\u00e9 probl\u00e9my.<\/p>\n<\/div>\n\n<\/div><\/div><\/div>\n\n\n<\/div>\n<\/div>\n\n\n\n<div class=\"wp-block-group is-layout-constrained wp-block-group-is-layout-constrained\">\n<h2 class=\"wp-block-heading\">Nej\u010dast\u011bj\u0161\u00ed dotazy<\/h2>\n\n\n\n<div class=\"accordion\">\n\t<div class=\"accordion__items\">\n\n<details class=\"expander is-style-default\">\n\t<summary data-datalayer-name=\"\" data-datalayer-text=\"Co je to internetov\u00fd prohl\u00ed\u017ee\u010d?\">\n\t\t\t\t<strong>Co je to internetov\u00fd prohl\u00ed\u017ee\u010d?<\/strong>\n\t\t\t<\/summary>\n\t<div class=\"inner-blocks\">\n\n<p>Prohl\u00ed\u017ee\u010d internetov\u00fdch str\u00e1nek nebo tak\u00e9 \u201e<strong>Internetov\u00fd prohl\u00ed\u017ee\u010d<\/strong>\u201c je program, ve kter\u00e9m si prohl\u00ed\u017e\u00edte internetov\u00e9 str\u00e1nky. Jinak \u0159e\u010deno, jde o tu aplikaci, kterou na po\u010d\u00edta\u010di, telefonu \u010di tabletu spou\u0161t\u00edte, abyste mohli proch\u00e1zet obsah internetu. Internetov\u00fdch prohl\u00ed\u017ee\u010d\u016f je velk\u00e9 mno\u017estv\u00ed od r\u016fzn\u00fdch v\u00fdrobc\u016f a n\u011bkdy m\u016f\u017ee b\u00fdt <strong>d\u016fle\u017eit\u00e9 v\u011bd\u011bt<\/strong>, jak\u00fd internetov\u00fd prohl\u00ed\u017ee\u010d pou\u017e\u00edv\u00e1te.<\/p>\n\n<\/div><\/details>\n\n\n\n<details class=\"expander is-style-default\">\n\t<summary data-datalayer-name=\"\" data-datalayer-text=\"Podporovan\u00e9 internetov\u00e9 prohl\u00ed\u017ee\u010de\">\n\t\t\t\t<strong>Podporovan\u00e9 internetov\u00e9 prohl\u00ed\u017ee\u010de<\/strong>\n\t\t\t<\/summary>\n\t<div class=\"inner-blocks\">\n\n<p>Internetov\u00e9 prohl\u00ed\u017ee\u010de b\u00fdvaj\u00ed v pr\u016fb\u011bhu \u010dasu sv\u00fdmi v\u00fdrobci aktualizov\u00e1ny. Ka\u017ed\u00e1 aktualizace obsahuje nov\u00e9 funkce prohl\u00ed\u017ee\u010de, ale \u010dasto i opravy bezpe\u010dnostn\u00edch, mnohdy i kritick\u00fdch, chyb. Je proto <strong>d\u016fle\u017eit\u00e9 udr\u017eovat sv\u016fj internetov\u00fd prohl\u00ed\u017ee\u010d aktu\u00e1ln\u00ed<\/strong>.  <br><strong>Podporovan\u00e9 internetov\u00e9 prohl\u00ed\u017ee\u010de:<\/strong><br>Seznam.cz prohl\u00ed\u017ee\u010d<br>Google Chrome<br>Microsoft Edge<br>Mozilla Firefox<br>Opera<br>Safari<\/p>\n\n<\/div><\/details>\n\n\n\n<details class=\"expander is-style-default\">\n\t<summary data-datalayer-name=\"\" data-datalayer-text=\"Pou\u017e\u00edvan\u00ed zastaral\u00fdch verz\u00ed internetov\u00e9ho prohl\u00ed\u017ee\u010de\">\n\t\t\t\t<strong>Pou\u017e\u00edvan\u00ed zastaral\u00fdch verz\u00ed internetov\u00e9ho prohl\u00ed\u017ee\u010de<\/strong>\n\t\t\t<\/summary>\n\t<div class=\"inner-blocks\">\n\n<p><strong>V\u017edy m\u011bjte aktualizovan\u00fd internetov\u00fd prohl\u00ed\u017ee\u010d.<\/strong> <strong>Aktualizace obsahuje opravy bezpe\u010dnostn\u00edch chyb a zranitelnost\u00ed.<\/strong> \u00dato\u010dn\u00edk m\u016f\u017ee vyu\u017e\u00edt zranitelnost v internetov\u00e9m prohl\u00ed\u017ee\u010di, co\u017e vede k odcizen\u00ed p\u0159ihla\u0161ovac\u00edch \u00fadaj\u016f u\u017eivatele, zneu\u017eit\u00ed dat nebo instalaci \u0161kodliv\u00e9ho softwaru do po\u010d\u00edta\u010de. U t\u011bchto incident\u016f nen\u00ed na vin\u011b slu\u017eba, kde k ud\u00e1losti do\u0161lo; hlavn\u00ed p\u0159\u00ed\u010dinou je pou\u017e\u00edvan\u00ed neaktualizovan\u00e9ho prohl\u00ed\u017ee\u010de. Chcete-li si ov\u011b\u0159it, jakou pou\u017e\u00edv\u00e1te verzi, pro nejpou\u017e\u00edvan\u011bj\u0161\u00ed prohl\u00ed\u017ee\u010de najdete n\u00e1vod v \u010dl\u00e1nku <a href=\"https:\/\/o-seznam.cz\/napoveda\/prohlizece\/napoveda-prohlizece\/jak-zjistit-verzi-prohlizece\/\" data-type=\"link\" data-id=\"https:\/\/o-seznam.cz\/napoveda\/prohlizece\/zobrazeni-ulozeneho-hesla\/\">Jak zjistit verzi internetov\u00e9ho prohl\u00ed\u017ee\u010de<\/a>.<br><br><strong>V zastaral\u00fdch internetov\u00fdch prohl\u00ed\u017ee\u010d\u00edch p\u0159est\u00e1vaj\u00ed slu\u017eby \u010dasem fungovat<\/strong>. Aby byl umo\u017en\u011bn provoz a v\u00fdvoj slu\u017eeb, v\u00fdrobci postupn\u011b ukon\u010duj\u00ed podporu syst\u00e9m\u016f a prohl\u00ed\u017ee\u010d\u016f, na kter\u00fdch ji\u017e slu\u017ebu nelze bezprobl\u00e9mov\u011b provozovat. Tyto prohl\u00ed\u017ee\u010de nepodporuj\u00ed technologie, kter\u00e9 se pou\u017e\u00edvaj\u00ed v modern\u00edm v\u00fdvoji webov\u00fdch slu\u017eeb. Neaktualizovan\u00e9 programy z logick\u00fdch d\u016fvod\u016f <strong>nen\u00ed mo\u017en\u00e9 vyu\u017e\u00edvat neomezen\u011b dlouho<\/strong>. Z\u00e1le\u017e\u00ed pak na va\u0161em rozhodnut\u00ed, zda rozhodnete pou\u017e\u00edvat aktu\u00e1ln\u00ed a bezpe\u010dn\u00fd software a nebo si najdete n\u00e1hradu, kter\u00e1 <em>prozat\u00edm<\/em> je\u0161t\u011b funguje.<br><br>Vyu\u017e\u00edv\u00e1te-li na sv\u00e9m po\u010d\u00edta\u010di \u010di telefonu <strong>star\u00fd opera\u010dn\u00ed syst\u00e9m<\/strong>, dostanete se do situace, kdy <strong>v\u00fdrobce prohl\u00ed\u017ee\u010de <\/strong>pro tento syst\u00e9m <strong>p\u0159estane vyd\u00e1vat aktualizace<\/strong>. D\u016fvody mohou b\u00fdt:<\/p>\n\n\n\n<ul class=\"wp-block-list\">\n<li>star\u0161\u00ed opera\u010dn\u00ed syst\u00e9m ji\u017e nemus\u00ed nab\u00edzet podm\u00ednky vhodn\u00e9 pro v\u00fdvoj prohl\u00ed\u017ee\u010de,<\/li>\n\n\n\n<li>m\u016f\u017ee obsahovat neopraviteln\u00e9 bezpe\u010dnostn\u00ed chyby,<\/li>\n\n\n\n<li>nespl\u0148uje podm\u00ednky pro bezproml\u00e9mov\u00fd chod prohl\u00ed\u017ee\u010de a p\u0159id\u00e1v\u00e1n\u00ed nov\u00fdch funkc\u00ed.<\/li>\n<\/ul>\n\n\n\n<p>\u0158e\u0161en\u00edm je <strong>aktualizovat opera\u010dn\u00ed syst\u00e9m<\/strong> na nov\u011bj\u0161\u00ed verzi, p\u0159\u00edpadn\u011b <strong>po\u0159\u00eddit nov\u00e9 za\u0159\u00edzen\u00ed<\/strong>, na kter\u00e9 bude mo\u017en\u00e9 nainstalovat aktu\u00e1ln\u00ed verzi opera\u010dn\u00edho syst\u00e9mu a prohl\u00ed\u017ee\u010de.<\/p>\n\n<\/div><\/details>\n\n\n\n<details class=\"expander is-style-default\">\n\t<summary data-datalayer-name=\"\" data-datalayer-text=\"Jak zjist\u00edm jak\u00fd m\u00e1m prohl\u00ed\u017ee\u010d a jeho verzi?\">\n\t\t\t\t<strong>Jak zjist\u00edm jak\u00fd m\u00e1m prohl\u00ed\u017ee\u010d a jeho verzi?<\/strong>\n\t\t\t<\/summary>\n\t<div class=\"inner-blocks\">\n\n<p>N\u00e1zev va\u0161eho pou\u017e\u00edvan\u00e9ho internetov\u00e9ho prohl\u00ed\u017ee\u010de a jeho verzi zjist\u00edte podle n\u00e1vodu na <a href=\"https:\/\/o-seznam.cz\/napoveda\/prohlizece\/jak-zjistit-verzi-prohlizece\/\">t\u00e9to str\u00e1nce.<\/a><\/p>\n\n<\/div><\/details>\n\n\n\n<details class=\"expander is-style-default\">\n\t<summary data-datalayer-name=\"\" data-datalayer-text=\"Mohu si v prohl\u00ed\u017ee\u010di zobrazit ulo\u017een\u00e9 heslo?\">\n\t\t\t\t<strong>Mohu si v prohl\u00ed\u017ee\u010di zobrazit ulo\u017een\u00e9 heslo?<\/strong>\n\t\t\t<\/summary>\n\t<div class=\"inner-blocks\">\n\n<p>Ano m\u016f\u017eete. V\u011bt\u0161ina internetov\u00fdch prohl\u00ed\u017ee\u010d\u016f umo\u017e\u0148uje zobrazen\u00ed ulo\u017een\u00e9ho hesla. Pod\u00edvejte se na <a href=\"https:\/\/o-seznam.cz\/napoveda\/prohlizece\/zobrazeni-ulozeneho-hesla\/\">str\u00e1nky<\/a>, kde naleznete n\u00e1vod pro nej\u010dast\u011bji pou\u017e\u00edvan\u00e9 prohl\u00ed\u017ee\u010de.<\/p>\n\n<\/div><\/details>\n\n\n\n<details class=\"expander is-style-default\">\n\t<summary data-datalayer-name=\"\" data-datalayer-text=\"Pro\u010d mus\u00edm opakovan\u011b zad\u00e1vat heslo?\">\n\t\t\t\t<strong>Pro\u010d mus\u00edm opakovan\u011b zad\u00e1vat heslo?<\/strong>\n\t\t\t<\/summary>\n\t<div class=\"inner-blocks\">\n\n<p>Pokud se heslo neukl\u00e1d\u00e1 a po ka\u017ed\u00e9m vypnut\u00ed prohl\u00ed\u017ee\u010de mus\u00edte znovu zadat p\u0159ihla\u0161ovac\u00ed \u00fadaje, nejsp\u00ed\u0161e doch\u00e1z\u00ed k automatick\u00e9mu maz\u00e1n\u00ed soubor\u016f cookies. V takov\u00e9m p\u0159\u00edpad\u011b doporu\u010dujeme postupovat dle n\u00e1pov\u011bdy <a href=\"https:\/\/o-seznam.cz\/napoveda\/prohlizece\/napoveda-prohlizece\/jak-na-automaticke-odhlasovani\/\">Jak na automatick\u00e9 odhla\u0161ov\u00e1n\u00ed<\/a>, pomoc\u00ed kter\u00e9 vypnete zm\u00edn\u011bn\u00e9 automatick\u00e9 maz\u00e1n\u00ed soubor\u016f cookies.<\/p>\n\n<\/div><\/details>\n\n<\/div><\/div>\n\n<\/div>\n\n\n\n<div class=\"wp-block-group is-layout-constrained wp-block-group-is-layout-constrained\">\n<h2 class=\"wp-block-heading\">Internetov\u00e9 prohl\u00ed\u017ee\u010de<\/h2>\n\n\n\n<div class=\"wp-block-group is-layout-grid wp-container-core-group-is-layout-2931688a wp-block-group-is-layout-grid\">\n<div class=\"wp-block-group is-layout-constrained wp-block-group-is-layout-constrained\"><div class=\"block-boxlink\"><a class=\"boxlink boxlink--icon-none px-f4 py-f4\" href=\"https:\/\/o-seznam.cz\/napoveda\/prohlizece\/google-chrome\/\"><div class=\"inner-blocks\">\n<div class=\"boxlink-logo\">\n\t<img loading=\"lazy\" decoding=\"async\" width=\"400\" height=\"400\" src=\"https:\/\/o-seznam.cz\/napoveda\/prohlizece\/wp-content\/uploads\/sites\/17\/2024\/11\/Logo_Chrome.svg\" class=\"attachment-full size-full\" alt=\"\" \/><\/div>\n\n\t<div class=\"ml-f4\">\n\t\t<strong>Google Chrome<\/strong>\n\t<\/div>\n\n <\/div><\/a><\/div>\n\n<div class=\"wp-block-seznam-list-pages\"><div class=\"limiter\" data-limiter=\"5\" data-limiter-selector=\".buttons-line &gt; ul \">\n<div class=\"buttons-line\">\n\t<ul>\n\t\t\t\t\t<li><a href=\"https:\/\/o-seznam.cz\/napoveda\/prohlizece\/google-chrome\/anonymni-prohlizeni-chrome\/\">Anonymn\u00ed prohl\u00ed\u017een\u00ed<\/a><\/li>\n\t\t\t\t\t<li><a href=\"https:\/\/o-seznam.cz\/napoveda\/prohlizece\/google-chrome\/automaticke-odhlasovani\/\">Automatick\u00e9 odhla\u0161ov\u00e1n\u00ed<\/a><\/li>\n\t\t\t\t\t<li><a href=\"https:\/\/o-seznam.cz\/napoveda\/prohlizece\/google-chrome\/nastaveni-geolokace\/\">Nastaven\u00ed geolokace<\/a><\/li>\n\t\t\t\t\t<li><a href=\"https:\/\/o-seznam.cz\/napoveda\/prohlizece\/google-chrome\/doplnky\/\">Odstran\u011bn\u00ed dopl\u0148k\u016f<\/a><\/li>\n\t\t\t\t\t<li><a href=\"https:\/\/o-seznam.cz\/napoveda\/prohlizece\/google-chrome\/odstraneni-hesla\/\">Odstran\u011bn\u00ed hesla<\/a><\/li>\n\t\t\t\t\t<li><a href=\"https:\/\/o-seznam.cz\/napoveda\/prohlizece\/google-chrome\/odstraneni-jmena\/\">Odstran\u011bn\u00ed jm\u00e9na<\/a><\/li>\n\t\t\t\t\t<li><a href=\"https:\/\/o-seznam.cz\/napoveda\/prohlizece\/google-chrome\/povoleni-souboru-cookies\/\">Povolen\u00ed cookies<\/a><\/li>\n\t\t\t\t\t<li><a href=\"https:\/\/o-seznam.cz\/napoveda\/prohlizece\/google-chrome\/smazani-cookies\/\">Smaz\u00e1n\u00ed cookies<\/a><\/li>\n\t\t\t\t\t<li><a href=\"https:\/\/o-seznam.cz\/napoveda\/prohlizece\/google-chrome\/obnoveni-vychoziho-nastaveni\/\">V\u00fdchoz\u00ed nastaven\u00ed<\/a><\/li>\n\t\t\t\t\t<li><a href=\"https:\/\/o-seznam.cz\/napoveda\/prohlizece\/google-chrome\/nastaveni-vychoziho-vyhledavace\/\">V\u00fdchoz\u00ed vyhled\u00e1va\u010d<\/a><\/li>\n\t\t\t\t\t<li><a href=\"https:\/\/o-seznam.cz\/napoveda\/prohlizece\/google-chrome\/jak-zobrazit-heslo\/\">Zobrazen\u00ed hesla<\/a><\/li>\n\t\t\t<\/ul>\n<\/div>\n<\/div><\/div>\n<\/div>\n\n\n\n<div class=\"wp-block-group is-layout-constrained wp-block-group-is-layout-constrained\"><div class=\"block-boxlink\"><a class=\"boxlink boxlink--icon-none px-f4 py-f4\" href=\"https:\/\/o-seznam.cz\/napoveda\/prohlizece\/microsoft-edge\/\"><div class=\"inner-blocks\">\n<div class=\"boxlink-logo\">\n\t<img loading=\"lazy\" decoding=\"async\" width=\"400\" height=\"400\" src=\"https:\/\/o-seznam.cz\/napoveda\/prohlizece\/wp-content\/uploads\/sites\/17\/2024\/12\/logo-edge-1.svg\" class=\"attachment-full size-full\" alt=\"\" \/><\/div>\n\n\t<div class=\"ml-f4\">\n\t\t<strong>Microsoft Edge<\/strong>\n\t<\/div>\n\n <\/div><\/a><\/div>\n\n<div class=\"wp-block-seznam-list-pages\"><div class=\"limiter\" data-limiter=\"5\" data-limiter-selector=\".buttons-line &gt; ul \">\n<div class=\"buttons-line\">\n\t<ul>\n\t\t\t\t\t<li><a href=\"https:\/\/o-seznam.cz\/napoveda\/prohlizece\/microsoft-edge\/anonymni-prohlizeni\/\">Anonymn\u00ed prohl\u00ed\u017eeni<\/a><\/li>\n\t\t\t\t\t<li><a href=\"https:\/\/o-seznam.cz\/napoveda\/prohlizece\/microsoft-edge\/automaticke-odhlasovani\/\">Automatick\u00e9 odhla\u0161ov\u00e1n\u00ed<\/a><\/li>\n\t\t\t\t\t<li><a href=\"https:\/\/o-seznam.cz\/napoveda\/prohlizece\/microsoft-edge\/nastaveni-geolokace\/\">Nastaven\u00ed geolokace<\/a><\/li>\n\t\t\t\t\t<li><a href=\"https:\/\/o-seznam.cz\/napoveda\/prohlizece\/microsoft-edge\/jak-odstranit-doplnky\/\">Odstran\u011bn\u00ed dopl\u0148k\u016f<\/a><\/li>\n\t\t\t\t\t<li><a href=\"https:\/\/o-seznam.cz\/napoveda\/prohlizece\/microsoft-edge\/odstraneni-hesla\/\">Odstran\u011bn\u00ed hesla<\/a><\/li>\n\t\t\t\t\t<li><a href=\"https:\/\/o-seznam.cz\/napoveda\/prohlizece\/microsoft-edge\/odstraneni-jmena\/\">Odstran\u011bn\u00ed jm\u00e9na<\/a><\/li>\n\t\t\t\t\t<li><a href=\"https:\/\/o-seznam.cz\/napoveda\/prohlizece\/microsoft-edge\/povoleni-cookies\/\">Povolen\u00ed cookies<\/a><\/li>\n\t\t\t\t\t<li><a href=\"https:\/\/o-seznam.cz\/napoveda\/prohlizece\/microsoft-edge\/smazani-cookies\/\">Smaz\u00e1n\u00ed cookies<\/a><\/li>\n\t\t\t\t\t<li><a href=\"https:\/\/o-seznam.cz\/napoveda\/prohlizece\/microsoft-edge\/obnoveni-vychoziho-nastaveni\/\">V\u00fdchoz\u00ed nastaven\u00ed<\/a><\/li>\n\t\t\t\t\t<li><a href=\"https:\/\/o-seznam.cz\/napoveda\/prohlizece\/microsoft-edge\/nastaveni-vychoziho-vyhledavace\/\">V\u00fdchoz\u00ed vyhled\u00e1va\u010d<\/a><\/li>\n\t\t\t\t\t<li><a href=\"https:\/\/o-seznam.cz\/napoveda\/prohlizece\/microsoft-edge\/jak-zobrazit-heslo\/\">Zobrazen\u00ed hesla<\/a><\/li>\n\t\t\t<\/ul>\n<\/div>\n<\/div><\/div>\n<\/div>\n\n\n\n<div class=\"wp-block-group is-layout-constrained wp-block-group-is-layout-constrained\"><div class=\"block-boxlink\"><a class=\"boxlink boxlink--icon-none px-f4 py-f4\" href=\"https:\/\/o-seznam.cz\/napoveda\/prohlizece\/mozilla-firefox\/\"><div class=\"inner-blocks\">\n<div class=\"boxlink-logo\">\n\t<img loading=\"lazy\" decoding=\"async\" width=\"400\" height=\"400\" src=\"https:\/\/o-seznam.cz\/napoveda\/prohlizece\/wp-content\/uploads\/sites\/17\/2024\/11\/Logo_Firefox.svg\" class=\"attachment-full size-full\" alt=\"\" \/><\/div>\n\n\t<div class=\"ml-f4\">\n\t\t<strong>Mozilla Firefox<\/strong>\n\t<\/div>\n\n <\/div><\/a><\/div>\n\n<div class=\"wp-block-seznam-list-pages\"><div class=\"limiter\" data-limiter=\"5\" data-limiter-selector=\".buttons-line &gt; ul \">\n<div class=\"buttons-line\">\n\t<ul>\n\t\t\t\t\t<li><a href=\"https:\/\/o-seznam.cz\/napoveda\/prohlizece\/mozilla-firefox\/anonymni-prohlizeni\/\">Anonymn\u00ed prohl\u00ed\u017eeni<\/a><\/li>\n\t\t\t\t\t<li><a href=\"https:\/\/o-seznam.cz\/napoveda\/prohlizece\/mozilla-firefox\/automaticke-odhlasovani\/\">Automatick\u00e9 odhla\u0161ov\u00e1n\u00ed<\/a><\/li>\n\t\t\t\t\t<li><a href=\"https:\/\/o-seznam.cz\/napoveda\/prohlizece\/mozilla-firefox\/nastaveni-geolokace\/\">Nastaven\u00ed geolokace<\/a><\/li>\n\t\t\t\t\t<li><a href=\"https:\/\/o-seznam.cz\/napoveda\/prohlizece\/mozilla-firefox\/jak-odstranit-doplnky\/\">Odstran\u011bn\u00ed dopl\u0148k\u016f<\/a><\/li>\n\t\t\t\t\t<li><a href=\"https:\/\/o-seznam.cz\/napoveda\/prohlizece\/mozilla-firefox\/odstraneni-hesla\/\">Odstran\u011bn\u00ed hesla<\/a><\/li>\n\t\t\t\t\t<li><a href=\"https:\/\/o-seznam.cz\/napoveda\/prohlizece\/mozilla-firefox\/odstraneni-jmena\/\">Odstran\u011bn\u00ed jm\u00e9na<\/a><\/li>\n\t\t\t\t\t<li><a href=\"https:\/\/o-seznam.cz\/napoveda\/prohlizece\/mozilla-firefox\/povoleni-cookies\/\">Povolen\u00ed cookies<\/a><\/li>\n\t\t\t\t\t<li><a href=\"https:\/\/o-seznam.cz\/napoveda\/prohlizece\/mozilla-firefox\/smazani-cookies\/\">Smaz\u00e1n\u00ed cookies<\/a><\/li>\n\t\t\t\t\t<li><a href=\"https:\/\/o-seznam.cz\/napoveda\/prohlizece\/mozilla-firefox\/obnoveni-nastaveni\/\">V\u00fdchoz\u00ed nastaven\u00ed<\/a><\/li>\n\t\t\t\t\t<li><a href=\"https:\/\/o-seznam.cz\/napoveda\/prohlizece\/mozilla-firefox\/nastaveni-vychoziho-vyhledavace\/\">V\u00fdchoz\u00ed vyhled\u00e1va\u010d<\/a><\/li>\n\t\t\t\t\t<li><a href=\"https:\/\/o-seznam.cz\/napoveda\/prohlizece\/mozilla-firefox\/jak-zobrazit-heslo\/\">Zobrazen\u00ed hesla<\/a><\/li>\n\t\t\t<\/ul>\n<\/div>\n<\/div><\/div>\n<\/div>\n\n\n\n<div class=\"wp-block-group is-layout-constrained wp-block-group-is-layout-constrained\"><div class=\"block-boxlink\"><a class=\"boxlink boxlink--icon-none px-f4 py-f4\" href=\"https:\/\/o-seznam.cz\/napoveda\/prohlizece\/opera\/\"><div class=\"inner-blocks\">\n<div class=\"boxlink-logo\">\n\t<img loading=\"lazy\" decoding=\"async\" width=\"400\" height=\"400\" src=\"https:\/\/o-seznam.cz\/napoveda\/prohlizece\/wp-content\/uploads\/sites\/17\/2024\/12\/logo-opera-1.svg\" class=\"attachment-full size-full\" alt=\"\" \/><\/div>\n\n\t<div class=\"ml-f4\">\n\t\t<strong>Opera<\/strong>\n\t<\/div>\n\n <\/div><\/a><\/div>\n\n<div class=\"wp-block-seznam-list-pages\"><div class=\"limiter\" data-limiter=\"5\" data-limiter-selector=\".buttons-line &gt; ul \">\n<div class=\"buttons-line\">\n\t<ul>\n\t\t\t\t\t<li><a href=\"https:\/\/o-seznam.cz\/napoveda\/prohlizece\/opera\/anonymni-prohlizeni\/\">Anonymn\u00ed prohlizeni<\/a><\/li>\n\t\t\t\t\t<li><a href=\"https:\/\/o-seznam.cz\/napoveda\/prohlizece\/opera\/automaticke-odhlaseni\/\">Automatick\u00e9 odhla\u0161ov\u00e1n\u00ed<\/a><\/li>\n\t\t\t\t\t<li><a href=\"https:\/\/o-seznam.cz\/napoveda\/prohlizece\/opera\/nastaveni-geolokace\/\">Nastaven\u00ed geolokace<\/a><\/li>\n\t\t\t\t\t<li><a href=\"https:\/\/o-seznam.cz\/napoveda\/prohlizece\/opera\/jak-odstranit-doplnky\/\">Odstran\u011bn\u00ed dopl\u0148k\u016f<\/a><\/li>\n\t\t\t\t\t<li><a href=\"https:\/\/o-seznam.cz\/napoveda\/prohlizece\/opera\/odstraneni-hesla\/\">Odstran\u011bn\u00ed hesla<\/a><\/li>\n\t\t\t\t\t<li><a href=\"https:\/\/o-seznam.cz\/napoveda\/prohlizece\/opera\/odstraneni-jmena\/\">Odstran\u011bn\u00ed jm\u00e9na<\/a><\/li>\n\t\t\t\t\t<li><a href=\"https:\/\/o-seznam.cz\/napoveda\/prohlizece\/opera\/povoleni-cookies\/\">Povolen\u00ed cookies<\/a><\/li>\n\t\t\t\t\t<li><a href=\"https:\/\/o-seznam.cz\/napoveda\/prohlizece\/opera\/smazani-cookies\/\">Smaz\u00e1n\u00ed cookies<\/a><\/li>\n\t\t\t\t\t<li><a href=\"https:\/\/o-seznam.cz\/napoveda\/prohlizece\/opera\/obnoveni-vychoziho-nastaveni\/\">V\u00fdchoz\u00ed nastaven\u00ed<\/a><\/li>\n\t\t\t\t\t<li><a href=\"https:\/\/o-seznam.cz\/napoveda\/prohlizece\/opera\/nastaveni-vychoziho-vyhledavace\/\">V\u00fdchoz\u00ed vyhled\u00e1va\u010d<\/a><\/li>\n\t\t\t\t\t<li><a href=\"https:\/\/o-seznam.cz\/napoveda\/prohlizece\/opera\/jak-zobrazit-heslo\/\">Zobrazen\u00ed hesla<\/a><\/li>\n\t\t\t<\/ul>\n<\/div>\n<\/div><\/div>\n<\/div>\n\n\n\n<div class=\"wp-block-group is-layout-constrained wp-block-group-is-layout-constrained\"><div class=\"block-boxlink\"><a class=\"boxlink boxlink--icon-none px-f4 py-f4\" href=\"https:\/\/o-seznam.cz\/napoveda\/prohlizece\/safari-pro-macos\/\"><div class=\"inner-blocks\">\n<div class=\"boxlink-logo\">\n\t<img loading=\"lazy\" decoding=\"async\" width=\"400\" height=\"400\" src=\"https:\/\/o-seznam.cz\/napoveda\/prohlizece\/wp-content\/uploads\/sites\/17\/2024\/11\/Logo_Safari.svg\" class=\"attachment-full size-full\" alt=\"\" \/><\/div>\n\n\t<div class=\"ml-f4\">\n\t\t<strong>Safari<\/strong>\n\t<\/div>\n\n <\/div><\/a><\/div>\n\n<div class=\"wp-block-seznam-list-pages\"><div class=\"limiter\" data-limiter=\"4\" data-limiter-selector=\".buttons-line &gt; ul \">\n<div class=\"buttons-line\">\n\t<ul>\n\t\t\t\t\t<li><a href=\"https:\/\/o-seznam.cz\/napoveda\/prohlizece\/safari-pro-macos\/anonymni-prohlizeni\/\">Anonymn\u00ed prohl\u00ed\u017een\u00ed<\/a><\/li>\n\t\t\t\t\t<li><a href=\"https:\/\/o-seznam.cz\/napoveda\/prohlizece\/safari-pro-macos\/nastaveni-geolokace\/\">Nastaven\u00ed geolokace<\/a><\/li>\n\t\t\t\t\t<li><a href=\"https:\/\/o-seznam.cz\/napoveda\/prohlizece\/safari-pro-macos\/odstraneni-jmena-a-hesla\/\">Odstran\u011bn\u00ed jm\u00e9na a hesla<\/a><\/li>\n\t\t\t\t\t<li><a href=\"https:\/\/o-seznam.cz\/napoveda\/prohlizece\/safari-pro-macos\/povoleni-cookies\/\">Povolen\u00ed cookies<\/a><\/li>\n\t\t\t\t\t<li><a href=\"https:\/\/o-seznam.cz\/napoveda\/prohlizece\/safari-pro-macos\/smazani-cookies\/\">Smaz\u00e1n\u00ed cookies<\/a><\/li>\n\t\t\t\t\t<li><a href=\"https:\/\/o-seznam.cz\/napoveda\/prohlizece\/safari-pro-macos\/obnoveni-vychoziho-nastaveni\/\">V\u00fdchoz\u00ed nastaven\u00ed<\/a><\/li>\n\t\t\t\t\t<li><a href=\"https:\/\/o-seznam.cz\/napoveda\/prohlizece\/safari-pro-macos\/jak-zobrazit-heslo\/\">Zobrazen\u00ed hesla<\/a><\/li>\n\t\t\t<\/ul>\n<\/div>\n<\/div><\/div>\n<\/div>\n<\/div>\n<\/div>\n\n\n\n<div class=\"wp-block-group is-layout-constrained wp-block-group-is-layout-constrained\">\n<h2 class=\"wp-block-heading\">Souvisej\u00edc\u00ed n\u00e1pov\u011bdy<\/h2>\n\n\n\n<div class=\"wp-block-seznam-tiles has-columns-3\" style=\"--seznam-tiles--columns:3\"><div class=\"inner-blocks\"><div class=\"block-boxlink\"><a class=\"boxlink boxlink--icon-none px-f4 py-f4\" href=\"https:\/\/o-seznam.cz\/napoveda\/seznam\/aplikace\/\"><div class=\"inner-blocks\">\n<div class=\"boxlink-logo\">\n\t<img loading=\"lazy\" decoding=\"async\" width=\"249\" height=\"249\" src=\"https:\/\/o-seznam.cz\/napoveda\/prohlizece\/wp-content\/uploads\/sites\/17\/2024\/12\/seznam-aplikace.svg\" class=\"attachment-full size-full\" alt=\"\" \/><\/div>\n\n\t<div class=\"ml-f4\">\n\t\t<strong>Aplikace Seznam.cz<\/strong>\n\t<\/div>\n\n <\/div><\/a><\/div>\n\n<div class=\"block-boxlink\"><a class=\"boxlink boxlink--icon-none px-f4 py-f4\" href=\"https:\/\/o-seznam.cz\/napoveda\/prohlizece\/doplnky\/\"><div class=\"inner-blocks\">\n<div class=\"boxlink-logo\">\n\t<img loading=\"lazy\" decoding=\"async\" width=\"1000\" height=\"400\" src=\"https:\/\/o-seznam.cz\/napoveda\/prohlizece\/wp-content\/uploads\/sites\/17\/2024\/12\/doplnky-internetove-prohlizece.svg\" class=\"attachment-full size-full\" alt=\"\" \/><\/div>\n\n\t<div class=\"ml-f4\">\n\t\t<strong>Dopl\u0148ky Seznam.cz<\/strong>\n\t<\/div>\n\n <\/div><\/a><\/div><\/div><\/div>\n<\/div>\n","protected":false},"excerpt":{"rendered":"<p>Nej\u010dast\u011bj\u0161\u00ed dotazy Internetov\u00e9 prohl\u00ed\u017ee\u010de Souvisej\u00edc\u00ed n\u00e1pov\u011bdy<\/p>\n","protected":false},"author":2,"featured_media":0,"parent":0,"menu_order":0,"comment_status":"closed","ping_status":"closed","template":"page-no-head","meta":{"_acf_changed":false,"_relevanssi_hide_post":"","_relevanssi_hide_content":"","_relevanssi_pin_for_all":"","_relevanssi_pin_keywords":"","_relevanssi_unpin_keywords":"","_relevanssi_related_keywords":"","_relevanssi_related_include_ids":"","_relevanssi_related_exclude_ids":"","_relevanssi_related_no_append":"","_relevanssi_related_not_related":"","_relevanssi_related_posts":"","_relevanssi_noindex_reason":"","footnotes":""},"page_category":[],"page_tag":[],"service_status_category":[31,48],"class_list":["post-6","page","type-page","status-publish","hentry"],"acf":[],"_links":{"self":[{"href":"https:\/\/o-seznam.cz\/napoveda\/prohlizece\/wp-json\/wp\/v2\/pages\/6","targetHints":{"allow":["GET"]}}],"collection":[{"href":"https:\/\/o-seznam.cz\/napoveda\/prohlizece\/wp-json\/wp\/v2\/pages"}],"about":[{"href":"https:\/\/o-seznam.cz\/napoveda\/prohlizece\/wp-json\/wp\/v2\/types\/page"}],"author":[{"embeddable":true,"href":"https:\/\/o-seznam.cz\/napoveda\/prohlizece\/wp-json\/wp\/v2\/users\/2"}],"replies":[{"embeddable":true,"href":"https:\/\/o-seznam.cz\/napoveda\/prohlizece\/wp-json\/wp\/v2\/comments?post=6"}],"version-history":[{"count":99,"href":"https:\/\/o-seznam.cz\/napoveda\/prohlizece\/wp-json\/wp\/v2\/pages\/6\/revisions"}],"predecessor-version":[{"id":1193,"href":"https:\/\/o-seznam.cz\/napoveda\/prohlizece\/wp-json\/wp\/v2\/pages\/6\/revisions\/1193"}],"wp:attachment":[{"href":"https:\/\/o-seznam.cz\/napoveda\/prohlizece\/wp-json\/wp\/v2\/media?parent=6"}],"wp:term":[{"taxonomy":"page_category","embeddable":true,"href":"https:\/\/o-seznam.cz\/napoveda\/prohlizece\/wp-json\/wp\/v2\/page_category?post=6"},{"taxonomy":"page_tag","embeddable":true,"href":"https:\/\/o-seznam.cz\/napoveda\/prohlizece\/wp-json\/wp\/v2\/page_tag?post=6"},{"taxonomy":"service_status_category","embeddable":true,"href":"https:\/\/o-seznam.cz\/napoveda\/prohlizece\/wp-json\/wp\/v2\/service_status_category?post=6"}],"curies":[{"name":"wp","href":"https:\/\/api.w.org\/{rel}","templated":true}]}}