{"id":588,"date":"2024-11-05T09:52:48","date_gmt":"2024-11-05T08:52:48","guid":{"rendered":"https:\/\/o-seznam.cz\/napoveda\/prohlizece\/?page_id=588"},"modified":"2025-01-14T13:22:04","modified_gmt":"2025-01-14T12:22:04","slug":"jak-zjistit-verzi-prohlizece","status":"publish","type":"page","link":"https:\/\/o-seznam.cz\/napoveda\/prohlizece\/napoveda-prohlizece\/jak-zjistit-verzi-prohlizece\/","title":{"rendered":"Jak zjistit prohl\u00ed\u017ee\u010d a jeho verzi"},"content":{"rendered":"\n<div class=\"wp-block-group is-layout-constrained wp-block-group-is-layout-constrained\">\n<p>Jak\u00fd p\u0159esn\u011b m\u00e1te internetov\u00fd prohl\u00ed\u017ee\u010d, zjist\u00edte na str\u00e1nce <a class=\"is-style-link-external\" href=\"https:\/\/dnschecker.org\/user-agent-info.php\" data-type=\"link\" data-id=\"https:\/\/dnschecker.org\/user-agent-info.php\">https:\/\/dnschecker.org\/user-agent-info.php<\/a><\/p>\n<\/div>\n\n\n\n<div class=\"wp-block-group is-layout-constrained wp-block-group-is-layout-constrained\">\n<p>Navigace se v jednotliv\u00fdch prohl\u00ed\u017ee\u010d\u00edch li\u0161\u00ed, zvolte n\u00ed\u017ee pros\u00edm V\u00e1mi pou\u017e\u00edvan\u00fd internetov\u00fd prohl\u00ed\u017ee\u010d:<\/p>\n\n\n<nav class=\"menu-anchors\">\n<ul>\n\t<li><a href=\"#Edge\">Microsoft Edge<\/a><\/li>\n<li><a href=\"#chrome\">Google Chrome<\/a><\/li>\n<li><a href=\"#seznam-prohlizec\">Seznam.cz prohl\u00ed\u017ee\u010d<\/a><\/li>\n<li><a href=\"#firefox\">Mozilla Firefox<\/a><\/li>\n<li><a href=\"#opera\">Opera<\/a><\/li>\n<li><a href=\"#safari\">Apple Safari<\/a><\/li>\n<\/ul>\n\n<\/nav>\n<\/div>\n\n\n\n<div class=\"wp-block-group is-layout-constrained wp-block-group-is-layout-constrained\">\n<h2 class=\"wp-block-heading\" id=\"Edge\">Microsoft Edge<\/h2>\n\n\n\n<ul class=\"wp-block-list\">\n<li>V prav\u00e9 horn\u00ed \u010d\u00e1sti obrazovky klikn\u011bte na ikonku <img loading=\"lazy\" decoding=\"async\" width=\"41\" height=\"28\" class=\"inline-image wp-image-241\" src=\"https:\/\/o-seznam.cz\/napoveda\/prohlizece\/wp-content\/uploads\/sites\/17\/2024\/10\/edge-menu.png\" alt=\"\">&nbsp;a na konci zobrazen\u00e9ho menu klikn\u011bte na polo\u017eku <strong>N\u00e1pov\u011bda a zp\u011btn\u00e1 vazba<\/strong>.<\/li>\n<\/ul>\n\n\n\n<figure class=\"wp-block-image\"><img decoding=\"async\" src=\"https:\/\/napoveda.seznam.cz\/soubory\/Email\/edge\/edgech-verze1.png\" alt=\"\"\/><\/figure>\n\n\n\n<ul class=\"wp-block-list\">\n<li>V nab\u00eddce p\u0159ejd\u011bte do \u010d\u00e1sti <strong>O aplikaci Microsoft Edge<\/strong>.<\/li>\n<\/ul>\n\n\n\n<figure class=\"wp-block-image\"><img decoding=\"async\" src=\"https:\/\/napoveda.seznam.cz\/soubory\/Email\/edge\/edgech-verze2.png\" alt=\"\"\/><\/figure>\n\n\n\n<ul class=\"wp-block-list\">\n<li>Na nov\u00e9m panelu prohl\u00ed\u017ee\u010de, kter\u00fd se otev\u0159e, uvid\u00edte \u010d\u00edslo pr\u00e1v\u011b pou\u017e\u00edvan\u00e9 verze;&nbsp;nen\u00ed-li aktu\u00e1ln\u00ed, lze odtud prohl\u00ed\u017ee\u010d i aktualizovat.<\/li>\n<\/ul>\n\n\n\n<figure class=\"wp-block-image\"><img decoding=\"async\" src=\"https:\/\/napoveda.seznam.cz\/soubory\/Email\/edge\/edgech-verze3.png\" alt=\"\"\/><\/figure>\n<\/div>\n\n\n\n<div class=\"wp-block-group is-layout-constrained wp-block-group-is-layout-constrained\">\n<h2 class=\"wp-block-heading\" id=\"chrome\">Google Chrome<\/h2>\n\n\n\n<ul class=\"wp-block-list\">\n<li>V prav\u00e9 horn\u00ed \u010d\u00e1sti prohl\u00ed\u017ee\u010de klikn\u011bte na ikonku&nbsp;<img loading=\"lazy\" decoding=\"async\" width=\"36\" height=\"27\" class=\"inline-image wp-image-194\" src=\"https:\/\/o-seznam.cz\/napoveda\/prohlizece\/wp-content\/uploads\/sites\/17\/2024\/10\/chrome-nastroje-logo.png\" alt=\"\"> a z menu vyberte &#8222;<strong>N\u00e1pov\u011bda<\/strong>&#8220; a pot\u00e9 &#8222;<strong>O aplikaci Google Chrome<\/strong>&#8222;.<\/li>\n<\/ul>\n\n\n\n<figure class=\"wp-block-image\"><img decoding=\"async\" src=\"https:\/\/napoveda.seznam.cz\/soubory\/Email\/chrome\/ch-oaplikaci1.png\" alt=\"\"\/><\/figure>\n\n\n\n<ul class=\"wp-block-list\">\n<li>Na zobrazen\u00e9 str\u00e1nce je uvedena verze va\u0161eho internetov\u00e9ho prohl\u00ed\u017ee\u010de.&nbsp;Nen\u00ed-li verze aktu\u00e1ln\u00ed, jde zde prohl\u00ed\u017ee\u010d i aktualizovat.<\/li>\n<\/ul>\n\n\n\n<figure class=\"wp-block-image\"><img decoding=\"async\" src=\"https:\/\/napoveda.seznam.cz\/soubory\/Email\/chrome\/ch-oaplikaci2.png\" alt=\"\"\/><\/figure>\n<\/div>\n\n\n\n<div class=\"wp-block-group is-layout-constrained wp-block-group-is-layout-constrained\">\n<h2 class=\"wp-block-heading\" id=\"seznam-prohlizec\">Seznam.cz prohl\u00ed\u017ee\u010d<\/h2>\n\n\n\n<ul class=\"wp-block-list\">\n<li>V prav\u00e9 horn\u00ed \u010d\u00e1sti prohl\u00ed\u017ee\u010de klikn\u011bte na ikonku <strong>Nab\u00eddka<\/strong> <img loading=\"lazy\" decoding=\"async\" width=\"15\" height=\"15\" class=\"inline-image wp-image-405\" src=\"https:\/\/o-seznam.cz\/napoveda\/prohlizece\/wp-content\/uploads\/sites\/17\/2024\/10\/seznam-nastaveni.png\" alt=\"\">.<\/li>\n<\/ul>\n\n\n\n<figure class=\"wp-block-image\"><img decoding=\"async\" src=\"https:\/\/napoveda.seznam.cz\/soubory\/Email\/seznam-nastaveni2.png\" alt=\"\"\/><\/figure>\n\n\n\n<ul class=\"wp-block-list\">\n<li>Verze prohl\u00ed\u017ee\u010de se nach\u00e1z\u00ed vpravo dole na konci str\u00e1nky s nastaven\u00edm.&nbsp;Nen\u00ed-li verze aktu\u00e1ln\u00ed, lze na tomto m\u00edst\u011b&nbsp;prohl\u00ed\u017ee\u010d i aktualizovat.<\/li>\n<\/ul>\n\n\n\n<figure class=\"wp-block-image\"><img decoding=\"async\" src=\"https:\/\/napoveda.seznam.cz\/soubory\/Email\/sbrowser\/seznam-verze.png\" alt=\"\"\/><\/figure>\n<\/div>\n\n\n\n<div class=\"wp-block-group is-layout-constrained wp-block-group-is-layout-constrained\">\n<h2 class=\"wp-block-heading\" id=\"firefox\">Mozilla Firefox<\/h2>\n\n\n\n<ul class=\"wp-block-list\">\n<li>V horn\u00ed \u010d\u00e1sti obrazovky klikn\u011bte na ikonku <img loading=\"lazy\" decoding=\"async\" width=\"28\" height=\"32\" class=\"inline-image wp-image-301\" src=\"https:\/\/o-seznam.cz\/napoveda\/prohlizece\/wp-content\/uploads\/sites\/17\/2024\/10\/ff-nastaveni.png\" alt=\"\">&nbsp;a na konci zobrazen\u00e9ho menu klikn\u011bte na polo\u017eku <strong>N\u00e1pov\u011bda<\/strong>.<\/li>\n\n\n\n<li>V n\u00e1sledn\u011b zobrazen\u00e9 nab\u00eddce klikn\u011bte na posledn\u00ed volbu &#8222;<strong>O aplikaci Firefox<\/strong>&#8222;.<\/li>\n<\/ul>\n\n\n\n<figure class=\"wp-block-image\"><img decoding=\"async\" src=\"https:\/\/napoveda.seznam.cz\/soubory\/Email\/firefox\/ff-verze1.png\" alt=\"\"\/><\/figure>\n\n\n\n<figure class=\"wp-block-image\"><img decoding=\"async\" src=\"https:\/\/napoveda.seznam.cz\/soubory\/Email\/firefox\/ff-verze2.png\" alt=\"\"\/><\/figure>\n\n\n\n<ul class=\"wp-block-list\">\n<li>Zobraz\u00ed se okno, ve kter\u00e9m je uvedena verze va\u0161eho internetov\u00e9ho prohl\u00ed\u017ee\u010de.<\/li>\n<\/ul>\n\n\n\n<figure class=\"wp-block-image size-full\"><img loading=\"lazy\" decoding=\"async\" width=\"726\" height=\"397\" src=\"https:\/\/o-seznam.cz\/napoveda\/prohlizece\/wp-content\/uploads\/sites\/17\/2024\/11\/ff-verze.png\" alt=\"\" class=\"wp-image-598\" srcset=\"https:\/\/o-seznam.cz\/napoveda\/prohlizece\/wp-content\/uploads\/sites\/17\/2024\/11\/ff-verze.png 726w, https:\/\/o-seznam.cz\/napoveda\/prohlizece\/wp-content\/uploads\/sites\/17\/2024\/11\/ff-verze-320x175.png 320w\" sizes=\"auto, (max-width: 726px) 100vw, 726px\" \/><\/figure>\n<\/div>\n\n\n\n<div class=\"wp-block-group is-layout-constrained wp-block-group-is-layout-constrained\">\n<h2 class=\"wp-block-heading\" id=\"opera\">Opera<\/h2>\n\n\n\n<ul class=\"wp-block-list\">\n<li>V lev\u00e9 horn\u00ed \u010d\u00e1sti obrazovky klikn\u011bte na tla\u010d\u00edtko <img loading=\"lazy\" decoding=\"async\" width=\"46\" height=\"39\" class=\"inline-image wp-image-353\" src=\"https:\/\/o-seznam.cz\/napoveda\/prohlizece\/wp-content\/uploads\/sites\/17\/2024\/10\/opera-logo.png\" alt=\"\"> a z menu vyberte <strong>N\u00e1pov\u011bda<\/strong> a pot\u00e9 &#8222;<strong>O aplikaci Opera<\/strong>&#8222;.<\/li>\n<\/ul>\n\n\n\n<figure class=\"wp-block-image size-full\"><img loading=\"lazy\" decoding=\"async\" width=\"426\" height=\"754\" src=\"https:\/\/o-seznam.cz\/napoveda\/prohlizece\/wp-content\/uploads\/sites\/17\/2024\/11\/opera-verze1.png\" alt=\"\" class=\"wp-image-600\" srcset=\"https:\/\/o-seznam.cz\/napoveda\/prohlizece\/wp-content\/uploads\/sites\/17\/2024\/11\/opera-verze1.png 426w, https:\/\/o-seznam.cz\/napoveda\/prohlizece\/wp-content\/uploads\/sites\/17\/2024\/11\/opera-verze1-181x320.png 181w\" sizes=\"auto, (max-width: 426px) 100vw, 426px\" \/><\/figure>\n\n\n\n<ul class=\"wp-block-list\">\n<li>Na zobrazen\u00e9 str\u00e1nce je uvedena verze va\u0161eho internetov\u00e9ho prohl\u00ed\u017ee\u010de. Nen\u00ed-li verze aktu\u00e1ln\u00ed, jde zde prohl\u00ed\u017ee\u010d i aktualizovat.<\/li>\n<\/ul>\n\n\n\n<figure class=\"wp-block-image size-full\"><img loading=\"lazy\" decoding=\"async\" width=\"608\" height=\"332\" src=\"https:\/\/o-seznam.cz\/napoveda\/prohlizece\/wp-content\/uploads\/sites\/17\/2024\/11\/opera-verze2.png\" alt=\"\" class=\"wp-image-601\" srcset=\"https:\/\/o-seznam.cz\/napoveda\/prohlizece\/wp-content\/uploads\/sites\/17\/2024\/11\/opera-verze2.png 608w, https:\/\/o-seznam.cz\/napoveda\/prohlizece\/wp-content\/uploads\/sites\/17\/2024\/11\/opera-verze2-320x175.png 320w\" sizes=\"auto, (max-width: 608px) 100vw, 608px\" \/><\/figure>\n<\/div>\n\n\n\n<div class=\"wp-block-group is-layout-constrained wp-block-group-is-layout-constrained\">\n<h2 class=\"wp-block-heading\" id=\"safari\">Apple Safari<\/h2>\n\n\n\n<ul class=\"wp-block-list\">\n<li>V horn\u00ed lev\u00e9 \u010d\u00e1sti menu prohl\u00ed\u017ee\u010de klikn\u011bte na &#8222;<strong>Safari<\/strong>&#8220; a zvolte &#8222;<strong>O aplikaci Safari<\/strong>&#8222;.<\/li>\n<\/ul>\n\n\n\n<figure class=\"wp-block-image\"><img decoding=\"async\" src=\"https:\/\/napoveda.seznam.cz\/soubory\/Email\/safari\/safari-about1.png\" alt=\"\"\/><\/figure>\n\n\n\n<ul class=\"wp-block-list\">\n<li>V zobrazen\u00e9m okn\u011b je uvedena verze va\u0161eho internetov\u00e9ho prohl\u00ed\u017ee\u010de.<\/li>\n<\/ul>\n\n\n\n<figure class=\"wp-block-image\"><img decoding=\"async\" src=\"https:\/\/napoveda.seznam.cz\/soubory\/Email\/safari8-about2.png\" alt=\"\"\/><\/figure>\n<\/div>\n","protected":false},"excerpt":{"rendered":"<p>Jak\u00fd p\u0159esn\u011b m\u00e1te internetov\u00fd prohl\u00ed\u017ee\u010d, zjist\u00edte na str\u00e1nce https:\/\/dnschecker.org\/user-agent-info.php Navigace se v jednotliv\u00fdch prohl\u00ed\u017ee\u010d\u00edch li\u0161\u00ed, zvolte n\u00ed\u017ee pros\u00edm V\u00e1mi pou\u017e\u00edvan\u00fd internetov\u00fd prohl\u00ed\u017ee\u010d: Microsoft Edge Google Chrome Seznam.cz prohl\u00ed\u017ee\u010d Mozilla Firefox Opera Apple Safari<\/p>\n","protected":false},"author":12,"featured_media":0,"parent":6,"menu_order":20,"comment_status":"closed","ping_status":"closed","template":"page-sidemenu","meta":{"_acf_changed":false,"_relevanssi_hide_post":"","_relevanssi_hide_content":"","_relevanssi_pin_for_all":"","_relevanssi_pin_keywords":"","_relevanssi_unpin_keywords":"","_relevanssi_related_keywords":"","_relevanssi_related_include_ids":"","_relevanssi_related_exclude_ids":"","_relevanssi_related_no_append":"","_relevanssi_related_not_related":"","_relevanssi_related_posts":"","_relevanssi_noindex_reason":"","footnotes":""},"page_category":[3],"page_tag":[],"service_status_category":[],"class_list":["post-588","page","type-page","status-publish","hentry"],"acf":[],"_links":{"self":[{"href":"https:\/\/o-seznam.cz\/napoveda\/prohlizece\/wp-json\/wp\/v2\/pages\/588","targetHints":{"allow":["GET"]}}],"collection":[{"href":"https:\/\/o-seznam.cz\/napoveda\/prohlizece\/wp-json\/wp\/v2\/pages"}],"about":[{"href":"https:\/\/o-seznam.cz\/napoveda\/prohlizece\/wp-json\/wp\/v2\/types\/page"}],"author":[{"embeddable":true,"href":"https:\/\/o-seznam.cz\/napoveda\/prohlizece\/wp-json\/wp\/v2\/users\/12"}],"replies":[{"embeddable":true,"href":"https:\/\/o-seznam.cz\/napoveda\/prohlizece\/wp-json\/wp\/v2\/comments?post=588"}],"version-history":[{"count":9,"href":"https:\/\/o-seznam.cz\/napoveda\/prohlizece\/wp-json\/wp\/v2\/pages\/588\/revisions"}],"predecessor-version":[{"id":1074,"href":"https:\/\/o-seznam.cz\/napoveda\/prohlizece\/wp-json\/wp\/v2\/pages\/588\/revisions\/1074"}],"up":[{"embeddable":true,"href":"https:\/\/o-seznam.cz\/napoveda\/prohlizece\/wp-json\/wp\/v2\/pages\/6"}],"wp:attachment":[{"href":"https:\/\/o-seznam.cz\/napoveda\/prohlizece\/wp-json\/wp\/v2\/media?parent=588"}],"wp:term":[{"taxonomy":"page_category","embeddable":true,"href":"https:\/\/o-seznam.cz\/napoveda\/prohlizece\/wp-json\/wp\/v2\/page_category?post=588"},{"taxonomy":"page_tag","embeddable":true,"href":"https:\/\/o-seznam.cz\/napoveda\/prohlizece\/wp-json\/wp\/v2\/page_tag?post=588"},{"taxonomy":"service_status_category","embeddable":true,"href":"https:\/\/o-seznam.cz\/napoveda\/prohlizece\/wp-json\/wp\/v2\/service_status_category?post=588"}],"curies":[{"name":"wp","href":"https:\/\/api.w.org\/{rel}","templated":true}]}}