{"id":573,"date":"2024-11-01T09:19:38","date_gmt":"2024-11-01T08:19:38","guid":{"rendered":"https:\/\/o-seznam.cz\/napoveda\/prohlizece\/?page_id=573"},"modified":"2024-12-15T22:37:00","modified_gmt":"2024-12-15T21:37:00","slug":"automaticke-odhlasovani","status":"publish","type":"page","link":"https:\/\/o-seznam.cz\/napoveda\/prohlizece\/mozilla-firefox\/automaticke-odhlasovani\/","title":{"rendered":"Jak na automatick\u00e9 odhla\u0161ov\u00e1n\u00ed"},"content":{"rendered":"\n<div class=\"wp-block-group is-layout-constrained wp-block-group-is-layout-constrained\">\n<p>Automatick\u00e9 odhl\u00e1\u0161en\u00ed zp\u016fsobuje nastaven\u00ed Mozilla Firefox, kdy se po ukon\u010den\u00ed prohl\u00ed\u017ee\u010de sma\u017eou soubory cookies. Zde je n\u00e1vod jak nastaven\u00ed upravit:<\/p>\n\n\n<div class=\"mediaText is-position-left is-orientation-portrait\">\n\t\n\t<div class=\"mediaText__media\">\n\t\t<img loading=\"lazy\" decoding=\"async\" width=\"250\" height=\"534\" src=\"https:\/\/o-seznam.cz\/napoveda\/prohlizece\/wp-content\/uploads\/sites\/17\/2024\/10\/ff-moznosti.png\" class=\"border border-neutral-20 border-solid\" alt=\"\" srcset=\"https:\/\/o-seznam.cz\/napoveda\/prohlizece\/wp-content\/uploads\/sites\/17\/2024\/10\/ff-moznosti.png 250w, https:\/\/o-seznam.cz\/napoveda\/prohlizece\/wp-content\/uploads\/sites\/17\/2024\/10\/ff-moznosti-150x320.png 150w\" sizes=\"auto, (max-width: 250px) 100vw, 250px\" \/>\t<\/div>\n\n\t<div class=\"mediaText__content is-layout-flow\">\n\n<div class=\"wp-block-group is-layout-constrained wp-container-core-group-is-layout-beff7c7e wp-block-group-is-layout-constrained\">\n<ol class=\"wp-block-list is-style-circle\">\n<li>V prav\u00e9 horn\u00ed \u010d\u00e1sti okna klikn\u011bte na tla\u010d\u00edtko&nbsp;<img loading=\"lazy\" decoding=\"async\" width=\"28\" height=\"32\" class=\"inline-image wp-image-301\" src=\"https:\/\/o-seznam.cz\/napoveda\/prohlizece\/wp-content\/uploads\/sites\/17\/2024\/10\/ff-nastaveni.png\" alt=\"\">&nbsp;a v menu klikn\u011bte na <strong>Nastaven\u00ed<\/strong>.<\/li>\n<\/ol>\n<\/div>\n\n<\/div>\t\n<\/div>\n\n\n<div class=\"mediaText is-position-right is-orientation-landscape\">\n\t\n\t<div class=\"mediaText__media\">\n\t\t<img loading=\"lazy\" decoding=\"async\" width=\"727\" height=\"231\" src=\"https:\/\/o-seznam.cz\/napoveda\/prohlizece\/wp-content\/uploads\/sites\/17\/2024\/11\/ff-promazani-cookies-po-uzavreni-browseru-3.png\" class=\"border border-neutral-20 border-solid\" alt=\"\" srcset=\"https:\/\/o-seznam.cz\/napoveda\/prohlizece\/wp-content\/uploads\/sites\/17\/2024\/11\/ff-promazani-cookies-po-uzavreni-browseru-3.png 727w, https:\/\/o-seznam.cz\/napoveda\/prohlizece\/wp-content\/uploads\/sites\/17\/2024\/11\/ff-promazani-cookies-po-uzavreni-browseru-3-320x102.png 320w\" sizes=\"auto, (max-width: 727px) 100vw, 727px\" \/>\t<\/div>\n\n\t<div class=\"mediaText__content is-layout-flow\">\n\n<div class=\"wp-block-group is-layout-constrained wp-container-core-group-is-layout-beff7c7e wp-block-group-is-layout-constrained\">\n<ol start=\"2\" class=\"wp-block-list is-style-circle\">\n<li>P\u0159ejd\u011bte na polo\u017eku <strong>Soukrom\u00ed a zabezpe\u010den\u00ed<\/strong>&nbsp;a v \u010d\u00e1sti <strong>Cookies a data str\u00e1nek<\/strong>&nbsp;od\u0161krtn\u011bte volbu <strong>Vymazat cookies a data str\u00e1nek p\u0159i zav\u0159en\u00ed Firefoxu<\/strong>.<\/li>\n<\/ol>\n<\/div>\n\n<\/div>\t\n<\/div>\n<\/div>\n","protected":false},"excerpt":{"rendered":"<p>Automatick\u00e9 odhl\u00e1\u0161en\u00ed zp\u016fsobuje nastaven\u00ed Mozilla Firefox, kdy se po ukon\u010den\u00ed prohl\u00ed\u017ee\u010de sma\u017eou soubory cookies. Zde je n\u00e1vod jak nastaven\u00ed upravit:<\/p>\n","protected":false},"author":12,"featured_media":0,"parent":32,"menu_order":2,"comment_status":"closed","ping_status":"closed","template":"page-sidemenu","meta":{"_acf_changed":false,"_relevanssi_hide_post":"","_relevanssi_hide_content":"","_relevanssi_pin_for_all":"","_relevanssi_pin_keywords":"","_relevanssi_unpin_keywords":"","_relevanssi_related_keywords":"","_relevanssi_related_include_ids":"","_relevanssi_related_exclude_ids":"","_relevanssi_related_no_append":"","_relevanssi_related_not_related":"","_relevanssi_related_posts":"","_relevanssi_noindex_reason":"","footnotes":""},"page_category":[22],"page_tag":[],"service_status_category":[],"class_list":["post-573","page","type-page","status-publish","hentry"],"acf":[],"_links":{"self":[{"href":"https:\/\/o-seznam.cz\/napoveda\/prohlizece\/wp-json\/wp\/v2\/pages\/573","targetHints":{"allow":["GET"]}}],"collection":[{"href":"https:\/\/o-seznam.cz\/napoveda\/prohlizece\/wp-json\/wp\/v2\/pages"}],"about":[{"href":"https:\/\/o-seznam.cz\/napoveda\/prohlizece\/wp-json\/wp\/v2\/types\/page"}],"author":[{"embeddable":true,"href":"https:\/\/o-seznam.cz\/napoveda\/prohlizece\/wp-json\/wp\/v2\/users\/12"}],"replies":[{"embeddable":true,"href":"https:\/\/o-seznam.cz\/napoveda\/prohlizece\/wp-json\/wp\/v2\/comments?post=573"}],"version-history":[{"count":4,"href":"https:\/\/o-seznam.cz\/napoveda\/prohlizece\/wp-json\/wp\/v2\/pages\/573\/revisions"}],"predecessor-version":[{"id":1092,"href":"https:\/\/o-seznam.cz\/napoveda\/prohlizece\/wp-json\/wp\/v2\/pages\/573\/revisions\/1092"}],"up":[{"embeddable":true,"href":"https:\/\/o-seznam.cz\/napoveda\/prohlizece\/wp-json\/wp\/v2\/pages\/32"}],"wp:attachment":[{"href":"https:\/\/o-seznam.cz\/napoveda\/prohlizece\/wp-json\/wp\/v2\/media?parent=573"}],"wp:term":[{"taxonomy":"page_category","embeddable":true,"href":"https:\/\/o-seznam.cz\/napoveda\/prohlizece\/wp-json\/wp\/v2\/page_category?post=573"},{"taxonomy":"page_tag","embeddable":true,"href":"https:\/\/o-seznam.cz\/napoveda\/prohlizece\/wp-json\/wp\/v2\/page_tag?post=573"},{"taxonomy":"service_status_category","embeddable":true,"href":"https:\/\/o-seznam.cz\/napoveda\/prohlizece\/wp-json\/wp\/v2\/service_status_category?post=573"}],"curies":[{"name":"wp","href":"https:\/\/api.w.org\/{rel}","templated":true}]}}