{"id":568,"date":"2024-11-01T09:12:24","date_gmt":"2024-11-01T08:12:24","guid":{"rendered":"https:\/\/o-seznam.cz\/napoveda\/prohlizece\/?page_id=568"},"modified":"2024-12-15T22:37:53","modified_gmt":"2024-12-15T21:37:53","slug":"automaticke-odhlasovani","status":"publish","type":"page","link":"https:\/\/o-seznam.cz\/napoveda\/prohlizece\/microsoft-edge\/automaticke-odhlasovani\/","title":{"rendered":"Jak na automatick\u00e9 odhla\u0161ov\u00e1n\u00ed"},"content":{"rendered":"\n<p>Automatick\u00e9 odhl\u00e1\u0161en\u00ed zp\u016fsobuje nastaven\u00ed Microsoft Edge, kdy se po ukon\u010den\u00ed prohl\u00ed\u017ee\u010de sma\u017eou soubory cookies. Zde je n\u00e1vod jak nastaven\u00ed upravit:<\/p>\n\n\n\n<div class=\"wp-block-group is-layout-constrained wp-block-group-is-layout-constrained\"><div class=\"mediaText is-position-left is-orientation-portrait\">\n\t\n\t<div class=\"mediaText__media\">\n\t\t<img loading=\"lazy\" decoding=\"async\" width=\"442\" height=\"852\" src=\"https:\/\/o-seznam.cz\/napoveda\/prohlizece\/wp-content\/uploads\/sites\/17\/2024\/10\/me-povoleni-cookies1.png\" class=\"border border-neutral-20 border-solid\" alt=\"\" srcset=\"https:\/\/o-seznam.cz\/napoveda\/prohlizece\/wp-content\/uploads\/sites\/17\/2024\/10\/me-povoleni-cookies1.png 442w, https:\/\/o-seznam.cz\/napoveda\/prohlizece\/wp-content\/uploads\/sites\/17\/2024\/10\/me-povoleni-cookies1-166x320.png 166w\" sizes=\"auto, (max-width: 442px) 100vw, 442px\" \/>\t<\/div>\n\n\t<div class=\"mediaText__content is-layout-flow\">\n\n<div class=\"wp-block-group is-layout-constrained wp-container-core-group-is-layout-beff7c7e wp-block-group-is-layout-constrained\">\n<ol class=\"wp-block-list is-style-circle\">\n<li>V prav\u00e9 horn\u00ed \u010d\u00e1sti okna klikn\u011bte na tla\u010d\u00edtko <img loading=\"lazy\" decoding=\"async\" width=\"41\" height=\"28\" class=\"inline-image wp-image-241\" src=\"https:\/\/o-seznam.cz\/napoveda\/prohlizece\/wp-content\/uploads\/sites\/17\/2024\/10\/edge-menu.png\" alt=\"\">&nbsp;(t\u0159i te\u010dky) a v menu klikn\u011bte na polo\u017eku <strong>Nastaven\u00ed<\/strong>.<\/li>\n<\/ol>\n<\/div>\n\n<\/div>\t\n<\/div>\n\n\n<div class=\"mediaText is-position-right is-orientation-landscape\">\n\t\n\t<div class=\"mediaText__media\">\n\t\t<img loading=\"lazy\" decoding=\"async\" width=\"342\" height=\"211\" src=\"https:\/\/o-seznam.cz\/napoveda\/prohlizece\/wp-content\/uploads\/sites\/17\/2024\/11\/me-promazani-cookies-po-uzavreni-browseru-2.png\" class=\"border border-neutral-20 border-solid\" alt=\"\" srcset=\"https:\/\/o-seznam.cz\/napoveda\/prohlizece\/wp-content\/uploads\/sites\/17\/2024\/11\/me-promazani-cookies-po-uzavreni-browseru-2.png 342w, https:\/\/o-seznam.cz\/napoveda\/prohlizece\/wp-content\/uploads\/sites\/17\/2024\/11\/me-promazani-cookies-po-uzavreni-browseru-2-320x197.png 320w\" sizes=\"auto, (max-width: 342px) 100vw, 342px\" \/>\t<\/div>\n\n\t<div class=\"mediaText__content is-layout-flow\">\n\n<div class=\"wp-block-group is-layout-constrained wp-container-core-group-is-layout-beff7c7e wp-block-group-is-layout-constrained\">\n<ol start=\"2\" class=\"wp-block-list is-style-circle\">\n<li>V nab\u00eddce klikn\u011bte na <strong>Ochrana osobn\u00edch \u00fadaj\u016f, vyhled\u00e1v\u00e1n\u00ed a slu\u017eby<\/strong><\/li>\n<\/ol>\n<\/div>\n\n<\/div>\t\n<\/div>\n\n\n<div class=\"mediaText is-position-left is-orientation-landscape\">\n\t\n\t<div class=\"mediaText__media\">\n\t\t<img loading=\"lazy\" decoding=\"async\" width=\"841\" height=\"185\" src=\"https:\/\/o-seznam.cz\/napoveda\/prohlizece\/wp-content\/uploads\/sites\/17\/2024\/11\/me-promazani-cookies-po-uzavreni-browseru-3.png\" class=\"border border-neutral-20 border-solid\" alt=\"\" srcset=\"https:\/\/o-seznam.cz\/napoveda\/prohlizece\/wp-content\/uploads\/sites\/17\/2024\/11\/me-promazani-cookies-po-uzavreni-browseru-3.png 841w, https:\/\/o-seznam.cz\/napoveda\/prohlizece\/wp-content\/uploads\/sites\/17\/2024\/11\/me-promazani-cookies-po-uzavreni-browseru-3-320x70.png 320w, https:\/\/o-seznam.cz\/napoveda\/prohlizece\/wp-content\/uploads\/sites\/17\/2024\/11\/me-promazani-cookies-po-uzavreni-browseru-3-768x169.png 768w\" sizes=\"auto, (max-width: 841px) 100vw, 841px\" \/>\t<\/div>\n\n\t<div class=\"mediaText__content is-layout-flow\">\n\n<div class=\"wp-block-group is-layout-constrained wp-container-core-group-is-layout-beff7c7e wp-block-group-is-layout-constrained\">\n<ol start=\"3\" class=\"wp-block-list is-style-circle\">\n<li>N\u00e1sledn\u011b v \u010d\u00e1sti <strong>Odstranit \u00fadaje o proch\u00e1zen\u00ed<\/strong>&nbsp;klikn\u011bte <strong>Zvolit, co chcete vymazat p\u0159i ka\u017ed\u00e9m zav\u0159en\u00ed prohl\u00ed\u017ee\u010de<\/strong>. <\/li>\n<\/ol>\n<\/div>\n\n<\/div>\t\n<\/div>\n\n\n<div class=\"mediaText is-position-right is-orientation-landscape\">\n\t\n\t<div class=\"mediaText__media\">\n\t\t<img loading=\"lazy\" decoding=\"async\" width=\"826\" height=\"581\" src=\"https:\/\/o-seznam.cz\/napoveda\/prohlizece\/wp-content\/uploads\/sites\/17\/2024\/11\/me-promazani-cookies-po-uzavreni-browseru-4.png\" class=\"border border-neutral-20 border-solid\" alt=\"\" srcset=\"https:\/\/o-seznam.cz\/napoveda\/prohlizece\/wp-content\/uploads\/sites\/17\/2024\/11\/me-promazani-cookies-po-uzavreni-browseru-4.png 826w, https:\/\/o-seznam.cz\/napoveda\/prohlizece\/wp-content\/uploads\/sites\/17\/2024\/11\/me-promazani-cookies-po-uzavreni-browseru-4-320x225.png 320w, https:\/\/o-seznam.cz\/napoveda\/prohlizece\/wp-content\/uploads\/sites\/17\/2024\/11\/me-promazani-cookies-po-uzavreni-browseru-4-768x540.png 768w\" sizes=\"auto, (max-width: 826px) 100vw, 826px\" \/>\t<\/div>\n\n\t<div class=\"mediaText__content is-layout-flow\">\n\n<div class=\"wp-block-group is-layout-constrained wp-container-core-group-is-layout-beff7c7e wp-block-group-is-layout-constrained\">\n<ol start=\"4\" class=\"wp-block-list is-style-circle\">\n<li>Otev\u0159e se dal\u0161\u00ed&nbsp;nastaven\u00ed. Kde po kliknut\u00ed na posuvn\u00edk vypnete aktivn\u00ed polo\u017eky.<\/li>\n<\/ol>\n<\/div>\n\n<\/div>\t\n<\/div>\n<\/div>\n","protected":false},"excerpt":{"rendered":"<p>Automatick\u00e9 odhl\u00e1\u0161en\u00ed zp\u016fsobuje nastaven\u00ed Microsoft Edge, kdy se po ukon\u010den\u00ed prohl\u00ed\u017ee\u010de sma\u017eou soubory cookies. Zde je n\u00e1vod jak nastaven\u00ed upravit:<\/p>\n","protected":false},"author":12,"featured_media":0,"parent":563,"menu_order":3,"comment_status":"closed","ping_status":"closed","template":"page-sidemenu","meta":{"_acf_changed":false,"_relevanssi_hide_post":"","_relevanssi_hide_content":"","_relevanssi_pin_for_all":"","_relevanssi_pin_keywords":"","_relevanssi_unpin_keywords":"","_relevanssi_related_keywords":"","_relevanssi_related_include_ids":"","_relevanssi_related_exclude_ids":"","_relevanssi_related_no_append":"","_relevanssi_related_not_related":"","_relevanssi_related_posts":"","_relevanssi_noindex_reason":"","footnotes":""},"page_category":[21],"page_tag":[],"service_status_category":[],"class_list":["post-568","page","type-page","status-publish","hentry"],"acf":[],"_links":{"self":[{"href":"https:\/\/o-seznam.cz\/napoveda\/prohlizece\/wp-json\/wp\/v2\/pages\/568","targetHints":{"allow":["GET"]}}],"collection":[{"href":"https:\/\/o-seznam.cz\/napoveda\/prohlizece\/wp-json\/wp\/v2\/pages"}],"about":[{"href":"https:\/\/o-seznam.cz\/napoveda\/prohlizece\/wp-json\/wp\/v2\/types\/page"}],"author":[{"embeddable":true,"href":"https:\/\/o-seznam.cz\/napoveda\/prohlizece\/wp-json\/wp\/v2\/users\/12"}],"replies":[{"embeddable":true,"href":"https:\/\/o-seznam.cz\/napoveda\/prohlizece\/wp-json\/wp\/v2\/comments?post=568"}],"version-history":[{"count":4,"href":"https:\/\/o-seznam.cz\/napoveda\/prohlizece\/wp-json\/wp\/v2\/pages\/568\/revisions"}],"predecessor-version":[{"id":1094,"href":"https:\/\/o-seznam.cz\/napoveda\/prohlizece\/wp-json\/wp\/v2\/pages\/568\/revisions\/1094"}],"up":[{"embeddable":true,"href":"https:\/\/o-seznam.cz\/napoveda\/prohlizece\/wp-json\/wp\/v2\/pages\/563"}],"wp:attachment":[{"href":"https:\/\/o-seznam.cz\/napoveda\/prohlizece\/wp-json\/wp\/v2\/media?parent=568"}],"wp:term":[{"taxonomy":"page_category","embeddable":true,"href":"https:\/\/o-seznam.cz\/napoveda\/prohlizece\/wp-json\/wp\/v2\/page_category?post=568"},{"taxonomy":"page_tag","embeddable":true,"href":"https:\/\/o-seznam.cz\/napoveda\/prohlizece\/wp-json\/wp\/v2\/page_tag?post=568"},{"taxonomy":"service_status_category","embeddable":true,"href":"https:\/\/o-seznam.cz\/napoveda\/prohlizece\/wp-json\/wp\/v2\/service_status_category?post=568"}],"curies":[{"name":"wp","href":"https:\/\/api.w.org\/{rel}","templated":true}]}}