{"id":42,"date":"2024-10-18T15:42:30","date_gmt":"2024-10-18T13:42:30","guid":{"rendered":"https:\/\/o-seznam.cz\/napoveda\/prohlizece\/?page_id=42"},"modified":"2025-01-28T14:48:57","modified_gmt":"2025-01-28T13:48:57","slug":"jak-zobrazit-heslo","status":"publish","type":"page","link":"https:\/\/o-seznam.cz\/napoveda\/prohlizece\/google-chrome\/jak-zobrazit-heslo\/","title":{"rendered":"Jak zobrazit heslo &#8211; Google Chrome"},"content":{"rendered":"\n<div class=\"wp-block-group is-layout-constrained wp-block-group-is-layout-constrained\">\n<p>P\u0159i p\u0159ihla\u0161ov\u00e1n\u00ed na str\u00e1nky slu\u017eeb zabezpe\u010den\u00fdch heslem je mo\u017en\u00e9 si jm\u00e9no a heslo ulo\u017eit do prohl\u00ed\u017ee\u010de. Ulo\u017een\u00e1 hesla si m\u016f\u017eete v prohl\u00ed\u017ee\u010di Google Chrome zobrazit pomoc\u00ed n\u00e1sleduj\u00edc\u00edho postupu:<\/p>\n<\/div>\n\n\n\n<ul class=\"wp-block-list\">\n<li>V menu <img loading=\"lazy\" decoding=\"async\" width=\"36\" height=\"27\" class=\"inline-image wp-image-194\" src=\"https:\/\/o-seznam.cz\/napoveda\/prohlizece\/wp-content\/uploads\/sites\/17\/2024\/10\/chrome-nastroje-logo.png\" alt=\"\">&nbsp;p\u0159ejd\u011bte do <strong>Nastaven\u00ed<\/strong> a v horn\u00ed \u010d\u00e1sti str\u00e1nky v sekci <strong>Automatick\u00e9 vypl\u0148ov\u00e1n\u00ed<\/strong> a <strong>hesla<\/strong> klikn\u011bte na mo\u017enost <strong>Spr\u00e1vce hesel Google<\/strong>.<\/li>\n\n\n\n<li>V \u010d\u00e1sti <strong> Hesla<\/strong> klikn\u011bte na \u0159\u00e1dek str\u00e1nky, u kter\u00e9 chcete heslo zobrazit.<\/li>\n\n\n\n<li>N\u00e1sledn\u011b m\u016f\u017eete b\u00fdt po\u017e\u00e1d\u00e1ni o zad\u00e1n\u00ed hesla k va\u0161emu u\u017eivatelsk\u00e9mu \u00fa\u010dtu Windows. Pokud ano, zadejte jej a potvr\u010fte. Pot\u00e9 dojde k zobrazen\u00ed ulo\u017een\u00e9ho hesla.<\/li>\n<\/ul>\n\n\n\n<div class=\"wp-block-group is-layout-constrained wp-block-group-is-layout-constrained\"><div class=\"mediaText is-position-left is-orientation-portrait\">\n\t\n\t<div class=\"mediaText__media\">\n\t\t<img loading=\"lazy\" decoding=\"async\" width=\"525\" height=\"976\" src=\"https:\/\/o-seznam.cz\/napoveda\/prohlizece\/wp-content\/uploads\/sites\/17\/2024\/11\/chrome-povoleni-cookies1.png\" class=\"\" alt=\"\" srcset=\"https:\/\/o-seznam.cz\/napoveda\/prohlizece\/wp-content\/uploads\/sites\/17\/2024\/11\/chrome-povoleni-cookies1.png 525w, https:\/\/o-seznam.cz\/napoveda\/prohlizece\/wp-content\/uploads\/sites\/17\/2024\/11\/chrome-povoleni-cookies1-172x320.png 172w\" sizes=\"auto, (max-width: 525px) 100vw, 525px\" \/>\t<\/div>\n\n\t<div class=\"mediaText__content is-layout-flow\">\n\n<ol class=\"wp-block-list is-style-circle\">\n<li>V prav\u00e9 horn\u00ed \u010d\u00e1sti okna klikn\u011bte na tla\u010d\u00edtko<img loading=\"lazy\" decoding=\"async\" width=\"36\" height=\"27\" class=\"inline-image wp-image-194\" src=\"https:\/\/o-seznam.cz\/napoveda\/prohlizece\/wp-content\/uploads\/sites\/17\/2024\/10\/chrome-nastroje-logo.png\" alt=\"\"> a v menu klikn\u011bte na ikonku <strong>Nastaven\u00ed<\/strong>.<\/li>\n<\/ol>\n\n<\/div>\t\n<\/div>\n\n\n<div class=\"mediaText is-position-right is-orientation-landscape\">\n\t\n\t<div class=\"mediaText__media\">\n\t\t<img loading=\"lazy\" decoding=\"async\" width=\"1212\" height=\"329\" src=\"https:\/\/o-seznam.cz\/napoveda\/prohlizece\/wp-content\/uploads\/sites\/17\/2024\/10\/ch-heslo2.png\" class=\"\" alt=\"\" srcset=\"https:\/\/o-seznam.cz\/napoveda\/prohlizece\/wp-content\/uploads\/sites\/17\/2024\/10\/ch-heslo2.png 1212w, https:\/\/o-seznam.cz\/napoveda\/prohlizece\/wp-content\/uploads\/sites\/17\/2024\/10\/ch-heslo2-992x269.png 992w, https:\/\/o-seznam.cz\/napoveda\/prohlizece\/wp-content\/uploads\/sites\/17\/2024\/10\/ch-heslo2-320x87.png 320w, https:\/\/o-seznam.cz\/napoveda\/prohlizece\/wp-content\/uploads\/sites\/17\/2024\/10\/ch-heslo2-768x208.png 768w\" sizes=\"auto, (max-width: 1212px) 100vw, 1212px\" \/>\t<\/div>\n\n\t<div class=\"mediaText__content is-layout-flow\">\n\n<ol start=\"2\" class=\"wp-block-list is-style-circle\">\n<li>V horn\u00ed \u010d\u00e1sti str\u00e1nky&nbsp;klikn\u011bte v sekci <strong>Automatick\u00e9 vypl\u0148ov\u00e1n\u00ed a hesla<\/strong> na polo\u017eku&nbsp;<strong>Spr\u00e1vci hesel Google<\/strong><\/li>\n<\/ol>\n\n<\/div>\t\n<\/div>\n\n\n<div class=\"mediaText is-position-left is-orientation-landscape\">\n\t\n\t<div class=\"mediaText__media\">\n\t\t<img loading=\"lazy\" decoding=\"async\" width=\"1223\" height=\"512\" src=\"https:\/\/o-seznam.cz\/napoveda\/prohlizece\/wp-content\/uploads\/sites\/17\/2024\/10\/ch-heslo3.png\" class=\"\" alt=\"\" srcset=\"https:\/\/o-seznam.cz\/napoveda\/prohlizece\/wp-content\/uploads\/sites\/17\/2024\/10\/ch-heslo3.png 1223w, https:\/\/o-seznam.cz\/napoveda\/prohlizece\/wp-content\/uploads\/sites\/17\/2024\/10\/ch-heslo3-992x415.png 992w, https:\/\/o-seznam.cz\/napoveda\/prohlizece\/wp-content\/uploads\/sites\/17\/2024\/10\/ch-heslo3-320x134.png 320w, https:\/\/o-seznam.cz\/napoveda\/prohlizece\/wp-content\/uploads\/sites\/17\/2024\/10\/ch-heslo3-768x322.png 768w\" sizes=\"auto, (max-width: 1223px) 100vw, 1223px\" \/>\t<\/div>\n\n\t<div class=\"mediaText__content is-layout-flow\">\n\n<ol start=\"3\" class=\"wp-block-list is-style-circle\">\n<li>V \u010d\u00e1sti <strong>Hesla<\/strong> klikn\u011bte na \u0159\u00e1dek str\u00e1nky u kter\u00e9 chcete heslo zobrazit.<\/li>\n<\/ol>\n\n<\/div>\t\n<\/div>\n\n\n<div class=\"mediaText is-position-right is-orientation-landscape\">\n\t\n\t<div class=\"mediaText__media\">\n\t\t<img loading=\"lazy\" decoding=\"async\" width=\"446\" height=\"400\" src=\"https:\/\/o-seznam.cz\/napoveda\/prohlizece\/wp-content\/uploads\/sites\/17\/2024\/10\/ch-heslo4new.png\" class=\"\" alt=\"\" srcset=\"https:\/\/o-seznam.cz\/napoveda\/prohlizece\/wp-content\/uploads\/sites\/17\/2024\/10\/ch-heslo4new.png 446w, https:\/\/o-seznam.cz\/napoveda\/prohlizece\/wp-content\/uploads\/sites\/17\/2024\/10\/ch-heslo4new-320x287.png 320w\" sizes=\"auto, (max-width: 446px) 100vw, 446px\" \/>\t<\/div>\n\n\t<div class=\"mediaText__content is-layout-flow\">\n\n<ol start=\"4\" class=\"wp-block-list is-style-circle\">\n<li>Pokud m\u00e1te na sv\u00e9m u\u017eivatelsk\u00e9m \u00fa\u010dtu v syst\u00e9mu Windows nastaveno heslo, syst\u00e9m po\u017e\u00e1d\u00e1 o jeho zad\u00e1n\u00ed.<\/li>\n<\/ol>\n\n<\/div>\t\n<\/div>\n\n\n<div class=\"mediaText is-position-left is-orientation-landscape\">\n\t\n\t<div class=\"mediaText__media\">\n\t\t<img loading=\"lazy\" decoding=\"async\" width=\"774\" height=\"429\" src=\"https:\/\/o-seznam.cz\/napoveda\/prohlizece\/wp-content\/uploads\/sites\/17\/2024\/10\/ch-heslo5-1.png\" class=\"\" alt=\"\" srcset=\"https:\/\/o-seznam.cz\/napoveda\/prohlizece\/wp-content\/uploads\/sites\/17\/2024\/10\/ch-heslo5-1.png 774w, https:\/\/o-seznam.cz\/napoveda\/prohlizece\/wp-content\/uploads\/sites\/17\/2024\/10\/ch-heslo5-1-320x177.png 320w, https:\/\/o-seznam.cz\/napoveda\/prohlizece\/wp-content\/uploads\/sites\/17\/2024\/10\/ch-heslo5-1-768x426.png 768w\" sizes=\"auto, (max-width: 774px) 100vw, 774px\" \/>\t<\/div>\n\n\t<div class=\"mediaText__content is-layout-flow\">\n\n<ol start=\"5\" class=\"wp-block-list is-style-circle\">\n<li>Kliknut\u00edm na ikonu oka vedle vyte\u010dkovan\u00e9ho hesla si jej zobraz\u00edte.<\/li>\n<\/ol>\n\n<\/div>\t\n<\/div>\n<\/div>\n","protected":false},"excerpt":{"rendered":"<p>P\u0159i p\u0159ihla\u0161ov\u00e1n\u00ed na str\u00e1nky slu\u017eeb zabezpe\u010den\u00fdch heslem je mo\u017en\u00e9 si jm\u00e9no a heslo ulo\u017eit do prohl\u00ed\u017ee\u010de. Ulo\u017een\u00e1 hesla si m\u016f\u017eete v prohl\u00ed\u017ee\u010di Google Chrome zobrazit pomoc\u00ed n\u00e1sleduj\u00edc\u00edho postupu:<\/p>\n","protected":false},"author":12,"featured_media":0,"parent":16,"menu_order":8,"comment_status":"closed","ping_status":"closed","template":"page-sidemenu","meta":{"_acf_changed":false,"_relevanssi_hide_post":"","_relevanssi_hide_content":"","_relevanssi_pin_for_all":"","_relevanssi_pin_keywords":"","_relevanssi_unpin_keywords":"","_relevanssi_related_keywords":"","_relevanssi_related_include_ids":"","_relevanssi_related_exclude_ids":"","_relevanssi_related_no_append":"","_relevanssi_related_not_related":"","_relevanssi_related_posts":"","_relevanssi_noindex_reason":"","footnotes":""},"page_category":[20],"page_tag":[],"service_status_category":[],"class_list":["post-42","page","type-page","status-publish","hentry"],"acf":[],"_links":{"self":[{"href":"https:\/\/o-seznam.cz\/napoveda\/prohlizece\/wp-json\/wp\/v2\/pages\/42","targetHints":{"allow":["GET"]}}],"collection":[{"href":"https:\/\/o-seznam.cz\/napoveda\/prohlizece\/wp-json\/wp\/v2\/pages"}],"about":[{"href":"https:\/\/o-seznam.cz\/napoveda\/prohlizece\/wp-json\/wp\/v2\/types\/page"}],"author":[{"embeddable":true,"href":"https:\/\/o-seznam.cz\/napoveda\/prohlizece\/wp-json\/wp\/v2\/users\/12"}],"replies":[{"embeddable":true,"href":"https:\/\/o-seznam.cz\/napoveda\/prohlizece\/wp-json\/wp\/v2\/comments?post=42"}],"version-history":[{"count":18,"href":"https:\/\/o-seznam.cz\/napoveda\/prohlizece\/wp-json\/wp\/v2\/pages\/42\/revisions"}],"predecessor-version":[{"id":1148,"href":"https:\/\/o-seznam.cz\/napoveda\/prohlizece\/wp-json\/wp\/v2\/pages\/42\/revisions\/1148"}],"up":[{"embeddable":true,"href":"https:\/\/o-seznam.cz\/napoveda\/prohlizece\/wp-json\/wp\/v2\/pages\/16"}],"wp:attachment":[{"href":"https:\/\/o-seznam.cz\/napoveda\/prohlizece\/wp-json\/wp\/v2\/media?parent=42"}],"wp:term":[{"taxonomy":"page_category","embeddable":true,"href":"https:\/\/o-seznam.cz\/napoveda\/prohlizece\/wp-json\/wp\/v2\/page_category?post=42"},{"taxonomy":"page_tag","embeddable":true,"href":"https:\/\/o-seznam.cz\/napoveda\/prohlizece\/wp-json\/wp\/v2\/page_tag?post=42"},{"taxonomy":"service_status_category","embeddable":true,"href":"https:\/\/o-seznam.cz\/napoveda\/prohlizece\/wp-json\/wp\/v2\/service_status_category?post=42"}],"curies":[{"name":"wp","href":"https:\/\/api.w.org\/{rel}","templated":true}]}}