{"id":23,"date":"2024-10-14T13:07:57","date_gmt":"2024-10-14T11:07:57","guid":{"rendered":"https:\/\/o-seznam.cz\/napoveda\/prohlizece\/?page_id=23"},"modified":"2024-12-05T10:34:16","modified_gmt":"2024-12-05T09:34:16","slug":"opera","status":"publish","type":"page","link":"https:\/\/o-seznam.cz\/napoveda\/prohlizece\/opera\/","title":{"rendered":"Opera"},"content":{"rendered":"\n<h2 class=\"wp-block-heading is-style-h1\">Opera<\/h2>\n\n\n<div class=\"wp-block-seznam-list-pages\"><div>\n<div style=\"--seznam-tiles--columns:3\" class=\"wp-block-seznam-tiles has-columns-3\"><div class=\"inner-blocks\">\n<div class=\"block-boxlink\"><a class=\"boxlink boxlink--icon-arrow boxlink--align-y-center px-f8 py-f4\" href=\"https:\/\/o-seznam.cz\/napoveda\/prohlizece\/opera\/anonymni-prohlizeni\/\"><div class=\"inner-blocks\">Anonymn\u00ed prohlizeni<\/div><\/a><\/div><div class=\"block-boxlink\"><a class=\"boxlink boxlink--icon-arrow boxlink--align-y-center px-f8 py-f4\" href=\"https:\/\/o-seznam.cz\/napoveda\/prohlizece\/opera\/automaticke-odhlaseni\/\"><div class=\"inner-blocks\">Automatick\u00e9 odhla\u0161ov\u00e1n\u00ed<\/div><\/a><\/div><div class=\"block-boxlink\"><a class=\"boxlink boxlink--icon-arrow boxlink--align-y-center px-f8 py-f4\" href=\"https:\/\/o-seznam.cz\/napoveda\/prohlizece\/opera\/nastaveni-geolokace\/\"><div class=\"inner-blocks\">Nastaven\u00ed geolokace<\/div><\/a><\/div><div class=\"block-boxlink\"><a class=\"boxlink boxlink--icon-arrow boxlink--align-y-center px-f8 py-f4\" href=\"https:\/\/o-seznam.cz\/napoveda\/prohlizece\/opera\/jak-odstranit-doplnky\/\"><div class=\"inner-blocks\">Odstran\u011bn\u00ed dopl\u0148k\u016f<\/div><\/a><\/div><div class=\"block-boxlink\"><a class=\"boxlink boxlink--icon-arrow boxlink--align-y-center px-f8 py-f4\" href=\"https:\/\/o-seznam.cz\/napoveda\/prohlizece\/opera\/odstraneni-hesla\/\"><div class=\"inner-blocks\">Odstran\u011bn\u00ed hesla<\/div><\/a><\/div><div class=\"block-boxlink\"><a class=\"boxlink boxlink--icon-arrow boxlink--align-y-center px-f8 py-f4\" href=\"https:\/\/o-seznam.cz\/napoveda\/prohlizece\/opera\/odstraneni-jmena\/\"><div class=\"inner-blocks\">Odstran\u011bn\u00ed jm\u00e9na<\/div><\/a><\/div><div class=\"block-boxlink\"><a class=\"boxlink boxlink--icon-arrow boxlink--align-y-center px-f8 py-f4\" href=\"https:\/\/o-seznam.cz\/napoveda\/prohlizece\/opera\/povoleni-cookies\/\"><div class=\"inner-blocks\">Povolen\u00ed cookies<\/div><\/a><\/div><div class=\"block-boxlink\"><a class=\"boxlink boxlink--icon-arrow boxlink--align-y-center px-f8 py-f4\" href=\"https:\/\/o-seznam.cz\/napoveda\/prohlizece\/opera\/smazani-cookies\/\"><div class=\"inner-blocks\">Smaz\u00e1n\u00ed cookies<\/div><\/a><\/div><div class=\"block-boxlink\"><a class=\"boxlink boxlink--icon-arrow boxlink--align-y-center px-f8 py-f4\" href=\"https:\/\/o-seznam.cz\/napoveda\/prohlizece\/opera\/obnoveni-vychoziho-nastaveni\/\"><div class=\"inner-blocks\">V\u00fdchoz\u00ed nastaven\u00ed<\/div><\/a><\/div><div class=\"block-boxlink\"><a class=\"boxlink boxlink--icon-arrow boxlink--align-y-center px-f8 py-f4\" href=\"https:\/\/o-seznam.cz\/napoveda\/prohlizece\/opera\/nastaveni-vychoziho-vyhledavace\/\"><div class=\"inner-blocks\">V\u00fdchoz\u00ed vyhled\u00e1va\u010d<\/div><\/a><\/div><div class=\"block-boxlink\"><a class=\"boxlink boxlink--icon-arrow boxlink--align-y-center px-f8 py-f4\" href=\"https:\/\/o-seznam.cz\/napoveda\/prohlizece\/opera\/jak-zobrazit-heslo\/\"><div class=\"inner-blocks\">Zobrazen\u00ed hesla<\/div><\/a><\/div><\/div><\/div>\n\n<\/div><\/div>\n","protected":false},"excerpt":{"rendered":"<p>Opera<\/p>\n","protected":false},"author":12,"featured_media":0,"parent":0,"menu_order":4,"comment_status":"closed","ping_status":"closed","template":"page-no-head","meta":{"_acf_changed":false,"_relevanssi_hide_post":"","_relevanssi_hide_content":"","_relevanssi_pin_for_all":"","_relevanssi_pin_keywords":"","_relevanssi_unpin_keywords":"","_relevanssi_related_keywords":"","_relevanssi_related_include_ids":"","_relevanssi_related_exclude_ids":"","_relevanssi_related_no_append":"","_relevanssi_related_not_related":"","_relevanssi_related_posts":"","_relevanssi_noindex_reason":"","footnotes":""},"page_category":[23],"page_tag":[],"service_status_category":[],"class_list":["post-23","page","type-page","status-publish","hentry"],"acf":[],"_links":{"self":[{"href":"https:\/\/o-seznam.cz\/napoveda\/prohlizece\/wp-json\/wp\/v2\/pages\/23","targetHints":{"allow":["GET"]}}],"collection":[{"href":"https:\/\/o-seznam.cz\/napoveda\/prohlizece\/wp-json\/wp\/v2\/pages"}],"about":[{"href":"https:\/\/o-seznam.cz\/napoveda\/prohlizece\/wp-json\/wp\/v2\/types\/page"}],"author":[{"embeddable":true,"href":"https:\/\/o-seznam.cz\/napoveda\/prohlizece\/wp-json\/wp\/v2\/users\/12"}],"replies":[{"embeddable":true,"href":"https:\/\/o-seznam.cz\/napoveda\/prohlizece\/wp-json\/wp\/v2\/comments?post=23"}],"version-history":[{"count":8,"href":"https:\/\/o-seznam.cz\/napoveda\/prohlizece\/wp-json\/wp\/v2\/pages\/23\/revisions"}],"predecessor-version":[{"id":1048,"href":"https:\/\/o-seznam.cz\/napoveda\/prohlizece\/wp-json\/wp\/v2\/pages\/23\/revisions\/1048"}],"wp:attachment":[{"href":"https:\/\/o-seznam.cz\/napoveda\/prohlizece\/wp-json\/wp\/v2\/media?parent=23"}],"wp:term":[{"taxonomy":"page_category","embeddable":true,"href":"https:\/\/o-seznam.cz\/napoveda\/prohlizece\/wp-json\/wp\/v2\/page_category?post=23"},{"taxonomy":"page_tag","embeddable":true,"href":"https:\/\/o-seznam.cz\/napoveda\/prohlizece\/wp-json\/wp\/v2\/page_tag?post=23"},{"taxonomy":"service_status_category","embeddable":true,"href":"https:\/\/o-seznam.cz\/napoveda\/prohlizece\/wp-json\/wp\/v2\/service_status_category?post=23"}],"curies":[{"name":"wp","href":"https:\/\/api.w.org\/{rel}","templated":true}]}}