{"id":163,"date":"2024-10-23T15:22:30","date_gmt":"2024-10-23T13:22:30","guid":{"rendered":"https:\/\/o-seznam.cz\/napoveda\/prohlizece\/?page_id=163"},"modified":"2025-08-15T13:29:08","modified_gmt":"2025-08-15T11:29:08","slug":"anonymni-prohlizeni","status":"publish","type":"page","link":"https:\/\/o-seznam.cz\/napoveda\/prohlizece\/safari-pro-macos\/anonymni-prohlizeni\/","title":{"rendered":"Anonymn\u00ed prohl\u00ed\u017een\u00ed"},"content":{"rendered":"\n<p>Funkce anonymn\u00edho prohl\u00ed\u017een\u00ed je v prohl\u00ed\u017ee\u010di Apple Safari nazv\u00e1na &#8222;<strong>Anonymn\u00ed okno<\/strong>&#8220; a aktivujete ji n\u00e1sleduj\u00edc\u00edm postupem.<\/p>\n\n\n\n<div class=\"wp-block-group is-layout-constrained wp-block-group-is-layout-constrained\">\n<ul class=\"wp-block-list\">\n<li>Spus\u0165te prohl\u00ed\u017ee\u010d, v prav\u00e9 horn\u00ed \u010d\u00e1sti obrazovky klikn\u011bte na &#8222;<strong>Soubor<\/strong>&#8220;&nbsp;a z menu vyberte &#8222;<strong>Nov\u00e9 anonymn\u00ed okno<\/strong>&#8222;.<\/li>\n<\/ul>\n\n\n\n<figure class=\"wp-block-image size-full\"><img loading=\"lazy\" decoding=\"async\" width=\"648\" height=\"520\" src=\"https:\/\/o-seznam.cz\/napoveda\/prohlizece\/wp-content\/uploads\/sites\/17\/2025\/08\/1-spustte-prohlizec-v-prave-horni-casti-obrazovky-kliknete-na-soubor-a-z-menu-vyberte-nove-anonymni-okno.png\" alt=\"\" class=\"wp-image-1284\" srcset=\"https:\/\/o-seznam.cz\/napoveda\/prohlizece\/wp-content\/uploads\/sites\/17\/2025\/08\/1-spustte-prohlizec-v-prave-horni-casti-obrazovky-kliknete-na-soubor-a-z-menu-vyberte-nove-anonymni-okno.png 648w, https:\/\/o-seznam.cz\/napoveda\/prohlizece\/wp-content\/uploads\/sites\/17\/2025\/08\/1-spustte-prohlizec-v-prave-horni-casti-obrazovky-kliknete-na-soubor-a-z-menu-vyberte-nove-anonymni-okno-320x257.png 320w\" sizes=\"auto, (max-width: 648px) 100vw, 648px\" \/><\/figure>\n<\/div>\n\n\n\n<div class=\"wp-block-group is-layout-constrained wp-block-group-is-layout-constrained\">\n<ul class=\"wp-block-list\">\n<li>Otev\u0159e se nov\u00e9 okno prohl\u00ed\u017ee\u010de ji\u017e v anonymn\u00edm re\u017eimu a s vysv\u011btluj\u00edc\u00edmi popisky.<\/li>\n<\/ul>\n\n\n\n<figure class=\"wp-block-image size-large\"><img loading=\"lazy\" decoding=\"async\" width=\"1984\" height=\"1122\" src=\"https:\/\/o-seznam.cz\/napoveda\/prohlizece\/wp-content\/uploads\/sites\/17\/2025\/08\/2-otevre-se-nove-okno-prohlizece-jiz-v-anonymnim-rezimu-a-s-vysvetlujicimi-popisky-1984x1122.png\" alt=\"\" class=\"wp-image-1285\" srcset=\"https:\/\/o-seznam.cz\/napoveda\/prohlizece\/wp-content\/uploads\/sites\/17\/2025\/08\/2-otevre-se-nove-okno-prohlizece-jiz-v-anonymnim-rezimu-a-s-vysvetlujicimi-popisky-1984x1122.png 1984w, https:\/\/o-seznam.cz\/napoveda\/prohlizece\/wp-content\/uploads\/sites\/17\/2025\/08\/2-otevre-se-nove-okno-prohlizece-jiz-v-anonymnim-rezimu-a-s-vysvetlujicimi-popisky-992x561.png 992w, https:\/\/o-seznam.cz\/napoveda\/prohlizece\/wp-content\/uploads\/sites\/17\/2025\/08\/2-otevre-se-nove-okno-prohlizece-jiz-v-anonymnim-rezimu-a-s-vysvetlujicimi-popisky-320x181.png 320w, https:\/\/o-seznam.cz\/napoveda\/prohlizece\/wp-content\/uploads\/sites\/17\/2025\/08\/2-otevre-se-nove-okno-prohlizece-jiz-v-anonymnim-rezimu-a-s-vysvetlujicimi-popisky-768x434.png 768w, https:\/\/o-seznam.cz\/napoveda\/prohlizece\/wp-content\/uploads\/sites\/17\/2025\/08\/2-otevre-se-nove-okno-prohlizece-jiz-v-anonymnim-rezimu-a-s-vysvetlujicimi-popisky-1536x869.png 1536w, https:\/\/o-seznam.cz\/napoveda\/prohlizece\/wp-content\/uploads\/sites\/17\/2025\/08\/2-otevre-se-nove-okno-prohlizece-jiz-v-anonymnim-rezimu-a-s-vysvetlujicimi-popisky-2048x1158.png 2048w\" sizes=\"auto, (max-width: 1984px) 100vw, 1984px\" \/><\/figure>\n<\/div>\n\n\n\n<div class=\"wp-block-group is-layout-constrained wp-block-group-is-layout-constrained\">\n<ul class=\"wp-block-list\">\n<li>Anonymn\u00ed okno je v\u017edy ozna\u010deno tmav\u00fdm pozad\u00ed adresn\u00edho a vyhled\u00e1vac\u00edho \u0159\u00e1dku.<\/li>\n<\/ul>\n\n\n\n<figure class=\"wp-block-image size-full\"><img loading=\"lazy\" decoding=\"async\" width=\"1224\" height=\"96\" src=\"https:\/\/o-seznam.cz\/napoveda\/prohlizece\/wp-content\/uploads\/sites\/17\/2025\/08\/3-anonymni-okno-je-vzdy-oznaceno-tmavym-pozadi-adresniho-a-vyhledavaciho-radku.png\" alt=\"\" class=\"wp-image-1287\" srcset=\"https:\/\/o-seznam.cz\/napoveda\/prohlizece\/wp-content\/uploads\/sites\/17\/2025\/08\/3-anonymni-okno-je-vzdy-oznaceno-tmavym-pozadi-adresniho-a-vyhledavaciho-radku.png 1224w, https:\/\/o-seznam.cz\/napoveda\/prohlizece\/wp-content\/uploads\/sites\/17\/2025\/08\/3-anonymni-okno-je-vzdy-oznaceno-tmavym-pozadi-adresniho-a-vyhledavaciho-radku-992x78.png 992w, https:\/\/o-seznam.cz\/napoveda\/prohlizece\/wp-content\/uploads\/sites\/17\/2025\/08\/3-anonymni-okno-je-vzdy-oznaceno-tmavym-pozadi-adresniho-a-vyhledavaciho-radku-320x25.png 320w, https:\/\/o-seznam.cz\/napoveda\/prohlizece\/wp-content\/uploads\/sites\/17\/2025\/08\/3-anonymni-okno-je-vzdy-oznaceno-tmavym-pozadi-adresniho-a-vyhledavaciho-radku-768x60.png 768w\" sizes=\"auto, (max-width: 1224px) 100vw, 1224px\" \/><\/figure>\n<\/div>\n\n\n\n<div class=\"wp-block-group is-layout-constrained wp-block-group-is-layout-constrained\">\n<ul class=\"wp-block-list\">\n<li>Re\u017eim Anonymn\u00edho okna ukon\u010d\u00edte zav\u0159en\u00edm tohoto okna prohl\u00ed\u017ee\u010de.<\/li>\n<\/ul>\n\n\n\n<figure class=\"wp-block-image size-full\"><img loading=\"lazy\" decoding=\"async\" width=\"1674\" height=\"172\" src=\"https:\/\/o-seznam.cz\/napoveda\/prohlizece\/wp-content\/uploads\/sites\/17\/2025\/08\/rezim-anonymniho-okna-ukoncite-zavrenim-tohoto-okna-prohlizece.png\" alt=\"\" class=\"wp-image-1288\" srcset=\"https:\/\/o-seznam.cz\/napoveda\/prohlizece\/wp-content\/uploads\/sites\/17\/2025\/08\/rezim-anonymniho-okna-ukoncite-zavrenim-tohoto-okna-prohlizece.png 1674w, https:\/\/o-seznam.cz\/napoveda\/prohlizece\/wp-content\/uploads\/sites\/17\/2025\/08\/rezim-anonymniho-okna-ukoncite-zavrenim-tohoto-okna-prohlizece-992x102.png 992w, https:\/\/o-seznam.cz\/napoveda\/prohlizece\/wp-content\/uploads\/sites\/17\/2025\/08\/rezim-anonymniho-okna-ukoncite-zavrenim-tohoto-okna-prohlizece-320x33.png 320w, https:\/\/o-seznam.cz\/napoveda\/prohlizece\/wp-content\/uploads\/sites\/17\/2025\/08\/rezim-anonymniho-okna-ukoncite-zavrenim-tohoto-okna-prohlizece-768x79.png 768w, https:\/\/o-seznam.cz\/napoveda\/prohlizece\/wp-content\/uploads\/sites\/17\/2025\/08\/rezim-anonymniho-okna-ukoncite-zavrenim-tohoto-okna-prohlizece-1536x158.png 1536w\" sizes=\"auto, (max-width: 1674px) 100vw, 1674px\" \/><\/figure>\n<\/div>\n\n\n\n<p>V anonymn\u00edm re\u017eimu je mo\u017en\u00e9 m\u00edt spu\u0161t\u011bno pouze jedno okno prohl\u00ed\u017ee\u010de. V jednu chv\u00edli tedy m\u016f\u017eete b\u00fdt p\u0159ihl\u00e1\u0161en\u00ed v jednom prohl\u00ed\u017ee\u010di pouze ke dv\u011b r\u016fzn\u00fdm \u00fa\u010dt\u016fm na Seznamu.<br><br><em>Ukon\u010den\u00edm anonymn\u00edho re\u017eimu prohl\u00ed\u017een\u00ed se ve\u0161ker\u00e9 do\u010dasn\u011b zapamatovan\u00e9 informace o p\u0159ihl\u00e1\u0161en\u00ed odstran\u00ed. Z tohoto d\u016fvodu nen\u00ed mo\u017en\u00e9 vyu\u017e\u00edt p\u0159i anonymn\u00edm prohl\u00ed\u017een\u00ed nap\u0159. funkci trval\u00e9ho p\u0159ihl\u00e1\u0161en\u00ed ke schr\u00e1nce!<\/em><\/p>\n","protected":false},"excerpt":{"rendered":"<p>Funkce anonymn\u00edho prohl\u00ed\u017een\u00ed je v prohl\u00ed\u017ee\u010di Apple Safari nazv\u00e1na &#8222;Anonymn\u00ed okno&#8220; a aktivujete ji n\u00e1sleduj\u00edc\u00edm postupem. V anonymn\u00edm re\u017eimu je mo\u017en\u00e9 m\u00edt spu\u0161t\u011bno pouze jedno okno prohl\u00ed\u017ee\u010de. V jednu chv\u00edli tedy m\u016f\u017eete b\u00fdt p\u0159ihl\u00e1\u0161en\u00ed v jednom prohl\u00ed\u017ee\u010di pouze ke dv\u011b r\u016fzn\u00fdm \u00fa\u010dt\u016fm na Seznamu. Ukon\u010den\u00edm anonymn\u00edho re\u017eimu prohl\u00ed\u017een\u00ed se ve\u0161ker\u00e9 do\u010dasn\u011b zapamatovan\u00e9 informace o p\u0159ihl\u00e1\u0161en\u00ed [&hellip;]<\/p>\n","protected":false},"author":12,"featured_media":0,"parent":29,"menu_order":0,"comment_status":"closed","ping_status":"closed","template":"page-sidemenu","meta":{"_acf_changed":false,"_relevanssi_hide_post":"","_relevanssi_hide_content":"","_relevanssi_pin_for_all":"","_relevanssi_pin_keywords":"","_relevanssi_unpin_keywords":"","_relevanssi_related_keywords":"","_relevanssi_related_include_ids":"","_relevanssi_related_exclude_ids":"","_relevanssi_related_no_append":"","_relevanssi_related_not_related":"","_relevanssi_related_posts":"","_relevanssi_noindex_reason":"","footnotes":""},"page_category":[25],"page_tag":[],"service_status_category":[],"class_list":["post-163","page","type-page","status-publish","hentry"],"acf":[],"_links":{"self":[{"href":"https:\/\/o-seznam.cz\/napoveda\/prohlizece\/wp-json\/wp\/v2\/pages\/163","targetHints":{"allow":["GET"]}}],"collection":[{"href":"https:\/\/o-seznam.cz\/napoveda\/prohlizece\/wp-json\/wp\/v2\/pages"}],"about":[{"href":"https:\/\/o-seznam.cz\/napoveda\/prohlizece\/wp-json\/wp\/v2\/types\/page"}],"author":[{"embeddable":true,"href":"https:\/\/o-seznam.cz\/napoveda\/prohlizece\/wp-json\/wp\/v2\/users\/12"}],"replies":[{"embeddable":true,"href":"https:\/\/o-seznam.cz\/napoveda\/prohlizece\/wp-json\/wp\/v2\/comments?post=163"}],"version-history":[{"count":5,"href":"https:\/\/o-seznam.cz\/napoveda\/prohlizece\/wp-json\/wp\/v2\/pages\/163\/revisions"}],"predecessor-version":[{"id":1291,"href":"https:\/\/o-seznam.cz\/napoveda\/prohlizece\/wp-json\/wp\/v2\/pages\/163\/revisions\/1291"}],"up":[{"embeddable":true,"href":"https:\/\/o-seznam.cz\/napoveda\/prohlizece\/wp-json\/wp\/v2\/pages\/29"}],"wp:attachment":[{"href":"https:\/\/o-seznam.cz\/napoveda\/prohlizece\/wp-json\/wp\/v2\/media?parent=163"}],"wp:term":[{"taxonomy":"page_category","embeddable":true,"href":"https:\/\/o-seznam.cz\/napoveda\/prohlizece\/wp-json\/wp\/v2\/page_category?post=163"},{"taxonomy":"page_tag","embeddable":true,"href":"https:\/\/o-seznam.cz\/napoveda\/prohlizece\/wp-json\/wp\/v2\/page_tag?post=163"},{"taxonomy":"service_status_category","embeddable":true,"href":"https:\/\/o-seznam.cz\/napoveda\/prohlizece\/wp-json\/wp\/v2\/service_status_category?post=163"}],"curies":[{"name":"wp","href":"https:\/\/api.w.org\/{rel}","templated":true}]}}