{"id":157,"date":"2024-10-23T15:12:48","date_gmt":"2024-10-23T13:12:48","guid":{"rendered":"https:\/\/o-seznam.cz\/napoveda\/prohlizece\/?page_id=157"},"modified":"2025-08-15T15:01:03","modified_gmt":"2025-08-15T13:01:03","slug":"odstraneni-jmena-a-hesla","status":"publish","type":"page","link":"https:\/\/o-seznam.cz\/napoveda\/prohlizece\/safari-pro-macos\/odstraneni-jmena-a-hesla\/","title":{"rendered":"Odstran\u011bn\u00ed automaticky vypl\u0148ovan\u00e9ho jm\u00e9na a hesla"},"content":{"rendered":"\n<div class=\"wp-block-group is-layout-constrained wp-block-group-is-layout-constrained\">\n<h2 class=\"wp-block-heading\">Odstran\u011bn\u00ed automaticky vypl\u0148ovan\u00e9ho jm\u00e9na a hesla<\/h2>\n\n\n\n<div class=\"wp-block-group is-layout-constrained wp-block-group-is-layout-constrained\">\n<p>Automaticky vypl\u0148ovan\u00e9 jm\u00e9no a heslo v prohl\u00ed\u017ee\u010di Safari odstran\u00edte pomoc\u00ed n\u00e1sleduj\u00edc\u00edho postupu:<\/p>\n\n\n\n<ul class=\"wp-block-list\">\n<li>V horn\u00ed lev\u00e9 \u010d\u00e1sti menu prohl\u00ed\u017ee\u010de klikn\u011bte na &#8222;<strong>Safari<\/strong>&#8220; a zvolte &#8222;<strong>P\u0159edvolby&#8230;<\/strong>&#8222;.<\/li>\n<\/ul>\n\n\n\n<figure class=\"wp-block-image size-full\"><img loading=\"lazy\" decoding=\"async\" width=\"611\" height=\"487\" src=\"https:\/\/o-seznam.cz\/napoveda\/prohlizece\/wp-content\/uploads\/sites\/17\/2025\/08\/safari-predvolby-01.png\" alt=\"\" class=\"wp-image-1308\" srcset=\"https:\/\/o-seznam.cz\/napoveda\/prohlizece\/wp-content\/uploads\/sites\/17\/2025\/08\/safari-predvolby-01.png 611w, https:\/\/o-seznam.cz\/napoveda\/prohlizece\/wp-content\/uploads\/sites\/17\/2025\/08\/safari-predvolby-01-320x255.png 320w\" sizes=\"auto, (max-width: 611px) 100vw, 611px\" \/><\/figure>\n<\/div>\n<\/div>\n\n\n\n<div class=\"wp-block-group is-layout-constrained wp-block-group-is-layout-constrained\">\n<ul class=\"wp-block-list\">\n<li>V \u010d\u00e1sti &#8222;<strong>Vypl\u0148ov\u00e1n\u00ed<\/strong>&#8220; a &#8222;<strong>Vypl\u0148ov\u00e1n\u00ed formul\u00e1\u0159\u016f:<\/strong>&#8220; klikn\u011bte na tla\u010d\u00edtko &#8222;<strong>Upravit<\/strong>&#8230;&#8220; napravo od polo\u017eky &#8222;<strong>U\u017eivatelsk\u00e1 jm\u00e9na a hesla<\/strong>&#8222;.<\/li>\n<\/ul>\n\n\n\n<figure class=\"wp-block-image size-full\"><img loading=\"lazy\" decoding=\"async\" width=\"1726\" height=\"418\" src=\"https:\/\/o-seznam.cz\/napoveda\/prohlizece\/wp-content\/uploads\/sites\/17\/2025\/08\/safari-jmena-hesla-02.png\" alt=\"\" class=\"wp-image-1314\" srcset=\"https:\/\/o-seznam.cz\/napoveda\/prohlizece\/wp-content\/uploads\/sites\/17\/2025\/08\/safari-jmena-hesla-02.png 1726w, https:\/\/o-seznam.cz\/napoveda\/prohlizece\/wp-content\/uploads\/sites\/17\/2025\/08\/safari-jmena-hesla-02-992x240.png 992w, https:\/\/o-seznam.cz\/napoveda\/prohlizece\/wp-content\/uploads\/sites\/17\/2025\/08\/safari-jmena-hesla-02-320x77.png 320w, https:\/\/o-seznam.cz\/napoveda\/prohlizece\/wp-content\/uploads\/sites\/17\/2025\/08\/safari-jmena-hesla-02-768x186.png 768w, https:\/\/o-seznam.cz\/napoveda\/prohlizece\/wp-content\/uploads\/sites\/17\/2025\/08\/safari-jmena-hesla-02-1536x372.png 1536w\" sizes=\"auto, (max-width: 1726px) 100vw, 1726px\" \/><\/figure>\n<\/div>\n\n\n\n<div class=\"wp-block-group is-layout-constrained wp-block-group-is-layout-constrained\">\n<ul class=\"wp-block-list\">\n<li>M\u016f\u017eete b\u00fdt po\u017e\u00e1d\u00e1ni o zad\u00e1n\u00ed hesla k aktu\u00e1ln\u011b p\u0159ihl\u00e1\u0161en\u00e9mu u\u017eivateli v macOS&nbsp;(tj. heslo, kter\u00fdm se p\u0159ihla\u0161ujete po spu\u0161t\u011bn\u00ed po\u010d\u00edta\u010de).<\/li>\n<\/ul>\n\n\n\n<figure class=\"wp-block-image size-full\"><img loading=\"lazy\" decoding=\"async\" width=\"1774\" height=\"1022\" src=\"https:\/\/o-seznam.cz\/napoveda\/prohlizece\/wp-content\/uploads\/sites\/17\/2025\/08\/safari-jemna-hesla-lock-03.png\" alt=\"\" class=\"wp-image-1315\" srcset=\"https:\/\/o-seznam.cz\/napoveda\/prohlizece\/wp-content\/uploads\/sites\/17\/2025\/08\/safari-jemna-hesla-lock-03.png 1774w, https:\/\/o-seznam.cz\/napoveda\/prohlizece\/wp-content\/uploads\/sites\/17\/2025\/08\/safari-jemna-hesla-lock-03-992x571.png 992w, https:\/\/o-seznam.cz\/napoveda\/prohlizece\/wp-content\/uploads\/sites\/17\/2025\/08\/safari-jemna-hesla-lock-03-320x184.png 320w, https:\/\/o-seznam.cz\/napoveda\/prohlizece\/wp-content\/uploads\/sites\/17\/2025\/08\/safari-jemna-hesla-lock-03-768x442.png 768w, https:\/\/o-seznam.cz\/napoveda\/prohlizece\/wp-content\/uploads\/sites\/17\/2025\/08\/safari-jemna-hesla-lock-03-1536x885.png 1536w\" sizes=\"auto, (max-width: 1774px) 100vw, 1774px\" \/><\/figure>\n<\/div>\n\n\n\n<div class=\"wp-block-group is-layout-constrained wp-block-group-is-layout-constrained\">\n<ul class=\"wp-block-list\">\n<li>V seznamu ulo\u017een\u00fdch jmen a hesel ozna\u010dte \u0159\u00e1dek s informacemi, kter\u00e9 chcete odstranit, a klikn\u011bte na tla\u010d\u00edtko &#8222;<strong>Odstranit<\/strong>&#8222;.<\/li>\n<\/ul>\n\n\n\n<figure class=\"wp-block-image size-full\"><img loading=\"lazy\" decoding=\"async\" width=\"1327\" height=\"635\" src=\"https:\/\/o-seznam.cz\/napoveda\/prohlizece\/wp-content\/uploads\/sites\/17\/2025\/08\/safari-jmena-hesla-04.png\" alt=\"\" class=\"wp-image-1317\" srcset=\"https:\/\/o-seznam.cz\/napoveda\/prohlizece\/wp-content\/uploads\/sites\/17\/2025\/08\/safari-jmena-hesla-04.png 1327w, https:\/\/o-seznam.cz\/napoveda\/prohlizece\/wp-content\/uploads\/sites\/17\/2025\/08\/safari-jmena-hesla-04-992x475.png 992w, https:\/\/o-seznam.cz\/napoveda\/prohlizece\/wp-content\/uploads\/sites\/17\/2025\/08\/safari-jmena-hesla-04-320x153.png 320w, https:\/\/o-seznam.cz\/napoveda\/prohlizece\/wp-content\/uploads\/sites\/17\/2025\/08\/safari-jmena-hesla-04-768x368.png 768w\" sizes=\"auto, (max-width: 1327px) 100vw, 1327px\" \/><\/figure>\n<\/div>\n\n\n\n<div class=\"wp-block-group is-layout-constrained wp-block-group-is-layout-constrained\">\n<p>Dal\u0161\u00ed mo\u017enost\u00ed odstran\u011bn\u00ed automaticky vkl\u00e1dan\u00e9ho zapamatovan\u00e9ho textu je odstran\u011bn\u00ed \u00fadaj\u016f ulo\u017een\u00fdch v Adres\u00e1\u0159i a jin\u00fdch formul\u00e1\u0159\u00edch.<\/p>\n\n\n\n<ul class=\"wp-block-list\">\n<li>Toto provedete znovu v z\u00e1lo\u017ece &#8222;<strong>Vypl\u0148ov\u00e1n\u00ed<\/strong>&#8222;, v \u010d\u00e1sti &#8222;<strong>Vypl\u0148ov\u00e1n\u00ed formul\u00e1\u0159\u016f:<\/strong>&#8222;, kdy u polo\u017eek &#8222;<strong>Pou\u017e\u00edt \u00fadaje z m\u00fdch \u00fadaj\u016f<\/strong>&#8220; a &#8222;<strong>Jin\u00e9 formul\u00e1\u0159e<\/strong>&#8222;, klikn\u011bte na tla\u010d\u00edtka &#8222;<strong>Upravit<\/strong>&#8220; a necht\u011bn\u00e9 \u00fadaje odstran\u00edte.<\/li>\n<\/ul>\n\n\n\n<figure class=\"wp-block-image size-full\"><img loading=\"lazy\" decoding=\"async\" width=\"722\" height=\"558\" src=\"https:\/\/o-seznam.cz\/napoveda\/prohlizece\/wp-content\/uploads\/sites\/17\/2025\/08\/safari-jmena-hesla-05.png\" alt=\"\" class=\"wp-image-1316\" srcset=\"https:\/\/o-seznam.cz\/napoveda\/prohlizece\/wp-content\/uploads\/sites\/17\/2025\/08\/safari-jmena-hesla-05.png 722w, https:\/\/o-seznam.cz\/napoveda\/prohlizece\/wp-content\/uploads\/sites\/17\/2025\/08\/safari-jmena-hesla-05-320x247.png 320w\" sizes=\"auto, (max-width: 722px) 100vw, 722px\" \/><\/figure>\n<\/div>\n\n\n\n<div class=\"wp-block-group is-layout-constrained wp-block-group-is-layout-constrained\">\n<h2 class=\"wp-block-heading\"><br>Smaz\u00e1n\u00ed v\u0161ech ulo\u017een\u00fdch hesel ze Safari<\/h2>\n\n\n\n<p>Chcete-li najednou smazat ve\u0161ker\u00e1 ulo\u017een\u00e1 hesla tak, aby Safari \u017e\u00e1dn\u00e1 hesla p\u0159i p\u0159ihla\u0161ov\u00e1n\u00ed nevypl\u0148ovalo automaticky, je to mo\u017en\u00e9.<\/p>\n\n\n\n<ul class=\"wp-block-list\">\n<li>Postupujte dle n\u00e1vodu uveden\u00e9ho v\u00fd\u0161e na t\u00e9to str\u00e1nce.<\/li>\n\n\n\n<li>A\u017e se dostanete na <strong>okno se seznamem v\u0161ech ulo\u017een\u00fdch hesel<\/strong>, vyberte jedno heslo a hned pot\u00e9 stiskn\u011bte kl\u00e1vesovou zkratku <strong>Cmd\u2318 + A<\/strong>. Tato zkrazka vybere naprosto v\u0161echna hesla.<\/li>\n\n\n\n<li>Vybran\u00e1 hesla najednou sma\u017eete tla\u010d\u00edtkem <strong>Odstranit<\/strong>.<\/li>\n<\/ul>\n<\/div>\n","protected":false},"excerpt":{"rendered":"<p>Odstran\u011bn\u00ed automaticky vypl\u0148ovan\u00e9ho jm\u00e9na a hesla Automaticky vypl\u0148ovan\u00e9 jm\u00e9no a heslo v prohl\u00ed\u017ee\u010di Safari odstran\u00edte pomoc\u00ed n\u00e1sleduj\u00edc\u00edho postupu: Dal\u0161\u00ed mo\u017enost\u00ed odstran\u011bn\u00ed automaticky vkl\u00e1dan\u00e9ho zapamatovan\u00e9ho textu je odstran\u011bn\u00ed \u00fadaj\u016f ulo\u017een\u00fdch v Adres\u00e1\u0159i a jin\u00fdch formul\u00e1\u0159\u00edch. Smaz\u00e1n\u00ed v\u0161ech ulo\u017een\u00fdch hesel ze Safari Chcete-li najednou smazat ve\u0161ker\u00e1 ulo\u017een\u00e1 hesla tak, aby Safari \u017e\u00e1dn\u00e1 hesla p\u0159i p\u0159ihla\u0161ov\u00e1n\u00ed nevypl\u0148ovalo automaticky, [&hellip;]<\/p>\n","protected":false},"author":12,"featured_media":0,"parent":29,"menu_order":0,"comment_status":"closed","ping_status":"closed","template":"page-sidemenu","meta":{"_acf_changed":false,"_relevanssi_hide_post":"","_relevanssi_hide_content":"","_relevanssi_pin_for_all":"","_relevanssi_pin_keywords":"","_relevanssi_unpin_keywords":"","_relevanssi_related_keywords":"","_relevanssi_related_include_ids":"","_relevanssi_related_exclude_ids":"","_relevanssi_related_no_append":"","_relevanssi_related_not_related":"","_relevanssi_related_posts":"","_relevanssi_noindex_reason":"","footnotes":""},"page_category":[25],"page_tag":[],"service_status_category":[],"class_list":["post-157","page","type-page","status-publish","hentry"],"acf":[],"_links":{"self":[{"href":"https:\/\/o-seznam.cz\/napoveda\/prohlizece\/wp-json\/wp\/v2\/pages\/157","targetHints":{"allow":["GET"]}}],"collection":[{"href":"https:\/\/o-seznam.cz\/napoveda\/prohlizece\/wp-json\/wp\/v2\/pages"}],"about":[{"href":"https:\/\/o-seznam.cz\/napoveda\/prohlizece\/wp-json\/wp\/v2\/types\/page"}],"author":[{"embeddable":true,"href":"https:\/\/o-seznam.cz\/napoveda\/prohlizece\/wp-json\/wp\/v2\/users\/12"}],"replies":[{"embeddable":true,"href":"https:\/\/o-seznam.cz\/napoveda\/prohlizece\/wp-json\/wp\/v2\/comments?post=157"}],"version-history":[{"count":7,"href":"https:\/\/o-seznam.cz\/napoveda\/prohlizece\/wp-json\/wp\/v2\/pages\/157\/revisions"}],"predecessor-version":[{"id":1323,"href":"https:\/\/o-seznam.cz\/napoveda\/prohlizece\/wp-json\/wp\/v2\/pages\/157\/revisions\/1323"}],"up":[{"embeddable":true,"href":"https:\/\/o-seznam.cz\/napoveda\/prohlizece\/wp-json\/wp\/v2\/pages\/29"}],"wp:attachment":[{"href":"https:\/\/o-seznam.cz\/napoveda\/prohlizece\/wp-json\/wp\/v2\/media?parent=157"}],"wp:term":[{"taxonomy":"page_category","embeddable":true,"href":"https:\/\/o-seznam.cz\/napoveda\/prohlizece\/wp-json\/wp\/v2\/page_category?post=157"},{"taxonomy":"page_tag","embeddable":true,"href":"https:\/\/o-seznam.cz\/napoveda\/prohlizece\/wp-json\/wp\/v2\/page_tag?post=157"},{"taxonomy":"service_status_category","embeddable":true,"href":"https:\/\/o-seznam.cz\/napoveda\/prohlizece\/wp-json\/wp\/v2\/service_status_category?post=157"}],"curies":[{"name":"wp","href":"https:\/\/api.w.org\/{rel}","templated":true}]}}