{"id":155,"date":"2024-10-23T15:10:25","date_gmt":"2024-10-23T13:10:25","guid":{"rendered":"https:\/\/o-seznam.cz\/napoveda\/prohlizece\/?page_id=155"},"modified":"2025-08-15T14:18:43","modified_gmt":"2025-08-15T12:18:43","slug":"povoleni-cookies","status":"publish","type":"page","link":"https:\/\/o-seznam.cz\/napoveda\/prohlizece\/safari-pro-macos\/povoleni-cookies\/","title":{"rendered":"Povolen\u00ed soubor\u016f cookies"},"content":{"rendered":"\n<p>Pro zaji\u0161t\u011bn\u00ed spr\u00e1vn\u00e9 funk\u010dnosti slu\u017eeb je nutn\u00e9 m\u00edt nastaveno povolen\u00ed p\u0159ij\u00edm\u00e1n\u00ed soubor\u016f cookies. Nastaven\u00ed lze prov\u00e9st podle n\u00e1sleduj\u00edc\u00edch krok\u016f:<\/p>\n\n\n\n<ul class=\"wp-block-list\">\n<li>V horn\u00ed lev\u00e9 \u010d\u00e1sti menu prohl\u00ed\u017ee\u010de klikn\u011bte na &#8222;<strong>Safari<\/strong>&#8220; a zvolte &#8222;<strong>P\u0159edvolby&#8230;<\/strong>&#8222;.<\/li>\n<\/ul>\n\n\n\n<figure class=\"wp-block-image size-full\"><img loading=\"lazy\" decoding=\"async\" width=\"576\" height=\"463\" src=\"https:\/\/o-seznam.cz\/napoveda\/prohlizece\/wp-content\/uploads\/sites\/17\/2025\/08\/safari-predvolby-cookies-01.png\" alt=\"\" class=\"wp-image-1319\" srcset=\"https:\/\/o-seznam.cz\/napoveda\/prohlizece\/wp-content\/uploads\/sites\/17\/2025\/08\/safari-predvolby-cookies-01.png 576w, https:\/\/o-seznam.cz\/napoveda\/prohlizece\/wp-content\/uploads\/sites\/17\/2025\/08\/safari-predvolby-cookies-01-320x257.png 320w\" sizes=\"auto, (max-width: 576px) 100vw, 576px\" \/><\/figure>\n\n\n\n<ul class=\"wp-block-list\">\n<li>V \u010d\u00e1sti &#8222;<strong>Soukrom\u00ed<\/strong>&#8220; v \u010d\u00e1sti&nbsp;&#8222;<strong>Cookies a data str\u00e1nek<\/strong>&#8220; nesm\u00ed b\u00fdt zatr\u017eeno&nbsp;&#8222;<strong>Zablokovat v\u0161echny cookies<\/strong>&#8222;.<\/li>\n<\/ul>\n\n\n\n<figure class=\"wp-block-image size-full\"><img loading=\"lazy\" decoding=\"async\" width=\"1718\" height=\"1194\" src=\"https:\/\/o-seznam.cz\/napoveda\/prohlizece\/wp-content\/uploads\/sites\/17\/2025\/08\/safari-predvolby-cookies-02.png\" alt=\"\" class=\"wp-image-1320\" srcset=\"https:\/\/o-seznam.cz\/napoveda\/prohlizece\/wp-content\/uploads\/sites\/17\/2025\/08\/safari-predvolby-cookies-02.png 1718w, https:\/\/o-seznam.cz\/napoveda\/prohlizece\/wp-content\/uploads\/sites\/17\/2025\/08\/safari-predvolby-cookies-02-992x689.png 992w, https:\/\/o-seznam.cz\/napoveda\/prohlizece\/wp-content\/uploads\/sites\/17\/2025\/08\/safari-predvolby-cookies-02-320x222.png 320w, https:\/\/o-seznam.cz\/napoveda\/prohlizece\/wp-content\/uploads\/sites\/17\/2025\/08\/safari-predvolby-cookies-02-768x534.png 768w, https:\/\/o-seznam.cz\/napoveda\/prohlizece\/wp-content\/uploads\/sites\/17\/2025\/08\/safari-predvolby-cookies-02-1536x1068.png 1536w\" sizes=\"auto, (max-width: 1718px) 100vw, 1718px\" \/><\/figure>\n","protected":false},"excerpt":{"rendered":"<p>Pro zaji\u0161t\u011bn\u00ed spr\u00e1vn\u00e9 funk\u010dnosti slu\u017eeb je nutn\u00e9 m\u00edt nastaveno povolen\u00ed p\u0159ij\u00edm\u00e1n\u00ed soubor\u016f cookies. Nastaven\u00ed lze prov\u00e9st podle n\u00e1sleduj\u00edc\u00edch krok\u016f:<\/p>\n","protected":false},"author":12,"featured_media":0,"parent":29,"menu_order":0,"comment_status":"closed","ping_status":"closed","template":"page-sidemenu","meta":{"_acf_changed":false,"_relevanssi_hide_post":"","_relevanssi_hide_content":"","_relevanssi_pin_for_all":"","_relevanssi_pin_keywords":"","_relevanssi_unpin_keywords":"","_relevanssi_related_keywords":"","_relevanssi_related_include_ids":"","_relevanssi_related_exclude_ids":"","_relevanssi_related_no_append":"","_relevanssi_related_not_related":"","_relevanssi_related_posts":"","_relevanssi_noindex_reason":"","footnotes":""},"page_category":[25],"page_tag":[],"service_status_category":[],"class_list":["post-155","page","type-page","status-publish","hentry"],"acf":[],"_links":{"self":[{"href":"https:\/\/o-seznam.cz\/napoveda\/prohlizece\/wp-json\/wp\/v2\/pages\/155","targetHints":{"allow":["GET"]}}],"collection":[{"href":"https:\/\/o-seznam.cz\/napoveda\/prohlizece\/wp-json\/wp\/v2\/pages"}],"about":[{"href":"https:\/\/o-seznam.cz\/napoveda\/prohlizece\/wp-json\/wp\/v2\/types\/page"}],"author":[{"embeddable":true,"href":"https:\/\/o-seznam.cz\/napoveda\/prohlizece\/wp-json\/wp\/v2\/users\/12"}],"replies":[{"embeddable":true,"href":"https:\/\/o-seznam.cz\/napoveda\/prohlizece\/wp-json\/wp\/v2\/comments?post=155"}],"version-history":[{"count":8,"href":"https:\/\/o-seznam.cz\/napoveda\/prohlizece\/wp-json\/wp\/v2\/pages\/155\/revisions"}],"predecessor-version":[{"id":1321,"href":"https:\/\/o-seznam.cz\/napoveda\/prohlizece\/wp-json\/wp\/v2\/pages\/155\/revisions\/1321"}],"up":[{"embeddable":true,"href":"https:\/\/o-seznam.cz\/napoveda\/prohlizece\/wp-json\/wp\/v2\/pages\/29"}],"wp:attachment":[{"href":"https:\/\/o-seznam.cz\/napoveda\/prohlizece\/wp-json\/wp\/v2\/media?parent=155"}],"wp:term":[{"taxonomy":"page_category","embeddable":true,"href":"https:\/\/o-seznam.cz\/napoveda\/prohlizece\/wp-json\/wp\/v2\/page_category?post=155"},{"taxonomy":"page_tag","embeddable":true,"href":"https:\/\/o-seznam.cz\/napoveda\/prohlizece\/wp-json\/wp\/v2\/page_tag?post=155"},{"taxonomy":"service_status_category","embeddable":true,"href":"https:\/\/o-seznam.cz\/napoveda\/prohlizece\/wp-json\/wp\/v2\/service_status_category?post=155"}],"curies":[{"name":"wp","href":"https:\/\/api.w.org\/{rel}","templated":true}]}}