{"id":151,"date":"2024-10-23T15:07:13","date_gmt":"2024-10-23T13:07:13","guid":{"rendered":"https:\/\/o-seznam.cz\/napoveda\/prohlizece\/?page_id=151"},"modified":"2025-08-15T13:45:46","modified_gmt":"2025-08-15T11:45:46","slug":"smazani-cookies","status":"publish","type":"page","link":"https:\/\/o-seznam.cz\/napoveda\/prohlizece\/safari-pro-macos\/smazani-cookies\/","title":{"rendered":"Smaz\u00e1n\u00ed do\u010dasn\u00fdch soubor\u016f a cookies"},"content":{"rendered":"\n<p>Pokud se V\u00e1m nezobrazuj\u00ed internetov\u00e9 str\u00e1nky korektn\u011b, p\u0159\u00edpadn\u011b nefunguj\u00ed n\u011bjak\u00e9 funkce, doporu\u010dujeme smazat do\u010dasn\u00e9 soubory a soubory cookies v prohl\u00ed\u017ee\u010di Safari pomoc\u00ed n\u00e1sleduj\u00edc\u00edho postupu:<\/p>\n\n\n\n<div class=\"wp-block-group is-layout-constrained wp-block-group-is-layout-constrained\">\n<ul class=\"wp-block-list\">\n<li>V horn\u00ed lev\u00e9 \u010d\u00e1sti menu prohl\u00ed\u017ee\u010de klikn\u011bte na &#8222;<strong>Safari<\/strong>&#8220; a zvolte &#8222;<strong>P\u0159edvolby&#8230;<\/strong>&#8222;.<\/li>\n<\/ul>\n\n\n\n<figure class=\"wp-block-image size-full\"><img loading=\"lazy\" decoding=\"async\" width=\"539\" height=\"481\" src=\"https:\/\/o-seznam.cz\/napoveda\/prohlizece\/wp-content\/uploads\/sites\/17\/2025\/08\/01-v-horni-leve-casti-menu-prohlizece-kliknete-na-safari-a-zvolte-predvolby.png\" alt=\"\" class=\"wp-image-1292\" srcset=\"https:\/\/o-seznam.cz\/napoveda\/prohlizece\/wp-content\/uploads\/sites\/17\/2025\/08\/01-v-horni-leve-casti-menu-prohlizece-kliknete-na-safari-a-zvolte-predvolby.png 539w, https:\/\/o-seznam.cz\/napoveda\/prohlizece\/wp-content\/uploads\/sites\/17\/2025\/08\/01-v-horni-leve-casti-menu-prohlizece-kliknete-na-safari-a-zvolte-predvolby-320x286.png 320w\" sizes=\"auto, (max-width: 539px) 100vw, 539px\" \/><\/figure>\n<\/div>\n\n\n\n<div class=\"wp-block-group is-layout-constrained wp-block-group-is-layout-constrained\">\n<ul class=\"wp-block-list\">\n<li>V \u010d\u00e1sti &#8222;<strong>Soukrom\u00ed<\/strong>&#8220; klikn\u011bte na tla\u010d\u00edtko &#8222;<strong>Spravovat data na str\u00e1nk\u00e1ch&#8230;<\/strong>&#8222;<\/li>\n<\/ul>\n\n\n\n<figure class=\"wp-block-image size-full\"><img loading=\"lazy\" decoding=\"async\" width=\"1720\" height=\"656\" src=\"https:\/\/o-seznam.cz\/napoveda\/prohlizece\/wp-content\/uploads\/sites\/17\/2025\/08\/02-v-casti-soukromi-kliknete-na-tlacitko-spravovat-data-na-strankach.png\" alt=\"\" class=\"wp-image-1293\" srcset=\"https:\/\/o-seznam.cz\/napoveda\/prohlizece\/wp-content\/uploads\/sites\/17\/2025\/08\/02-v-casti-soukromi-kliknete-na-tlacitko-spravovat-data-na-strankach.png 1720w, https:\/\/o-seznam.cz\/napoveda\/prohlizece\/wp-content\/uploads\/sites\/17\/2025\/08\/02-v-casti-soukromi-kliknete-na-tlacitko-spravovat-data-na-strankach-992x378.png 992w, https:\/\/o-seznam.cz\/napoveda\/prohlizece\/wp-content\/uploads\/sites\/17\/2025\/08\/02-v-casti-soukromi-kliknete-na-tlacitko-spravovat-data-na-strankach-320x122.png 320w, https:\/\/o-seznam.cz\/napoveda\/prohlizece\/wp-content\/uploads\/sites\/17\/2025\/08\/02-v-casti-soukromi-kliknete-na-tlacitko-spravovat-data-na-strankach-768x293.png 768w, https:\/\/o-seznam.cz\/napoveda\/prohlizece\/wp-content\/uploads\/sites\/17\/2025\/08\/02-v-casti-soukromi-kliknete-na-tlacitko-spravovat-data-na-strankach-1536x586.png 1536w\" sizes=\"auto, (max-width: 1720px) 100vw, 1720px\" \/><\/figure>\n<\/div>\n\n\n\n<div class=\"wp-block-group is-layout-constrained wp-block-group-is-layout-constrained\">\n<ul class=\"wp-block-list\">\n<li>Zobraz\u00ed se seznam ulo\u017een\u00fdch dat str\u00e1nek. V n\u011bm klikn\u011bte na tla\u010d\u00edtko &#8222;<strong>Odstranit v\u0161e<\/strong>&#8222;.<\/li>\n<\/ul>\n\n\n\n<figure class=\"wp-block-image size-full\"><img loading=\"lazy\" decoding=\"async\" width=\"1222\" height=\"810\" src=\"https:\/\/o-seznam.cz\/napoveda\/prohlizece\/wp-content\/uploads\/sites\/17\/2025\/08\/03-zobrazi-se-seznam-ulozenych-dat-stranek-v-nem-kliknete-na-tlacitko-odstranit-vse.png\" alt=\"\" class=\"wp-image-1295\" srcset=\"https:\/\/o-seznam.cz\/napoveda\/prohlizece\/wp-content\/uploads\/sites\/17\/2025\/08\/03-zobrazi-se-seznam-ulozenych-dat-stranek-v-nem-kliknete-na-tlacitko-odstranit-vse.png 1222w, https:\/\/o-seznam.cz\/napoveda\/prohlizece\/wp-content\/uploads\/sites\/17\/2025\/08\/03-zobrazi-se-seznam-ulozenych-dat-stranek-v-nem-kliknete-na-tlacitko-odstranit-vse-992x658.png 992w, https:\/\/o-seznam.cz\/napoveda\/prohlizece\/wp-content\/uploads\/sites\/17\/2025\/08\/03-zobrazi-se-seznam-ulozenych-dat-stranek-v-nem-kliknete-na-tlacitko-odstranit-vse-320x212.png 320w, https:\/\/o-seznam.cz\/napoveda\/prohlizece\/wp-content\/uploads\/sites\/17\/2025\/08\/03-zobrazi-se-seznam-ulozenych-dat-stranek-v-nem-kliknete-na-tlacitko-odstranit-vse-768x509.png 768w\" sizes=\"auto, (max-width: 1222px) 100vw, 1222px\" \/><\/figure>\n<\/div>\n\n\n\n<div class=\"wp-block-group is-layout-constrained wp-block-group-is-layout-constrained\">\n<ul class=\"wp-block-list\">\n<li>V zobrazen\u00e9m dotazu potvr\u010fte smaz\u00e1n\u00ed dat tla\u010d\u00edtkem &#8222;<strong>Odstranit<\/strong>&#8222;.<\/li>\n<\/ul>\n\n\n\n<figure class=\"wp-block-image size-full\"><img loading=\"lazy\" decoding=\"async\" width=\"532\" height=\"448\" src=\"https:\/\/o-seznam.cz\/napoveda\/prohlizece\/wp-content\/uploads\/sites\/17\/2025\/08\/04-v-zobrazenem-dotazu-potvrdte-smazani-dat-tlacitkem-odstranit.png\" alt=\"\" class=\"wp-image-1296\" srcset=\"https:\/\/o-seznam.cz\/napoveda\/prohlizece\/wp-content\/uploads\/sites\/17\/2025\/08\/04-v-zobrazenem-dotazu-potvrdte-smazani-dat-tlacitkem-odstranit.png 532w, https:\/\/o-seznam.cz\/napoveda\/prohlizece\/wp-content\/uploads\/sites\/17\/2025\/08\/04-v-zobrazenem-dotazu-potvrdte-smazani-dat-tlacitkem-odstranit-320x269.png 320w\" sizes=\"auto, (max-width: 532px) 100vw, 532px\" \/><\/figure>\n<\/div>\n","protected":false},"excerpt":{"rendered":"<p>Pokud se V\u00e1m nezobrazuj\u00ed internetov\u00e9 str\u00e1nky korektn\u011b, p\u0159\u00edpadn\u011b nefunguj\u00ed n\u011bjak\u00e9 funkce, doporu\u010dujeme smazat do\u010dasn\u00e9 soubory a soubory cookies v prohl\u00ed\u017ee\u010di Safari pomoc\u00ed n\u00e1sleduj\u00edc\u00edho postupu:<\/p>\n","protected":false},"author":12,"featured_media":0,"parent":29,"menu_order":0,"comment_status":"closed","ping_status":"closed","template":"page-sidemenu","meta":{"_acf_changed":false,"_relevanssi_hide_post":"","_relevanssi_hide_content":"","_relevanssi_pin_for_all":"","_relevanssi_pin_keywords":"","_relevanssi_unpin_keywords":"","_relevanssi_related_keywords":"","_relevanssi_related_include_ids":"","_relevanssi_related_exclude_ids":"","_relevanssi_related_no_append":"","_relevanssi_related_not_related":"","_relevanssi_related_posts":"","_relevanssi_noindex_reason":"","footnotes":""},"page_category":[25],"page_tag":[],"service_status_category":[],"class_list":["post-151","page","type-page","status-publish","hentry"],"acf":[],"_links":{"self":[{"href":"https:\/\/o-seznam.cz\/napoveda\/prohlizece\/wp-json\/wp\/v2\/pages\/151","targetHints":{"allow":["GET"]}}],"collection":[{"href":"https:\/\/o-seznam.cz\/napoveda\/prohlizece\/wp-json\/wp\/v2\/pages"}],"about":[{"href":"https:\/\/o-seznam.cz\/napoveda\/prohlizece\/wp-json\/wp\/v2\/types\/page"}],"author":[{"embeddable":true,"href":"https:\/\/o-seznam.cz\/napoveda\/prohlizece\/wp-json\/wp\/v2\/users\/12"}],"replies":[{"embeddable":true,"href":"https:\/\/o-seznam.cz\/napoveda\/prohlizece\/wp-json\/wp\/v2\/comments?post=151"}],"version-history":[{"count":9,"href":"https:\/\/o-seznam.cz\/napoveda\/prohlizece\/wp-json\/wp\/v2\/pages\/151\/revisions"}],"predecessor-version":[{"id":1302,"href":"https:\/\/o-seznam.cz\/napoveda\/prohlizece\/wp-json\/wp\/v2\/pages\/151\/revisions\/1302"}],"up":[{"embeddable":true,"href":"https:\/\/o-seznam.cz\/napoveda\/prohlizece\/wp-json\/wp\/v2\/pages\/29"}],"wp:attachment":[{"href":"https:\/\/o-seznam.cz\/napoveda\/prohlizece\/wp-json\/wp\/v2\/media?parent=151"}],"wp:term":[{"taxonomy":"page_category","embeddable":true,"href":"https:\/\/o-seznam.cz\/napoveda\/prohlizece\/wp-json\/wp\/v2\/page_category?post=151"},{"taxonomy":"page_tag","embeddable":true,"href":"https:\/\/o-seznam.cz\/napoveda\/prohlizece\/wp-json\/wp\/v2\/page_tag?post=151"},{"taxonomy":"service_status_category","embeddable":true,"href":"https:\/\/o-seznam.cz\/napoveda\/prohlizece\/wp-json\/wp\/v2\/service_status_category?post=151"}],"curies":[{"name":"wp","href":"https:\/\/api.w.org\/{rel}","templated":true}]}}