{"id":147,"date":"2024-10-23T15:02:16","date_gmt":"2024-10-23T13:02:16","guid":{"rendered":"https:\/\/o-seznam.cz\/napoveda\/prohlizece\/?page_id=147"},"modified":"2024-11-25T15:51:29","modified_gmt":"2024-11-25T14:51:29","slug":"anonymni-prohlizeni","status":"publish","type":"page","link":"https:\/\/o-seznam.cz\/napoveda\/prohlizece\/opera\/anonymni-prohlizeni\/","title":{"rendered":"Anonymn\u00ed prohlizeni"},"content":{"rendered":"\n<div class=\"wp-block-group is-layout-constrained wp-block-group-is-layout-constrained\">\n<p>Funkci anonymn\u00edho prohl\u00ed\u017een\u00ed neboli &#8222;<strong>Soukrom\u00e9 okno<\/strong>&#8220; m\u016f\u017eete v prohl\u00ed\u017ee\u010di Opera aktivovat t\u00edmto zp\u016fsobem:&nbsp;<\/p>\n\n\n<div class=\"mediaText is-position-left is-orientation-landscape\">\n\t\n\t<div class=\"mediaText__media\">\n\t\t<img loading=\"lazy\" decoding=\"async\" width=\"310\" height=\"217\" src=\"https:\/\/o-seznam.cz\/napoveda\/prohlizece\/wp-content\/uploads\/sites\/17\/2024\/10\/opera-anonymni-okno1.png\" class=\"border border-neutral-20 border-solid\" alt=\"\" \/>\t<\/div>\n\n\t<div class=\"mediaText__content is-layout-flow\">\n\n<div class=\"wp-block-group is-layout-constrained wp-container-core-group-is-layout-beff7c7e wp-block-group-is-layout-constrained\">\n<ol class=\"wp-block-list is-style-circle\">\n<li>v lev\u00e9 horn\u00ed \u010d\u00e1sti prohl\u00ed\u017ee\u010de klikn\u011bte na tla\u010d\u00edtko <img loading=\"lazy\" decoding=\"async\" width=\"46\" height=\"39\" class=\"inline-image wp-image-353\" src=\"https:\/\/o-seznam.cz\/napoveda\/prohlizece\/wp-content\/uploads\/sites\/17\/2024\/10\/opera-logo.png\" alt=\"\"> a pot\u00e9 zvolte &#8222;<strong>Nov\u00e9 soukrom\u00e9 okno<\/strong>&#8222;.<\/li>\n<\/ol>\n<\/div>\n\n<\/div>\t\n<\/div>\n\n\n<div class=\"mediaText is-position-right is-orientation-landscape\">\n\t\n\t<div class=\"mediaText__media\">\n\t\t<img loading=\"lazy\" decoding=\"async\" width=\"1915\" height=\"1022\" src=\"https:\/\/o-seznam.cz\/napoveda\/prohlizece\/wp-content\/uploads\/sites\/17\/2024\/10\/opera-anonymni-okno2.png\" class=\"border border-neutral-20 border-solid\" alt=\"\" srcset=\"https:\/\/o-seznam.cz\/napoveda\/prohlizece\/wp-content\/uploads\/sites\/17\/2024\/10\/opera-anonymni-okno2.png 1915w, https:\/\/o-seznam.cz\/napoveda\/prohlizece\/wp-content\/uploads\/sites\/17\/2024\/10\/opera-anonymni-okno2-992x529.png 992w, https:\/\/o-seznam.cz\/napoveda\/prohlizece\/wp-content\/uploads\/sites\/17\/2024\/10\/opera-anonymni-okno2-320x171.png 320w, https:\/\/o-seznam.cz\/napoveda\/prohlizece\/wp-content\/uploads\/sites\/17\/2024\/10\/opera-anonymni-okno2-768x410.png 768w, https:\/\/o-seznam.cz\/napoveda\/prohlizece\/wp-content\/uploads\/sites\/17\/2024\/10\/opera-anonymni-okno2-1536x820.png 1536w\" sizes=\"auto, (max-width: 1915px) 100vw, 1915px\" \/>\t<\/div>\n\n\t<div class=\"mediaText__content is-layout-flow\">\n\n<div class=\"wp-block-group is-layout-constrained wp-container-core-group-is-layout-beff7c7e wp-block-group-is-layout-constrained\">\n<ol start=\"2\" class=\"wp-block-list is-style-circle\">\n<li>Ve stejn\u00e9m okn\u011b prohl\u00ed\u017ee\u010de se otev\u0159e nov\u00fd list ji\u017e v anonymn\u00edm re\u017eimu a s vysv\u011btluj\u00edc\u00edmi popisky.<\/li>\n\n\n\n<li>Re\u017eim anonymn\u00edho prohl\u00ed\u017een\u00ed ukon\u010d\u00edte zav\u0159en\u00edm Soukrom\u00e9ho okna.<\/li>\n<\/ol>\n<\/div>\n\n<\/div>\t\n<\/div>\n\n\n\n<p>V anonymn\u00edm re\u017eimu je mo\u017en\u00e9 m\u00edt spu\u0161t\u011bno pouze jedno okno prohl\u00ed\u017ee\u010de. V jednu chv\u00edli tedy m\u016f\u017eete b\u00fdt p\u0159ihl\u00e1\u0161en\u00ed v jednom prohl\u00ed\u017ee\u010di pouze ke dv\u011b r\u016fzn\u00fdm \u00fa\u010dt\u016fm na Seznamu.<\/p>\n\n\n\n<p><em>Ukon\u010den\u00edm anonymn\u00edho re\u017eimu prohl\u00ed\u017een\u00ed se ve\u0161ker\u00e9 do\u010dasn\u011b zapamatovan\u00e9 informace o p\u0159ihl\u00e1\u0161en\u00ed odstran\u00ed. Z tohoto d\u016fvodu nen\u00ed mo\u017en\u00e9 vyu\u017e\u00edt p\u0159i anonymn\u00edm prohl\u00ed\u017een\u00ed nap\u0159. funkci trval\u00e9ho p\u0159ihl\u00e1\u0161en\u00ed ke schr\u00e1nce!<\/em><\/p>\n<\/div>\n","protected":false},"excerpt":{"rendered":"<p>Funkci anonymn\u00edho prohl\u00ed\u017een\u00ed neboli &#8222;Soukrom\u00e9 okno&#8220; m\u016f\u017eete v prohl\u00ed\u017ee\u010di Opera aktivovat t\u00edmto zp\u016fsobem:&nbsp; V anonymn\u00edm re\u017eimu je mo\u017en\u00e9 m\u00edt spu\u0161t\u011bno pouze jedno okno prohl\u00ed\u017ee\u010de. V jednu chv\u00edli tedy m\u016f\u017eete b\u00fdt p\u0159ihl\u00e1\u0161en\u00ed v jednom prohl\u00ed\u017ee\u010di pouze ke dv\u011b r\u016fzn\u00fdm \u00fa\u010dt\u016fm na Seznamu. Ukon\u010den\u00edm anonymn\u00edho re\u017eimu prohl\u00ed\u017een\u00ed se ve\u0161ker\u00e9 do\u010dasn\u011b zapamatovan\u00e9 informace o p\u0159ihl\u00e1\u0161en\u00ed odstran\u00ed. Z tohoto [&hellip;]<\/p>\n","protected":false},"author":12,"featured_media":0,"parent":23,"menu_order":0,"comment_status":"closed","ping_status":"closed","template":"page-sidemenu","meta":{"_acf_changed":false,"_relevanssi_hide_post":"","_relevanssi_hide_content":"","_relevanssi_pin_for_all":"","_relevanssi_pin_keywords":"","_relevanssi_unpin_keywords":"","_relevanssi_related_keywords":"","_relevanssi_related_include_ids":"","_relevanssi_related_exclude_ids":"","_relevanssi_related_no_append":"","_relevanssi_related_not_related":"","_relevanssi_related_posts":"","_relevanssi_noindex_reason":"","footnotes":""},"page_category":[23],"page_tag":[],"service_status_category":[],"class_list":["post-147","page","type-page","status-publish","hentry"],"acf":[],"_links":{"self":[{"href":"https:\/\/o-seznam.cz\/napoveda\/prohlizece\/wp-json\/wp\/v2\/pages\/147","targetHints":{"allow":["GET"]}}],"collection":[{"href":"https:\/\/o-seznam.cz\/napoveda\/prohlizece\/wp-json\/wp\/v2\/pages"}],"about":[{"href":"https:\/\/o-seznam.cz\/napoveda\/prohlizece\/wp-json\/wp\/v2\/types\/page"}],"author":[{"embeddable":true,"href":"https:\/\/o-seznam.cz\/napoveda\/prohlizece\/wp-json\/wp\/v2\/users\/12"}],"replies":[{"embeddable":true,"href":"https:\/\/o-seznam.cz\/napoveda\/prohlizece\/wp-json\/wp\/v2\/comments?post=147"}],"version-history":[{"count":5,"href":"https:\/\/o-seznam.cz\/napoveda\/prohlizece\/wp-json\/wp\/v2\/pages\/147\/revisions"}],"predecessor-version":[{"id":978,"href":"https:\/\/o-seznam.cz\/napoveda\/prohlizece\/wp-json\/wp\/v2\/pages\/147\/revisions\/978"}],"up":[{"embeddable":true,"href":"https:\/\/o-seznam.cz\/napoveda\/prohlizece\/wp-json\/wp\/v2\/pages\/23"}],"wp:attachment":[{"href":"https:\/\/o-seznam.cz\/napoveda\/prohlizece\/wp-json\/wp\/v2\/media?parent=147"}],"wp:term":[{"taxonomy":"page_category","embeddable":true,"href":"https:\/\/o-seznam.cz\/napoveda\/prohlizece\/wp-json\/wp\/v2\/page_category?post=147"},{"taxonomy":"page_tag","embeddable":true,"href":"https:\/\/o-seznam.cz\/napoveda\/prohlizece\/wp-json\/wp\/v2\/page_tag?post=147"},{"taxonomy":"service_status_category","embeddable":true,"href":"https:\/\/o-seznam.cz\/napoveda\/prohlizece\/wp-json\/wp\/v2\/service_status_category?post=147"}],"curies":[{"name":"wp","href":"https:\/\/api.w.org\/{rel}","templated":true}]}}