{"id":145,"date":"2024-10-23T15:00:47","date_gmt":"2024-10-23T13:00:47","guid":{"rendered":"https:\/\/o-seznam.cz\/napoveda\/prohlizece\/?page_id=145"},"modified":"2025-03-20T12:36:29","modified_gmt":"2025-03-20T11:36:29","slug":"obnoveni-vychoziho-nastaveni","status":"publish","type":"page","link":"https:\/\/o-seznam.cz\/napoveda\/prohlizece\/opera\/obnoveni-vychoziho-nastaveni\/","title":{"rendered":"Obnoven\u00ed v\u00fdchoz\u00edho nastaven\u00ed"},"content":{"rendered":"\n<div class=\"wp-block-group is-layout-constrained wp-block-group-is-layout-constrained\">\n<p>Vr\u00e1tit prohl\u00ed\u017ee\u010d Opera do p\u016fvodn\u00edho nastaven\u00ed m\u016f\u017eete podle n\u00e1sleduj\u00edc\u00edho postupu:<\/p>\n\n\n<div class=\"mediaText is-position-left is-orientation-portrait\">\n\t\n\t<div class=\"mediaText__media\">\n\t\t<img loading=\"lazy\" decoding=\"async\" width=\"312\" height=\"941\" src=\"https:\/\/o-seznam.cz\/napoveda\/prohlizece\/wp-content\/uploads\/sites\/17\/2024\/10\/opera-reset-nastaveni1.png\" class=\"border border-neutral-20 border-solid\" alt=\"\" srcset=\"https:\/\/o-seznam.cz\/napoveda\/prohlizece\/wp-content\/uploads\/sites\/17\/2024\/10\/opera-reset-nastaveni1.png 312w, https:\/\/o-seznam.cz\/napoveda\/prohlizece\/wp-content\/uploads\/sites\/17\/2024\/10\/opera-reset-nastaveni1-106x320.png 106w\" sizes=\"auto, (max-width: 312px) 100vw, 312px\" \/>\t<\/div>\n\n\t<div class=\"mediaText__content is-layout-flow\">\n\n<div class=\"wp-block-group is-layout-constrained wp-container-core-group-is-layout-beff7c7e wp-block-group-is-layout-constrained\">\n<ol class=\"wp-block-list is-style-circle\">\n<li>V lev\u00e9 horn\u00ed \u010d\u00e1sti prohl\u00ed\u017ee\u010de klikn\u011bte na tla\u010d\u00edtko <img loading=\"lazy\" decoding=\"async\" width=\"46\" height=\"39\" class=\"inline-image wp-image-353\" src=\"https:\/\/o-seznam.cz\/napoveda\/prohlizece\/wp-content\/uploads\/sites\/17\/2024\/10\/opera-logo.png\" alt=\"\">&nbsp;a n\u00e1sledn\u011b na polo\u017eku&nbsp;&#8222;<strong>Nastaven\u00ed<\/strong>&#8222;.<\/li>\n<\/ol>\n<\/div>\n\n<\/div>\t\n<\/div>\n\n\n<div class=\"mediaText is-position-right is-orientation-landscape\">\n\t\n\t<div class=\"mediaText__media\">\n\t\t<img loading=\"lazy\" decoding=\"async\" width=\"878\" height=\"126\" src=\"https:\/\/o-seznam.cz\/napoveda\/prohlizece\/wp-content\/uploads\/sites\/17\/2024\/10\/opera-reset-nastaveni3.png\" class=\"border border-neutral-20 border-solid\" alt=\"\" srcset=\"https:\/\/o-seznam.cz\/napoveda\/prohlizece\/wp-content\/uploads\/sites\/17\/2024\/10\/opera-reset-nastaveni3.png 878w, https:\/\/o-seznam.cz\/napoveda\/prohlizece\/wp-content\/uploads\/sites\/17\/2024\/10\/opera-reset-nastaveni3-320x46.png 320w, https:\/\/o-seznam.cz\/napoveda\/prohlizece\/wp-content\/uploads\/sites\/17\/2024\/10\/opera-reset-nastaveni3-768x110.png 768w\" sizes=\"auto, (max-width: 878px) 100vw, 878px\" \/>\t<\/div>\n\n\t<div class=\"mediaText__content is-layout-flow\">\n\n<div class=\"wp-block-group is-layout-constrained wp-container-core-group-is-layout-beff7c7e wp-block-group-is-layout-constrained\">\n<ol start=\"2\" class=\"wp-block-list is-style-circle\">\n<li>V lev\u00e9m menu Klikn\u011bte na <strong>Prohl\u00ed\u017ee\u010d<\/strong><\/li>\n\n\n\n<li>V nab\u00eddce mo\u017enost\u00ed je na konci str\u00e1nky v \u010d\u00e1sti <strong>Resetovat nastaven\u00ed<\/strong> volba <strong>Obnovit nastaven\u00ed na p\u016fvodn\u00ed v\u00fdchoz\u00ed hodnoty<\/strong>..<\/li>\n<\/ol>\n<\/div>\n\n<\/div>\t\n<\/div>\n\n\n<div class=\"mediaText is-position-left is-orientation-landscape\">\n\t\n\t<div class=\"mediaText__media\">\n\t\t<img loading=\"lazy\" decoding=\"async\" width=\"635\" height=\"216\" src=\"https:\/\/o-seznam.cz\/napoveda\/prohlizece\/wp-content\/uploads\/sites\/17\/2024\/10\/opera-reset-nastaveni4.png\" class=\"border border-neutral-20 border-solid\" alt=\"\" srcset=\"https:\/\/o-seznam.cz\/napoveda\/prohlizece\/wp-content\/uploads\/sites\/17\/2024\/10\/opera-reset-nastaveni4.png 635w, https:\/\/o-seznam.cz\/napoveda\/prohlizece\/wp-content\/uploads\/sites\/17\/2024\/10\/opera-reset-nastaveni4-320x109.png 320w\" sizes=\"auto, (max-width: 635px) 100vw, 635px\" \/>\t<\/div>\n\n\t<div class=\"mediaText__content is-layout-flow\">\n\n<div class=\"wp-block-group is-layout-constrained wp-container-core-group-is-layout-beff7c7e wp-block-group-is-layout-constrained\">\n<ol start=\"4\" class=\"wp-block-list is-style-circle\">\n<li>V zobrazen\u00e9m dialogu potvr\u0165e kliknut\u00edm na tla\u010d\u00edtko&nbsp;&#8222;<strong>Resetovat<\/strong>&#8222;.<\/li>\n<\/ol>\n<\/div>\n\n<\/div>\t\n<\/div>\n<\/div>\n","protected":false},"excerpt":{"rendered":"<p>Vr\u00e1tit prohl\u00ed\u017ee\u010d Opera do p\u016fvodn\u00edho nastaven\u00ed m\u016f\u017eete podle n\u00e1sleduj\u00edc\u00edho postupu:<\/p>\n","protected":false},"author":12,"featured_media":0,"parent":23,"menu_order":0,"comment_status":"closed","ping_status":"closed","template":"page-sidemenu","meta":{"_acf_changed":false,"_relevanssi_hide_post":"","_relevanssi_hide_content":"","_relevanssi_pin_for_all":"","_relevanssi_pin_keywords":"","_relevanssi_unpin_keywords":"","_relevanssi_related_keywords":"","_relevanssi_related_include_ids":"","_relevanssi_related_exclude_ids":"","_relevanssi_related_no_append":"","_relevanssi_related_not_related":"","_relevanssi_related_posts":"","_relevanssi_noindex_reason":"","footnotes":""},"page_category":[23],"page_tag":[],"service_status_category":[],"class_list":["post-145","page","type-page","status-publish","hentry"],"acf":[],"_links":{"self":[{"href":"https:\/\/o-seznam.cz\/napoveda\/prohlizece\/wp-json\/wp\/v2\/pages\/145","targetHints":{"allow":["GET"]}}],"collection":[{"href":"https:\/\/o-seznam.cz\/napoveda\/prohlizece\/wp-json\/wp\/v2\/pages"}],"about":[{"href":"https:\/\/o-seznam.cz\/napoveda\/prohlizece\/wp-json\/wp\/v2\/types\/page"}],"author":[{"embeddable":true,"href":"https:\/\/o-seznam.cz\/napoveda\/prohlizece\/wp-json\/wp\/v2\/users\/12"}],"replies":[{"embeddable":true,"href":"https:\/\/o-seznam.cz\/napoveda\/prohlizece\/wp-json\/wp\/v2\/comments?post=145"}],"version-history":[{"count":7,"href":"https:\/\/o-seznam.cz\/napoveda\/prohlizece\/wp-json\/wp\/v2\/pages\/145\/revisions"}],"predecessor-version":[{"id":1188,"href":"https:\/\/o-seznam.cz\/napoveda\/prohlizece\/wp-json\/wp\/v2\/pages\/145\/revisions\/1188"}],"up":[{"embeddable":true,"href":"https:\/\/o-seznam.cz\/napoveda\/prohlizece\/wp-json\/wp\/v2\/pages\/23"}],"wp:attachment":[{"href":"https:\/\/o-seznam.cz\/napoveda\/prohlizece\/wp-json\/wp\/v2\/media?parent=145"}],"wp:term":[{"taxonomy":"page_category","embeddable":true,"href":"https:\/\/o-seznam.cz\/napoveda\/prohlizece\/wp-json\/wp\/v2\/page_category?post=145"},{"taxonomy":"page_tag","embeddable":true,"href":"https:\/\/o-seznam.cz\/napoveda\/prohlizece\/wp-json\/wp\/v2\/page_tag?post=145"},{"taxonomy":"service_status_category","embeddable":true,"href":"https:\/\/o-seznam.cz\/napoveda\/prohlizece\/wp-json\/wp\/v2\/service_status_category?post=145"}],"curies":[{"name":"wp","href":"https:\/\/api.w.org\/{rel}","templated":true}]}}