{"id":143,"date":"2024-10-23T14:59:08","date_gmt":"2024-10-23T12:59:08","guid":{"rendered":"https:\/\/o-seznam.cz\/napoveda\/prohlizece\/?page_id=143"},"modified":"2024-12-15T22:55:16","modified_gmt":"2024-12-15T21:55:16","slug":"jak-odstranit-doplnky","status":"publish","type":"page","link":"https:\/\/o-seznam.cz\/napoveda\/prohlizece\/opera\/jak-odstranit-doplnky\/","title":{"rendered":"Jak odstranit dopl\u0148ky"},"content":{"rendered":"\n<div class=\"wp-block-group is-layout-constrained wp-block-group-is-layout-constrained\">\n<p>Nastaven\u00ed jednotliv\u00fdch roz\u0161\u00ed\u0159en\u00ed (dopl\u0148k\u016f) v prohl\u00ed\u017ee\u010di Opera provedete podle n\u00e1sleduj\u00edc\u00ed postup\u016f:<br><\/p>\n\n\n<div class=\"mediaText is-position-left is-orientation-portrait\">\n\t\n\t<div class=\"mediaText__media\">\n\t\t<img loading=\"lazy\" decoding=\"async\" width=\"548\" height=\"667\" src=\"https:\/\/o-seznam.cz\/napoveda\/prohlizece\/wp-content\/uploads\/sites\/17\/2024\/10\/opera-rozsireni1.png\" class=\"border border-neutral-20 border-solid\" alt=\"\" srcset=\"https:\/\/o-seznam.cz\/napoveda\/prohlizece\/wp-content\/uploads\/sites\/17\/2024\/10\/opera-rozsireni1.png 548w, https:\/\/o-seznam.cz\/napoveda\/prohlizece\/wp-content\/uploads\/sites\/17\/2024\/10\/opera-rozsireni1-263x320.png 263w\" sizes=\"auto, (max-width: 548px) 100vw, 548px\" \/>\t<\/div>\n\n\t<div class=\"mediaText__content is-layout-flow\">\n\n<div class=\"wp-block-group is-layout-constrained wp-container-core-group-is-layout-beff7c7e wp-block-group-is-layout-constrained\">\n<ol class=\"wp-block-list is-style-circle\">\n<li>V horn\u00ed \u010d\u00e1sti obrazovky klikn\u011bte tla\u010d\u00edtko <img loading=\"lazy\" decoding=\"async\" width=\"46\" height=\"39\" class=\"inline-image wp-image-353\" src=\"https:\/\/o-seznam.cz\/napoveda\/prohlizece\/wp-content\/uploads\/sites\/17\/2024\/10\/opera-logo.png\" alt=\"\"> a zvolte &#8222;<strong>Roz\u0161\u00ed\u0159en\u00ed<\/strong>&#8220; a znovu &#8222;<strong>Roz\u0161\u00ed\u0159en\u00ed<\/strong>&#8222;.<\/li>\n<\/ol>\n<\/div>\n\n<\/div>\t\n<\/div>\n\n\n<div class=\"mediaText is-position-right is-orientation-landscape\">\n\t\n\t<div class=\"mediaText__media\">\n\t\t<img loading=\"lazy\" decoding=\"async\" width=\"1353\" height=\"1001\" src=\"https:\/\/o-seznam.cz\/napoveda\/prohlizece\/wp-content\/uploads\/sites\/17\/2024\/10\/opera-rozsireni2.png\" class=\"border border-neutral-20 border-solid\" alt=\"\" srcset=\"https:\/\/o-seznam.cz\/napoveda\/prohlizece\/wp-content\/uploads\/sites\/17\/2024\/10\/opera-rozsireni2.png 1353w, https:\/\/o-seznam.cz\/napoveda\/prohlizece\/wp-content\/uploads\/sites\/17\/2024\/10\/opera-rozsireni2-992x734.png 992w, https:\/\/o-seznam.cz\/napoveda\/prohlizece\/wp-content\/uploads\/sites\/17\/2024\/10\/opera-rozsireni2-320x237.png 320w, https:\/\/o-seznam.cz\/napoveda\/prohlizece\/wp-content\/uploads\/sites\/17\/2024\/10\/opera-rozsireni2-768x568.png 768w\" sizes=\"auto, (max-width: 1353px) 100vw, 1353px\" \/>\t<\/div>\n\n\t<div class=\"mediaText__content is-layout-flow\">\n\n<div class=\"wp-block-group is-layout-constrained wp-container-core-group-is-layout-beff7c7e wp-block-group-is-layout-constrained\">\n<ol start=\"2\" class=\"wp-block-list is-style-circle\">\n<li>Na n\u00e1sleduj\u00edc\u00ed str\u00e1nce klikn\u011bte u zvolen\u00e9ho roz\u0161\u00ed\u0159en\u00ed na tla\u010d\u00edtko &#8222;<strong>Zak\u00e1zat<\/strong>&#8220; nebo na posuvn\u00edk na prav\u00e9 stran\u011b.<\/li>\n<\/ol>\n<\/div>\n\n<\/div>\t\n<\/div>\n\n\n\n<p>Zm\u011bny nastaven\u00ed se projev\u00ed p\u0159i znovuna\u010dten\u00ed str\u00e1nek, p\u0159\u00edpadn\u011b po restartu prohl\u00ed\u017ee\u010de.<\/p>\n<\/div>\n","protected":false},"excerpt":{"rendered":"<p>Nastaven\u00ed jednotliv\u00fdch roz\u0161\u00ed\u0159en\u00ed (dopl\u0148k\u016f) v prohl\u00ed\u017ee\u010di Opera provedete podle n\u00e1sleduj\u00edc\u00ed postup\u016f: Zm\u011bny nastaven\u00ed se projev\u00ed p\u0159i znovuna\u010dten\u00ed str\u00e1nek, p\u0159\u00edpadn\u011b po restartu prohl\u00ed\u017ee\u010de.<\/p>\n","protected":false},"author":12,"featured_media":0,"parent":23,"menu_order":2,"comment_status":"closed","ping_status":"closed","template":"page-sidemenu","meta":{"_acf_changed":false,"_relevanssi_hide_post":"","_relevanssi_hide_content":"","_relevanssi_pin_for_all":"","_relevanssi_pin_keywords":"","_relevanssi_unpin_keywords":"","_relevanssi_related_keywords":"","_relevanssi_related_include_ids":"","_relevanssi_related_exclude_ids":"","_relevanssi_related_no_append":"","_relevanssi_related_not_related":"","_relevanssi_related_posts":"","_relevanssi_noindex_reason":"","footnotes":""},"page_category":[23],"page_tag":[],"service_status_category":[],"class_list":["post-143","page","type-page","status-publish","hentry"],"acf":[],"_links":{"self":[{"href":"https:\/\/o-seznam.cz\/napoveda\/prohlizece\/wp-json\/wp\/v2\/pages\/143","targetHints":{"allow":["GET"]}}],"collection":[{"href":"https:\/\/o-seznam.cz\/napoveda\/prohlizece\/wp-json\/wp\/v2\/pages"}],"about":[{"href":"https:\/\/o-seznam.cz\/napoveda\/prohlizece\/wp-json\/wp\/v2\/types\/page"}],"author":[{"embeddable":true,"href":"https:\/\/o-seznam.cz\/napoveda\/prohlizece\/wp-json\/wp\/v2\/users\/12"}],"replies":[{"embeddable":true,"href":"https:\/\/o-seznam.cz\/napoveda\/prohlizece\/wp-json\/wp\/v2\/comments?post=143"}],"version-history":[{"count":6,"href":"https:\/\/o-seznam.cz\/napoveda\/prohlizece\/wp-json\/wp\/v2\/pages\/143\/revisions"}],"predecessor-version":[{"id":1113,"href":"https:\/\/o-seznam.cz\/napoveda\/prohlizece\/wp-json\/wp\/v2\/pages\/143\/revisions\/1113"}],"up":[{"embeddable":true,"href":"https:\/\/o-seznam.cz\/napoveda\/prohlizece\/wp-json\/wp\/v2\/pages\/23"}],"wp:attachment":[{"href":"https:\/\/o-seznam.cz\/napoveda\/prohlizece\/wp-json\/wp\/v2\/media?parent=143"}],"wp:term":[{"taxonomy":"page_category","embeddable":true,"href":"https:\/\/o-seznam.cz\/napoveda\/prohlizece\/wp-json\/wp\/v2\/page_category?post=143"},{"taxonomy":"page_tag","embeddable":true,"href":"https:\/\/o-seznam.cz\/napoveda\/prohlizece\/wp-json\/wp\/v2\/page_tag?post=143"},{"taxonomy":"service_status_category","embeddable":true,"href":"https:\/\/o-seznam.cz\/napoveda\/prohlizece\/wp-json\/wp\/v2\/service_status_category?post=143"}],"curies":[{"name":"wp","href":"https:\/\/api.w.org\/{rel}","templated":true}]}}