{"id":138,"date":"2024-10-23T14:53:34","date_gmt":"2024-10-23T12:53:34","guid":{"rendered":"https:\/\/o-seznam.cz\/napoveda\/prohlizece\/?page_id=138"},"modified":"2024-12-15T22:49:30","modified_gmt":"2024-12-15T21:49:30","slug":"odstraneni-hesla","status":"publish","type":"page","link":"https:\/\/o-seznam.cz\/napoveda\/prohlizece\/opera\/odstraneni-hesla\/","title":{"rendered":"Odstran\u011bn\u00ed automaticky vypl\u0148ovan\u00e9ho hesla"},"content":{"rendered":"\n<div class=\"wp-block-group is-layout-constrained wp-block-group-is-layout-constrained\">\n<p>Pro odstran\u011bn\u00ed automaticky konkr\u00e9tn\u00edho vypl\u0148ovan\u00e9ho hesla v prohl\u00ed\u017ee\u010di Opera postupujte n\u00e1sledovn\u011b:<\/p>\n\n\n<div class=\"mediaText is-position-left is-orientation-portrait\">\n\t\n\t<div class=\"mediaText__media\">\n\t\t<img loading=\"lazy\" decoding=\"async\" width=\"312\" height=\"941\" src=\"https:\/\/o-seznam.cz\/napoveda\/prohlizece\/wp-content\/uploads\/sites\/17\/2024\/10\/opera-reset-nastaveni1.png\" class=\"border border-neutral-20 border-solid\" alt=\"\" srcset=\"https:\/\/o-seznam.cz\/napoveda\/prohlizece\/wp-content\/uploads\/sites\/17\/2024\/10\/opera-reset-nastaveni1.png 312w, https:\/\/o-seznam.cz\/napoveda\/prohlizece\/wp-content\/uploads\/sites\/17\/2024\/10\/opera-reset-nastaveni1-106x320.png 106w\" sizes=\"auto, (max-width: 312px) 100vw, 312px\" \/>\t<\/div>\n\n\t<div class=\"mediaText__content is-layout-flow\">\n\n<div class=\"wp-block-group is-layout-constrained wp-container-core-group-is-layout-beff7c7e wp-block-group-is-layout-constrained\">\n<ol class=\"wp-block-list is-style-circle\">\n<li>V lev\u00e9 horn\u00ed \u010d\u00e1sti prohl\u00ed\u017ee\u010de klikn\u011bte na tla\u010d\u00edtko <img loading=\"lazy\" decoding=\"async\" width=\"46\" height=\"39\" class=\"inline-image wp-image-353\" src=\"https:\/\/o-seznam.cz\/napoveda\/prohlizece\/wp-content\/uploads\/sites\/17\/2024\/10\/opera-logo.png\" alt=\"\">&nbsp;a n\u00e1sledn\u011b na polo\u017eku&nbsp;&#8222;<strong>Nastaven\u00ed<\/strong>&#8222;.<\/li>\n<\/ol>\n<\/div>\n\n<\/div>\t\n<\/div>\n\n\n<div class=\"mediaText is-position-right is-orientation-landscape\">\n\t\n\t<div class=\"mediaText__media\">\n\t\t<img loading=\"lazy\" decoding=\"async\" width=\"928\" height=\"730\" src=\"https:\/\/o-seznam.cz\/napoveda\/prohlizece\/wp-content\/uploads\/sites\/17\/2024\/10\/opera-odstraneni-hesla2.png\" class=\"border border-neutral-20 border-solid\" alt=\"\" srcset=\"https:\/\/o-seznam.cz\/napoveda\/prohlizece\/wp-content\/uploads\/sites\/17\/2024\/10\/opera-odstraneni-hesla2.png 928w, https:\/\/o-seznam.cz\/napoveda\/prohlizece\/wp-content\/uploads\/sites\/17\/2024\/10\/opera-odstraneni-hesla2-320x252.png 320w, https:\/\/o-seznam.cz\/napoveda\/prohlizece\/wp-content\/uploads\/sites\/17\/2024\/10\/opera-odstraneni-hesla2-768x604.png 768w\" sizes=\"auto, (max-width: 928px) 100vw, 928px\" \/>\t<\/div>\n\n\t<div class=\"mediaText__content is-layout-flow\">\n\n<div class=\"wp-block-group is-layout-constrained wp-container-core-group-is-layout-beff7c7e wp-block-group-is-layout-constrained\">\n<ol start=\"2\" class=\"wp-block-list is-style-circle\">\n<li>V lev\u00e9m menu nastaven\u00ed klikn\u011bte na mo\u017enost&nbsp;<strong>Soukrom\u00ed a bezpe\u010dnost<\/strong> a pot\u00e9 v prost\u0159edn\u00edch volb\u00e1ch rozbalte Roz\u0161\u00ed\u0159en\u00e9<\/li>\n\n\n\n<li>V nab\u00eddce mo\u017enost\u00ed je na konci str\u00e1nky v \u010d\u00e1sti <strong>Resetovat nastaven\u00ed<\/strong> volba <strong>Obnovit nastaven\u00ed na p\u016fvodn\u00ed v\u00fdchoz\u00ed hodnoty<\/strong>..<\/li>\n<\/ol>\n<\/div>\n\n<\/div>\t\n<\/div>\n\n\n<div class=\"mediaText is-position-left is-orientation-landscape\">\n\t\n\t<div class=\"mediaText__media\">\n\t\t<img loading=\"lazy\" decoding=\"async\" width=\"875\" height=\"248\" src=\"https:\/\/o-seznam.cz\/napoveda\/prohlizece\/wp-content\/uploads\/sites\/17\/2024\/10\/opera-odstraneni-hesla3.png\" class=\"border border-neutral-20 border-solid\" alt=\"\" srcset=\"https:\/\/o-seznam.cz\/napoveda\/prohlizece\/wp-content\/uploads\/sites\/17\/2024\/10\/opera-odstraneni-hesla3.png 875w, https:\/\/o-seznam.cz\/napoveda\/prohlizece\/wp-content\/uploads\/sites\/17\/2024\/10\/opera-odstraneni-hesla3-320x91.png 320w, https:\/\/o-seznam.cz\/napoveda\/prohlizece\/wp-content\/uploads\/sites\/17\/2024\/10\/opera-odstraneni-hesla3-768x218.png 768w\" sizes=\"auto, (max-width: 875px) 100vw, 875px\" \/>\t<\/div>\n\n\t<div class=\"mediaText__content is-layout-flow\">\n\n<div class=\"wp-block-group is-layout-constrained wp-container-core-group-is-layout-beff7c7e wp-block-group-is-layout-constrained\">\n<ol start=\"4\" class=\"wp-block-list is-style-circle\">\n<li>V sekci Automatick\u00e9 vypl\u0148ov\u00e1n\u00ed a hesla klikn\u011bte na Spr\u00e1vce hesel<\/li>\n<\/ol>\n<\/div>\n\n<\/div>\t\n<\/div>\n\n\n<div class=\"mediaText is-position-right is-orientation-landscape\">\n\t\n\t<div class=\"mediaText__media\">\n\t\t<img loading=\"lazy\" decoding=\"async\" width=\"917\" height=\"260\" src=\"https:\/\/o-seznam.cz\/napoveda\/prohlizece\/wp-content\/uploads\/sites\/17\/2024\/10\/opera-odstraneni-hesla4.png\" class=\"border border-neutral-20 border-solid\" alt=\"\" srcset=\"https:\/\/o-seznam.cz\/napoveda\/prohlizece\/wp-content\/uploads\/sites\/17\/2024\/10\/opera-odstraneni-hesla4.png 917w, https:\/\/o-seznam.cz\/napoveda\/prohlizece\/wp-content\/uploads\/sites\/17\/2024\/10\/opera-odstraneni-hesla4-320x91.png 320w, https:\/\/o-seznam.cz\/napoveda\/prohlizece\/wp-content\/uploads\/sites\/17\/2024\/10\/opera-odstraneni-hesla4-768x218.png 768w\" sizes=\"auto, (max-width: 917px) 100vw, 917px\" \/>\t<\/div>\n\n\t<div class=\"mediaText__content is-layout-flow\">\n\n<div class=\"wp-block-group is-layout-constrained wp-container-core-group-is-layout-beff7c7e wp-block-group-is-layout-constrained\">\n<ol start=\"5\" class=\"wp-block-list is-style-circle\">\n<li>Ve Spr\u00e1vci hesel si najd\u011bte str\u00e1nku ze kter\u00e9 chcete odstranit vypl\u0148ovan\u00e9 heslo a klikn\u011bte na ni.<\/li>\n<\/ol>\n<\/div>\n\n<\/div>\t\n<\/div>\n\n\n<div class=\"mediaText is-position-left is-orientation-landscape\">\n\t\n\t<div class=\"mediaText__media\">\n\t\t<img loading=\"lazy\" decoding=\"async\" width=\"887\" height=\"460\" src=\"https:\/\/o-seznam.cz\/napoveda\/prohlizece\/wp-content\/uploads\/sites\/17\/2024\/10\/opera-odstraneni-hesla5.png\" class=\"border border-neutral-20 border-solid\" alt=\"\" srcset=\"https:\/\/o-seznam.cz\/napoveda\/prohlizece\/wp-content\/uploads\/sites\/17\/2024\/10\/opera-odstraneni-hesla5.png 887w, https:\/\/o-seznam.cz\/napoveda\/prohlizece\/wp-content\/uploads\/sites\/17\/2024\/10\/opera-odstraneni-hesla5-320x166.png 320w, https:\/\/o-seznam.cz\/napoveda\/prohlizece\/wp-content\/uploads\/sites\/17\/2024\/10\/opera-odstraneni-hesla5-768x398.png 768w\" sizes=\"auto, (max-width: 887px) 100vw, 887px\" \/>\t<\/div>\n\n\t<div class=\"mediaText__content is-layout-flow\">\n\n<div class=\"wp-block-group is-layout-constrained wp-container-core-group-is-layout-beff7c7e wp-block-group-is-layout-constrained\">\n<ol start=\"6\" class=\"wp-block-list is-style-circle\">\n<li>Objev\u00ed se ulo\u017een\u00e9 p\u0159ihla\u0161ovac\u00ed \u00fadaje. Dole klikn\u011bte na Smazat a t\u00edm dojde k odstran\u011bn\u00ed hesla.<\/li>\n<\/ol>\n<\/div>\n\n<\/div>\t\n<\/div>\n<\/div>\n\n\n\n<div class=\"wp-block-group is-layout-constrained wp-block-group-is-layout-constrained\">\n<h2 class=\"wp-block-heading\"><br><br>Smaz\u00e1n\u00ed v\u0161ech ulo\u017een\u00fdch hesel v Ope\u0159e<\/h2>\n\n\n\n<p>Pro odstran\u011bn\u00ed v\u0161ech automaticky vypl\u0148ovan\u00fdch hesel v prohl\u00ed\u017ee\u010di Opera postupujte n\u00e1sledovn\u011b:<\/p>\n\n\n<div class=\"mediaText is-position-left is-orientation-landscape\">\n\t\n\t<div class=\"mediaText__media\">\n\t\t<img loading=\"lazy\" decoding=\"async\" width=\"562\" height=\"344\" src=\"https:\/\/o-seznam.cz\/napoveda\/prohlizece\/wp-content\/uploads\/sites\/17\/2024\/10\/opera-udaje-prohlizeni.png\" class=\"border border-neutral-20 border-solid\" alt=\"\" srcset=\"https:\/\/o-seznam.cz\/napoveda\/prohlizece\/wp-content\/uploads\/sites\/17\/2024\/10\/opera-udaje-prohlizeni.png 562w, https:\/\/o-seznam.cz\/napoveda\/prohlizece\/wp-content\/uploads\/sites\/17\/2024\/10\/opera-udaje-prohlizeni-320x196.png 320w\" sizes=\"auto, (max-width: 562px) 100vw, 562px\" \/>\t<\/div>\n\n\t<div class=\"mediaText__content is-layout-flow\">\n\n<div class=\"wp-block-group is-layout-constrained wp-container-core-group-is-layout-beff7c7e wp-block-group-is-layout-constrained\">\n<ol class=\"wp-block-list is-style-circle\">\n<li>V lev\u00e9 horn\u00ed \u010d\u00e1sti prohl\u00ed\u017ee\u010de klikn\u011bte na tla\u010d\u00edtko <img loading=\"lazy\" decoding=\"async\" width=\"46\" height=\"39\" class=\"inline-image wp-image-353\" src=\"https:\/\/o-seznam.cz\/napoveda\/prohlizece\/wp-content\/uploads\/sites\/17\/2024\/10\/opera-logo.png\" alt=\"\">, n\u00e1sledn\u011b na polo\u017eku &#8222;<strong>Historie<\/strong>&#8220; a pot\u00e9 &#8222;<strong>Vymazat \u00fadaje o prohl\u00ed\u017een\u00ed<\/strong>&#8222;<\/li>\n<\/ol>\n<\/div>\n\n<\/div>\t\n<\/div>\n\n\n<div class=\"mediaText is-position-left is-orientation-landscape\">\n\t\n\t<div class=\"mediaText__media\">\n\t\t<img loading=\"lazy\" decoding=\"async\" width=\"514\" height=\"479\" src=\"https:\/\/o-seznam.cz\/napoveda\/prohlizece\/wp-content\/uploads\/sites\/17\/2024\/10\/opera-hesla.png\" class=\"border border-neutral-20 border-solid\" alt=\"\" srcset=\"https:\/\/o-seznam.cz\/napoveda\/prohlizece\/wp-content\/uploads\/sites\/17\/2024\/10\/opera-hesla.png 514w, https:\/\/o-seznam.cz\/napoveda\/prohlizece\/wp-content\/uploads\/sites\/17\/2024\/10\/opera-hesla-320x298.png 320w\" sizes=\"auto, (max-width: 514px) 100vw, 514px\" \/>\t<\/div>\n\n\t<div class=\"mediaText__content is-layout-flow\">\n\n<div class=\"wp-block-group is-layout-constrained wp-container-core-group-is-layout-beff7c7e wp-block-group-is-layout-constrained\">\n<ol start=\"2\" class=\"wp-block-list is-style-circle\">\n<li>V otev\u0159en\u00e9m okn\u011b zvolte Roz\u0161\u00ed\u0159en\u00e9. V rozbalovac\u00edm menu \u010casov\u00e9 obdob\u00ed vyberte Od po\u010d\u00e1tku v\u011bk\u016f<\/li>\n\n\n\n<li>Vyhledejte \u0159\u00e1dek Hesla a dal\u0161\u00ed p\u0159ihla\u0161ovac\u00ed \u00fadaje a ten zatrhn\u011bte.<\/li>\n\n\n\n<li>Klikn\u011bte na Vymazat data<\/li>\n<\/ol>\n<\/div>\n\n<\/div>\t\n<\/div>\n<\/div>\n","protected":false},"excerpt":{"rendered":"<p>Pro odstran\u011bn\u00ed automaticky konkr\u00e9tn\u00edho vypl\u0148ovan\u00e9ho hesla v prohl\u00ed\u017ee\u010di Opera postupujte n\u00e1sledovn\u011b: Smaz\u00e1n\u00ed v\u0161ech ulo\u017een\u00fdch hesel v Ope\u0159e Pro odstran\u011bn\u00ed v\u0161ech automaticky vypl\u0148ovan\u00fdch hesel v prohl\u00ed\u017ee\u010di Opera postupujte n\u00e1sledovn\u011b:<\/p>\n","protected":false},"author":12,"featured_media":0,"parent":23,"menu_order":0,"comment_status":"closed","ping_status":"closed","template":"page-sidemenu","meta":{"_acf_changed":false,"_relevanssi_hide_post":"","_relevanssi_hide_content":"","_relevanssi_pin_for_all":"","_relevanssi_pin_keywords":"","_relevanssi_unpin_keywords":"","_relevanssi_related_keywords":"","_relevanssi_related_include_ids":"","_relevanssi_related_exclude_ids":"","_relevanssi_related_no_append":"","_relevanssi_related_not_related":"","_relevanssi_related_posts":"","_relevanssi_noindex_reason":"","footnotes":""},"page_category":[23],"page_tag":[],"service_status_category":[],"class_list":["post-138","page","type-page","status-publish","hentry"],"acf":[],"_links":{"self":[{"href":"https:\/\/o-seznam.cz\/napoveda\/prohlizece\/wp-json\/wp\/v2\/pages\/138","targetHints":{"allow":["GET"]}}],"collection":[{"href":"https:\/\/o-seznam.cz\/napoveda\/prohlizece\/wp-json\/wp\/v2\/pages"}],"about":[{"href":"https:\/\/o-seznam.cz\/napoveda\/prohlizece\/wp-json\/wp\/v2\/types\/page"}],"author":[{"embeddable":true,"href":"https:\/\/o-seznam.cz\/napoveda\/prohlizece\/wp-json\/wp\/v2\/users\/12"}],"replies":[{"embeddable":true,"href":"https:\/\/o-seznam.cz\/napoveda\/prohlizece\/wp-json\/wp\/v2\/comments?post=138"}],"version-history":[{"count":10,"href":"https:\/\/o-seznam.cz\/napoveda\/prohlizece\/wp-json\/wp\/v2\/pages\/138\/revisions"}],"predecessor-version":[{"id":1105,"href":"https:\/\/o-seznam.cz\/napoveda\/prohlizece\/wp-json\/wp\/v2\/pages\/138\/revisions\/1105"}],"up":[{"embeddable":true,"href":"https:\/\/o-seznam.cz\/napoveda\/prohlizece\/wp-json\/wp\/v2\/pages\/23"}],"wp:attachment":[{"href":"https:\/\/o-seznam.cz\/napoveda\/prohlizece\/wp-json\/wp\/v2\/media?parent=138"}],"wp:term":[{"taxonomy":"page_category","embeddable":true,"href":"https:\/\/o-seznam.cz\/napoveda\/prohlizece\/wp-json\/wp\/v2\/page_category?post=138"},{"taxonomy":"page_tag","embeddable":true,"href":"https:\/\/o-seznam.cz\/napoveda\/prohlizece\/wp-json\/wp\/v2\/page_tag?post=138"},{"taxonomy":"service_status_category","embeddable":true,"href":"https:\/\/o-seznam.cz\/napoveda\/prohlizece\/wp-json\/wp\/v2\/service_status_category?post=138"}],"curies":[{"name":"wp","href":"https:\/\/api.w.org\/{rel}","templated":true}]}}