{"id":130,"date":"2024-10-23T14:45:13","date_gmt":"2024-10-23T12:45:13","guid":{"rendered":"https:\/\/o-seznam.cz\/napoveda\/prohlizece\/?page_id=130"},"modified":"2025-03-20T12:35:56","modified_gmt":"2025-03-20T11:35:56","slug":"smazani-cookies","status":"publish","type":"page","link":"https:\/\/o-seznam.cz\/napoveda\/prohlizece\/opera\/smazani-cookies\/","title":{"rendered":"Smaz\u00e1n\u00ed do\u010dasn\u00fdch soubor\u016f a cookies"},"content":{"rendered":"\n<div class=\"wp-block-group is-content-justification-left is-layout-constrained wp-container-core-group-is-layout-12dd3699 wp-block-group-is-layout-constrained\">\n<p>Pokud se V\u00e1m nezobrazuj\u00ed internetov\u00e9 str\u00e1nky korektn\u011b, p\u0159\u00edpadn\u011b nefunguj\u00ed n\u011bjak\u00e9 funkce, doporu\u010dujeme odstran\u011bn\u00ed a promaz\u00e1n\u00ed do\u010dasn\u00fdch soubor\u016f (soubor\u016f cache) a cookies v prohl\u00ed\u017ee\u010di Opera pomoc\u00ed n\u00e1sleduj\u00edc\u00edho postupu:<\/p>\n\n\n<div class=\"mediaText is-position-left is-orientation-landscape\">\n\t\n\t<div class=\"mediaText__media\">\n\t\t<img loading=\"lazy\" decoding=\"async\" width=\"562\" height=\"344\" src=\"https:\/\/o-seznam.cz\/napoveda\/prohlizece\/wp-content\/uploads\/sites\/17\/2024\/10\/opera-udaje-prohlizeni-1.png\" class=\"border border-neutral-20 border-solid\" alt=\"\" srcset=\"https:\/\/o-seznam.cz\/napoveda\/prohlizece\/wp-content\/uploads\/sites\/17\/2024\/10\/opera-udaje-prohlizeni-1.png 562w, https:\/\/o-seznam.cz\/napoveda\/prohlizece\/wp-content\/uploads\/sites\/17\/2024\/10\/opera-udaje-prohlizeni-1-320x196.png 320w\" sizes=\"auto, (max-width: 562px) 100vw, 562px\" \/>\t<\/div>\n\n\t<div class=\"mediaText__content is-layout-flow\">\n\n<div class=\"wp-block-group is-layout-constrained wp-container-core-group-is-layout-beff7c7e wp-block-group-is-layout-constrained\">\n<ol class=\"wp-block-list is-style-circle\">\n<li>V horn\u00ed \u010d\u00e1sti obrazovky klikn\u011bte tla\u010d\u00edtko <img loading=\"lazy\" decoding=\"async\" width=\"46\" height=\"39\" class=\"inline-image wp-image-353\" src=\"https:\/\/o-seznam.cz\/napoveda\/prohlizece\/wp-content\/uploads\/sites\/17\/2024\/10\/opera-logo.png\" alt=\"\">, n\u00e1sledn\u011b na polo\u017eku &#8222;<strong>Historie<\/strong>&#8220; a pot\u00e9 &#8222;<strong>Vymazat \u00fadaje o prohl\u00ed\u017een\u00ed<\/strong>&#8222;.<\/li>\n<\/ol>\n<\/div>\n\n<\/div>\t\n<\/div>\n\n\n<div class=\"mediaText is-position-right is-orientation-landscape\">\n\t\n\t<div class=\"mediaText__media\">\n\t\t<img loading=\"lazy\" decoding=\"async\" width=\"514\" height=\"479\" src=\"https:\/\/o-seznam.cz\/napoveda\/prohlizece\/wp-content\/uploads\/sites\/17\/2024\/10\/opera-temp-cookie.png\" class=\"border border-neutral-20 border-solid\" alt=\"\" srcset=\"https:\/\/o-seznam.cz\/napoveda\/prohlizece\/wp-content\/uploads\/sites\/17\/2024\/10\/opera-temp-cookie.png 514w, https:\/\/o-seznam.cz\/napoveda\/prohlizece\/wp-content\/uploads\/sites\/17\/2024\/10\/opera-temp-cookie-320x298.png 320w\" sizes=\"auto, (max-width: 514px) 100vw, 514px\" \/>\t<\/div>\n\n\t<div class=\"mediaText__content is-layout-flow\">\n\n<div class=\"wp-block-group is-layout-constrained wp-container-core-group-is-layout-beff7c7e wp-block-group-is-layout-constrained\">\n<ol start=\"2\" class=\"wp-block-list is-style-circle\">\n<li>V \u010d\u00e1sti <strong>Z\u00e1kladn\u00ed<\/strong>&nbsp;vyberte <strong>\u010casov\u00e9 obdob\u00ed<\/strong>: <strong>Od po\u010d\u00e1tku v\u011bk\u016f<\/strong>.<\/li>\n\n\n\n<li>Zatrhn\u011bte &#8222;<strong>Cookies a jin\u00e1 data web\u016f<\/strong>&#8220; a &#8222;<strong>Obr\u00e1zky a soubory z cache<\/strong>&#8222;.<\/li>\n\n\n\n<li>Volbu potvr\u010fte tla\u010d\u00edtkem &#8222;<strong>Vymazat data<\/strong>&#8222;.<\/li>\n<\/ol>\n<\/div>\n\n<\/div>\t\n<\/div>\n<\/div>\n","protected":false},"excerpt":{"rendered":"<p>Pokud se V\u00e1m nezobrazuj\u00ed internetov\u00e9 str\u00e1nky korektn\u011b, p\u0159\u00edpadn\u011b nefunguj\u00ed n\u011bjak\u00e9 funkce, doporu\u010dujeme odstran\u011bn\u00ed a promaz\u00e1n\u00ed do\u010dasn\u00fdch soubor\u016f (soubor\u016f cache) a cookies v prohl\u00ed\u017ee\u010di Opera pomoc\u00ed n\u00e1sleduj\u00edc\u00edho postupu:<\/p>\n","protected":false},"author":12,"featured_media":0,"parent":23,"menu_order":0,"comment_status":"closed","ping_status":"closed","template":"page-sidemenu","meta":{"_acf_changed":false,"_relevanssi_hide_post":"","_relevanssi_hide_content":"","_relevanssi_pin_for_all":"","_relevanssi_pin_keywords":"","_relevanssi_unpin_keywords":"","_relevanssi_related_keywords":"","_relevanssi_related_include_ids":"","_relevanssi_related_exclude_ids":"","_relevanssi_related_no_append":"","_relevanssi_related_not_related":"","_relevanssi_related_posts":"","_relevanssi_noindex_reason":"","footnotes":""},"page_category":[23],"page_tag":[],"service_status_category":[],"class_list":["post-130","page","type-page","status-publish","hentry"],"acf":[],"_links":{"self":[{"href":"https:\/\/o-seznam.cz\/napoveda\/prohlizece\/wp-json\/wp\/v2\/pages\/130","targetHints":{"allow":["GET"]}}],"collection":[{"href":"https:\/\/o-seznam.cz\/napoveda\/prohlizece\/wp-json\/wp\/v2\/pages"}],"about":[{"href":"https:\/\/o-seznam.cz\/napoveda\/prohlizece\/wp-json\/wp\/v2\/types\/page"}],"author":[{"embeddable":true,"href":"https:\/\/o-seznam.cz\/napoveda\/prohlizece\/wp-json\/wp\/v2\/users\/12"}],"replies":[{"embeddable":true,"href":"https:\/\/o-seznam.cz\/napoveda\/prohlizece\/wp-json\/wp\/v2\/comments?post=130"}],"version-history":[{"count":8,"href":"https:\/\/o-seznam.cz\/napoveda\/prohlizece\/wp-json\/wp\/v2\/pages\/130\/revisions"}],"predecessor-version":[{"id":1187,"href":"https:\/\/o-seznam.cz\/napoveda\/prohlizece\/wp-json\/wp\/v2\/pages\/130\/revisions\/1187"}],"up":[{"embeddable":true,"href":"https:\/\/o-seznam.cz\/napoveda\/prohlizece\/wp-json\/wp\/v2\/pages\/23"}],"wp:attachment":[{"href":"https:\/\/o-seznam.cz\/napoveda\/prohlizece\/wp-json\/wp\/v2\/media?parent=130"}],"wp:term":[{"taxonomy":"page_category","embeddable":true,"href":"https:\/\/o-seznam.cz\/napoveda\/prohlizece\/wp-json\/wp\/v2\/page_category?post=130"},{"taxonomy":"page_tag","embeddable":true,"href":"https:\/\/o-seznam.cz\/napoveda\/prohlizece\/wp-json\/wp\/v2\/page_tag?post=130"},{"taxonomy":"service_status_category","embeddable":true,"href":"https:\/\/o-seznam.cz\/napoveda\/prohlizece\/wp-json\/wp\/v2\/service_status_category?post=130"}],"curies":[{"name":"wp","href":"https:\/\/api.w.org\/{rel}","templated":true}]}}