{"id":1261,"date":"2025-07-25T12:38:15","date_gmt":"2025-07-25T10:38:15","guid":{"rendered":"https:\/\/o-seznam.cz\/napoveda\/prohlizece\/?page_id=1261"},"modified":"2025-07-25T12:38:41","modified_gmt":"2025-07-25T10:38:41","slug":"nastaveni-geolokace","status":"publish","type":"page","link":"https:\/\/o-seznam.cz\/napoveda\/prohlizece\/opera\/nastaveni-geolokace\/","title":{"rendered":"Nastaven\u00ed geolokace \u2013\u00a0Opera"},"content":{"rendered":"\n<p>Jak nastavit geolokaci v Opera:<\/p>\n\n\n\n<div class=\"wp-block-group is-layout-constrained wp-block-group-is-layout-constrained\"><div class=\"mediaText is-position-left is-orientation-portrait is-style-default\">\n\t\n\t<div class=\"mediaText__media\">\n\t\t<img loading=\"lazy\" decoding=\"async\" width=\"580\" height=\"1144\" src=\"https:\/\/o-seznam.cz\/napoveda\/prohlizece\/wp-content\/uploads\/sites\/17\/2025\/07\/opera-geo-7-25-1.png\" class=\"\" alt=\"\" srcset=\"https:\/\/o-seznam.cz\/napoveda\/prohlizece\/wp-content\/uploads\/sites\/17\/2025\/07\/opera-geo-7-25-1.png 580w, https:\/\/o-seznam.cz\/napoveda\/prohlizece\/wp-content\/uploads\/sites\/17\/2025\/07\/opera-geo-7-25-1-503x992.png 503w, https:\/\/o-seznam.cz\/napoveda\/prohlizece\/wp-content\/uploads\/sites\/17\/2025\/07\/opera-geo-7-25-1-162x320.png 162w\" sizes=\"auto, (max-width: 580px) 100vw, 580px\" \/>\t<\/div>\n\n\t<div class=\"mediaText__content is-layout-flow\">\n\n<ol class=\"wp-block-list is-style-circle\">\n<li>Klikn\u011bte na\u00a0<strong>ikonu menu<\/strong>\u00a0(Opera logo) v lev\u00e9m horn\u00edm rohu.<\/li>\n\n\n\n<li>vyberte\u00a0<strong>Nastaven\u00ed<\/strong>\u00a0(nebo stiskn\u011bte\u00a0<strong>Alt + P<\/strong>).<\/li>\n<\/ol>\n\n<\/div>\t\n<\/div>\n\n\n<div class=\"mediaText is-position-right is-orientation-landscape is-style-default\">\n\t\n\t<div class=\"mediaText__media\">\n\t\t<img loading=\"lazy\" decoding=\"async\" width=\"1940\" height=\"874\" src=\"https:\/\/o-seznam.cz\/napoveda\/prohlizece\/wp-content\/uploads\/sites\/17\/2025\/07\/opera-geo-7-25-2.png\" class=\"\" alt=\"\" srcset=\"https:\/\/o-seznam.cz\/napoveda\/prohlizece\/wp-content\/uploads\/sites\/17\/2025\/07\/opera-geo-7-25-2.png 1940w, https:\/\/o-seznam.cz\/napoveda\/prohlizece\/wp-content\/uploads\/sites\/17\/2025\/07\/opera-geo-7-25-2-992x447.png 992w, https:\/\/o-seznam.cz\/napoveda\/prohlizece\/wp-content\/uploads\/sites\/17\/2025\/07\/opera-geo-7-25-2-320x144.png 320w, https:\/\/o-seznam.cz\/napoveda\/prohlizece\/wp-content\/uploads\/sites\/17\/2025\/07\/opera-geo-7-25-2-768x346.png 768w, https:\/\/o-seznam.cz\/napoveda\/prohlizece\/wp-content\/uploads\/sites\/17\/2025\/07\/opera-geo-7-25-2-1536x692.png 1536w\" sizes=\"auto, (max-width: 1940px) 100vw, 1940px\" \/>\t<\/div>\n\n\t<div class=\"mediaText__content is-layout-flow\">\n\n<ol start=\"3\" class=\"wp-block-list is-style-circle\">\n<li>V lev\u00e9m menu p\u0159ejd\u011bte na\u00a0<strong>Soukrom\u00ed &amp; Bezpe\u010dnost<\/strong>.<\/li>\n\n\n\n<li>Klikn\u011bte na\u00a0<strong>Nastaven\u00ed webu<\/strong>.<\/li>\n<\/ol>\n\n<\/div>\t\n<\/div>\n\n\n<div class=\"mediaText is-position-left is-orientation-landscape is-style-default\">\n\t\n\t<div class=\"mediaText__media\">\n\t\t<img loading=\"lazy\" decoding=\"async\" width=\"1924\" height=\"780\" src=\"https:\/\/o-seznam.cz\/napoveda\/prohlizece\/wp-content\/uploads\/sites\/17\/2025\/07\/opera-geo-7-25-3.png\" class=\"\" alt=\"\" srcset=\"https:\/\/o-seznam.cz\/napoveda\/prohlizece\/wp-content\/uploads\/sites\/17\/2025\/07\/opera-geo-7-25-3.png 1924w, https:\/\/o-seznam.cz\/napoveda\/prohlizece\/wp-content\/uploads\/sites\/17\/2025\/07\/opera-geo-7-25-3-992x402.png 992w, https:\/\/o-seznam.cz\/napoveda\/prohlizece\/wp-content\/uploads\/sites\/17\/2025\/07\/opera-geo-7-25-3-320x130.png 320w, https:\/\/o-seznam.cz\/napoveda\/prohlizece\/wp-content\/uploads\/sites\/17\/2025\/07\/opera-geo-7-25-3-768x311.png 768w, https:\/\/o-seznam.cz\/napoveda\/prohlizece\/wp-content\/uploads\/sites\/17\/2025\/07\/opera-geo-7-25-3-1536x623.png 1536w\" sizes=\"auto, (max-width: 1924px) 100vw, 1924px\" \/>\t<\/div>\n\n\t<div class=\"mediaText__content is-layout-flow\">\n\n<ol start=\"5\" class=\"wp-block-list is-style-circle\">\n<li>Najd\u011bte sekci\u00a0<strong>Poloha<\/strong>.<\/li>\n\n\n\n<li>Ujist\u011bte se, \u017ee je zapnuta mo\u017enost \u201eWeby se mohou dot\u00e1zat na va\u0161i polohu\u201c.<\/li>\n<\/ol>\n\n<\/div>\t\n<\/div>\n\n\n<div class=\"mediaText is-position-right is-orientation-landscape is-style-default\">\n\t\n\t<div class=\"mediaText__media\">\n\t\t<img loading=\"lazy\" decoding=\"async\" width=\"802\" height=\"484\" src=\"https:\/\/o-seznam.cz\/napoveda\/prohlizece\/wp-content\/uploads\/sites\/17\/2025\/07\/opera-geo-7-25-4.png\" class=\"\" alt=\"\" srcset=\"https:\/\/o-seznam.cz\/napoveda\/prohlizece\/wp-content\/uploads\/sites\/17\/2025\/07\/opera-geo-7-25-4.png 802w, https:\/\/o-seznam.cz\/napoveda\/prohlizece\/wp-content\/uploads\/sites\/17\/2025\/07\/opera-geo-7-25-4-320x193.png 320w, https:\/\/o-seznam.cz\/napoveda\/prohlizece\/wp-content\/uploads\/sites\/17\/2025\/07\/opera-geo-7-25-4-768x463.png 768w\" sizes=\"auto, (max-width: 802px) 100vw, 802px\" \/>\t<\/div>\n\n\t<div class=\"mediaText__content is-layout-flow\">\n\n<ol start=\"7\" class=\"wp-block-list is-style-circle\">\n<li>Pokud chcete povolit p\u0159\u00edstup konkr\u00e9tn\u00edmu webu:\n<ul class=\"wp-block-list\">\n<li>Otev\u0159ete dan\u00fd web.<\/li>\n\n\n\n<li>Klikn\u011bte na\u00a0<strong>ikonu z\u00e1mku<\/strong>\u00a0vlevo od adresn\u00edho \u0159\u00e1dku.<\/li>\n\n\n\n<li>Klikn\u011bte na\u00a0<strong>Nastaven\u00ed webu<\/strong>.<\/li>\n<\/ul>\n<\/li>\n<\/ol>\n\n<\/div>\t\n<\/div>\n\n\n<div class=\"mediaText is-position-left is-orientation-landscape is-style-default\">\n\t\n\t<div class=\"mediaText__media\">\n\t\t<img loading=\"lazy\" decoding=\"async\" width=\"1984\" height=\"960\" src=\"https:\/\/o-seznam.cz\/napoveda\/prohlizece\/wp-content\/uploads\/sites\/17\/2025\/07\/opera-geo-7-25-5-1984x960.png\" class=\"\" alt=\"\" srcset=\"https:\/\/o-seznam.cz\/napoveda\/prohlizece\/wp-content\/uploads\/sites\/17\/2025\/07\/opera-geo-7-25-5-1984x960.png 1984w, https:\/\/o-seznam.cz\/napoveda\/prohlizece\/wp-content\/uploads\/sites\/17\/2025\/07\/opera-geo-7-25-5-992x480.png 992w, https:\/\/o-seznam.cz\/napoveda\/prohlizece\/wp-content\/uploads\/sites\/17\/2025\/07\/opera-geo-7-25-5-320x155.png 320w, https:\/\/o-seznam.cz\/napoveda\/prohlizece\/wp-content\/uploads\/sites\/17\/2025\/07\/opera-geo-7-25-5-768x371.png 768w, https:\/\/o-seznam.cz\/napoveda\/prohlizece\/wp-content\/uploads\/sites\/17\/2025\/07\/opera-geo-7-25-5-1536x743.png 1536w, https:\/\/o-seznam.cz\/napoveda\/prohlizece\/wp-content\/uploads\/sites\/17\/2025\/07\/opera-geo-7-25-5.png 2026w\" sizes=\"auto, (max-width: 1984px) 100vw, 1984px\" \/>\t<\/div>\n\n\t<div class=\"mediaText__content is-layout-flow\">\n\n<ol start=\"8\" class=\"wp-block-list is-style-circle\">\n<li>Zobraz\u00ed se str\u00e1nka s nastaven\u00edm opr\u00e1vn\u011bn\u00ed dan\u00e9 str\u00e1nky, kde nastav\u00edte Poloha na\u00a0<strong>Zeptat<\/strong>\u00a0se nebo\u00a0<strong>Povolit<\/strong>.<\/li>\n\n\n\n<li>Obnovte str\u00e1nku, aby se zm\u011bny projevily.<\/li>\n<\/ol>\n\n<\/div>\t\n<\/div>\n<\/div>\n","protected":false},"excerpt":{"rendered":"<p>Jak nastavit geolokaci v Opera:<\/p>\n","protected":false},"author":67,"featured_media":0,"parent":23,"menu_order":0,"comment_status":"closed","ping_status":"closed","template":"page-sidemenu","meta":{"_acf_changed":false,"_relevanssi_hide_post":"","_relevanssi_hide_content":"","_relevanssi_pin_for_all":"","_relevanssi_pin_keywords":"","_relevanssi_unpin_keywords":"","_relevanssi_related_keywords":"","_relevanssi_related_include_ids":"","_relevanssi_related_exclude_ids":"","_relevanssi_related_no_append":"","_relevanssi_related_not_related":"","_relevanssi_related_posts":"","_relevanssi_noindex_reason":"","footnotes":""},"page_category":[23],"page_tag":[],"service_status_category":[],"class_list":["post-1261","page","type-page","status-publish","hentry"],"acf":[],"_links":{"self":[{"href":"https:\/\/o-seznam.cz\/napoveda\/prohlizece\/wp-json\/wp\/v2\/pages\/1261","targetHints":{"allow":["GET"]}}],"collection":[{"href":"https:\/\/o-seznam.cz\/napoveda\/prohlizece\/wp-json\/wp\/v2\/pages"}],"about":[{"href":"https:\/\/o-seznam.cz\/napoveda\/prohlizece\/wp-json\/wp\/v2\/types\/page"}],"author":[{"embeddable":true,"href":"https:\/\/o-seznam.cz\/napoveda\/prohlizece\/wp-json\/wp\/v2\/users\/67"}],"replies":[{"embeddable":true,"href":"https:\/\/o-seznam.cz\/napoveda\/prohlizece\/wp-json\/wp\/v2\/comments?post=1261"}],"version-history":[{"count":12,"href":"https:\/\/o-seznam.cz\/napoveda\/prohlizece\/wp-json\/wp\/v2\/pages\/1261\/revisions"}],"predecessor-version":[{"id":1278,"href":"https:\/\/o-seznam.cz\/napoveda\/prohlizece\/wp-json\/wp\/v2\/pages\/1261\/revisions\/1278"}],"up":[{"embeddable":true,"href":"https:\/\/o-seznam.cz\/napoveda\/prohlizece\/wp-json\/wp\/v2\/pages\/23"}],"wp:attachment":[{"href":"https:\/\/o-seznam.cz\/napoveda\/prohlizece\/wp-json\/wp\/v2\/media?parent=1261"}],"wp:term":[{"taxonomy":"page_category","embeddable":true,"href":"https:\/\/o-seznam.cz\/napoveda\/prohlizece\/wp-json\/wp\/v2\/page_category?post=1261"},{"taxonomy":"page_tag","embeddable":true,"href":"https:\/\/o-seznam.cz\/napoveda\/prohlizece\/wp-json\/wp\/v2\/page_tag?post=1261"},{"taxonomy":"service_status_category","embeddable":true,"href":"https:\/\/o-seznam.cz\/napoveda\/prohlizece\/wp-json\/wp\/v2\/service_status_category?post=1261"}],"curies":[{"name":"wp","href":"https:\/\/api.w.org\/{rel}","templated":true}]}}