{"id":125,"date":"2024-10-23T14:42:10","date_gmt":"2024-10-23T12:42:10","guid":{"rendered":"https:\/\/o-seznam.cz\/napoveda\/prohlizece\/?page_id=125"},"modified":"2024-12-15T22:49:19","modified_gmt":"2024-12-15T21:49:19","slug":"odstraneni-hesla","status":"publish","type":"page","link":"https:\/\/o-seznam.cz\/napoveda\/prohlizece\/mozilla-firefox\/odstraneni-hesla\/","title":{"rendered":"Odstran\u011bn\u00ed automaticky vypl\u0148ovan\u00e9ho hesla"},"content":{"rendered":"\n<p>Odstran\u011bn\u00ed prohl\u00ed\u017ee\u010dem Mozilla Firefox zapamatovan\u00e9ho a automaticky vkl\u00e1dan\u00e9ho hesla v p\u0159ihla\u0161ovac\u00edm formul\u00e1\u0159i provedete pomoc\u00ed n\u00e1sleduj\u00edc\u00edho postupu:.<\/p>\n\n\n\n<div class=\"wp-block-group is-layout-constrained wp-block-group-is-layout-constrained\"><div class=\"mediaText is-position-left is-orientation-portrait\">\n\t\n\t<div class=\"mediaText__media\">\n\t\t<img loading=\"lazy\" decoding=\"async\" width=\"362\" height=\"462\" src=\"https:\/\/o-seznam.cz\/napoveda\/prohlizece\/wp-content\/uploads\/sites\/17\/2024\/10\/ff-odstraneni-hesla1.png\" class=\"border border-neutral-20 border-solid\" alt=\"\" srcset=\"https:\/\/o-seznam.cz\/napoveda\/prohlizece\/wp-content\/uploads\/sites\/17\/2024\/10\/ff-odstraneni-hesla1.png 362w, https:\/\/o-seznam.cz\/napoveda\/prohlizece\/wp-content\/uploads\/sites\/17\/2024\/10\/ff-odstraneni-hesla1-251x320.png 251w\" sizes=\"auto, (max-width: 362px) 100vw, 362px\" \/>\t<\/div>\n\n\t<div class=\"mediaText__content is-layout-flow\">\n\n<div class=\"wp-block-group is-layout-constrained wp-container-core-group-is-layout-beff7c7e wp-block-group-is-layout-constrained\">\n<ol class=\"wp-block-list is-style-circle\">\n<li>V prav\u00e9 horn\u00ed \u010d\u00e1sti okna klikn\u011bte na tla\u010d\u00edtko&nbsp;<img loading=\"lazy\" decoding=\"async\" width=\"28\" height=\"32\" class=\"inline-image wp-image-301\" src=\"https:\/\/o-seznam.cz\/napoveda\/prohlizece\/wp-content\/uploads\/sites\/17\/2024\/10\/ff-nastaveni.png\" alt=\"\">&nbsp;a v menu klikn\u011bte na <strong>Hesla<\/strong>.<\/li>\n<\/ol>\n<\/div>\n\n<\/div>\t\n<\/div>\n\n\n<div class=\"mediaText is-position-right is-orientation-landscape\">\n\t\n\t<div class=\"mediaText__media\">\n\t\t<img loading=\"lazy\" decoding=\"async\" width=\"1231\" height=\"462\" src=\"https:\/\/o-seznam.cz\/napoveda\/prohlizece\/wp-content\/uploads\/sites\/17\/2024\/10\/ff-odstraneni-hesla2.png\" class=\"border border-neutral-20 border-solid\" alt=\"\" srcset=\"https:\/\/o-seznam.cz\/napoveda\/prohlizece\/wp-content\/uploads\/sites\/17\/2024\/10\/ff-odstraneni-hesla2.png 1231w, https:\/\/o-seznam.cz\/napoveda\/prohlizece\/wp-content\/uploads\/sites\/17\/2024\/10\/ff-odstraneni-hesla2-992x372.png 992w, https:\/\/o-seznam.cz\/napoveda\/prohlizece\/wp-content\/uploads\/sites\/17\/2024\/10\/ff-odstraneni-hesla2-320x120.png 320w, https:\/\/o-seznam.cz\/napoveda\/prohlizece\/wp-content\/uploads\/sites\/17\/2024\/10\/ff-odstraneni-hesla2-768x288.png 768w\" sizes=\"auto, (max-width: 1231px) 100vw, 1231px\" \/>\t<\/div>\n\n\t<div class=\"mediaText__content is-layout-flow\">\n\n<div class=\"wp-block-group is-layout-constrained wp-container-core-group-is-layout-beff7c7e wp-block-group-is-layout-constrained\">\n<ol start=\"2\" class=\"wp-block-list is-style-circle\">\n<li>Zobraz\u00ed se okno s ulo\u017een\u00fdmi p\u0159ihla\u0161ovac\u00edmy \u00fadaji. Kliknete na str\u00e1nky, kde chcete heslo odstranit a pot\u00e9 v prav\u00e9m horn\u00edm rohu klikn\u011bte na <strong>Odstranit<\/strong><\/li>\n<\/ol>\n<\/div>\n\n<\/div>\t\n<\/div>\n<\/div>\n\n\n\n<div class=\"wp-block-seznam-box is-layout-flow wp-block-seznam-box-is-layout-flow\">\n<p>Z bezpe\u010dnostn\u00edho hlediska je lep\u0161\u00ed hesla v prohl\u00ed\u017ee\u010di neukl\u00e1dat. Automaticky vypl\u0148ovan\u00e9 heslo p\u0159in\u00e1\u0161\u00ed mj. i riziko, \u017ee heslo zapomenete.<\/p>\n<\/div>\n","protected":false},"excerpt":{"rendered":"<p>Odstran\u011bn\u00ed prohl\u00ed\u017ee\u010dem Mozilla Firefox zapamatovan\u00e9ho a automaticky vkl\u00e1dan\u00e9ho hesla v p\u0159ihla\u0161ovac\u00edm formul\u00e1\u0159i provedete pomoc\u00ed n\u00e1sleduj\u00edc\u00edho postupu:.<\/p>\n","protected":false},"author":12,"featured_media":0,"parent":32,"menu_order":0,"comment_status":"closed","ping_status":"closed","template":"page-sidemenu","meta":{"_acf_changed":false,"_relevanssi_hide_post":"","_relevanssi_hide_content":"","_relevanssi_pin_for_all":"","_relevanssi_pin_keywords":"","_relevanssi_unpin_keywords":"","_relevanssi_related_keywords":"","_relevanssi_related_include_ids":"","_relevanssi_related_exclude_ids":"","_relevanssi_related_no_append":"","_relevanssi_related_not_related":"","_relevanssi_related_posts":"","_relevanssi_noindex_reason":"","footnotes":""},"page_category":[22],"page_tag":[],"service_status_category":[],"class_list":["post-125","page","type-page","status-publish","hentry"],"acf":[],"_links":{"self":[{"href":"https:\/\/o-seznam.cz\/napoveda\/prohlizece\/wp-json\/wp\/v2\/pages\/125","targetHints":{"allow":["GET"]}}],"collection":[{"href":"https:\/\/o-seznam.cz\/napoveda\/prohlizece\/wp-json\/wp\/v2\/pages"}],"about":[{"href":"https:\/\/o-seznam.cz\/napoveda\/prohlizece\/wp-json\/wp\/v2\/types\/page"}],"author":[{"embeddable":true,"href":"https:\/\/o-seznam.cz\/napoveda\/prohlizece\/wp-json\/wp\/v2\/users\/12"}],"replies":[{"embeddable":true,"href":"https:\/\/o-seznam.cz\/napoveda\/prohlizece\/wp-json\/wp\/v2\/comments?post=125"}],"version-history":[{"count":10,"href":"https:\/\/o-seznam.cz\/napoveda\/prohlizece\/wp-json\/wp\/v2\/pages\/125\/revisions"}],"predecessor-version":[{"id":1104,"href":"https:\/\/o-seznam.cz\/napoveda\/prohlizece\/wp-json\/wp\/v2\/pages\/125\/revisions\/1104"}],"up":[{"embeddable":true,"href":"https:\/\/o-seznam.cz\/napoveda\/prohlizece\/wp-json\/wp\/v2\/pages\/32"}],"wp:attachment":[{"href":"https:\/\/o-seznam.cz\/napoveda\/prohlizece\/wp-json\/wp\/v2\/media?parent=125"}],"wp:term":[{"taxonomy":"page_category","embeddable":true,"href":"https:\/\/o-seznam.cz\/napoveda\/prohlizece\/wp-json\/wp\/v2\/page_category?post=125"},{"taxonomy":"page_tag","embeddable":true,"href":"https:\/\/o-seznam.cz\/napoveda\/prohlizece\/wp-json\/wp\/v2\/page_tag?post=125"},{"taxonomy":"service_status_category","embeddable":true,"href":"https:\/\/o-seznam.cz\/napoveda\/prohlizece\/wp-json\/wp\/v2\/service_status_category?post=125"}],"curies":[{"name":"wp","href":"https:\/\/api.w.org\/{rel}","templated":true}]}}