{"id":1241,"date":"2025-07-25T12:22:23","date_gmt":"2025-07-25T10:22:23","guid":{"rendered":"https:\/\/o-seznam.cz\/napoveda\/prohlizece\/?page_id=1241"},"modified":"2025-07-25T12:22:23","modified_gmt":"2025-07-25T10:22:23","slug":"nastaveni-geolokace","status":"publish","type":"page","link":"https:\/\/o-seznam.cz\/napoveda\/prohlizece\/microsoft-edge\/nastaveni-geolokace\/","title":{"rendered":"Nastaven\u00ed geolokace \u2013 MS Edge"},"content":{"rendered":"\n<p>Jak nastavit geolokaci v Microsoft Edge:<\/p>\n\n\n\n<div class=\"wp-block-group is-layout-constrained wp-block-group-is-layout-constrained\"><div class=\"mediaText is-position-left is-orientation-portrait is-style-default\">\n\t\n\t<div class=\"mediaText__media\">\n\t\t<img loading=\"lazy\" decoding=\"async\" width=\"1176\" height=\"1262\" src=\"https:\/\/o-seznam.cz\/napoveda\/prohlizece\/wp-content\/uploads\/sites\/17\/2025\/07\/edge-geo-7-25-1.png\" class=\"\" alt=\"\" srcset=\"https:\/\/o-seznam.cz\/napoveda\/prohlizece\/wp-content\/uploads\/sites\/17\/2025\/07\/edge-geo-7-25-1.png 1176w, https:\/\/o-seznam.cz\/napoveda\/prohlizece\/wp-content\/uploads\/sites\/17\/2025\/07\/edge-geo-7-25-1-924x992.png 924w, https:\/\/o-seznam.cz\/napoveda\/prohlizece\/wp-content\/uploads\/sites\/17\/2025\/07\/edge-geo-7-25-1-298x320.png 298w, https:\/\/o-seznam.cz\/napoveda\/prohlizece\/wp-content\/uploads\/sites\/17\/2025\/07\/edge-geo-7-25-1-768x824.png 768w\" sizes=\"auto, (max-width: 1176px) 100vw, 1176px\" \/>\t<\/div>\n\n\t<div class=\"mediaText__content is-layout-flow\">\n\n<ol class=\"wp-block-list is-style-circle\">\n<li>Klikn\u011bte na\u00a0<strong>ikonu t\u0159\u00ed te\u010dek<\/strong>\u00a0v prav\u00e9m horn\u00edm rohu (\u22ee)<\/li>\n\n\n\n<li>vyberte\u00a0<strong>Nastaven\u00ed<\/strong>.<\/li>\n<\/ol>\n\n<\/div>\t\n<\/div>\n\n\n<div class=\"mediaText is-position-right is-orientation-landscape is-style-default\">\n\t\n\t<div class=\"mediaText__media\">\n\t\t<img loading=\"lazy\" decoding=\"async\" width=\"1984\" height=\"1054\" src=\"https:\/\/o-seznam.cz\/napoveda\/prohlizece\/wp-content\/uploads\/sites\/17\/2025\/07\/edge-geo-7-25-2-1984x1054.png\" class=\"\" alt=\"\" srcset=\"https:\/\/o-seznam.cz\/napoveda\/prohlizece\/wp-content\/uploads\/sites\/17\/2025\/07\/edge-geo-7-25-2-1984x1054.png 1984w, https:\/\/o-seznam.cz\/napoveda\/prohlizece\/wp-content\/uploads\/sites\/17\/2025\/07\/edge-geo-7-25-2-992x527.png 992w, https:\/\/o-seznam.cz\/napoveda\/prohlizece\/wp-content\/uploads\/sites\/17\/2025\/07\/edge-geo-7-25-2-320x170.png 320w, https:\/\/o-seznam.cz\/napoveda\/prohlizece\/wp-content\/uploads\/sites\/17\/2025\/07\/edge-geo-7-25-2-768x408.png 768w, https:\/\/o-seznam.cz\/napoveda\/prohlizece\/wp-content\/uploads\/sites\/17\/2025\/07\/edge-geo-7-25-2-1536x816.png 1536w, https:\/\/o-seznam.cz\/napoveda\/prohlizece\/wp-content\/uploads\/sites\/17\/2025\/07\/edge-geo-7-25-2-2048x1088.png 2048w\" sizes=\"auto, (max-width: 1984px) 100vw, 1984px\" \/>\t<\/div>\n\n\t<div class=\"mediaText__content is-layout-flow\">\n\n<ol start=\"3\" class=\"wp-block-list is-style-circle\">\n<li>V lev\u00e9m menu p\u0159ejd\u011bte na\u00a0<strong>Ochrana osobn\u00edch \u00fadaj\u016f, vyhled\u00e1v\u00e1n\u00ed a slu\u017eby<\/strong>\u00a0\u2192\u00a0<strong>Opr\u00e1vn\u011bn\u00ed pro web<\/strong>\u00a0\u2192\u00a0<strong>V\u0161echna opr\u00e1vn\u011bn\u00ed<\/strong>\u00a0\u2192\u00a0<strong>Poloha<\/strong><\/li>\n\n\n\n<li>Ujist\u011bte se, \u017ee je zapnut\u00e1 mo\u017enost \u201eP\u0159ed p\u0159\u00edstupem zobrazit dotaz\u201c.<\/li>\n<\/ol>\n\n<\/div>\t\n<\/div>\n\n\n<div class=\"mediaText is-position-left is-orientation-landscape is-style-default\">\n\t\n\t<div class=\"mediaText__media\">\n\t\t<img loading=\"lazy\" decoding=\"async\" width=\"806\" height=\"466\" src=\"https:\/\/o-seznam.cz\/napoveda\/prohlizece\/wp-content\/uploads\/sites\/17\/2025\/07\/edge-geo-7-25-3.png\" class=\"\" alt=\"\" srcset=\"https:\/\/o-seznam.cz\/napoveda\/prohlizece\/wp-content\/uploads\/sites\/17\/2025\/07\/edge-geo-7-25-3.png 806w, https:\/\/o-seznam.cz\/napoveda\/prohlizece\/wp-content\/uploads\/sites\/17\/2025\/07\/edge-geo-7-25-3-320x185.png 320w, https:\/\/o-seznam.cz\/napoveda\/prohlizece\/wp-content\/uploads\/sites\/17\/2025\/07\/edge-geo-7-25-3-768x444.png 768w\" sizes=\"auto, (max-width: 806px) 100vw, 806px\" \/>\t<\/div>\n\n\t<div class=\"mediaText__content is-layout-flow\">\n\n<ol start=\"5\" class=\"wp-block-list is-style-circle\">\n<li>Pokud chcete povolit geolokaci konkr\u00e9tn\u00edmu webu:\n<ul class=\"wp-block-list\">\n<li>Otev\u0159ete po\u017eadovan\u00fd web.<\/li>\n\n\n\n<li>Klikn\u011bte na\u00a0<strong>ikonu z\u00e1mku<\/strong>\u00a0vlevo od adresn\u00edho \u0159\u00e1dku.<\/li>\n\n\n\n<li>Klikn\u011bte na\u00a0<strong>Opr\u00e1vn\u011bn\u00ed pro tuto str\u00e1nku<\/strong>.<\/li>\n<\/ul>\n<\/li>\n<\/ol>\n\n<\/div>\t\n<\/div>\n\n\n<div class=\"mediaText is-position-right is-orientation-landscape is-style-default\">\n\t\n\t<div class=\"mediaText__media\">\n\t\t<img loading=\"lazy\" decoding=\"async\" width=\"1984\" height=\"997\" src=\"https:\/\/o-seznam.cz\/napoveda\/prohlizece\/wp-content\/uploads\/sites\/17\/2025\/07\/edge-geo-7-25-4-1984x997.png\" class=\"\" alt=\"\" srcset=\"https:\/\/o-seznam.cz\/napoveda\/prohlizece\/wp-content\/uploads\/sites\/17\/2025\/07\/edge-geo-7-25-4-1984x997.png 1984w, https:\/\/o-seznam.cz\/napoveda\/prohlizece\/wp-content\/uploads\/sites\/17\/2025\/07\/edge-geo-7-25-4-992x498.png 992w, https:\/\/o-seznam.cz\/napoveda\/prohlizece\/wp-content\/uploads\/sites\/17\/2025\/07\/edge-geo-7-25-4-320x161.png 320w, https:\/\/o-seznam.cz\/napoveda\/prohlizece\/wp-content\/uploads\/sites\/17\/2025\/07\/edge-geo-7-25-4-768x386.png 768w, https:\/\/o-seznam.cz\/napoveda\/prohlizece\/wp-content\/uploads\/sites\/17\/2025\/07\/edge-geo-7-25-4-1536x772.png 1536w, https:\/\/o-seznam.cz\/napoveda\/prohlizece\/wp-content\/uploads\/sites\/17\/2025\/07\/edge-geo-7-25-4-2048x1029.png 2048w\" sizes=\"auto, (max-width: 1984px) 100vw, 1984px\" \/>\t<\/div>\n\n\t<div class=\"mediaText__content is-layout-flow\">\n\n<ol start=\"6\" class=\"wp-block-list is-style-circle\">\n<li>Zobraz\u00ed se str\u00e1nka s nastaven\u00edm opr\u00e1vn\u011bn\u00ed dan\u00e9 str\u00e1nky, kde nastav\u00edte\u00a0<strong>Poloha<\/strong>\u00a0na\u00a0<strong>Zeptat se<\/strong>\u00a0nebo\u00a0<strong>Povolit<\/strong>.<\/li>\n<\/ol>\n\n\n\n<ol start=\"7\" class=\"wp-block-list is-style-circle\">\n<li>Obnovte str\u00e1nku, aby se zm\u011bny projevily.<\/li>\n<\/ol>\n\n<\/div>\t\n<\/div>\n<\/div>\n","protected":false},"excerpt":{"rendered":"<p>Jak nastavit geolokaci v Microsoft Edge:<\/p>\n","protected":false},"author":67,"featured_media":0,"parent":563,"menu_order":0,"comment_status":"closed","ping_status":"closed","template":"page-sidemenu","meta":{"_acf_changed":false,"_relevanssi_hide_post":"","_relevanssi_hide_content":"","_relevanssi_pin_for_all":"","_relevanssi_pin_keywords":"","_relevanssi_unpin_keywords":"","_relevanssi_related_keywords":"","_relevanssi_related_include_ids":"","_relevanssi_related_exclude_ids":"","_relevanssi_related_no_append":"","_relevanssi_related_not_related":"","_relevanssi_related_posts":"","_relevanssi_noindex_reason":"","footnotes":""},"page_category":[21],"page_tag":[],"service_status_category":[],"class_list":["post-1241","page","type-page","status-publish","hentry"],"acf":[],"_links":{"self":[{"href":"https:\/\/o-seznam.cz\/napoveda\/prohlizece\/wp-json\/wp\/v2\/pages\/1241","targetHints":{"allow":["GET"]}}],"collection":[{"href":"https:\/\/o-seznam.cz\/napoveda\/prohlizece\/wp-json\/wp\/v2\/pages"}],"about":[{"href":"https:\/\/o-seznam.cz\/napoveda\/prohlizece\/wp-json\/wp\/v2\/types\/page"}],"author":[{"embeddable":true,"href":"https:\/\/o-seznam.cz\/napoveda\/prohlizece\/wp-json\/wp\/v2\/users\/67"}],"replies":[{"embeddable":true,"href":"https:\/\/o-seznam.cz\/napoveda\/prohlizece\/wp-json\/wp\/v2\/comments?post=1241"}],"version-history":[{"count":9,"href":"https:\/\/o-seznam.cz\/napoveda\/prohlizece\/wp-json\/wp\/v2\/pages\/1241\/revisions"}],"predecessor-version":[{"id":1258,"href":"https:\/\/o-seznam.cz\/napoveda\/prohlizece\/wp-json\/wp\/v2\/pages\/1241\/revisions\/1258"}],"up":[{"embeddable":true,"href":"https:\/\/o-seznam.cz\/napoveda\/prohlizece\/wp-json\/wp\/v2\/pages\/563"}],"wp:attachment":[{"href":"https:\/\/o-seznam.cz\/napoveda\/prohlizece\/wp-json\/wp\/v2\/media?parent=1241"}],"wp:term":[{"taxonomy":"page_category","embeddable":true,"href":"https:\/\/o-seznam.cz\/napoveda\/prohlizece\/wp-json\/wp\/v2\/page_category?post=1241"},{"taxonomy":"page_tag","embeddable":true,"href":"https:\/\/o-seznam.cz\/napoveda\/prohlizece\/wp-json\/wp\/v2\/page_tag?post=1241"},{"taxonomy":"service_status_category","embeddable":true,"href":"https:\/\/o-seznam.cz\/napoveda\/prohlizece\/wp-json\/wp\/v2\/service_status_category?post=1241"}],"curies":[{"name":"wp","href":"https:\/\/api.w.org\/{rel}","templated":true}]}}