{"id":123,"date":"2024-10-23T14:38:09","date_gmt":"2024-10-23T12:38:09","guid":{"rendered":"https:\/\/o-seznam.cz\/napoveda\/prohlizece\/?page_id=123"},"modified":"2024-11-25T15:29:11","modified_gmt":"2024-11-25T14:29:11","slug":"anonymni-prohlizeni","status":"publish","type":"page","link":"https:\/\/o-seznam.cz\/napoveda\/prohlizece\/mozilla-firefox\/anonymni-prohlizeni\/","title":{"rendered":"Anonymn\u00ed prohl\u00ed\u017eeni"},"content":{"rendered":"\n<div class=\"wp-block-group is-layout-constrained wp-block-group-is-layout-constrained\">\n<p>Funkce anonymn\u00edho prohl\u00ed\u017een\u00ed je v prohl\u00ed\u017ee\u010di Mozilla Firefox nazv\u00e1na &#8222;<strong>Anonymn\u00ed okno<\/strong>&#8220; a aktivujete ji jedn\u00edm z n\u00e1sleduj\u00edc\u00edch postup\u016f:<\/p>\n\n\n<div class=\"mediaText is-position-left is-orientation-landscape\">\n\t\n\t<div class=\"mediaText__media\">\n\t\t<img loading=\"lazy\" decoding=\"async\" width=\"274\" height=\"188\" src=\"https:\/\/o-seznam.cz\/napoveda\/prohlizece\/wp-content\/uploads\/sites\/17\/2024\/10\/snimek-obrazovky-2024-10-29-133838.png\" class=\"border border-neutral-20 border-solid\" alt=\"\" \/>\t<\/div>\n\n\t<div class=\"mediaText__content is-layout-flow\">\n\n<div class=\"wp-block-group is-layout-constrained wp-container-core-group-is-layout-beff7c7e wp-block-group-is-layout-constrained\">\n<ol class=\"wp-block-list is-style-circle\">\n<li>Spus\u0165te prohl\u00ed\u017ee\u010d, v prav\u00e9 horn\u00ed \u010d\u00e1sti obrazovky klikn\u011bte na tla\u010d\u00edtko <img loading=\"lazy\" decoding=\"async\" width=\"28\" height=\"32\" class=\"inline-image wp-image-301\" src=\"https:\/\/o-seznam.cz\/napoveda\/prohlizece\/wp-content\/uploads\/sites\/17\/2024\/10\/ff-nastaveni.png\" alt=\"\">&nbsp;a z menu vyberte &#8222;<strong>Nov\u00e9 anonymn\u00ed okno<\/strong>&#8222;.<\/li>\n<\/ol>\n<\/div>\n\n<\/div>\t\n<\/div>\n\n\n<div class=\"mediaText is-position-right is-orientation-landscape\">\n\t\n\t<div class=\"mediaText__media\">\n\t\t<img loading=\"lazy\" decoding=\"async\" width=\"1048\" height=\"857\" src=\"https:\/\/o-seznam.cz\/napoveda\/prohlizece\/wp-content\/uploads\/sites\/17\/2024\/10\/ff-anonym2.png\" class=\"border border-neutral-20 border-solid\" alt=\"\" srcset=\"https:\/\/o-seznam.cz\/napoveda\/prohlizece\/wp-content\/uploads\/sites\/17\/2024\/10\/ff-anonym2.png 1048w, https:\/\/o-seznam.cz\/napoveda\/prohlizece\/wp-content\/uploads\/sites\/17\/2024\/10\/ff-anonym2-992x811.png 992w, https:\/\/o-seznam.cz\/napoveda\/prohlizece\/wp-content\/uploads\/sites\/17\/2024\/10\/ff-anonym2-320x262.png 320w, https:\/\/o-seznam.cz\/napoveda\/prohlizece\/wp-content\/uploads\/sites\/17\/2024\/10\/ff-anonym2-768x628.png 768w\" sizes=\"auto, (max-width: 1048px) 100vw, 1048px\" \/>\t<\/div>\n\n\t<div class=\"mediaText__content is-layout-flow\">\n\n<div class=\"wp-block-group is-layout-constrained wp-container-core-group-is-layout-beff7c7e wp-block-group-is-layout-constrained\">\n<ol start=\"2\" class=\"wp-block-list is-style-circle\">\n<li>Otev\u0159e se nov\u00e9 okno prohl\u00ed\u017ee\u010de ji\u017e v anonymn\u00edm re\u017eimu a s vysv\u011btluj\u00edc\u00edmi popisky.<\/li>\n<\/ol>\n<\/div>\n\n<\/div>\t\n<\/div>\n\n\n<div class=\"mediaText is-position-left is-orientation-landscape\">\n\t\n\t<div class=\"mediaText__media\">\n\t\t<img loading=\"lazy\" decoding=\"async\" width=\"427\" height=\"120\" src=\"https:\/\/o-seznam.cz\/napoveda\/prohlizece\/wp-content\/uploads\/sites\/17\/2024\/10\/ff-anonym3.png\" class=\"border border-neutral-20 border-solid\" alt=\"\" srcset=\"https:\/\/o-seznam.cz\/napoveda\/prohlizece\/wp-content\/uploads\/sites\/17\/2024\/10\/ff-anonym3.png 427w, https:\/\/o-seznam.cz\/napoveda\/prohlizece\/wp-content\/uploads\/sites\/17\/2024\/10\/ff-anonym3-320x90.png 320w\" sizes=\"auto, (max-width: 427px) 100vw, 427px\" \/>\t<\/div>\n\n\t<div class=\"mediaText__content is-layout-flow\">\n\n<div class=\"wp-block-group is-layout-constrained wp-container-core-group-is-layout-beff7c7e wp-block-group-is-layout-constrained\">\n<ol start=\"3\" class=\"wp-block-list is-style-circle\">\n<li>Anonymn\u00ed okno je v\u017edy ozna\u010deno v prav\u00e9m horn\u00edm rohu obr\u00e1zkem anonymn\u00edho re\u017eimu.<\/li>\n\n\n\n<li>Re\u017eim Anonymn\u00edho okna ukon\u010d\u00edte zav\u0159en\u00edm tohoto okna prohl\u00ed\u017ee\u010de. mo\u017enost\u00ed zvolte:<\/li>\n<\/ol>\n<\/div>\n\n<\/div>\t\n<\/div>\n<\/div>\n\n\n\n<p>V anonymn\u00edm re\u017eimu je mo\u017en\u00e9 m\u00edt spu\u0161t\u011bno pouze jedno okno prohl\u00ed\u017ee\u010de. V jednu chv\u00edli tedy m\u016f\u017eete b\u00fdt p\u0159ihl\u00e1\u0161en\u00ed v jednom prohl\u00ed\u017ee\u010di pouze ke dv\u011b r\u016fzn\u00fdm \u00fa\u010dt\u016fm na Seznamu.&nbsp; <em>Ukon\u010den\u00edm anonymn\u00edho re\u017eimu prohl\u00ed\u017een\u00ed se ve\u0161ker\u00e9 do\u010dasn\u011b zapamatovan\u00e9 informace o p\u0159ihl\u00e1\u0161en\u00ed odstran\u00ed. Z tohoto d\u016fvodu nen\u00ed mo\u017en\u00e9 vyu\u017e\u00edt p\u0159i anonymn\u00edm prohl\u00ed\u017een\u00ed nap\u0159. funkci trval\u00e9ho p\u0159ihl\u00e1\u0161en\u00ed ke schr\u00e1nce!<\/em><\/p>\n","protected":false},"excerpt":{"rendered":"<p>Funkce anonymn\u00edho prohl\u00ed\u017een\u00ed je v prohl\u00ed\u017ee\u010di Mozilla Firefox nazv\u00e1na &#8222;Anonymn\u00ed okno&#8220; a aktivujete ji jedn\u00edm z n\u00e1sleduj\u00edc\u00edch postup\u016f: V anonymn\u00edm re\u017eimu je mo\u017en\u00e9 m\u00edt spu\u0161t\u011bno pouze jedno okno prohl\u00ed\u017ee\u010de. V jednu chv\u00edli tedy m\u016f\u017eete b\u00fdt p\u0159ihl\u00e1\u0161en\u00ed v jednom prohl\u00ed\u017ee\u010di pouze ke dv\u011b r\u016fzn\u00fdm \u00fa\u010dt\u016fm na Seznamu.&nbsp; Ukon\u010den\u00edm anonymn\u00edho re\u017eimu prohl\u00ed\u017een\u00ed se ve\u0161ker\u00e9 do\u010dasn\u011b zapamatovan\u00e9 informace [&hellip;]<\/p>\n","protected":false},"author":12,"featured_media":0,"parent":32,"menu_order":1,"comment_status":"closed","ping_status":"closed","template":"page-sidemenu","meta":{"_acf_changed":false,"_relevanssi_hide_post":"","_relevanssi_hide_content":"","_relevanssi_pin_for_all":"","_relevanssi_pin_keywords":"","_relevanssi_unpin_keywords":"","_relevanssi_related_keywords":"","_relevanssi_related_include_ids":"","_relevanssi_related_exclude_ids":"","_relevanssi_related_no_append":"","_relevanssi_related_not_related":"","_relevanssi_related_posts":"","_relevanssi_noindex_reason":"","footnotes":""},"page_category":[22],"page_tag":[],"service_status_category":[],"class_list":["post-123","page","type-page","status-publish","hentry"],"acf":[],"_links":{"self":[{"href":"https:\/\/o-seznam.cz\/napoveda\/prohlizece\/wp-json\/wp\/v2\/pages\/123","targetHints":{"allow":["GET"]}}],"collection":[{"href":"https:\/\/o-seznam.cz\/napoveda\/prohlizece\/wp-json\/wp\/v2\/pages"}],"about":[{"href":"https:\/\/o-seznam.cz\/napoveda\/prohlizece\/wp-json\/wp\/v2\/types\/page"}],"author":[{"embeddable":true,"href":"https:\/\/o-seznam.cz\/napoveda\/prohlizece\/wp-json\/wp\/v2\/users\/12"}],"replies":[{"embeddable":true,"href":"https:\/\/o-seznam.cz\/napoveda\/prohlizece\/wp-json\/wp\/v2\/comments?post=123"}],"version-history":[{"count":5,"href":"https:\/\/o-seznam.cz\/napoveda\/prohlizece\/wp-json\/wp\/v2\/pages\/123\/revisions"}],"predecessor-version":[{"id":961,"href":"https:\/\/o-seznam.cz\/napoveda\/prohlizece\/wp-json\/wp\/v2\/pages\/123\/revisions\/961"}],"up":[{"embeddable":true,"href":"https:\/\/o-seznam.cz\/napoveda\/prohlizece\/wp-json\/wp\/v2\/pages\/32"}],"wp:attachment":[{"href":"https:\/\/o-seznam.cz\/napoveda\/prohlizece\/wp-json\/wp\/v2\/media?parent=123"}],"wp:term":[{"taxonomy":"page_category","embeddable":true,"href":"https:\/\/o-seznam.cz\/napoveda\/prohlizece\/wp-json\/wp\/v2\/page_category?post=123"},{"taxonomy":"page_tag","embeddable":true,"href":"https:\/\/o-seznam.cz\/napoveda\/prohlizece\/wp-json\/wp\/v2\/page_tag?post=123"},{"taxonomy":"service_status_category","embeddable":true,"href":"https:\/\/o-seznam.cz\/napoveda\/prohlizece\/wp-json\/wp\/v2\/service_status_category?post=123"}],"curies":[{"name":"wp","href":"https:\/\/api.w.org\/{rel}","templated":true}]}}