{"id":1229,"date":"2025-07-25T12:00:08","date_gmt":"2025-07-25T10:00:08","guid":{"rendered":"https:\/\/o-seznam.cz\/napoveda\/prohlizece\/?page_id=1229"},"modified":"2025-07-25T12:20:07","modified_gmt":"2025-07-25T10:20:07","slug":"nastaveni-geolokace","status":"publish","type":"page","link":"https:\/\/o-seznam.cz\/napoveda\/prohlizece\/safari-pro-macos\/nastaveni-geolokace\/","title":{"rendered":"Nastaven\u00ed geolokace \u2013 Safari"},"content":{"rendered":"\n<p>Jak nastavit geolokaci v Safari (macOS):<\/p>\n\n\n\n<div class=\"wp-block-group is-layout-constrained wp-block-group-is-layout-constrained\"><div class=\"mediaText is-position-left is-orientation-portrait is-style-default\">\n\t\n\t<div class=\"mediaText__media\">\n\t\t<img loading=\"lazy\" decoding=\"async\" width=\"756\" height=\"818\" src=\"https:\/\/o-seznam.cz\/napoveda\/prohlizece\/wp-content\/uploads\/sites\/17\/2025\/07\/safari-geo-7-25-1.png\" class=\"\" alt=\"\" srcset=\"https:\/\/o-seznam.cz\/napoveda\/prohlizece\/wp-content\/uploads\/sites\/17\/2025\/07\/safari-geo-7-25-1.png 756w, https:\/\/o-seznam.cz\/napoveda\/prohlizece\/wp-content\/uploads\/sites\/17\/2025\/07\/safari-geo-7-25-1-296x320.png 296w\" sizes=\"auto, (max-width: 756px) 100vw, 756px\" \/>\t<\/div>\n\n\t<div class=\"mediaText__content is-layout-flow\">\n\n<ol class=\"wp-block-list is-style-circle\">\n<li>Klikn\u011bte v horn\u00ed li\u0161t\u011b na&nbsp;<strong>Safari \u2192 Nastaven\u00ed<\/strong>&nbsp;(nebo&nbsp;<strong>P\u0159edvolby<\/strong>).<\/li>\n<\/ol>\n\n<\/div>\t\n<\/div>\n\n\n<div class=\"mediaText is-position-right is-orientation-landscape is-style-default\">\n\t\n\t<div class=\"mediaText__media\">\n\t\t<img loading=\"lazy\" decoding=\"async\" width=\"1708\" height=\"1090\" src=\"https:\/\/o-seznam.cz\/napoveda\/prohlizece\/wp-content\/uploads\/sites\/17\/2025\/07\/safari-geo-7-25-2.png\" class=\"\" alt=\"\" srcset=\"https:\/\/o-seznam.cz\/napoveda\/prohlizece\/wp-content\/uploads\/sites\/17\/2025\/07\/safari-geo-7-25-2.png 1708w, https:\/\/o-seznam.cz\/napoveda\/prohlizece\/wp-content\/uploads\/sites\/17\/2025\/07\/safari-geo-7-25-2-992x633.png 992w, https:\/\/o-seznam.cz\/napoveda\/prohlizece\/wp-content\/uploads\/sites\/17\/2025\/07\/safari-geo-7-25-2-320x204.png 320w, https:\/\/o-seznam.cz\/napoveda\/prohlizece\/wp-content\/uploads\/sites\/17\/2025\/07\/safari-geo-7-25-2-768x490.png 768w, https:\/\/o-seznam.cz\/napoveda\/prohlizece\/wp-content\/uploads\/sites\/17\/2025\/07\/safari-geo-7-25-2-1536x980.png 1536w\" sizes=\"auto, (max-width: 1708px) 100vw, 1708px\" \/>\t<\/div>\n\n\t<div class=\"mediaText__content is-layout-flow\">\n\n<ol start=\"2\" class=\"wp-block-list is-style-circle\">\n<li>P\u0159ejd\u011bte na kartu&nbsp;<strong>Webov\u00e9 str\u00e1nky<\/strong>.<\/li>\n\n\n\n<li>V lev\u00e9m menu vyberte&nbsp;<strong>Poloha<\/strong>.<\/li>\n\n\n\n<li>Uvid\u00edte seznam web\u016f, kter\u00e9 po\u017e\u00e1daly o p\u0159\u00edstup k va\u0161\u00ed poloze:\n<ul class=\"wp-block-list\">\n<li>U ka\u017ed\u00e9ho webu nastavte po\u017eadovan\u00e9 opr\u00e1vn\u011bn\u00ed:\u00a0<strong>Povolit<\/strong>\u00a0nebo\u00a0<strong>Zeptat se<\/strong>.<\/li>\n<\/ul>\n<\/li>\n<\/ol>\n\n<\/div>\t\n<\/div>\n\n\n\n<ol start=\"5\" class=\"wp-block-list is-style-circle\">\n<li>Pokud chcete v\u00fdchoz\u00ed chov\u00e1n\u00ed pro v\u0161echny weby, pou\u017eijte mo\u017enost \u201e<strong>P\u0159i n\u00e1v\u0161t\u011bv\u011b jin\u00fdch webov\u00fdch str\u00e1nek<\/strong>\u201c a nastavte:\n<ul class=\"wp-block-list\">\n<li><strong>Povolit<\/strong>\u00a0\u2013 automaticky povolit p\u0159\u00edstup.<\/li>\n\n\n\n<li><strong>Zeptat se<\/strong>&nbsp;\u2013 Safari se v\u017edy zept\u00e1.<\/li>\n<\/ul>\n<\/li>\n\n\n\n<li>Zav\u0159ete nastaven\u00ed.<\/li>\n\n\n\n<li>Obnovte str\u00e1nku, kter\u00e1 geolokaci pot\u0159ebuje, aby se zm\u011bny projevily.<\/li>\n<\/ol>\n<\/div>\n","protected":false},"excerpt":{"rendered":"<p>Jak nastavit geolokaci v Safari (macOS):<\/p>\n","protected":false},"author":67,"featured_media":0,"parent":29,"menu_order":0,"comment_status":"closed","ping_status":"closed","template":"page-sidemenu","meta":{"_acf_changed":false,"_relevanssi_hide_post":"","_relevanssi_hide_content":"","_relevanssi_pin_for_all":"","_relevanssi_pin_keywords":"","_relevanssi_unpin_keywords":"","_relevanssi_related_keywords":"","_relevanssi_related_include_ids":"","_relevanssi_related_exclude_ids":"","_relevanssi_related_no_append":"","_relevanssi_related_not_related":"","_relevanssi_related_posts":"","_relevanssi_noindex_reason":"","footnotes":""},"page_category":[25],"page_tag":[],"service_status_category":[],"class_list":["post-1229","page","type-page","status-publish","hentry"],"acf":[],"_links":{"self":[{"href":"https:\/\/o-seznam.cz\/napoveda\/prohlizece\/wp-json\/wp\/v2\/pages\/1229","targetHints":{"allow":["GET"]}}],"collection":[{"href":"https:\/\/o-seznam.cz\/napoveda\/prohlizece\/wp-json\/wp\/v2\/pages"}],"about":[{"href":"https:\/\/o-seznam.cz\/napoveda\/prohlizece\/wp-json\/wp\/v2\/types\/page"}],"author":[{"embeddable":true,"href":"https:\/\/o-seznam.cz\/napoveda\/prohlizece\/wp-json\/wp\/v2\/users\/67"}],"replies":[{"embeddable":true,"href":"https:\/\/o-seznam.cz\/napoveda\/prohlizece\/wp-json\/wp\/v2\/comments?post=1229"}],"version-history":[{"count":10,"href":"https:\/\/o-seznam.cz\/napoveda\/prohlizece\/wp-json\/wp\/v2\/pages\/1229\/revisions"}],"predecessor-version":[{"id":1257,"href":"https:\/\/o-seznam.cz\/napoveda\/prohlizece\/wp-json\/wp\/v2\/pages\/1229\/revisions\/1257"}],"up":[{"embeddable":true,"href":"https:\/\/o-seznam.cz\/napoveda\/prohlizece\/wp-json\/wp\/v2\/pages\/29"}],"wp:attachment":[{"href":"https:\/\/o-seznam.cz\/napoveda\/prohlizece\/wp-json\/wp\/v2\/media?parent=1229"}],"wp:term":[{"taxonomy":"page_category","embeddable":true,"href":"https:\/\/o-seznam.cz\/napoveda\/prohlizece\/wp-json\/wp\/v2\/page_category?post=1229"},{"taxonomy":"page_tag","embeddable":true,"href":"https:\/\/o-seznam.cz\/napoveda\/prohlizece\/wp-json\/wp\/v2\/page_tag?post=1229"},{"taxonomy":"service_status_category","embeddable":true,"href":"https:\/\/o-seznam.cz\/napoveda\/prohlizece\/wp-json\/wp\/v2\/service_status_category?post=1229"}],"curies":[{"name":"wp","href":"https:\/\/api.w.org\/{rel}","templated":true}]}}