{"id":1215,"date":"2025-07-25T11:24:28","date_gmt":"2025-07-25T09:24:28","guid":{"rendered":"https:\/\/o-seznam.cz\/napoveda\/prohlizece\/?page_id=1215"},"modified":"2025-07-25T12:19:20","modified_gmt":"2025-07-25T10:19:20","slug":"nastaveni-geolokace","status":"publish","type":"page","link":"https:\/\/o-seznam.cz\/napoveda\/prohlizece\/mozilla-firefox\/nastaveni-geolokace\/","title":{"rendered":"Nastaven\u00ed geolokace \u2013 Mozilla Firefox"},"content":{"rendered":"\n<p>Jak nastavit geolokaci ve Firefox:<\/p>\n\n\n\n<div class=\"wp-block-group is-layout-constrained wp-block-group-is-layout-constrained\"><div class=\"mediaText is-position-left is-orientation-portrait is-style-default\">\n\t\n\t<div class=\"mediaText__media\">\n\t\t<img loading=\"lazy\" decoding=\"async\" width=\"1166\" height=\"1326\" src=\"https:\/\/o-seznam.cz\/napoveda\/prohlizece\/wp-content\/uploads\/sites\/17\/2025\/07\/firefox-geo-7-25-1.png\" class=\"\" alt=\"\" srcset=\"https:\/\/o-seznam.cz\/napoveda\/prohlizece\/wp-content\/uploads\/sites\/17\/2025\/07\/firefox-geo-7-25-1.png 1166w, https:\/\/o-seznam.cz\/napoveda\/prohlizece\/wp-content\/uploads\/sites\/17\/2025\/07\/firefox-geo-7-25-1-872x992.png 872w, https:\/\/o-seznam.cz\/napoveda\/prohlizece\/wp-content\/uploads\/sites\/17\/2025\/07\/firefox-geo-7-25-1-281x320.png 281w, https:\/\/o-seznam.cz\/napoveda\/prohlizece\/wp-content\/uploads\/sites\/17\/2025\/07\/firefox-geo-7-25-1-768x873.png 768w\" sizes=\"auto, (max-width: 1166px) 100vw, 1166px\" \/>\t<\/div>\n\n\t<div class=\"mediaText__content is-layout-flow\">\n\n<ol class=\"wp-block-list is-style-circle\">\n<li>Klikn\u011bte na\u00a0<strong>ikonu t\u0159\u00ed \u010d\u00e1rek<\/strong>\u00a0(\u2261) v prav\u00e9m horn\u00edm rohu.<\/li>\n\n\n\n<li>vyberte\u00a0<strong>Nastaven\u00ed<\/strong>.<\/li>\n<\/ol>\n\n<\/div>\t\n<\/div>\n\n\n<div class=\"mediaText is-position-right is-orientation-landscape is-style-default\">\n\t\n\t<div class=\"mediaText__media\">\n\t\t<img loading=\"lazy\" decoding=\"async\" width=\"1984\" height=\"1009\" src=\"https:\/\/o-seznam.cz\/napoveda\/prohlizece\/wp-content\/uploads\/sites\/17\/2025\/07\/firefox-geo-7-25-2-1984x1009.png\" class=\"\" alt=\"\" srcset=\"https:\/\/o-seznam.cz\/napoveda\/prohlizece\/wp-content\/uploads\/sites\/17\/2025\/07\/firefox-geo-7-25-2-1984x1009.png 1984w, https:\/\/o-seznam.cz\/napoveda\/prohlizece\/wp-content\/uploads\/sites\/17\/2025\/07\/firefox-geo-7-25-2-992x504.png 992w, https:\/\/o-seznam.cz\/napoveda\/prohlizece\/wp-content\/uploads\/sites\/17\/2025\/07\/firefox-geo-7-25-2-320x163.png 320w, https:\/\/o-seznam.cz\/napoveda\/prohlizece\/wp-content\/uploads\/sites\/17\/2025\/07\/firefox-geo-7-25-2-768x391.png 768w, https:\/\/o-seznam.cz\/napoveda\/prohlizece\/wp-content\/uploads\/sites\/17\/2025\/07\/firefox-geo-7-25-2-1536x781.png 1536w, https:\/\/o-seznam.cz\/napoveda\/prohlizece\/wp-content\/uploads\/sites\/17\/2025\/07\/firefox-geo-7-25-2-2048x1042.png 2048w\" sizes=\"auto, (max-width: 1984px) 100vw, 1984px\" \/>\t<\/div>\n\n\t<div class=\"mediaText__content is-layout-flow\">\n\n<ol start=\"3\" class=\"wp-block-list is-style-circle\">\n<li>V lev\u00e9m menu p\u0159ejd\u011bte na&nbsp;<strong>Soukrom\u00ed a zabezpe\u010den\u00ed<\/strong>.<\/li>\n\n\n\n<li>Sje\u010fte dol\u016f k \u010d\u00e1sti&nbsp;<strong>Opr\u00e1vn\u011bn\u00ed<\/strong>&nbsp;a najd\u011bte&nbsp;<strong>Poloha<\/strong>.<\/li>\n\n\n\n<li>Klikn\u011bte na&nbsp;<strong>Nastaven\u00ed\u2026<\/strong>&nbsp;vedle polo\u017eky Poloha.<\/li>\n<\/ol>\n\n<\/div>\t\n<\/div>\n\n\n\n<ol start=\"6\" class=\"wp-block-list is-style-circle\">\n<li>Zobraz\u00ed se seznam web\u016f, kter\u00e9 ji\u017e po\u017e\u00e1daly o p\u0159\u00edstup k va\u0161\u00ed poloze.\n<ul class=\"wp-block-list\">\n<li>Pokud chcete povolit konkr\u00e9tn\u00ed web, ujist\u011bte se, \u017ee nen\u00ed nastaven na \u201eBlokovat\u201c.<\/li>\n\n\n\n<li>Pokud chcete, aby se Firefox v\u017edy ptal, ujist\u011bte se, \u017ee nen\u00ed za\u0161krtnuta mo\u017enost \u201eBlokovat nov\u00e9 \u017e\u00e1dosti o p\u0159\u00edstup k \u00fadaj\u016fm o va\u0161\u00ed poloze\u201c.<\/li>\n<\/ul>\n<\/li>\n\n\n\n<li>Zav\u0159ete okno nastaven\u00ed.<\/li>\n\n\n\n<li>Obnovte str\u00e1nku, kter\u00e1 pot\u0159ebuje geolokaci, a ud\u011blte j\u00ed povolen\u00ed, kdy\u017e se zobraz\u00ed dotaz.<\/li>\n<\/ol>\n<\/div>\n","protected":false},"excerpt":{"rendered":"<p>Jak nastavit geolokaci ve Firefox:<\/p>\n","protected":false},"author":67,"featured_media":0,"parent":32,"menu_order":0,"comment_status":"closed","ping_status":"closed","template":"page-sidemenu","meta":{"_acf_changed":false,"_relevanssi_hide_post":"","_relevanssi_hide_content":"","_relevanssi_pin_for_all":"","_relevanssi_pin_keywords":"","_relevanssi_unpin_keywords":"","_relevanssi_related_keywords":"","_relevanssi_related_include_ids":"","_relevanssi_related_exclude_ids":"","_relevanssi_related_no_append":"","_relevanssi_related_not_related":"","_relevanssi_related_posts":"","_relevanssi_noindex_reason":"","footnotes":""},"page_category":[22],"page_tag":[],"service_status_category":[],"class_list":["post-1215","page","type-page","status-publish","hentry"],"acf":[],"_links":{"self":[{"href":"https:\/\/o-seznam.cz\/napoveda\/prohlizece\/wp-json\/wp\/v2\/pages\/1215","targetHints":{"allow":["GET"]}}],"collection":[{"href":"https:\/\/o-seznam.cz\/napoveda\/prohlizece\/wp-json\/wp\/v2\/pages"}],"about":[{"href":"https:\/\/o-seznam.cz\/napoveda\/prohlizece\/wp-json\/wp\/v2\/types\/page"}],"author":[{"embeddable":true,"href":"https:\/\/o-seznam.cz\/napoveda\/prohlizece\/wp-json\/wp\/v2\/users\/67"}],"replies":[{"embeddable":true,"href":"https:\/\/o-seznam.cz\/napoveda\/prohlizece\/wp-json\/wp\/v2\/comments?post=1215"}],"version-history":[{"count":13,"href":"https:\/\/o-seznam.cz\/napoveda\/prohlizece\/wp-json\/wp\/v2\/pages\/1215\/revisions"}],"predecessor-version":[{"id":1256,"href":"https:\/\/o-seznam.cz\/napoveda\/prohlizece\/wp-json\/wp\/v2\/pages\/1215\/revisions\/1256"}],"up":[{"embeddable":true,"href":"https:\/\/o-seznam.cz\/napoveda\/prohlizece\/wp-json\/wp\/v2\/pages\/32"}],"wp:attachment":[{"href":"https:\/\/o-seznam.cz\/napoveda\/prohlizece\/wp-json\/wp\/v2\/media?parent=1215"}],"wp:term":[{"taxonomy":"page_category","embeddable":true,"href":"https:\/\/o-seznam.cz\/napoveda\/prohlizece\/wp-json\/wp\/v2\/page_category?post=1215"},{"taxonomy":"page_tag","embeddable":true,"href":"https:\/\/o-seznam.cz\/napoveda\/prohlizece\/wp-json\/wp\/v2\/page_tag?post=1215"},{"taxonomy":"service_status_category","embeddable":true,"href":"https:\/\/o-seznam.cz\/napoveda\/prohlizece\/wp-json\/wp\/v2\/service_status_category?post=1215"}],"curies":[{"name":"wp","href":"https:\/\/api.w.org\/{rel}","templated":true}]}}