{"id":121,"date":"2024-10-23T14:36:41","date_gmt":"2024-10-23T12:36:41","guid":{"rendered":"https:\/\/o-seznam.cz\/napoveda\/prohlizece\/?page_id=121"},"modified":"2024-12-15T22:47:46","modified_gmt":"2024-12-15T21:47:46","slug":"obnoveni-nastaveni","status":"publish","type":"page","link":"https:\/\/o-seznam.cz\/napoveda\/prohlizece\/mozilla-firefox\/obnoveni-nastaveni\/","title":{"rendered":"Obnoven\u00ed v\u00fdchoz\u00edho nastaven\u00ed"},"content":{"rendered":"\n<div class=\"wp-block-group is-layout-constrained wp-block-group-is-layout-constrained\">\n<p>Pot\u00ed\u017ee s fungov\u00e1n\u00edm a chov\u00e1n\u00edm prohl\u00ed\u017ee\u010de Mozilla Firefox je mo\u017en\u00e9 \u0159e\u0161it resetov\u00e1n\u00edm a smaz\u00e1n\u00edm nastaven\u00ed, kter\u00e9 provedete n\u00e1sledovn\u011b:<\/p>\n\n\n<div class=\"mediaText is-position-left is-orientation-portrait\">\n\t\n\t<div class=\"mediaText__media\">\n\t\t<img loading=\"lazy\" decoding=\"async\" width=\"250\" height=\"604\" src=\"https:\/\/o-seznam.cz\/napoveda\/prohlizece\/wp-content\/uploads\/sites\/17\/2024\/10\/ff-napoveda.png\" class=\"border border-neutral-20 border-solid\" alt=\"\" srcset=\"https:\/\/o-seznam.cz\/napoveda\/prohlizece\/wp-content\/uploads\/sites\/17\/2024\/10\/ff-napoveda.png 250w, https:\/\/o-seznam.cz\/napoveda\/prohlizece\/wp-content\/uploads\/sites\/17\/2024\/10\/ff-napoveda-132x320.png 132w\" sizes=\"auto, (max-width: 250px) 100vw, 250px\" \/>\t<\/div>\n\n\t<div class=\"mediaText__content is-layout-flow\">\n\n<div class=\"wp-block-group is-layout-constrained wp-container-core-group-is-layout-beff7c7e wp-block-group-is-layout-constrained\">\n<ol class=\"wp-block-list is-style-circle\">\n<li>V horn\u00ed \u010d\u00e1sti obrazovky klikn\u011bte na ikonku&nbsp;<img loading=\"lazy\" decoding=\"async\" width=\"28\" height=\"32\" class=\"inline-image wp-image-301\" src=\"https:\/\/o-seznam.cz\/napoveda\/prohlizece\/wp-content\/uploads\/sites\/17\/2024\/10\/ff-nastaveni.png\" alt=\"\">&nbsp;a na konci zobrazen\u00e9ho menu klikn\u011bte na polo\u017eku <strong>N\u00e1pov\u011bda<\/strong>.<\/li>\n<\/ol>\n<\/div>\n\n<\/div>\t\n<\/div>\n\n\n<div class=\"mediaText is-position-right is-orientation-portrait\">\n\t\n\t<div class=\"mediaText__media\">\n\t\t<img loading=\"lazy\" decoding=\"async\" width=\"274\" height=\"285\" src=\"https:\/\/o-seznam.cz\/napoveda\/prohlizece\/wp-content\/uploads\/sites\/17\/2024\/10\/ff-reset1.png\" class=\"border border-neutral-20 border-solid\" alt=\"\" \/>\t<\/div>\n\n\t<div class=\"mediaText__content is-layout-flow\">\n\n<div class=\"wp-block-group is-layout-constrained wp-container-core-group-is-layout-beff7c7e wp-block-group-is-layout-constrained\">\n<ol start=\"2\" class=\"wp-block-list is-style-circle\">\n<li>V n\u00e1sledn\u011b zobrazen\u00e9 nab\u00eddce klikn\u011bte na&nbsp;volbu <strong>Dal\u0161\u00ed technick\u00e9 informace<\/strong>.<\/li>\n<\/ol>\n<\/div>\n\n<\/div>\t\n<\/div>\n\n\n<div class=\"mediaText is-position-left is-orientation-landscape\">\n\t\n\t<div class=\"mediaText__media\">\n\t\t<img loading=\"lazy\" decoding=\"async\" width=\"695\" height=\"525\" src=\"https:\/\/o-seznam.cz\/napoveda\/prohlizece\/wp-content\/uploads\/sites\/17\/2024\/10\/ff-reset1-2.png\" class=\"border border-neutral-20 border-solid\" alt=\"\" srcset=\"https:\/\/o-seznam.cz\/napoveda\/prohlizece\/wp-content\/uploads\/sites\/17\/2024\/10\/ff-reset1-2.png 695w, https:\/\/o-seznam.cz\/napoveda\/prohlizece\/wp-content\/uploads\/sites\/17\/2024\/10\/ff-reset1-2-320x242.png 320w\" sizes=\"auto, (max-width: 695px) 100vw, 695px\" \/>\t<\/div>\n\n\t<div class=\"mediaText__content is-layout-flow\">\n\n<div class=\"wp-block-group is-layout-constrained wp-container-core-group-is-layout-beff7c7e wp-block-group-is-layout-constrained\">\n<ol start=\"3\" class=\"wp-block-list is-style-circle\">\n<li>Na nov\u011b otev\u0159en\u00e9 str\u00e1nce s p\u0159ehledem technick\u00fdch \u00fadaj\u016f prohl\u00ed\u017ee\u010de klikn\u011bte na <strong>Obnovit Firefox<\/strong> \u2013 ta resetuje prohl\u00ed\u017ee\u010d do v\u00fdchoz\u00edho nastaven\u00ed a sma\u017ee nainstalovan\u00e9 dopl\u0148ky.<\/li>\n<\/ol>\n<\/div>\n\n<\/div>\t\n<\/div>\n\n\n<div class=\"mediaText is-position-right is-orientation-landscape\">\n\t\n\t<div class=\"mediaText__media\">\n\t\t<img loading=\"lazy\" decoding=\"async\" width=\"401\" height=\"177\" src=\"https:\/\/o-seznam.cz\/napoveda\/prohlizece\/wp-content\/uploads\/sites\/17\/2024\/10\/ff-restart2.png\" class=\"border border-neutral-20 border-solid\" alt=\"\" srcset=\"https:\/\/o-seznam.cz\/napoveda\/prohlizece\/wp-content\/uploads\/sites\/17\/2024\/10\/ff-restart2.png 401w, https:\/\/o-seznam.cz\/napoveda\/prohlizece\/wp-content\/uploads\/sites\/17\/2024\/10\/ff-restart2-320x141.png 320w\" sizes=\"auto, (max-width: 401px) 100vw, 401px\" \/>\t<\/div>\n\n\t<div class=\"mediaText__content is-layout-flow\">\n\n<ol start=\"4\" class=\"wp-block-list is-style-circle\">\n<li>Potvr\u010fte dotaz kliknut\u00edm na <strong>Obnovit Firefox<\/strong>.<\/li>\n\n\n\n<li>Po potvrzen\u00ed volby se prohl\u00ed\u017ee\u010d ukon\u010d\u00ed a znovu spust\u00ed v z\u00e1kladn\u00edm nastaven\u00ed (st\u00e1le v\u0161ak s va\u0161imi osobn\u00edmi daty jako jsou nap\u0159. z\u00e1lo\u017eky).<\/li>\n<\/ol>\n\n<\/div>\t\n<\/div>\n<\/div>\n","protected":false},"excerpt":{"rendered":"<p>Pot\u00ed\u017ee s fungov\u00e1n\u00edm a chov\u00e1n\u00edm prohl\u00ed\u017ee\u010de Mozilla Firefox je mo\u017en\u00e9 \u0159e\u0161it resetov\u00e1n\u00edm a smaz\u00e1n\u00edm nastaven\u00ed, kter\u00e9 provedete n\u00e1sledovn\u011b:<\/p>\n","protected":false},"author":12,"featured_media":0,"parent":32,"menu_order":5,"comment_status":"closed","ping_status":"closed","template":"page-sidemenu","meta":{"_acf_changed":false,"_relevanssi_hide_post":"","_relevanssi_hide_content":"","_relevanssi_pin_for_all":"","_relevanssi_pin_keywords":"","_relevanssi_unpin_keywords":"","_relevanssi_related_keywords":"","_relevanssi_related_include_ids":"","_relevanssi_related_exclude_ids":"","_relevanssi_related_no_append":"","_relevanssi_related_not_related":"","_relevanssi_related_posts":"","_relevanssi_noindex_reason":"","footnotes":""},"page_category":[22],"page_tag":[],"service_status_category":[],"class_list":["post-121","page","type-page","status-publish","hentry"],"acf":[],"_links":{"self":[{"href":"https:\/\/o-seznam.cz\/napoveda\/prohlizece\/wp-json\/wp\/v2\/pages\/121","targetHints":{"allow":["GET"]}}],"collection":[{"href":"https:\/\/o-seznam.cz\/napoveda\/prohlizece\/wp-json\/wp\/v2\/pages"}],"about":[{"href":"https:\/\/o-seznam.cz\/napoveda\/prohlizece\/wp-json\/wp\/v2\/types\/page"}],"author":[{"embeddable":true,"href":"https:\/\/o-seznam.cz\/napoveda\/prohlizece\/wp-json\/wp\/v2\/users\/12"}],"replies":[{"embeddable":true,"href":"https:\/\/o-seznam.cz\/napoveda\/prohlizece\/wp-json\/wp\/v2\/comments?post=121"}],"version-history":[{"count":10,"href":"https:\/\/o-seznam.cz\/napoveda\/prohlizece\/wp-json\/wp\/v2\/pages\/121\/revisions"}],"predecessor-version":[{"id":1102,"href":"https:\/\/o-seznam.cz\/napoveda\/prohlizece\/wp-json\/wp\/v2\/pages\/121\/revisions\/1102"}],"up":[{"embeddable":true,"href":"https:\/\/o-seznam.cz\/napoveda\/prohlizece\/wp-json\/wp\/v2\/pages\/32"}],"wp:attachment":[{"href":"https:\/\/o-seznam.cz\/napoveda\/prohlizece\/wp-json\/wp\/v2\/media?parent=121"}],"wp:term":[{"taxonomy":"page_category","embeddable":true,"href":"https:\/\/o-seznam.cz\/napoveda\/prohlizece\/wp-json\/wp\/v2\/page_category?post=121"},{"taxonomy":"page_tag","embeddable":true,"href":"https:\/\/o-seznam.cz\/napoveda\/prohlizece\/wp-json\/wp\/v2\/page_tag?post=121"},{"taxonomy":"service_status_category","embeddable":true,"href":"https:\/\/o-seznam.cz\/napoveda\/prohlizece\/wp-json\/wp\/v2\/service_status_category?post=121"}],"curies":[{"name":"wp","href":"https:\/\/api.w.org\/{rel}","templated":true}]}}