{"id":1197,"date":"2025-07-25T10:59:58","date_gmt":"2025-07-25T08:59:58","guid":{"rendered":"https:\/\/o-seznam.cz\/napoveda\/prohlizece\/?page_id=1197"},"modified":"2025-07-25T12:24:05","modified_gmt":"2025-07-25T10:24:05","slug":"nastaveni-geolokace","status":"publish","type":"page","link":"https:\/\/o-seznam.cz\/napoveda\/prohlizece\/google-chrome\/nastaveni-geolokace\/","title":{"rendered":"Nastaven\u00ed geolokace \u2013 Google Chrome"},"content":{"rendered":"\n<p>Jak nastavit geolokaci v Google Chrome:<\/p>\n\n\n\n<div class=\"wp-block-group is-layout-constrained wp-block-group-is-layout-constrained\"><div class=\"mediaText is-position-left is-orientation-portrait is-style-default\">\n\t\n\t<div class=\"mediaText__media\">\n\t\t<img loading=\"lazy\" decoding=\"async\" width=\"1190\" height=\"1264\" src=\"https:\/\/o-seznam.cz\/napoveda\/prohlizece\/wp-content\/uploads\/sites\/17\/2025\/07\/chrome-geo-7-25-1.png\" class=\"\" alt=\"\" srcset=\"https:\/\/o-seznam.cz\/napoveda\/prohlizece\/wp-content\/uploads\/sites\/17\/2025\/07\/chrome-geo-7-25-1.png 1190w, https:\/\/o-seznam.cz\/napoveda\/prohlizece\/wp-content\/uploads\/sites\/17\/2025\/07\/chrome-geo-7-25-1-934x992.png 934w, https:\/\/o-seznam.cz\/napoveda\/prohlizece\/wp-content\/uploads\/sites\/17\/2025\/07\/chrome-geo-7-25-1-301x320.png 301w, https:\/\/o-seznam.cz\/napoveda\/prohlizece\/wp-content\/uploads\/sites\/17\/2025\/07\/chrome-geo-7-25-1-768x816.png 768w\" sizes=\"auto, (max-width: 1190px) 100vw, 1190px\" \/>\t<\/div>\n\n\t<div class=\"mediaText__content is-layout-flow\">\n\n<ol class=\"wp-block-list is-style-circle\">\n<li>Klikn\u011bte na&nbsp;<strong>ikonu t\u0159\u00ed te\u010dek<\/strong>&nbsp;v prav\u00e9m horn\u00edm rohu (\u22ee).<\/li>\n\n\n\n<li>Vyberte&nbsp;<strong>Nastaven\u00ed<\/strong>.<\/li>\n<\/ol>\n\n<\/div>\t\n<\/div>\n\n\n<div class=\"mediaText is-position-right is-orientation-landscape is-style-default\">\n\t\n\t<div class=\"mediaText__media\">\n\t\t<img loading=\"lazy\" decoding=\"async\" width=\"1984\" height=\"1257\" src=\"https:\/\/o-seznam.cz\/napoveda\/prohlizece\/wp-content\/uploads\/sites\/17\/2025\/07\/chrome-geo-7-25-2-1984x1257.png\" class=\"\" alt=\"\" srcset=\"https:\/\/o-seznam.cz\/napoveda\/prohlizece\/wp-content\/uploads\/sites\/17\/2025\/07\/chrome-geo-7-25-2-1984x1257.png 1984w, https:\/\/o-seznam.cz\/napoveda\/prohlizece\/wp-content\/uploads\/sites\/17\/2025\/07\/chrome-geo-7-25-2-992x628.png 992w, https:\/\/o-seznam.cz\/napoveda\/prohlizece\/wp-content\/uploads\/sites\/17\/2025\/07\/chrome-geo-7-25-2-320x203.png 320w, https:\/\/o-seznam.cz\/napoveda\/prohlizece\/wp-content\/uploads\/sites\/17\/2025\/07\/chrome-geo-7-25-2-768x487.png 768w, https:\/\/o-seznam.cz\/napoveda\/prohlizece\/wp-content\/uploads\/sites\/17\/2025\/07\/chrome-geo-7-25-2-1536x973.png 1536w, https:\/\/o-seznam.cz\/napoveda\/prohlizece\/wp-content\/uploads\/sites\/17\/2025\/07\/chrome-geo-7-25-2-2048x1297.png 2048w\" sizes=\"auto, (max-width: 1984px) 100vw, 1984px\" \/>\t<\/div>\n\n\t<div class=\"mediaText__content is-layout-flow\">\n\n<ol start=\"3\" class=\"wp-block-list is-style-circle\">\n<li>V lev\u00e9m menu klikn\u011bte na&nbsp;<strong>Ochrana soukrom\u00ed a zabezpe\u010den\u00ed<\/strong>.<\/li>\n\n\n\n<li>Zvolte&nbsp;<strong>Nastaven\u00ed webu<\/strong>.<\/li>\n<\/ol>\n\n<\/div>\t\n<\/div>\n\n\n<div class=\"mediaText is-position-left is-orientation-landscape is-style-default\">\n\t\n\t<div class=\"mediaText__media\">\n\t\t<img loading=\"lazy\" decoding=\"async\" width=\"1984\" height=\"945\" src=\"https:\/\/o-seznam.cz\/napoveda\/prohlizece\/wp-content\/uploads\/sites\/17\/2025\/07\/chrome-geo-7-25-3-1984x945.png\" class=\"\" alt=\"\" srcset=\"https:\/\/o-seznam.cz\/napoveda\/prohlizece\/wp-content\/uploads\/sites\/17\/2025\/07\/chrome-geo-7-25-3-1984x945.png 1984w, https:\/\/o-seznam.cz\/napoveda\/prohlizece\/wp-content\/uploads\/sites\/17\/2025\/07\/chrome-geo-7-25-3-992x472.png 992w, https:\/\/o-seznam.cz\/napoveda\/prohlizece\/wp-content\/uploads\/sites\/17\/2025\/07\/chrome-geo-7-25-3-320x152.png 320w, https:\/\/o-seznam.cz\/napoveda\/prohlizece\/wp-content\/uploads\/sites\/17\/2025\/07\/chrome-geo-7-25-3-768x366.png 768w, https:\/\/o-seznam.cz\/napoveda\/prohlizece\/wp-content\/uploads\/sites\/17\/2025\/07\/chrome-geo-7-25-3-1536x731.png 1536w, https:\/\/o-seznam.cz\/napoveda\/prohlizece\/wp-content\/uploads\/sites\/17\/2025\/07\/chrome-geo-7-25-3-2048x975.png 2048w\" sizes=\"auto, (max-width: 1984px) 100vw, 1984px\" \/>\t<\/div>\n\n\t<div class=\"mediaText__content is-layout-flow\">\n\n<ol start=\"5\" class=\"wp-block-list is-style-circle\">\n<li>Najd\u011bte a otev\u0159ete sekci&nbsp;<strong>Poloha<\/strong>.<\/li>\n\n\n\n<li>Ujist\u011bte se, \u017ee je vybr\u00e1na mo\u017enost&nbsp;<strong>Weby se mohou pt\u00e1t na p\u0159\u00edstup k poloze<\/strong>.<\/li>\n<\/ol>\n\n<\/div>\t\n<\/div>\n\n\n<div class=\"mediaText is-position-right is-orientation-landscape is-style-default\">\n\t\n\t<div class=\"mediaText__media\">\n\t\t<img loading=\"lazy\" decoding=\"async\" width=\"888\" height=\"858\" src=\"https:\/\/o-seznam.cz\/napoveda\/prohlizece\/wp-content\/uploads\/sites\/17\/2025\/07\/chrome-geo-7-25-4.png\" class=\"\" alt=\"\" srcset=\"https:\/\/o-seznam.cz\/napoveda\/prohlizece\/wp-content\/uploads\/sites\/17\/2025\/07\/chrome-geo-7-25-4.png 888w, https:\/\/o-seznam.cz\/napoveda\/prohlizece\/wp-content\/uploads\/sites\/17\/2025\/07\/chrome-geo-7-25-4-320x309.png 320w, https:\/\/o-seznam.cz\/napoveda\/prohlizece\/wp-content\/uploads\/sites\/17\/2025\/07\/chrome-geo-7-25-4-768x742.png 768w\" sizes=\"auto, (max-width: 888px) 100vw, 888px\" \/>\t<\/div>\n\n\t<div class=\"mediaText__content is-layout-flow\">\n\n<ol start=\"7\" class=\"wp-block-list is-style-circle\">\n<li>Pokud chcete povolit p\u0159\u00edstup konkr\u00e9tn\u00ed str\u00e1nce:\n<ul class=\"wp-block-list\">\n<li>Vra\u0165te se na str\u00e1nku, kter\u00e1 geolokaci pot\u0159ebuje.<\/li>\n\n\n\n<li>Klikn\u011bte na ikonu nastaven\u00ed vlevo od adresy.<\/li>\n\n\n\n<li>V nab\u00eddce opr\u00e1vn\u011bn\u00ed nastavte&nbsp;<strong>Poloha \u2192 Povolit<\/strong>.<\/li>\n\n\n\n<li><strong>Obnovte str\u00e1nku<\/strong>, aby se nastaven\u00ed projevilo.<\/li>\n<\/ul>\n<\/li>\n<\/ol>\n\n\n\n<ol start=\"8\" class=\"wp-block-list is-style-circle\">\n<li><strong>Obnovte str\u00e1nku<\/strong>, aby se nastaven\u00ed projevilo.<\/li>\n<\/ol>\n\n<\/div>\t\n<\/div>\n<\/div>\n","protected":false},"excerpt":{"rendered":"<p>Jak nastavit geolokaci v Google Chrome:<\/p>\n","protected":false},"author":67,"featured_media":0,"parent":16,"menu_order":0,"comment_status":"closed","ping_status":"closed","template":"page-sidemenu","meta":{"_acf_changed":false,"_relevanssi_hide_post":"","_relevanssi_hide_content":"","_relevanssi_pin_for_all":"","_relevanssi_pin_keywords":"","_relevanssi_unpin_keywords":"","_relevanssi_related_keywords":"","_relevanssi_related_include_ids":"","_relevanssi_related_exclude_ids":"","_relevanssi_related_no_append":"","_relevanssi_related_not_related":"","_relevanssi_related_posts":"","_relevanssi_noindex_reason":"","footnotes":""},"page_category":[20],"page_tag":[],"service_status_category":[],"class_list":["post-1197","page","type-page","status-publish","hentry"],"acf":[],"_links":{"self":[{"href":"https:\/\/o-seznam.cz\/napoveda\/prohlizece\/wp-json\/wp\/v2\/pages\/1197","targetHints":{"allow":["GET"]}}],"collection":[{"href":"https:\/\/o-seznam.cz\/napoveda\/prohlizece\/wp-json\/wp\/v2\/pages"}],"about":[{"href":"https:\/\/o-seznam.cz\/napoveda\/prohlizece\/wp-json\/wp\/v2\/types\/page"}],"author":[{"embeddable":true,"href":"https:\/\/o-seznam.cz\/napoveda\/prohlizece\/wp-json\/wp\/v2\/users\/67"}],"replies":[{"embeddable":true,"href":"https:\/\/o-seznam.cz\/napoveda\/prohlizece\/wp-json\/wp\/v2\/comments?post=1197"}],"version-history":[{"count":15,"href":"https:\/\/o-seznam.cz\/napoveda\/prohlizece\/wp-json\/wp\/v2\/pages\/1197\/revisions"}],"predecessor-version":[{"id":1260,"href":"https:\/\/o-seznam.cz\/napoveda\/prohlizece\/wp-json\/wp\/v2\/pages\/1197\/revisions\/1260"}],"up":[{"embeddable":true,"href":"https:\/\/o-seznam.cz\/napoveda\/prohlizece\/wp-json\/wp\/v2\/pages\/16"}],"wp:attachment":[{"href":"https:\/\/o-seznam.cz\/napoveda\/prohlizece\/wp-json\/wp\/v2\/media?parent=1197"}],"wp:term":[{"taxonomy":"page_category","embeddable":true,"href":"https:\/\/o-seznam.cz\/napoveda\/prohlizece\/wp-json\/wp\/v2\/page_category?post=1197"},{"taxonomy":"page_tag","embeddable":true,"href":"https:\/\/o-seznam.cz\/napoveda\/prohlizece\/wp-json\/wp\/v2\/page_tag?post=1197"},{"taxonomy":"service_status_category","embeddable":true,"href":"https:\/\/o-seznam.cz\/napoveda\/prohlizece\/wp-json\/wp\/v2\/service_status_category?post=1197"}],"curies":[{"name":"wp","href":"https:\/\/api.w.org\/{rel}","templated":true}]}}