{"id":1171,"date":"2025-02-05T13:38:08","date_gmt":"2025-02-05T12:38:08","guid":{"rendered":"https:\/\/o-seznam.cz\/napoveda\/prohlizece\/?page_id=1171"},"modified":"2025-02-05T14:58:03","modified_gmt":"2025-02-05T13:58:03","slug":"opravneni","status":"publish","type":"page","link":"https:\/\/o-seznam.cz\/napoveda\/prohlizece\/doplnky\/opravneni\/","title":{"rendered":"Opr\u00e1vn\u011bn\u00ed"},"content":{"rendered":"\n<p>Kdykoli si do sv\u00e9ho prohl\u00ed\u017ee\u010de instalujete n\u011bjak\u00e9 roz\u0161\u00ed\u0159en\u00ed (dopln\u011bk), je pot\u0159eba odsouhlasit opr\u00e1vn\u011bn\u00ed, kter\u00e9 si dopln\u011bk mus\u00ed vy\u017e\u00e1dat, pokud chce p\u0159istupovat k informac\u00edm z va\u0161eho prohl\u00ed\u017ee\u010de, kter\u00e9 pot\u0159ebuje pro sv\u00e9 fungov\u00e1n\u00ed.&nbsp;<\/p>\n\n\n\n<div class=\"wp-block-seznam-box is-layout-flow wp-block-seznam-box-is-layout-flow\">\n<h2 class=\"wp-block-heading\">Pozn\u00e1mka<\/h2>\n\n\n\n<p>O formulaci t\u011bchto opr\u00e1vn\u011bn\u00ed rozhoduje v\u00fdvoj\u00e1\u0159 prohl\u00ed\u017ee\u010de, nikoli dopl\u0148ku, a jejich zn\u011bn\u00ed se m\u016f\u017ee v jednotliv\u00fdch prohl\u00ed\u017ee\u010d\u00edch li\u0161it a m\u016f\u017ee b\u00fdt velmi obecn\u00e9. \u010casto se tedy st\u00e1v\u00e1, \u017ee dopln\u011bk nevyu\u017e\u00edv\u00e1 celou \u0161\u00ed\u0159i opr\u00e1vn\u011bn\u00ed, i kdy\u017e o n\u011bj podle podm\u00ednek c\u00edlov\u00e9ho prohl\u00ed\u017ee\u010de mus\u00ed u\u017eivatele po\u017e\u00e1dat. &nbsp;<\/p>\n<\/div>\n\n\n\n<p>N\u00ed\u017ee se do\u010dtete, jak\u00e1 opr\u00e1vn\u011bn\u00ed Seznam Dopl\u0148ky pro spr\u00e1vn\u00e9 fungov\u00e1n\u00ed vy\u017eaduj\u00ed a pro\u010d:&nbsp;<\/p>\n\n\n\n<h2 class=\"wp-block-heading\"><strong>Email<\/strong>&nbsp;<\/h2>\n\n\n\n<ul class=\"wp-block-list\">\n<li><strong>activeTab <\/strong>&#8211; Reagovat na aktivn\u00ed tab aby mohl dopln\u011bk ihned aktualizovat stav po\u010dtu nep\u0159e\u010dten\u00fdch email\u016f ihned.<\/li>\n\n\n\n<li><strong>notifications <\/strong>&#8211; Zobrazovat v\u00e1m ozn\u00e1men\u00ed. Dopln\u011bk v\u00e1s upozorn\u00ed, kdy\u017e v\u00e1m p\u0159ijde nov\u00fd e-mail.<\/li>\n\n\n\n<li><strong>tabs <\/strong>&#8211; P\u0159\u00edstup k informac\u00edm jak\u00e9 str\u00e1nky m\u00e1te otev\u0159en\u00e9, aby mohl dopln\u011bk reagovat na str\u00e1nky souvisej\u00edc\u00ed s p\u0159ihl\u00e1\u0161en\u00edm emailov\u00e9 str\u00e1nky. Nezbytn\u00e9 pro funk\u010dnost dopl\u0148ku.<\/li>\n\n\n\n<li><strong>offscreen <\/strong>&#8211; Pro p\u0159ehr\u00e1v\u00e1n\u00ed zvuku p\u0159i p\u0159\u00edchodu nov\u00e9ho emailu a zobrazen\u00ed notifikace.<\/li>\n<\/ul>\n\n\n\n<h2 class=\"wp-block-heading\"><strong>Esko Firefox<\/strong>&nbsp;<\/h2>\n\n\n\n<ul class=\"wp-block-list\">\n<li><strong>nativeMessaging <\/strong>&#8211; Vym\u011b\u0148ovat si zpr\u00e1vy s jin\u00fdmi programy &#8211; Dopl\u0148ky od Seznamu maj\u00ed spole\u010dn\u00e9 nastaven\u00ed, proto spolu pot\u0159ebuj\u00ed komunikovat.<\/li>\n\n\n\n<li><strong>tabs <\/strong>&#8211; P\u0159\u00edstup k informac\u00edm jak\u00e9 str\u00e1nky m\u00e1te otev\u0159en\u00e9, aby mohl dopln\u011bk reagovat na otev\u0159en\u00ed nov\u00e9ho tabu a ihned v\u00e1m zobrazit domovskou str\u00e1nku Seznam.cz.<\/li>\n<\/ul>\n\n\n\n<h2 class=\"wp-block-heading\"><strong>Esko Chrome<\/strong>&nbsp;<\/h2>\n\n\n\n<ul class=\"wp-block-list\">\n<li><strong>tabs <\/strong>&#8211; P\u0159\u00edstup k informac\u00edm jak\u00e9 str\u00e1nky m\u00e1te otev\u0159en\u00e9, aby mohl dopln\u011bk reagovat na otev\u0159en\u00ed nov\u00e9ho tabu a ihned v\u00e1m zobrazit domovskou str\u00e1nku Seznam.cz.\u00a0<\/li>\n<\/ul>\n\n\n\n<h2 class=\"wp-block-heading\"><strong>Vyhled\u00e1va\u010d<\/strong>&nbsp;<\/h2>\n\n\n\n<ul class=\"wp-block-list\">\n<li><strong>nativeMessaging <\/strong>&#8211; Vym\u011b\u0148ovat si zpr\u00e1vy s jin\u00fdmi programy &#8211; Dopl\u0148ky od Seznamu maj\u00ed spole\u010dn\u00e9 nastaven\u00ed, proto spolu pot\u0159ebuj\u00ed komunikovat.<\/li>\n\n\n\n<li><strong>tabs <\/strong>&#8211; P\u0159\u00edstup k informac\u00edm jak\u00e9 str\u00e1nky m\u00e1te otev\u0159en\u00e9, aby jsme mohli p\u0159i otev\u0159en\u00ed tabu zjistit zda m\u016f\u017eeme sb\u00edrat analytick\u00e1 data o funk\u010dnosti aplikace.<\/li>\n<\/ul>\n","protected":false},"excerpt":{"rendered":"<p>Kdykoli si do sv\u00e9ho prohl\u00ed\u017ee\u010de instalujete n\u011bjak\u00e9 roz\u0161\u00ed\u0159en\u00ed (dopln\u011bk), je pot\u0159eba odsouhlasit opr\u00e1vn\u011bn\u00ed, kter\u00e9 si dopln\u011bk mus\u00ed vy\u017e\u00e1dat, pokud chce p\u0159istupovat k informac\u00edm z va\u0161eho prohl\u00ed\u017ee\u010de, kter\u00e9 pot\u0159ebuje pro sv\u00e9 fungov\u00e1n\u00ed.&nbsp; N\u00ed\u017ee se do\u010dtete, jak\u00e1 opr\u00e1vn\u011bn\u00ed Seznam Dopl\u0148ky pro spr\u00e1vn\u00e9 fungov\u00e1n\u00ed vy\u017eaduj\u00ed a pro\u010d:&nbsp; Email&nbsp; Esko Firefox&nbsp; Esko Chrome&nbsp; Vyhled\u00e1va\u010d&nbsp;<\/p>\n","protected":false},"author":22,"featured_media":0,"parent":604,"menu_order":5,"comment_status":"closed","ping_status":"closed","template":"page-sidemenu","meta":{"_acf_changed":false,"_relevanssi_hide_post":"","_relevanssi_hide_content":"","_relevanssi_pin_for_all":"","_relevanssi_pin_keywords":"","_relevanssi_unpin_keywords":"","_relevanssi_related_keywords":"","_relevanssi_related_include_ids":"","_relevanssi_related_exclude_ids":"","_relevanssi_related_no_append":"","_relevanssi_related_not_related":"","_relevanssi_related_posts":"","_relevanssi_noindex_reason":"","footnotes":""},"page_category":[19],"page_tag":[],"service_status_category":[],"class_list":["post-1171","page","type-page","status-publish","hentry"],"acf":[],"_links":{"self":[{"href":"https:\/\/o-seznam.cz\/napoveda\/prohlizece\/wp-json\/wp\/v2\/pages\/1171","targetHints":{"allow":["GET"]}}],"collection":[{"href":"https:\/\/o-seznam.cz\/napoveda\/prohlizece\/wp-json\/wp\/v2\/pages"}],"about":[{"href":"https:\/\/o-seznam.cz\/napoveda\/prohlizece\/wp-json\/wp\/v2\/types\/page"}],"author":[{"embeddable":true,"href":"https:\/\/o-seznam.cz\/napoveda\/prohlizece\/wp-json\/wp\/v2\/users\/22"}],"replies":[{"embeddable":true,"href":"https:\/\/o-seznam.cz\/napoveda\/prohlizece\/wp-json\/wp\/v2\/comments?post=1171"}],"version-history":[{"count":4,"href":"https:\/\/o-seznam.cz\/napoveda\/prohlizece\/wp-json\/wp\/v2\/pages\/1171\/revisions"}],"predecessor-version":[{"id":1177,"href":"https:\/\/o-seznam.cz\/napoveda\/prohlizece\/wp-json\/wp\/v2\/pages\/1171\/revisions\/1177"}],"up":[{"embeddable":true,"href":"https:\/\/o-seznam.cz\/napoveda\/prohlizece\/wp-json\/wp\/v2\/pages\/604"}],"wp:attachment":[{"href":"https:\/\/o-seznam.cz\/napoveda\/prohlizece\/wp-json\/wp\/v2\/media?parent=1171"}],"wp:term":[{"taxonomy":"page_category","embeddable":true,"href":"https:\/\/o-seznam.cz\/napoveda\/prohlizece\/wp-json\/wp\/v2\/page_category?post=1171"},{"taxonomy":"page_tag","embeddable":true,"href":"https:\/\/o-seznam.cz\/napoveda\/prohlizece\/wp-json\/wp\/v2\/page_tag?post=1171"},{"taxonomy":"service_status_category","embeddable":true,"href":"https:\/\/o-seznam.cz\/napoveda\/prohlizece\/wp-json\/wp\/v2\/service_status_category?post=1171"}],"curies":[{"name":"wp","href":"https:\/\/api.w.org\/{rel}","templated":true}]}}