{"id":117,"date":"2024-10-23T14:31:07","date_gmt":"2024-10-23T12:31:07","guid":{"rendered":"https:\/\/o-seznam.cz\/napoveda\/prohlizece\/?page_id=117"},"modified":"2024-12-15T22:54:59","modified_gmt":"2024-12-15T21:54:59","slug":"jak-odstranit-doplnky","status":"publish","type":"page","link":"https:\/\/o-seznam.cz\/napoveda\/prohlizece\/mozilla-firefox\/jak-odstranit-doplnky\/","title":{"rendered":"Jak odstranit dopl\u0148ky"},"content":{"rendered":"\n<p>Nastaven\u00ed povolen\u00ed \u010di blokace instalovan\u00fdch plugin\u016f, dopl\u0148k\u016f a roz\u0161\u00ed\u0159en\u00ed prohl\u00ed\u017ee\u010de Mozilla Firefox provedete pomoc\u00ed n\u00e1sleduj\u00edc\u00edch postup\u016f:<\/p>\n\n\n<nav class=\"menu-anchors\"><div class=\"inner-blocks\">\n\n<ul >\n<li><a href=\"#pluginy\">Nastaven\u00ed plugin\u016f<\/a><\/li>\n\n\n\n<li><a href=\"#rozsireni\">Nastaven\u00ed roz\u0161\u00ed\u0159en\u00ed<\/a><\/li>\n<\/ul>\n\n<\/div><\/nav>\n\n\n\n<div class=\"wp-block-group is-layout-constrained wp-block-group-is-layout-constrained\">\n<h2 class=\"wp-block-heading\" id=\"plugin\">Nastaven\u00ed plugin\u016f<\/h2>\n\n\n<div class=\"mediaText is-position-left is-orientation-portrait\">\n\t\n\t<div class=\"mediaText__media\">\n\t\t<img loading=\"lazy\" decoding=\"async\" width=\"250\" height=\"373\" src=\"https:\/\/o-seznam.cz\/napoveda\/prohlizece\/wp-content\/uploads\/sites\/17\/2024\/10\/ff-doplnky.png\" class=\"border border-neutral-20 border-solid\" alt=\"\" srcset=\"https:\/\/o-seznam.cz\/napoveda\/prohlizece\/wp-content\/uploads\/sites\/17\/2024\/10\/ff-doplnky.png 250w, https:\/\/o-seznam.cz\/napoveda\/prohlizece\/wp-content\/uploads\/sites\/17\/2024\/10\/ff-doplnky-214x320.png 214w\" sizes=\"auto, (max-width: 250px) 100vw, 250px\" \/>\t<\/div>\n\n\t<div class=\"mediaText__content is-layout-flow\">\n\n<div class=\"wp-block-group is-layout-constrained wp-container-core-group-is-layout-beff7c7e wp-block-group-is-layout-constrained\">\n<ol class=\"wp-block-list is-style-circle\">\n<li>V prav\u00e9 horn\u00ed \u010d\u00e1sti okna klikn\u011bte na tla\u010d\u00edtko&nbsp;<img loading=\"lazy\" decoding=\"async\" width=\"28\" height=\"32\" class=\"inline-image wp-image-301\" src=\"https:\/\/o-seznam.cz\/napoveda\/prohlizece\/wp-content\/uploads\/sites\/17\/2024\/10\/ff-nastaveni.png\" alt=\"\">&nbsp;a v menu klikn\u011bte na&nbsp;<strong>Dopl\u0148ky a vzhledy<\/strong>.<\/li>\n<\/ol>\n<\/div>\n\n<\/div>\t\n<\/div>\n\n\n<div class=\"mediaText is-position-right is-orientation-landscape\">\n\t\n\t<div class=\"mediaText__media\">\n\t\t<img loading=\"lazy\" decoding=\"async\" width=\"695\" height=\"382\" src=\"https:\/\/o-seznam.cz\/napoveda\/prohlizece\/wp-content\/uploads\/sites\/17\/2024\/10\/ff-pluginy1.png\" class=\"border border-neutral-20 border-solid\" alt=\"\" srcset=\"https:\/\/o-seznam.cz\/napoveda\/prohlizece\/wp-content\/uploads\/sites\/17\/2024\/10\/ff-pluginy1.png 695w, https:\/\/o-seznam.cz\/napoveda\/prohlizece\/wp-content\/uploads\/sites\/17\/2024\/10\/ff-pluginy1-320x176.png 320w\" sizes=\"auto, (max-width: 695px) 100vw, 695px\" \/>\t<\/div>\n\n\t<div class=\"mediaText__content is-layout-flow\">\n\n<div class=\"wp-block-group is-layout-constrained wp-container-core-group-is-layout-beff7c7e wp-block-group-is-layout-constrained\">\n<ol start=\"2\" class=\"wp-block-list is-style-circle\">\n<li>V zobrazen\u00e9m okn\u011b se p\u0159esu\u0148te do \u010d\u00e1sti <strong>Z\u00e1suvn\u00e9 moduly<\/strong>&nbsp;a u zvolen\u00e9ho pluginu klikn\u011bte vpravo na tla\u010d\u00edtko se t\u0159emi te\u010dkami.<\/li>\n\n\n\n<li>Zde vyberte mo\u017enost &#8222;<strong>Nespou\u0161t\u011bt<\/strong>&#8222;.<\/li>\n<\/ol>\n<\/div>\n\n<\/div>\t\n<\/div>\n\n\n\n<p>Zm\u011bny nastaven\u00ed se projev\u00ed a\u017e po znovuna\u010dten\u00ed str\u00e1nky.<br><br><\/p>\n<\/div>\n\n\n\n<div class=\"wp-block-group is-layout-constrained wp-block-group-is-layout-constrained\">\n<h2 class=\"wp-block-heading\" id=\"rozsireni\">Nastaven\u00ed roz\u0161\u00ed\u0159en\u00ed<\/h2>\n\n\n<div class=\"mediaText is-position-left is-orientation-portrait\">\n\t\n\t<div class=\"mediaText__media\">\n\t\t<img loading=\"lazy\" decoding=\"async\" width=\"250\" height=\"373\" src=\"https:\/\/o-seznam.cz\/napoveda\/prohlizece\/wp-content\/uploads\/sites\/17\/2024\/10\/ff-doplnky.png\" class=\"border border-neutral-20 border-solid\" alt=\"\" srcset=\"https:\/\/o-seznam.cz\/napoveda\/prohlizece\/wp-content\/uploads\/sites\/17\/2024\/10\/ff-doplnky.png 250w, https:\/\/o-seznam.cz\/napoveda\/prohlizece\/wp-content\/uploads\/sites\/17\/2024\/10\/ff-doplnky-214x320.png 214w\" sizes=\"auto, (max-width: 250px) 100vw, 250px\" \/>\t<\/div>\n\n\t<div class=\"mediaText__content is-layout-flow\">\n\n<div class=\"wp-block-group is-layout-constrained wp-container-core-group-is-layout-beff7c7e wp-block-group-is-layout-constrained\">\n<ol class=\"wp-block-list is-style-circle\">\n<li>V prav\u00e9 horn\u00ed \u010d\u00e1sti okna klikn\u011bte na tla\u010d\u00edtko&nbsp;<img loading=\"lazy\" decoding=\"async\" width=\"28\" height=\"32\" class=\"inline-image wp-image-301\" src=\"https:\/\/o-seznam.cz\/napoveda\/prohlizece\/wp-content\/uploads\/sites\/17\/2024\/10\/ff-nastaveni.png\" alt=\"\">&nbsp;a v menu klikn\u011bte na&nbsp;<strong>Dopl\u0148ky a vzhledy<\/strong>.<\/li>\n<\/ol>\n<\/div>\n\n<\/div>\t\n<\/div>\n\n\n<div class=\"mediaText is-position-right is-orientation-landscape\">\n\t\n\t<div class=\"mediaText__media\">\n\t\t<img loading=\"lazy\" decoding=\"async\" width=\"695\" height=\"180\" src=\"https:\/\/o-seznam.cz\/napoveda\/prohlizece\/wp-content\/uploads\/sites\/17\/2024\/10\/ff-rozsireni1.png\" class=\"border border-neutral-20 border-solid\" alt=\"\" srcset=\"https:\/\/o-seznam.cz\/napoveda\/prohlizece\/wp-content\/uploads\/sites\/17\/2024\/10\/ff-rozsireni1.png 695w, https:\/\/o-seznam.cz\/napoveda\/prohlizece\/wp-content\/uploads\/sites\/17\/2024\/10\/ff-rozsireni1-320x83.png 320w\" sizes=\"auto, (max-width: 695px) 100vw, 695px\" \/>\t<\/div>\n\n\t<div class=\"mediaText__content is-layout-flow\">\n\n<div class=\"wp-block-group is-layout-constrained wp-container-core-group-is-layout-beff7c7e wp-block-group-is-layout-constrained\">\n<ol start=\"2\" class=\"wp-block-list is-style-circle\">\n<li>V zobrazen\u00e9m okn\u011b se p\u0159esu\u0148te do \u010d\u00e1sti <strong>Roz\u0161\u00ed\u0159en\u00ed<\/strong>&nbsp;a u zvolen\u00e9ho roz\u0161\u00ed\u0159en\u00ed klikn\u011bte na p\u0159ep\u00edna\u010d vpravo, p\u0159epn\u011bte jej do stavu vypnuto (\u0161ed\u00fd). T\u00edm dan\u00fd dopln\u011bk zak\u00e1\u017eete.<\/li>\n\n\n\n<li>Zde vyberte mo\u017enost &#8222;<strong>Nespou\u0161t\u011bt<\/strong>&#8222;.<\/li>\n<\/ol>\n<\/div>\n\n<\/div>\t\n<\/div>\n\n\n<div class=\"mediaText is-position-left is-orientation-landscape\">\n\t\n\t<div class=\"mediaText__media\">\n\t\t<img loading=\"lazy\" decoding=\"async\" width=\"695\" height=\"168\" src=\"https:\/\/o-seznam.cz\/napoveda\/prohlizece\/wp-content\/uploads\/sites\/17\/2024\/10\/ff-rozsireni1-2.png\" class=\"\" alt=\"\" srcset=\"https:\/\/o-seznam.cz\/napoveda\/prohlizece\/wp-content\/uploads\/sites\/17\/2024\/10\/ff-rozsireni1-2.png 695w, https:\/\/o-seznam.cz\/napoveda\/prohlizece\/wp-content\/uploads\/sites\/17\/2024\/10\/ff-rozsireni1-2-320x77.png 320w\" sizes=\"auto, (max-width: 695px) 100vw, 695px\" \/>\t<\/div>\n\n\t<div class=\"mediaText__content is-layout-flow\">\n\n<ol start=\"4\" class=\"wp-block-list is-style-circle\">\n<li>Eventu\u00e1ln\u011b pro odstran\u011bn\u00ed dopl\u0148ku kompletn\u011b klikn\u011bte na ikonu t\u0159ech te\u010dek vpravo a zvolte &#8222;<strong>Odebrat<\/strong>&#8222;.<\/li>\n<\/ol>\n\n<\/div>\t\n<\/div>\n\n\n\n<p>Zm\u011bny nastaven\u00ed se projev\u00ed a\u017e po restartu prohl\u00ed\u017ee\u010de.<\/p>\n<\/div>\n","protected":false},"excerpt":{"rendered":"<p>Nastaven\u00ed povolen\u00ed \u010di blokace instalovan\u00fdch plugin\u016f, dopl\u0148k\u016f a roz\u0161\u00ed\u0159en\u00ed prohl\u00ed\u017ee\u010de Mozilla Firefox provedete pomoc\u00ed n\u00e1sleduj\u00edc\u00edch postup\u016f: Nastaven\u00ed plugin\u016f Zm\u011bny nastaven\u00ed se projev\u00ed a\u017e po znovuna\u010dten\u00ed str\u00e1nky. Nastaven\u00ed roz\u0161\u00ed\u0159en\u00ed Zm\u011bny nastaven\u00ed se projev\u00ed a\u017e po restartu prohl\u00ed\u017ee\u010de.<\/p>\n","protected":false},"author":12,"featured_media":0,"parent":32,"menu_order":0,"comment_status":"closed","ping_status":"closed","template":"page-sidemenu","meta":{"_acf_changed":false,"_relevanssi_hide_post":"","_relevanssi_hide_content":"","_relevanssi_pin_for_all":"","_relevanssi_pin_keywords":"","_relevanssi_unpin_keywords":"","_relevanssi_related_keywords":"","_relevanssi_related_include_ids":"","_relevanssi_related_exclude_ids":"","_relevanssi_related_no_append":"","_relevanssi_related_not_related":"","_relevanssi_related_posts":"","_relevanssi_noindex_reason":"","footnotes":""},"page_category":[22],"page_tag":[],"service_status_category":[],"class_list":["post-117","page","type-page","status-publish","hentry"],"acf":[],"_links":{"self":[{"href":"https:\/\/o-seznam.cz\/napoveda\/prohlizece\/wp-json\/wp\/v2\/pages\/117","targetHints":{"allow":["GET"]}}],"collection":[{"href":"https:\/\/o-seznam.cz\/napoveda\/prohlizece\/wp-json\/wp\/v2\/pages"}],"about":[{"href":"https:\/\/o-seznam.cz\/napoveda\/prohlizece\/wp-json\/wp\/v2\/types\/page"}],"author":[{"embeddable":true,"href":"https:\/\/o-seznam.cz\/napoveda\/prohlizece\/wp-json\/wp\/v2\/users\/12"}],"replies":[{"embeddable":true,"href":"https:\/\/o-seznam.cz\/napoveda\/prohlizece\/wp-json\/wp\/v2\/comments?post=117"}],"version-history":[{"count":9,"href":"https:\/\/o-seznam.cz\/napoveda\/prohlizece\/wp-json\/wp\/v2\/pages\/117\/revisions"}],"predecessor-version":[{"id":1112,"href":"https:\/\/o-seznam.cz\/napoveda\/prohlizece\/wp-json\/wp\/v2\/pages\/117\/revisions\/1112"}],"up":[{"embeddable":true,"href":"https:\/\/o-seznam.cz\/napoveda\/prohlizece\/wp-json\/wp\/v2\/pages\/32"}],"wp:attachment":[{"href":"https:\/\/o-seznam.cz\/napoveda\/prohlizece\/wp-json\/wp\/v2\/media?parent=117"}],"wp:term":[{"taxonomy":"page_category","embeddable":true,"href":"https:\/\/o-seznam.cz\/napoveda\/prohlizece\/wp-json\/wp\/v2\/page_category?post=117"},{"taxonomy":"page_tag","embeddable":true,"href":"https:\/\/o-seznam.cz\/napoveda\/prohlizece\/wp-json\/wp\/v2\/page_tag?post=117"},{"taxonomy":"service_status_category","embeddable":true,"href":"https:\/\/o-seznam.cz\/napoveda\/prohlizece\/wp-json\/wp\/v2\/service_status_category?post=117"}],"curies":[{"name":"wp","href":"https:\/\/api.w.org\/{rel}","templated":true}]}}