{"id":115,"date":"2024-10-23T14:28:54","date_gmt":"2024-10-23T12:28:54","guid":{"rendered":"https:\/\/o-seznam.cz\/napoveda\/prohlizece\/?page_id=115"},"modified":"2024-12-15T22:56:48","modified_gmt":"2024-12-15T21:56:48","slug":"jak-zobrazit-heslo","status":"publish","type":"page","link":"https:\/\/o-seznam.cz\/napoveda\/prohlizece\/mozilla-firefox\/jak-zobrazit-heslo\/","title":{"rendered":"Jak zobrazit heslo"},"content":{"rendered":"\n<p>P\u0159i p\u0159ihla\u0161ov\u00e1n\u00ed na str\u00e1nky slu\u017eeb, zabezpe\u010den\u00fdch heslem, je mo\u017en\u00e9 si jm\u00e9no a heslo ulo\u017eit do prohl\u00ed\u017ee\u010de. Ulo\u017een\u00e1 hesla si m\u016f\u017eete v prohl\u00ed\u017ee\u010di Mozilla Firefox zobrazit pomoc\u00ed n\u00e1sleduj\u00edc\u00edho postupu:<\/p>\n\n\n\n<div class=\"wp-block-group is-layout-constrained wp-block-group-is-layout-constrained\"><div class=\"mediaText is-position-left is-orientation-portrait\">\n\t\n\t<div class=\"mediaText__media\">\n\t\t<img loading=\"lazy\" decoding=\"async\" width=\"362\" height=\"462\" src=\"https:\/\/o-seznam.cz\/napoveda\/prohlizece\/wp-content\/uploads\/sites\/17\/2024\/10\/ff-zobrazeni-hesla1.png\" class=\"border border-neutral-20 border-solid\" alt=\"\" srcset=\"https:\/\/o-seznam.cz\/napoveda\/prohlizece\/wp-content\/uploads\/sites\/17\/2024\/10\/ff-zobrazeni-hesla1.png 362w, https:\/\/o-seznam.cz\/napoveda\/prohlizece\/wp-content\/uploads\/sites\/17\/2024\/10\/ff-zobrazeni-hesla1-251x320.png 251w\" sizes=\"auto, (max-width: 362px) 100vw, 362px\" \/>\t<\/div>\n\n\t<div class=\"mediaText__content is-layout-flow\">\n\n<div class=\"wp-block-group is-layout-constrained wp-container-core-group-is-layout-beff7c7e wp-block-group-is-layout-constrained\">\n<ol class=\"wp-block-list is-style-circle\">\n<li>V prav\u00e9 horn\u00ed \u010d\u00e1sti okna klikn\u011bte na tla\u010d\u00edtko <img loading=\"lazy\" decoding=\"async\" width=\"28\" height=\"32\" class=\"inline-image wp-image-301\" src=\"https:\/\/o-seznam.cz\/napoveda\/prohlizece\/wp-content\/uploads\/sites\/17\/2024\/10\/ff-nastaveni.png\" alt=\"\">&nbsp;a v menu klikn\u011bte na <strong>Hesla<\/strong>.<\/li>\n<\/ol>\n<\/div>\n\n<\/div>\t\n<\/div>\n\n\n<div class=\"mediaText is-position-right is-orientation-landscape\">\n\t\n\t<div class=\"mediaText__media\">\n\t\t<img loading=\"lazy\" decoding=\"async\" width=\"942\" height=\"365\" src=\"https:\/\/o-seznam.cz\/napoveda\/prohlizece\/wp-content\/uploads\/sites\/17\/2024\/10\/ff-zobrazeni-hesla2.png\" class=\"border border-neutral-20 border-solid\" alt=\"\" srcset=\"https:\/\/o-seznam.cz\/napoveda\/prohlizece\/wp-content\/uploads\/sites\/17\/2024\/10\/ff-zobrazeni-hesla2.png 942w, https:\/\/o-seznam.cz\/napoveda\/prohlizece\/wp-content\/uploads\/sites\/17\/2024\/10\/ff-zobrazeni-hesla2-320x124.png 320w, https:\/\/o-seznam.cz\/napoveda\/prohlizece\/wp-content\/uploads\/sites\/17\/2024\/10\/ff-zobrazeni-hesla2-768x298.png 768w\" sizes=\"auto, (max-width: 942px) 100vw, 942px\" \/>\t<\/div>\n\n\t<div class=\"mediaText__content is-layout-flow\">\n\n<div class=\"wp-block-group is-layout-constrained wp-container-core-group-is-layout-beff7c7e wp-block-group-is-layout-constrained\">\n<ol start=\"2\" class=\"wp-block-list is-style-circle\">\n<li>Vyberte ze seznamu ulo\u017een\u00fdch hesel to, kter\u00e9 chcete zobrazit, a klikn\u011bte na&nbsp;<strong>ikonu oka<\/strong>. Nam\u00edsto te\u010dek uvid\u00edte sv\u00e9 ulo\u017een\u00e9 heslo.&nbsp;<\/li>\n<\/ol>\n<\/div>\n\n<\/div>\t\n<\/div>\n<\/div>\n","protected":false},"excerpt":{"rendered":"<p>P\u0159i p\u0159ihla\u0161ov\u00e1n\u00ed na str\u00e1nky slu\u017eeb, zabezpe\u010den\u00fdch heslem, je mo\u017en\u00e9 si jm\u00e9no a heslo ulo\u017eit do prohl\u00ed\u017ee\u010de. Ulo\u017een\u00e1 hesla si m\u016f\u017eete v prohl\u00ed\u017ee\u010di Mozilla Firefox zobrazit pomoc\u00ed n\u00e1sleduj\u00edc\u00edho postupu:<\/p>\n","protected":false},"author":12,"featured_media":0,"parent":32,"menu_order":0,"comment_status":"closed","ping_status":"closed","template":"page-sidemenu","meta":{"_acf_changed":false,"_relevanssi_hide_post":"","_relevanssi_hide_content":"","_relevanssi_pin_for_all":"","_relevanssi_pin_keywords":"","_relevanssi_unpin_keywords":"","_relevanssi_related_keywords":"","_relevanssi_related_include_ids":"","_relevanssi_related_exclude_ids":"","_relevanssi_related_no_append":"","_relevanssi_related_not_related":"","_relevanssi_related_posts":"","_relevanssi_noindex_reason":"","footnotes":""},"page_category":[22],"page_tag":[],"service_status_category":[],"class_list":["post-115","page","type-page","status-publish","hentry"],"acf":[],"_links":{"self":[{"href":"https:\/\/o-seznam.cz\/napoveda\/prohlizece\/wp-json\/wp\/v2\/pages\/115","targetHints":{"allow":["GET"]}}],"collection":[{"href":"https:\/\/o-seznam.cz\/napoveda\/prohlizece\/wp-json\/wp\/v2\/pages"}],"about":[{"href":"https:\/\/o-seznam.cz\/napoveda\/prohlizece\/wp-json\/wp\/v2\/types\/page"}],"author":[{"embeddable":true,"href":"https:\/\/o-seznam.cz\/napoveda\/prohlizece\/wp-json\/wp\/v2\/users\/12"}],"replies":[{"embeddable":true,"href":"https:\/\/o-seznam.cz\/napoveda\/prohlizece\/wp-json\/wp\/v2\/comments?post=115"}],"version-history":[{"count":6,"href":"https:\/\/o-seznam.cz\/napoveda\/prohlizece\/wp-json\/wp\/v2\/pages\/115\/revisions"}],"predecessor-version":[{"id":1116,"href":"https:\/\/o-seznam.cz\/napoveda\/prohlizece\/wp-json\/wp\/v2\/pages\/115\/revisions\/1116"}],"up":[{"embeddable":true,"href":"https:\/\/o-seznam.cz\/napoveda\/prohlizece\/wp-json\/wp\/v2\/pages\/32"}],"wp:attachment":[{"href":"https:\/\/o-seznam.cz\/napoveda\/prohlizece\/wp-json\/wp\/v2\/media?parent=115"}],"wp:term":[{"taxonomy":"page_category","embeddable":true,"href":"https:\/\/o-seznam.cz\/napoveda\/prohlizece\/wp-json\/wp\/v2\/page_category?post=115"},{"taxonomy":"page_tag","embeddable":true,"href":"https:\/\/o-seznam.cz\/napoveda\/prohlizece\/wp-json\/wp\/v2\/page_tag?post=115"},{"taxonomy":"service_status_category","embeddable":true,"href":"https:\/\/o-seznam.cz\/napoveda\/prohlizece\/wp-json\/wp\/v2\/service_status_category?post=115"}],"curies":[{"name":"wp","href":"https:\/\/api.w.org\/{rel}","templated":true}]}}