{"id":111,"date":"2024-10-23T14:23:17","date_gmt":"2024-10-23T12:23:17","guid":{"rendered":"https:\/\/o-seznam.cz\/napoveda\/prohlizece\/?page_id=111"},"modified":"2024-12-15T22:49:49","modified_gmt":"2024-12-15T21:49:49","slug":"odstraneni-jmena","status":"publish","type":"page","link":"https:\/\/o-seznam.cz\/napoveda\/prohlizece\/mozilla-firefox\/odstraneni-jmena\/","title":{"rendered":"Odstran\u011bn\u00ed automaticky vypl\u0148ovan\u00e9ho jm\u00e9na"},"content":{"rendered":"\n<div class=\"wp-block-group is-content-justification-left is-layout-constrained wp-container-core-group-is-layout-12dd3699 wp-block-group-is-layout-constrained\">\n<p>Odstran\u011bn\u00ed automaticky dopl\u0148ovan\u00e9ho jm\u00e9na a dal\u0161\u00edch \u00fadaj\u016f, nejen v p\u0159ihla\u0161ovac\u00edm formul\u00e1\u0159i, doc\u00edl\u00edte v prohl\u00ed\u017ee\u010di Mozilla Firefox n\u00e1sleduj\u00edc\u00edm postupem:<\/p>\n\n\n<div class=\"mediaText is-position-left is-orientation-portrait\">\n\t\n\t<div class=\"mediaText__media\">\n\t\t<img loading=\"lazy\" decoding=\"async\" width=\"273\" height=\"302\" src=\"https:\/\/o-seznam.cz\/napoveda\/prohlizece\/wp-content\/uploads\/sites\/17\/2024\/10\/ff-cache-cookies2.png\" class=\"border border-neutral-20 border-solid\" alt=\"\" \/>\t<\/div>\n\n\t<div class=\"mediaText__content is-layout-flow\">\n\n<div class=\"wp-block-group is-layout-constrained wp-container-core-group-is-layout-beff7c7e wp-block-group-is-layout-constrained\">\n<ol class=\"wp-block-list is-style-circle\">\n<li>V prav\u00e9 horn\u00ed \u010d\u00e1sti okna klikn\u011bte na tla\u010d\u00edtko&nbsp;<img loading=\"lazy\" decoding=\"async\" width=\"28\" height=\"32\" class=\"inline-image wp-image-301\" src=\"https:\/\/o-seznam.cz\/napoveda\/prohlizece\/wp-content\/uploads\/sites\/17\/2024\/10\/ff-nastaveni.png\" alt=\"\">&nbsp;a v menu klikn\u011bte na mo\u017enost <strong>Historie<\/strong>.<\/li>\n<\/ol>\n<\/div>\n\n<\/div>\t\n<\/div>\n\n\n<div class=\"mediaText is-position-right is-orientation-landscape\">\n\t\n\t<div class=\"mediaText__media\">\n\t\t<img loading=\"lazy\" decoding=\"async\" width=\"274\" height=\"204\" src=\"https:\/\/o-seznam.cz\/napoveda\/prohlizece\/wp-content\/uploads\/sites\/17\/2024\/10\/ff-cache-cookies3.png\" class=\"border border-neutral-20 border-solid\" alt=\"\" \/>\t<\/div>\n\n\t<div class=\"mediaText__content is-layout-flow\">\n\n<div class=\"wp-block-group is-layout-constrained wp-container-core-group-is-layout-beff7c7e wp-block-group-is-layout-constrained\">\n<ol start=\"2\" class=\"wp-block-list is-style-circle\">\n<li>Klikn\u011bte na mo\u017enost <strong>Vymazat ned\u00e1vnou historii&#8230;<\/strong><\/li>\n<\/ol>\n<\/div>\n\n<\/div>\t\n<\/div>\n\n\n<div class=\"mediaText is-position-left is-orientation-landscape\">\n\t\n\t<div class=\"mediaText__media\">\n\t\t<img loading=\"lazy\" decoding=\"async\" width=\"410\" height=\"406\" src=\"https:\/\/o-seznam.cz\/napoveda\/prohlizece\/wp-content\/uploads\/sites\/17\/2024\/10\/ff-jmenoa.png\" class=\"border border-neutral-20 border-solid\" alt=\"\" srcset=\"https:\/\/o-seznam.cz\/napoveda\/prohlizece\/wp-content\/uploads\/sites\/17\/2024\/10\/ff-jmenoa.png 410w, https:\/\/o-seznam.cz\/napoveda\/prohlizece\/wp-content\/uploads\/sites\/17\/2024\/10\/ff-jmenoa-320x317.png 320w\" sizes=\"auto, (max-width: 410px) 100vw, 410px\" \/>\t<\/div>\n\n\t<div class=\"mediaText__content is-layout-flow\">\n\n<div class=\"wp-block-group is-layout-constrained wp-container-core-group-is-layout-beff7c7e wp-block-group-is-layout-constrained\">\n<ol start=\"3\" class=\"wp-block-list is-style-circle\">\n<li>Jako \u010dasov\u00e9 obdob\u00ed maz\u00e1n\u00ed zvolte &#8222;<strong>V\u0161e<\/strong>&#8222;.<\/li>\n\n\n\n<li>Zatrhn\u011bte pol\u00ed\u010dko &#8222;<strong>Historii&nbsp;formul\u00e1\u0159\u016f a hled\u00e1n\u00ed<\/strong>&#8222;<\/li>\n\n\n\n<li>Volbu potvr\u010fte tla\u010d\u00edtkem <strong>Vymazat<\/strong>.<\/li>\n<\/ol>\n<\/div>\n\n<\/div>\t\n<\/div>\n<\/div>\n","protected":false},"excerpt":{"rendered":"<p>Odstran\u011bn\u00ed automaticky dopl\u0148ovan\u00e9ho jm\u00e9na a dal\u0161\u00edch \u00fadaj\u016f, nejen v p\u0159ihla\u0161ovac\u00edm formul\u00e1\u0159i, doc\u00edl\u00edte v prohl\u00ed\u017ee\u010di Mozilla Firefox n\u00e1sleduj\u00edc\u00edm postupem:<\/p>\n","protected":false},"author":12,"featured_media":0,"parent":32,"menu_order":8,"comment_status":"closed","ping_status":"closed","template":"page-sidemenu","meta":{"_acf_changed":false,"_relevanssi_hide_post":"","_relevanssi_hide_content":"","_relevanssi_pin_for_all":"","_relevanssi_pin_keywords":"","_relevanssi_unpin_keywords":"","_relevanssi_related_keywords":"","_relevanssi_related_include_ids":"","_relevanssi_related_exclude_ids":"","_relevanssi_related_no_append":"","_relevanssi_related_not_related":"","_relevanssi_related_posts":"","_relevanssi_noindex_reason":"","footnotes":""},"page_category":[22],"page_tag":[],"service_status_category":[],"class_list":["post-111","page","type-page","status-publish","hentry"],"acf":[],"_links":{"self":[{"href":"https:\/\/o-seznam.cz\/napoveda\/prohlizece\/wp-json\/wp\/v2\/pages\/111","targetHints":{"allow":["GET"]}}],"collection":[{"href":"https:\/\/o-seznam.cz\/napoveda\/prohlizece\/wp-json\/wp\/v2\/pages"}],"about":[{"href":"https:\/\/o-seznam.cz\/napoveda\/prohlizece\/wp-json\/wp\/v2\/types\/page"}],"author":[{"embeddable":true,"href":"https:\/\/o-seznam.cz\/napoveda\/prohlizece\/wp-json\/wp\/v2\/users\/12"}],"replies":[{"embeddable":true,"href":"https:\/\/o-seznam.cz\/napoveda\/prohlizece\/wp-json\/wp\/v2\/comments?post=111"}],"version-history":[{"count":7,"href":"https:\/\/o-seznam.cz\/napoveda\/prohlizece\/wp-json\/wp\/v2\/pages\/111\/revisions"}],"predecessor-version":[{"id":1106,"href":"https:\/\/o-seznam.cz\/napoveda\/prohlizece\/wp-json\/wp\/v2\/pages\/111\/revisions\/1106"}],"up":[{"embeddable":true,"href":"https:\/\/o-seznam.cz\/napoveda\/prohlizece\/wp-json\/wp\/v2\/pages\/32"}],"wp:attachment":[{"href":"https:\/\/o-seznam.cz\/napoveda\/prohlizece\/wp-json\/wp\/v2\/media?parent=111"}],"wp:term":[{"taxonomy":"page_category","embeddable":true,"href":"https:\/\/o-seznam.cz\/napoveda\/prohlizece\/wp-json\/wp\/v2\/page_category?post=111"},{"taxonomy":"page_tag","embeddable":true,"href":"https:\/\/o-seznam.cz\/napoveda\/prohlizece\/wp-json\/wp\/v2\/page_tag?post=111"},{"taxonomy":"service_status_category","embeddable":true,"href":"https:\/\/o-seznam.cz\/napoveda\/prohlizece\/wp-json\/wp\/v2\/service_status_category?post=111"}],"curies":[{"name":"wp","href":"https:\/\/api.w.org\/{rel}","templated":true}]}}