{"id":95,"date":"2025-10-14T11:11:45","date_gmt":"2025-10-14T09:11:45","guid":{"rendered":"https:\/\/o-seznam.cz\/napoveda\/podcasty\/?page_id=95"},"modified":"2025-12-10T09:26:25","modified_gmt":"2025-12-10T08:26:25","slug":"statistiky-poslechu","status":"publish","type":"page","link":"https:\/\/o-seznam.cz\/napoveda\/podcasty\/statistiky-poslechu\/","title":{"rendered":"Statistiky poslechu"},"content":{"rendered":"\n<div class=\"wp-block-group is-layout-constrained wp-block-group-is-layout-constrained\">\n<h2 class=\"wp-block-heading\">K\u202fdispozici jsou 3 \u00farovn\u011b analytick\u00e9ho p\u0159ehledu<\/h2>\n\n\n\n<div class=\"accordion\">\n\t<div class=\"accordion__items\">\n\n<details class=\"expander is-style-default\">\n\t<summary data-datalayer-name=\"\" data-datalayer-text=\"V\u0161echny podcasty\">\n\t\t\t\t<strong>V\u0161echny podcasty<\/strong>\n\t\t\t<\/summary>\n\t<div class=\"inner-blocks\">\n\n<ul class=\"wp-block-list\">\n<li>statistiky poslechu za v\u0161echny va\u0161e podcast&nbsp;<\/li>\n\n\n\n<li>dostupn\u00e9 z\u202fhlavn\u00edho menu&nbsp;<\/li>\n<\/ul>\n\n\n\n<div class=\"wp-block-group is-layout-grid wp-container-core-group-is-layout-88c98fc8 wp-block-group-is-layout-grid\">\n<figure class=\"wp-block-image size-full\"><img loading=\"lazy\" decoding=\"async\" width=\"523\" height=\"433\" src=\"https:\/\/o-seznam.cz\/napoveda\/podcasty\/wp-content\/uploads\/sites\/29\/2025\/10\/statistiky-poslechu-1.png\" alt=\"\" class=\"wp-image-270\" style=\"object-fit:cover\" srcset=\"https:\/\/o-seznam.cz\/napoveda\/podcasty\/wp-content\/uploads\/sites\/29\/2025\/10\/statistiky-poslechu-1.png 523w, https:\/\/o-seznam.cz\/napoveda\/podcasty\/wp-content\/uploads\/sites\/29\/2025\/10\/statistiky-poslechu-1-320x265.png 320w\" sizes=\"auto, (max-width: 523px) 100vw, 523px\" \/><\/figure>\n\n\n\n<figure class=\"wp-block-image size-full\"><img loading=\"lazy\" decoding=\"async\" width=\"523\" height=\"433\" src=\"https:\/\/o-seznam.cz\/napoveda\/podcasty\/wp-content\/uploads\/sites\/29\/2025\/10\/statistiky-poslechu-2.png\" alt=\"\" class=\"wp-image-271\" srcset=\"https:\/\/o-seznam.cz\/napoveda\/podcasty\/wp-content\/uploads\/sites\/29\/2025\/10\/statistiky-poslechu-2.png 523w, https:\/\/o-seznam.cz\/napoveda\/podcasty\/wp-content\/uploads\/sites\/29\/2025\/10\/statistiky-poslechu-2-320x265.png 320w\" sizes=\"auto, (max-width: 523px) 100vw, 523px\" \/><\/figure>\n<\/div>\n\n<\/div><\/details>\n\n\n\n<details class=\"expander is-style-default\">\n\t<summary data-datalayer-name=\"\" data-datalayer-text=\"Podcast\">\n\t\t\t\t<strong>Podcast<\/strong>\n\t\t\t<\/summary>\n\t<div class=\"inner-blocks\">\n\n<ul class=\"wp-block-list\">\n<li>Statistiky pro konkr\u00e9tn\u00ed podcast&nbsp;<\/li>\n\n\n\n<li>Dostupn\u00e9 z\u202fmenu podcastu&nbsp;<\/li>\n<\/ul>\n\n\n\n<figure class=\"wp-block-image size-full\"><img loading=\"lazy\" decoding=\"async\" width=\"1308\" height=\"713\" src=\"https:\/\/o-seznam.cz\/napoveda\/podcasty\/wp-content\/uploads\/sites\/29\/2025\/10\/statistiky-poslechu-4-1.png\" alt=\"\" class=\"wp-image-283\" style=\"object-fit:cover\" srcset=\"https:\/\/o-seznam.cz\/napoveda\/podcasty\/wp-content\/uploads\/sites\/29\/2025\/10\/statistiky-poslechu-4-1.png 1308w, https:\/\/o-seznam.cz\/napoveda\/podcasty\/wp-content\/uploads\/sites\/29\/2025\/10\/statistiky-poslechu-4-1-992x541.png 992w, https:\/\/o-seznam.cz\/napoveda\/podcasty\/wp-content\/uploads\/sites\/29\/2025\/10\/statistiky-poslechu-4-1-320x174.png 320w, https:\/\/o-seznam.cz\/napoveda\/podcasty\/wp-content\/uploads\/sites\/29\/2025\/10\/statistiky-poslechu-4-1-768x419.png 768w\" sizes=\"auto, (max-width: 1308px) 100vw, 1308px\" \/><\/figure>\n\n<\/div><\/details>\n\n\n\n<details class=\"expander is-style-default\">\n\t<summary data-datalayer-name=\"\" data-datalayer-text=\"Epizoda\">\n\t\t\t\t<strong>Epizoda<\/strong>\n\t\t\t<\/summary>\n\t<div class=\"inner-blocks\">\n\n<ul class=\"wp-block-list\">\n<li>Statistiky pro vybranou epizodu&nbsp;<\/li>\n\n\n\n<li>Dostupn\u00e9 z\u202fp\u0159ehledu epizod kliknut\u00edm na ikonku grafu<\/li>\n<\/ul>\n\n\n\n<figure class=\"wp-block-image size-full\"><img loading=\"lazy\" decoding=\"async\" width=\"1308\" height=\"713\" src=\"https:\/\/o-seznam.cz\/napoveda\/podcasty\/wp-content\/uploads\/sites\/29\/2025\/10\/statistiky-poslechu-3-1.png\" alt=\"\" class=\"wp-image-282\" srcset=\"https:\/\/o-seznam.cz\/napoveda\/podcasty\/wp-content\/uploads\/sites\/29\/2025\/10\/statistiky-poslechu-3-1.png 1308w, https:\/\/o-seznam.cz\/napoveda\/podcasty\/wp-content\/uploads\/sites\/29\/2025\/10\/statistiky-poslechu-3-1-992x541.png 992w, https:\/\/o-seznam.cz\/napoveda\/podcasty\/wp-content\/uploads\/sites\/29\/2025\/10\/statistiky-poslechu-3-1-320x174.png 320w, https:\/\/o-seznam.cz\/napoveda\/podcasty\/wp-content\/uploads\/sites\/29\/2025\/10\/statistiky-poslechu-3-1-768x419.png 768w\" sizes=\"auto, (max-width: 1308px) 100vw, 1308px\" \/><\/figure>\n\n<\/div><\/details>\n\n<\/div><\/div>\n\n<\/div>\n","protected":false},"excerpt":{"rendered":"<p>K\u202fdispozici jsou 3 \u00farovn\u011b analytick\u00e9ho p\u0159ehledu<\/p>\n","protected":false},"author":67,"featured_media":0,"parent":0,"menu_order":24,"comment_status":"closed","ping_status":"closed","template":"page-sidemenu","meta":{"_acf_changed":false,"_relevanssi_hide_post":"","_relevanssi_hide_content":"","_relevanssi_pin_for_all":"","_relevanssi_pin_keywords":"","_relevanssi_unpin_keywords":"","_relevanssi_related_keywords":"","_relevanssi_related_include_ids":"","_relevanssi_related_exclude_ids":"","_relevanssi_related_no_append":"","_relevanssi_related_not_related":"","_relevanssi_related_posts":"1","_relevanssi_noindex_reason":"","footnotes":""},"page_category":[34],"page_tag":[],"service_status_category":[],"class_list":["post-95","page","type-page","status-publish","hentry"],"acf":[],"_links":{"self":[{"href":"https:\/\/o-seznam.cz\/napoveda\/podcasty\/wp-json\/wp\/v2\/pages\/95","targetHints":{"allow":["GET"]}}],"collection":[{"href":"https:\/\/o-seznam.cz\/napoveda\/podcasty\/wp-json\/wp\/v2\/pages"}],"about":[{"href":"https:\/\/o-seznam.cz\/napoveda\/podcasty\/wp-json\/wp\/v2\/types\/page"}],"author":[{"embeddable":true,"href":"https:\/\/o-seznam.cz\/napoveda\/podcasty\/wp-json\/wp\/v2\/users\/67"}],"replies":[{"embeddable":true,"href":"https:\/\/o-seznam.cz\/napoveda\/podcasty\/wp-json\/wp\/v2\/comments?post=95"}],"version-history":[{"count":13,"href":"https:\/\/o-seznam.cz\/napoveda\/podcasty\/wp-json\/wp\/v2\/pages\/95\/revisions"}],"predecessor-version":[{"id":284,"href":"https:\/\/o-seznam.cz\/napoveda\/podcasty\/wp-json\/wp\/v2\/pages\/95\/revisions\/284"}],"wp:attachment":[{"href":"https:\/\/o-seznam.cz\/napoveda\/podcasty\/wp-json\/wp\/v2\/media?parent=95"}],"wp:term":[{"taxonomy":"page_category","embeddable":true,"href":"https:\/\/o-seznam.cz\/napoveda\/podcasty\/wp-json\/wp\/v2\/page_category?post=95"},{"taxonomy":"page_tag","embeddable":true,"href":"https:\/\/o-seznam.cz\/napoveda\/podcasty\/wp-json\/wp\/v2\/page_tag?post=95"},{"taxonomy":"service_status_category","embeddable":true,"href":"https:\/\/o-seznam.cz\/napoveda\/podcasty\/wp-json\/wp\/v2\/service_status_category?post=95"}],"curies":[{"name":"wp","href":"https:\/\/api.w.org\/{rel}","templated":true}]}}