{"id":88,"date":"2025-10-14T11:05:57","date_gmt":"2025-10-14T09:05:57","guid":{"rendered":"https:\/\/o-seznam.cz\/napoveda\/podcasty\/?page_id=88"},"modified":"2025-12-10T09:26:44","modified_gmt":"2025-12-10T08:26:44","slug":"vytvoreni-tymu","status":"publish","type":"page","link":"https:\/\/o-seznam.cz\/napoveda\/podcasty\/vytvoreni-tymu\/","title":{"rendered":"Jak si vytvo\u0159\u00edm t\u00fdm?"},"content":{"rendered":"\n<div class=\"wp-block-group is-layout-constrained wp-block-group-is-layout-constrained\">\n<h2 class=\"wp-block-heading\">Dostupn\u00e9 role&nbsp;<\/h2>\n\n\n\n<div class=\"accordion\">\n\t<div class=\"accordion__items\">\n\n<details class=\"expander is-style-default\">\n\t<summary data-datalayer-name=\"\" data-datalayer-text=\"Vlastn\u00edk\">\n\t\t\t\t<strong>Vlastn\u00edk<\/strong>\n\t\t\t<\/summary>\n\t<div class=\"inner-blocks\">\n\n<ul class=\"wp-block-list\">\n<li>Vlastn\u00edkem se st\u00e1v\u00e1 u\u017eivatel p\u0159i zalo\u017een\u00ed podcastu&nbsp;<\/li>\n\n\n\n<li>Nem\u016f\u017ee b\u00fdt zm\u011bn\u011bna&nbsp;<\/li>\n\n\n\n<li>M\u00e1 pln\u00e1 pr\u00e1va k\u202fpodcastu&nbsp;<\/li>\n\n\n\n<li>M\u016f\u017ee rozhodovat o zapojen\u00ed do monetizace&nbsp;<\/li>\n\n\n\n<li>M\u016f\u017ee p\u0159idat dal\u0161\u00ed \u010dleny t\u00fdmu&nbsp;<\/li>\n<\/ul>\n\n<\/div><\/details>\n\n\n\n<details class=\"expander is-style-default\">\n\t<summary data-datalayer-name=\"\" data-datalayer-text=\"Administr\u00e1tor\">\n\t\t\t\t<strong>Administr\u00e1tor<\/strong>\n\t\t\t<\/summary>\n\t<div class=\"inner-blocks\">\n\n<p>U\u017eivatel s\u202frol\u00ed Administr\u00e1tora m\u00e1 stejn\u00e1 pr\u00e1va jako vlastn\u00edk s\u202fomezen\u00edm:&nbsp;<\/p>\n\n\n\n<ul class=\"wp-block-list\">\n<li>Nem\u016f\u017ee zru\u0161it podcast&nbsp;<\/li>\n\n\n\n<li>Nevid\u00ed nastaven\u00ed monetizace&nbsp;<\/li>\n<\/ul>\n\n<\/div><\/details>\n\n\n\n<details class=\"expander is-style-default\">\n\t<summary data-datalayer-name=\"\" data-datalayer-text=\"Editor\">\n\t\t\t\t<strong>Editor<\/strong>\n\t\t\t<\/summary>\n\t<div class=\"inner-blocks\">\n\n<p>U\u017eivatel s\u202frol\u00ed Editor m\u016f\u017ee:\u00a0<\/p>\n\n\n\n<ul class=\"wp-block-list\">\n<li>Spravovat agendu publikov\u00e1n\u00ed epizod &#8211; vytv\u00e1\u0159et, publikovat, zru\u0161it publikaci&nbsp;<\/li>\n\n\n\n<li>Vid\u00ed analytiku podcastu&nbsp;<\/li>\n<\/ul>\n\n<\/div><\/details>\n\n\n\n<details class=\"expander is-style-default\">\n\t<summary data-datalayer-name=\"\" data-datalayer-text=\"Analytik\">\n\t\t\t\t<strong>Analytik<\/strong>\n\t\t\t<\/summary>\n\t<div class=\"inner-blocks\">\n\n<p>U\u017eivatel s\u202frol\u00ed Analytik m\u00e1 p\u0159\u00edstup pouze k\u202fanalytice podcastu\u00a0<\/p>\n\n<\/div><\/details>\n\n<\/div><\/div>\n\n<\/div>\n\n\n\n<div class=\"wp-block-group is-layout-constrained wp-block-group-is-layout-constrained\">\n<h2 class=\"wp-block-heading\">P\u0159id\u00e1n\u00ed \u010dlena<\/h2>\n\n\n\n<ul class=\"wp-block-list\">\n<li>Sestaven\u00ed t\u00fdmu prob\u00edh\u00e1 v\u017edy pro konkr\u00e9tn\u00ed podcast&nbsp;<\/li>\n\n\n\n<li>P\u0159ehled \u010dlen\u016f vid\u00edt\u011b na z\u00e1lo\u017ece \u201e\u010clenov\u00e9\u201c&nbsp;<\/li>\n\n\n\n<li>P\u0159id\u00e1n nov\u00fdch \u010dlen\u016f t\u00fdmu prob\u00edh\u00e1 skrze pozv\u00e1nky&nbsp;<\/li>\n<\/ul>\n\n\n\n<figure class=\"wp-block-image size-full\"><img loading=\"lazy\" decoding=\"async\" width=\"774\" height=\"416\" src=\"https:\/\/o-seznam.cz\/napoveda\/podcasty\/wp-content\/uploads\/sites\/29\/2025\/10\/tym-pozvanka-1.png\" alt=\"\" class=\"wp-image-169\" style=\"object-fit:cover\" srcset=\"https:\/\/o-seznam.cz\/napoveda\/podcasty\/wp-content\/uploads\/sites\/29\/2025\/10\/tym-pozvanka-1.png 774w, https:\/\/o-seznam.cz\/napoveda\/podcasty\/wp-content\/uploads\/sites\/29\/2025\/10\/tym-pozvanka-1-320x172.png 320w, https:\/\/o-seznam.cz\/napoveda\/podcasty\/wp-content\/uploads\/sites\/29\/2025\/10\/tym-pozvanka-1-768x413.png 768w\" sizes=\"auto, (max-width: 774px) 100vw, 774px\" \/><\/figure>\n<\/div>\n\n\n\n<div class=\"wp-block-group is-layout-constrained wp-block-group-is-layout-constrained\">\n<h2 class=\"wp-block-heading\">Vytvo\u0159en\u00ed pozv\u00e1nky<\/h2>\n\n\n\n<ul class=\"wp-block-list\">\n<li>V\u202fmenu podcastu vyberte polo\u017eku \u201eT\u00fdm\u201c&nbsp;<\/li>\n\n\n\n<li>Zde se p\u0159epn\u011bte na z\u00e1lo\u017eku \u201ePozv\u00e1nky\u201c a klikn\u011bte na tla\u010d\u00edtko \u201ePozvat\u201c<\/li>\n\n\n\n<li>Vyberte roli&nbsp;<\/li>\n<\/ul>\n\n\n\n<figure class=\"wp-block-image size-full\"><img loading=\"lazy\" decoding=\"async\" width=\"774\" height=\"562\" src=\"https:\/\/o-seznam.cz\/napoveda\/podcasty\/wp-content\/uploads\/sites\/29\/2025\/10\/tym-pozvanka-2.png\" alt=\"\" class=\"wp-image-163\" style=\"object-fit:cover\" srcset=\"https:\/\/o-seznam.cz\/napoveda\/podcasty\/wp-content\/uploads\/sites\/29\/2025\/10\/tym-pozvanka-2.png 774w, https:\/\/o-seznam.cz\/napoveda\/podcasty\/wp-content\/uploads\/sites\/29\/2025\/10\/tym-pozvanka-2-320x232.png 320w, https:\/\/o-seznam.cz\/napoveda\/podcasty\/wp-content\/uploads\/sites\/29\/2025\/10\/tym-pozvanka-2-768x558.png 768w\" sizes=\"auto, (max-width: 774px) 100vw, 774px\" \/><figcaption class=\"wp-element-caption\">Screenshot<\/figcaption><\/figure>\n<\/div>\n\n\n\n<div class=\"wp-block-group is-layout-constrained wp-block-group-is-layout-constrained\">\n<h2 class=\"wp-block-heading\">Odesl\u00e1n\u00ed pozv\u00e1nky<\/h2>\n\n\n\n<ul class=\"wp-block-list\">\n<li>Pozv\u00e1nka je platn\u00e1 10 dn\u00ed od data vytvo\u0159en\u00ed&nbsp;<\/li>\n\n\n\n<li>Pozv\u00e1nku lze p\u0159edat:&nbsp;\n<ul class=\"wp-block-list\">\n<li>&nbsp;Jako \u201eodkaz pozv\u00e1nky\u201c kter\u00fd ode\u0161lete p\u0159es v\u00e1mi preferovan\u00fd komunika\u010dn\u00ed kan\u00e1l \u2013 nap\u0159. SMS, Chat, apod.&nbsp;<\/li>\n\n\n\n<li>Ode\u0161lete na zadan\u00fd email&nbsp;<\/li>\n<\/ul>\n<\/li>\n<\/ul>\n\n\n\n<figure class=\"wp-block-image size-full\"><img loading=\"lazy\" decoding=\"async\" width=\"774\" height=\"562\" src=\"https:\/\/o-seznam.cz\/napoveda\/podcasty\/wp-content\/uploads\/sites\/29\/2025\/10\/tym-pozvanka-3.png\" alt=\"\" class=\"wp-image-165\" style=\"object-fit:cover\" srcset=\"https:\/\/o-seznam.cz\/napoveda\/podcasty\/wp-content\/uploads\/sites\/29\/2025\/10\/tym-pozvanka-3.png 774w, https:\/\/o-seznam.cz\/napoveda\/podcasty\/wp-content\/uploads\/sites\/29\/2025\/10\/tym-pozvanka-3-320x232.png 320w, https:\/\/o-seznam.cz\/napoveda\/podcasty\/wp-content\/uploads\/sites\/29\/2025\/10\/tym-pozvanka-3-768x558.png 768w\" sizes=\"auto, (max-width: 774px) 100vw, 774px\" \/><figcaption class=\"wp-element-caption\">Screenshot<\/figcaption><\/figure>\n<\/div>\n","protected":false},"excerpt":{"rendered":"<p>Dostupn\u00e9 role&nbsp; P\u0159id\u00e1n\u00ed \u010dlena Vytvo\u0159en\u00ed pozv\u00e1nky Odesl\u00e1n\u00ed pozv\u00e1nky<\/p>\n","protected":false},"author":67,"featured_media":0,"parent":0,"menu_order":25,"comment_status":"closed","ping_status":"closed","template":"page-sidemenu","meta":{"_acf_changed":false,"_relevanssi_hide_post":"","_relevanssi_hide_content":"","_relevanssi_pin_for_all":"","_relevanssi_pin_keywords":"","_relevanssi_unpin_keywords":"","_relevanssi_related_keywords":"","_relevanssi_related_include_ids":"","_relevanssi_related_exclude_ids":"","_relevanssi_related_no_append":"","_relevanssi_related_not_related":"","_relevanssi_related_posts":"1","_relevanssi_noindex_reason":"","footnotes":""},"page_category":[34],"page_tag":[],"service_status_category":[],"class_list":["post-88","page","type-page","status-publish","hentry"],"acf":[],"_links":{"self":[{"href":"https:\/\/o-seznam.cz\/napoveda\/podcasty\/wp-json\/wp\/v2\/pages\/88","targetHints":{"allow":["GET"]}}],"collection":[{"href":"https:\/\/o-seznam.cz\/napoveda\/podcasty\/wp-json\/wp\/v2\/pages"}],"about":[{"href":"https:\/\/o-seznam.cz\/napoveda\/podcasty\/wp-json\/wp\/v2\/types\/page"}],"author":[{"embeddable":true,"href":"https:\/\/o-seznam.cz\/napoveda\/podcasty\/wp-json\/wp\/v2\/users\/67"}],"replies":[{"embeddable":true,"href":"https:\/\/o-seznam.cz\/napoveda\/podcasty\/wp-json\/wp\/v2\/comments?post=88"}],"version-history":[{"count":22,"href":"https:\/\/o-seznam.cz\/napoveda\/podcasty\/wp-json\/wp\/v2\/pages\/88\/revisions"}],"predecessor-version":[{"id":192,"href":"https:\/\/o-seznam.cz\/napoveda\/podcasty\/wp-json\/wp\/v2\/pages\/88\/revisions\/192"}],"wp:attachment":[{"href":"https:\/\/o-seznam.cz\/napoveda\/podcasty\/wp-json\/wp\/v2\/media?parent=88"}],"wp:term":[{"taxonomy":"page_category","embeddable":true,"href":"https:\/\/o-seznam.cz\/napoveda\/podcasty\/wp-json\/wp\/v2\/page_category?post=88"},{"taxonomy":"page_tag","embeddable":true,"href":"https:\/\/o-seznam.cz\/napoveda\/podcasty\/wp-json\/wp\/v2\/page_tag?post=88"},{"taxonomy":"service_status_category","embeddable":true,"href":"https:\/\/o-seznam.cz\/napoveda\/podcasty\/wp-json\/wp\/v2\/service_status_category?post=88"}],"curies":[{"name":"wp","href":"https:\/\/api.w.org\/{rel}","templated":true}]}}