{"id":5,"date":"2025-09-09T15:30:44","date_gmt":"2025-09-09T13:30:44","guid":{"rendered":"https:\/\/o-seznam.cz\/napoveda\/podcasty\/?page_id=5"},"modified":"2026-02-19T13:00:39","modified_gmt":"2026-02-19T12:00:39","slug":"napoveda-podcasty-cz","status":"publish","type":"page","link":"https:\/\/o-seznam.cz\/napoveda\/podcasty\/","title":{"rendered":"N\u00e1pov\u011bda Podcasty.cz"},"content":{"rendered":"<div class=\"alignwide alignwide wp-block-seznam-hero\"><div class=\"cover is-hero is-hero-default bg-neutral-40\"><img decoding=\"async\" src=\"https:\/\/o-seznam.cz\/napoveda\/podcasty\/wp-content\/themes\/seznam\/patterns\/images\/seznam-cover.jpg\" class=\"cover__media\" alt=\"\" \/><div class=\"cover__dim\" style=\"opacity:0.45\"><\/div><div class=\"cover__content is-layout-constrained\">\n\n<h1 class=\"wp-block-heading has-text-align-left\">N\u00e1pov\u011bda Podcasty.cz<\/h1>\n\n\n\n<div class=\"wp-block-group is-content-justification-left is-layout-constrained wp-container-core-group-is-layout-59d06cab wp-block-group-is-layout-constrained\">\n<p>Praktick\u00e9 tipy a n\u00e1vody, jak p\u0159idat podcast a publikovat na Podcasty.cz a jin\u00e9 platformy. V\u0161e o statistik\u00e1ch, tvorb\u011b vlastn\u00edho t\u00fdmu nebo mo\u017enostech monetizace.<\/p>\n<\/div>\n\n<\/div><\/div><\/div>\n\n\n\n\n\n<div class=\"wp-block-group is-layout-constrained wp-block-group-is-layout-constrained\">\n<h2 class=\"wp-block-heading\">Nej\u010dast\u011bj\u0161\u00ed dotazy<\/h2>\n\n\n\n<div class=\"accordion limiter\" data-limiter=\"4\" data-limiter-selector=\"&gt; .accordion__items\">\n\t<div class=\"accordion__items\">\n\n<details class=\"expander is-style-default\">\n\t<summary data-datalayer-name=\"\" data-datalayer-text=\"Co je Studio od Podcasty.cz?\">\n\t\t\t\t<strong>Co je Studio od Podcasty.cz?<\/strong>\n\t\t\t<\/summary>\n\t<div class=\"inner-blocks\">\n\n<p>Jedn\u00e1 se o administra\u010dn\u00ed rozhran\u00ed slu\u017eby Podcasty.cz, kter\u00e9 otev\u00edr\u00e1 tv\u016frc\u016fm cestu do sv\u011bta podcast\u016f.<\/p>\n\n<\/div><\/details>\n\n\n\n<details class=\"expander is-style-default\">\n\t<summary data-datalayer-name=\"\" data-datalayer-text=\"Kde v\u0161ude bude m\u016fj podcast dostupn\u00fd?\">\n\t\t\t\t<strong>Kde v\u0161ude bude m\u016fj podcast dostupn\u00fd?<\/strong>\n\t\t\t<\/summary>\n\t<div class=\"inner-blocks\">\n\n<p class=\"is-style-link-external\">Podcast je ihned po publikaci dostupn\u00fd pro:&nbsp;<\/p>\n\n\n\n<ul class=\"wp-block-list\">\n<li>web podcasty.cz&nbsp;<\/li>\n\n\n\n<li>aplikace Seznam&nbsp;<\/li>\n\n\n\n<li>domovsk\u00e1 str\u00e1nka Seznam.cz&nbsp;<\/li>\n\n\n\n<li>RSS a propojen\u00e9 podcastov\u00e9 platformy&nbsp;<\/li>\n\n\n\n<li>embed<\/li>\n<\/ul>\n\n<\/div><\/details>\n\n\n\n<details class=\"expander is-style-default\">\n\t<summary data-datalayer-name=\"\" data-datalayer-text=\"Jak zjist\u00edm jak si moje podcasty vedou?\">\n\t\t\t\t<strong>Jak zjist\u00edm jak si moje podcasty vedou?<\/strong>\n\t\t\t<\/summary>\n\t<div class=\"inner-blocks\">\n\n<p>Pro ka\u017ed\u00fd podcast a epizodu jsou ve Studiu k\u202fdispozici detailn\u00ed statistiky poslechu.<\/p>\n\n<\/div><\/details>\n\n\n\n<details class=\"expander is-style-default\">\n\t<summary data-datalayer-name=\"\" data-datalayer-text=\"Jak mohu nechat sv\u016fj podcast vyd\u011bl\u00e1vat?\">\n\t\t\t\t<strong>Jak mohu nechat sv\u016fj podcast vyd\u011bl\u00e1vat?<\/strong>\n\t\t\t<\/summary>\n\t<div class=\"inner-blocks\">\n\n<p class=\"is-style-link-external\">Po publikov\u00e1n\u00ed prvn\u00ed epizody m\u00e1te mo\u017enost nechat svou tvorbu vyd\u011bl\u00e1vat. \u00dapln\u00e9 zn\u011bn\u00ed podm\u00ednky programu monetizace najde <a href=\"https:\/\/partner.seznam.cz\/napoveda\/podcasty\/#monetizace\" target=\"_blank\" rel=\"noreferrer noopener\">zde<\/a>.<\/p>\n\n<\/div><\/details>\n\n\n\n<details class=\"expander is-style-default limiter-item-hidden\">\n\t<summary data-datalayer-name=\"\" data-datalayer-text=\"Je vyu\u017e\u00edv\u00e1n\u00ed Studia n\u011bjak zpoplatn\u011bno?\">\n\t\t\t\t<strong>Je vyu\u017e\u00edv\u00e1n\u00ed Studia n\u011bjak zpoplatn\u011bno?<\/strong>\n\t\t\t<\/summary>\n\t<div class=\"inner-blocks\">\n\n<p>Studio od podcasty.cz je zcela zdarma.<\/p>\n\n<\/div><\/details>\n\n\n\n<details class=\"expander is-style-default limiter-item-hidden\">\n\t<summary data-datalayer-name=\"\" data-datalayer-text=\"Jak si m\u016f\u017eu zalo\u017eit \u00fa\u010det?\">\n\t\t\t\t<strong>Jak si m\u016f\u017eu zalo\u017eit \u00fa\u010det?<\/strong>\n\t\t\t<\/summary>\n\t<div class=\"inner-blocks\">\n\n<p>Klikn\u011bte na tla\u010d\u00edtko \u201eP\u0159idat podcast\u201c. V\u202fn\u00e1sleduj\u00edc\u00edm kroku se budete moci p\u0159ihl\u00e1sit nebo si vytvo\u0159it nov\u00fd \u00fa\u010det.<\/p>\n\n<\/div><\/details>\n\n\n\n<details class=\"expander is-style-default limiter-item-hidden\">\n\t<summary data-datalayer-name=\"\" data-datalayer-text=\"Je t\u0159eba m\u00edt e-mail od Seznamu?\">\n\t\t\t\t<strong>Je t\u0159eba m\u00edt e-mail od Seznamu?<\/strong>\n\t\t\t<\/summary>\n\t<div class=\"inner-blocks\">\n\n<p>Registrovat se lze s jak\u00fdmkoli e-mailem.<\/p>\n\n<\/div><\/details>\n\n\n\n<details class=\"expander is-style-default limiter-item-hidden\">\n\t<summary data-datalayer-name=\"\" data-datalayer-text=\"Hostuji podcast jinde. Mohu ho p\u0159idat na podcasty.cz?\">\n\t\t\t\t<strong>Hostuji podcast jinde. Mohu ho p\u0159idat na podcasty.cz?<\/strong>\n\t\t\t<\/summary>\n\t<div class=\"inner-blocks\">\n\n<p>Ano. Sta\u010d\u00ed vlo\u017eit RSS existuj\u00edc\u00edho podcastu, ov\u011b\u0159it vlastnictv\u00ed podcastu a m\u00e1te hotovo. O zbytek se postar\u00e1me za V\u00e1s.<\/p>\n\n<\/div><\/details>\n\n\n\n<details class=\"expander is-style-default limiter-item-hidden\">\n\t<summary data-datalayer-name=\"\" data-datalayer-text=\"Mohu na podcasty.cz p\u0159ev\u00e9st podcast z\u202fjin\u00e9 platformy?\">\n\t\t\t\t<strong>Mohu na podcasty.cz p\u0159ev\u00e9st podcast z\u202fjin\u00e9 platformy?<\/strong>\n\t\t\t<\/summary>\n\t<div class=\"inner-blocks\">\n\n<p>Ano. P\u0159idejte podcast s vyu\u017eit\u00edm existuj\u00edc\u00edho RSS a n\u00e1sledn\u011b v\u202fnastaven\u00ed podcastu dokon\u010dete p\u0159evod na podcasty.cz.<\/p>\n\n<\/div><\/details>\n\n<\/div><\/div>\n\n<\/div>\n\n\n\n<div class=\"wp-block-group is-layout-constrained wp-block-group-is-layout-constrained\">\n<h2 class=\"wp-block-heading\">N\u00e1pov\u011bda pro Podcasty.cz<\/h2>\n\n\n<div class=\"wp-block-seznam-list-pages\"><div>\n<div style=\"--seznam-tiles--columns:3\" class=\"wp-block-seznam-tiles has-columns-3\"><div class=\"inner-blocks\">\n<div class=\"block-boxlink\"><a class=\"boxlink boxlink--icon-arrow boxlink--align-y-center px-f8 py-f4\" href=\"https:\/\/o-seznam.cz\/napoveda\/podcasty\/zalozeni-podcastu\/\"><div class=\"inner-blocks\">Jak p\u0159idat podcast?<\/div><\/a><\/div><div class=\"block-boxlink\"><a class=\"boxlink boxlink--icon-arrow boxlink--align-y-center px-f8 py-f4\" href=\"https:\/\/o-seznam.cz\/napoveda\/podcasty\/epizody\/\"><div class=\"inner-blocks\">V\u0161e o epizod\u00e1ch<\/div><\/a><\/div><div class=\"block-boxlink\"><a class=\"boxlink boxlink--icon-arrow boxlink--align-y-center px-f8 py-f4\" href=\"https:\/\/o-seznam.cz\/napoveda\/podcasty\/rss-2\/\"><div class=\"inner-blocks\">RSS<\/div><\/a><\/div><div class=\"block-boxlink\"><a class=\"boxlink boxlink--icon-arrow boxlink--align-y-center px-f8 py-f4\" href=\"https:\/\/o-seznam.cz\/napoveda\/podcasty\/pridani-podcastu-z-youtube\/\"><div class=\"inner-blocks\">P\u0159id\u00e1n\u00ed podcastu z Youtube<\/div><\/a><\/div><div class=\"block-boxlink\"><a class=\"boxlink boxlink--icon-arrow boxlink--align-y-center px-f8 py-f4\" href=\"https:\/\/o-seznam.cz\/napoveda\/podcasty\/statistiky-poslechu\/\"><div class=\"inner-blocks\">Kde najdu statistiky poslechu?<\/div><\/a><\/div><div class=\"block-boxlink\"><a class=\"boxlink boxlink--icon-arrow boxlink--align-y-center px-f8 py-f4\" href=\"https:\/\/o-seznam.cz\/napoveda\/podcasty\/vytvoreni-tymu\/\"><div class=\"inner-blocks\">Jak si vytvo\u0159\u00edm t\u00fdm?<\/div><\/a><\/div><div class=\"block-boxlink\"><a class=\"boxlink boxlink--icon-arrow boxlink--align-y-center px-f8 py-f4\" href=\"https:\/\/o-seznam.cz\/napoveda\/podcasty\/technicke-parametry\/\"><div class=\"inner-blocks\">Technick\u00e9 parametry<\/div><\/a><\/div><div class=\"block-boxlink\"><a class=\"boxlink boxlink--icon-arrow boxlink--align-y-center px-f8 py-f4\" href=\"https:\/\/o-seznam.cz\/napoveda\/podcasty\/parametry-doporucovacich-systemu\/\"><div class=\"inner-blocks\">Parametry doporu\u010dovac\u00edch syst\u00e9m\u016f<\/div><\/a><\/div><div class=\"block-boxlink\"><a class=\"boxlink boxlink--icon-arrow boxlink--align-y-center px-f8 py-f4\" href=\"https:\/\/o-seznam.cz\/napoveda\/podcasty\/mohlo-by-vas-zajimat\/\"><div class=\"inner-blocks\">Mohlo by v\u00e1s zaj\u00edmat<\/div><\/a><\/div><\/div><\/div>\n\n<\/div><\/div>\n<\/div>\n\n\n\n<div class=\"wp-block-group is-layout-constrained wp-block-group-is-layout-constrained\">\n<h2 class=\"wp-block-heading\">Mohlo by v\u00e1s zaj\u00edmat<\/h2>\n\n\n\n<div class=\"wp-block-seznam-tiles has-columns-3\" style=\"--seznam-tiles--columns:3\"><div class=\"inner-blocks\"><div class=\"block-boxlink\"><a class=\"boxlink boxlink--icon-arrow px-f8 py-f4\" href=\"https:\/\/o-seznam.cz\/napoveda\/podcasty\/mohlo-by-vas-zajimat\/kontakt\/\" target=\"_blank\"><div class=\"inner-blocks\">\n\n<p>Kontakt<\/p>\n\n<\/div><\/a><\/div>\n\n<div class=\"block-boxlink\"><a class=\"boxlink boxlink--icon-arrow px-f8 py-f4\" href=\"https:\/\/o-seznam.cz\/napoveda\/podcasty\/mohlo-by-vas-zajimat\/pravidla\/\" target=\"_blank\"><div class=\"inner-blocks\">\n\n<p>Pravidla<\/p>\n\n<\/div><\/a><\/div>\n\n<div class=\"block-boxlink\"><a class=\"boxlink boxlink--icon-external px-f8 py-f4\" href=\"https:\/\/studio.podcasty.seznam.cz\/jak-na-to\" target=\"_blank\"><div class=\"inner-blocks\">\n\n<p>V\u00edce o Podcasty.cz<\/p>\n\n<\/div><\/a><\/div>\n\n<div class=\"block-boxlink\"><a class=\"boxlink boxlink--icon-arrow px-f8 py-f4\" href=\"https:\/\/o-seznam.cz\/napoveda\/podcasty\/mohlo-by-vas-zajimat\/zprava-o-moderaci-dle-dsa\/\"><div class=\"inner-blocks\">\n\n<p>Zpr\u00e1va o moderaci dle DSA<\/p>\n\n<\/div><\/a><\/div><\/div><\/div>\n<\/div>\n\n\n\n<p><\/p>\n","protected":false},"excerpt":{"rendered":"<p>Nej\u010dast\u011bj\u0161\u00ed dotazy N\u00e1pov\u011bda pro Podcasty.cz Mohlo by v\u00e1s zaj\u00edmat<\/p>\n","protected":false},"author":1,"featured_media":0,"parent":0,"menu_order":1,"comment_status":"closed","ping_status":"closed","template":"page-no-head","meta":{"_acf_changed":false,"_relevanssi_hide_post":"","_relevanssi_hide_content":"","_relevanssi_pin_for_all":"","_relevanssi_pin_keywords":"","_relevanssi_unpin_keywords":"","_relevanssi_related_keywords":"","_relevanssi_related_include_ids":"","_relevanssi_related_exclude_ids":"","_relevanssi_related_no_append":"","_relevanssi_related_not_related":"","_relevanssi_related_posts":"1","_relevanssi_noindex_reason":"","footnotes":""},"page_category":[],"page_tag":[],"service_status_category":[35],"class_list":["post-5","page","type-page","status-publish","hentry"],"acf":[],"_links":{"self":[{"href":"https:\/\/o-seznam.cz\/napoveda\/podcasty\/wp-json\/wp\/v2\/pages\/5","targetHints":{"allow":["GET"]}}],"collection":[{"href":"https:\/\/o-seznam.cz\/napoveda\/podcasty\/wp-json\/wp\/v2\/pages"}],"about":[{"href":"https:\/\/o-seznam.cz\/napoveda\/podcasty\/wp-json\/wp\/v2\/types\/page"}],"author":[{"embeddable":true,"href":"https:\/\/o-seznam.cz\/napoveda\/podcasty\/wp-json\/wp\/v2\/users\/1"}],"replies":[{"embeddable":true,"href":"https:\/\/o-seznam.cz\/napoveda\/podcasty\/wp-json\/wp\/v2\/comments?post=5"}],"version-history":[{"count":29,"href":"https:\/\/o-seznam.cz\/napoveda\/podcasty\/wp-json\/wp\/v2\/pages\/5\/revisions"}],"predecessor-version":[{"id":351,"href":"https:\/\/o-seznam.cz\/napoveda\/podcasty\/wp-json\/wp\/v2\/pages\/5\/revisions\/351"}],"wp:attachment":[{"href":"https:\/\/o-seznam.cz\/napoveda\/podcasty\/wp-json\/wp\/v2\/media?parent=5"}],"wp:term":[{"taxonomy":"page_category","embeddable":true,"href":"https:\/\/o-seznam.cz\/napoveda\/podcasty\/wp-json\/wp\/v2\/page_category?post=5"},{"taxonomy":"page_tag","embeddable":true,"href":"https:\/\/o-seznam.cz\/napoveda\/podcasty\/wp-json\/wp\/v2\/page_tag?post=5"},{"taxonomy":"service_status_category","embeddable":true,"href":"https:\/\/o-seznam.cz\/napoveda\/podcasty\/wp-json\/wp\/v2\/service_status_category?post=5"}],"curies":[{"name":"wp","href":"https:\/\/api.w.org\/{rel}","templated":true}]}}