{"id":48,"date":"2025-10-13T17:29:00","date_gmt":"2025-10-13T15:29:00","guid":{"rendered":"https:\/\/o-seznam.cz\/napoveda\/podcasty\/?page_id=48"},"modified":"2025-10-15T17:49:32","modified_gmt":"2025-10-15T15:49:32","slug":"zalozeni-podcastu","status":"publish","type":"page","link":"https:\/\/o-seznam.cz\/napoveda\/podcasty\/zalozeni-podcastu\/","title":{"rendered":"Zalo\u017een\u00ed podcastu"},"content":{"rendered":"\n<h2 class=\"wp-block-heading\">Podporujeme 2 zp\u016fsoby zalo\u017een\u00ed podcastu<\/h2>\n\n\n<h1 class=\"is-layout-flow wp-block-seznam-heading-image-is-layout-flow\">\n\n<span class=\"wp-block-image size-full is-resized is-style-default\"><img loading=\"lazy\" decoding=\"async\" width=\"742\" height=\"381\" src=\"https:\/\/o-seznam.cz\/napoveda\/podcasty\/wp-content\/uploads\/sites\/29\/2025\/10\/podcast-zalozit.png\" alt=\"\" class=\"wp-image-53\" style=\"width:530px\" srcset=\"https:\/\/o-seznam.cz\/napoveda\/podcasty\/wp-content\/uploads\/sites\/29\/2025\/10\/podcast-zalozit.png 742w, https:\/\/o-seznam.cz\/napoveda\/podcasty\/wp-content\/uploads\/sites\/29\/2025\/10\/podcast-zalozit-320x164.png 320w\" sizes=\"auto, (max-width: 742px) 100vw, 742px\" \/><\/span>\n\n<\/h1>\n\n\n\n<div class=\"wp-block-group is-layout-constrained wp-block-group-is-layout-constrained\">\n<h2 class=\"wp-block-heading\">Vytvo\u0159it nov\u00fd podcast&nbsp;<\/h2>\n\n\n\n<p>Kompletn\u00ed hosting od podcasty.cz. Zalo\u017ete zcela nov\u00fd podcast, vytv\u00e1\u0159ejte epizody, publikujte na podcasty.cz a \u0161i\u0159te do sv\u011bta podcast\u016f skrze RSS a embedy. Zjistit v\u00edce.&nbsp;<\/p>\n\n\n\n<ol start=\"1\" class=\"wp-block-list is-style-circle\">\n<li>P\u0159ihlaste se do Studia a na \u00favodn\u00ed str\u00e1nce klikn\u011bte na \u201eP\u0159idat podcast\u201c&nbsp;<\/li>\n\n\n\n<li>Vyberte \u201eVytvo\u0159it nov\u00fd podcast\u201c a vypl\u0148te:&nbsp;\n<ul class=\"wp-block-list\">\n<li><strong>Povinn\u00e1\u00a0 pole (ozna\u010den\u00e1 hv\u011bzdi\u010dkou):\u00a0<\/strong>\n<ul class=\"wp-block-list\">\n<li>N\u00e1zev&nbsp;<\/li>\n\n\n\n<li>Obr\u00e1zek&nbsp;<\/li>\n\n\n\n<li>Typ podcastu&nbsp;<\/li>\n\n\n\n<li>Jazyk podcastu&nbsp;<\/li>\n\n\n\n<li>Autor podcastu&nbsp;<\/li>\n<\/ul>\n<\/li>\n<\/ul>\n\n\n\n<ul class=\"wp-block-list\">\n<li><strong>Doporu\u010den\u00e1 voliteln\u00e1\u00a0 pole:\u00a0<\/strong>\n<ul class=\"wp-block-list\">\n<li>Popis&nbsp;<\/li>\n\n\n\n<li>Kategorie&nbsp;<\/li>\n\n\n\n<li>Zalo\u017ete podcast stisknut\u00edm na \u201eUlo\u017eit\u201c&nbsp;<\/li>\n<\/ul>\n<\/li>\n<\/ul>\n<\/li>\n<\/ol>\n<\/div>\n\n\n\n<div class=\"wp-block-group is-layout-constrained wp-block-group-is-layout-constrained\">\n<h2 class=\"wp-block-heading\">M\u00e1m zalo\u017een\u00fd podcast&nbsp;<\/h2>\n\n\n\n<p>P\u0159idejte na podcasty.cz V\u00e1\u0161 podcast spravovan\u00fd jinde. Pro p\u0159id\u00e1n\u00ed budete pot\u0159ebovat RSS podcastu. Jak na p\u0159id\u00e1n\u00ed?<\/p>\n\n\n\n<ol start=\"1\" class=\"wp-block-list is-style-circle\">\n<li>P\u0159ihlaste se do Studia a na \u00favodn\u00ed str\u00e1nce klikn\u011bte na \u201eP\u0159idat podcast\u201c&nbsp;<\/li>\n\n\n\n<li>Vyberte \u201eM\u00e1m zalo\u017een\u00fd podcast\u201c&nbsp;<\/li>\n\n\n\n<li>Zadejte RSS URL va\u0161eho podcastu a stiskn\u011bte ulo\u017eit&nbsp;<\/li>\n\n\n\n<li>Ov\u011b\u0159te vlastnictv\u00ed podcastu&nbsp;\n<ul class=\"wp-block-list\">\n<li>do RSS vlo\u017ete email nebo ov\u011b\u0159ovac\u00ed token uveden\u00fd ve Studiu&nbsp;<\/li>\n\n\n\n<li>po zobrazen\u00ed ov\u011b\u0159ovac\u00edch \u00fadaj\u016f v\u202fRSS vy\u010dkejte chv\u00edli na dokon\u010den\u00ed zpracov\u00e1n\u00ed&nbsp;<\/li>\n<\/ul>\n<\/li>\n\n\n\n<li>Po aktualizaci str\u00e1nky se zobraz\u00ed v\u00e1\u0161 podcast<\/li>\n<\/ol>\n<\/div>\n\n\n\n<p><\/p>\n","protected":false},"excerpt":{"rendered":"<p>Podporujeme 2 zp\u016fsoby zalo\u017een\u00ed podcastu Vytvo\u0159it nov\u00fd podcast&nbsp; Kompletn\u00ed hosting od podcasty.cz. Zalo\u017ete zcela nov\u00fd podcast, vytv\u00e1\u0159ejte epizody, publikujte na podcasty.cz a \u0161i\u0159te do sv\u011bta podcast\u016f skrze RSS a embedy. Zjistit v\u00edce.&nbsp; M\u00e1m zalo\u017een\u00fd podcast&nbsp; P\u0159idejte na podcasty.cz V\u00e1\u0161 podcast spravovan\u00fd jinde. Pro p\u0159id\u00e1n\u00ed budete pot\u0159ebovat RSS podcastu. Jak na p\u0159id\u00e1n\u00ed?<\/p>\n","protected":false},"author":67,"featured_media":0,"parent":0,"menu_order":20,"comment_status":"closed","ping_status":"closed","template":"page-sidemenu","meta":{"_acf_changed":false,"_relevanssi_hide_post":"","_relevanssi_hide_content":"","_relevanssi_pin_for_all":"","_relevanssi_pin_keywords":"","_relevanssi_unpin_keywords":"","_relevanssi_related_keywords":"","_relevanssi_related_include_ids":"","_relevanssi_related_exclude_ids":"","_relevanssi_related_no_append":"","_relevanssi_related_not_related":"","_relevanssi_related_posts":"1","_relevanssi_noindex_reason":"","footnotes":""},"page_category":[34],"page_tag":[],"service_status_category":[],"class_list":["post-48","page","type-page","status-publish","hentry"],"acf":[],"_links":{"self":[{"href":"https:\/\/o-seznam.cz\/napoveda\/podcasty\/wp-json\/wp\/v2\/pages\/48","targetHints":{"allow":["GET"]}}],"collection":[{"href":"https:\/\/o-seznam.cz\/napoveda\/podcasty\/wp-json\/wp\/v2\/pages"}],"about":[{"href":"https:\/\/o-seznam.cz\/napoveda\/podcasty\/wp-json\/wp\/v2\/types\/page"}],"author":[{"embeddable":true,"href":"https:\/\/o-seznam.cz\/napoveda\/podcasty\/wp-json\/wp\/v2\/users\/67"}],"replies":[{"embeddable":true,"href":"https:\/\/o-seznam.cz\/napoveda\/podcasty\/wp-json\/wp\/v2\/comments?post=48"}],"version-history":[{"count":33,"href":"https:\/\/o-seznam.cz\/napoveda\/podcasty\/wp-json\/wp\/v2\/pages\/48\/revisions"}],"predecessor-version":[{"id":243,"href":"https:\/\/o-seznam.cz\/napoveda\/podcasty\/wp-json\/wp\/v2\/pages\/48\/revisions\/243"}],"wp:attachment":[{"href":"https:\/\/o-seznam.cz\/napoveda\/podcasty\/wp-json\/wp\/v2\/media?parent=48"}],"wp:term":[{"taxonomy":"page_category","embeddable":true,"href":"https:\/\/o-seznam.cz\/napoveda\/podcasty\/wp-json\/wp\/v2\/page_category?post=48"},{"taxonomy":"page_tag","embeddable":true,"href":"https:\/\/o-seznam.cz\/napoveda\/podcasty\/wp-json\/wp\/v2\/page_tag?post=48"},{"taxonomy":"service_status_category","embeddable":true,"href":"https:\/\/o-seznam.cz\/napoveda\/podcasty\/wp-json\/wp\/v2\/service_status_category?post=48"}],"curies":[{"name":"wp","href":"https:\/\/api.w.org\/{rel}","templated":true}]}}