{"id":39,"date":"2025-10-15T10:34:03","date_gmt":"2025-10-15T08:34:03","guid":{"rendered":"https:\/\/o-seznam.cz\/napoveda\/podcasty\/?page_id=39"},"modified":"2026-01-06T12:19:53","modified_gmt":"2026-01-06T11:19:53","slug":"parametry-doporucovacich-systemu","status":"publish","type":"page","link":"https:\/\/o-seznam.cz\/napoveda\/podcasty\/parametry-doporucovacich-systemu\/","title":{"rendered":"Parametry doporu\u010dovac\u00edch syst\u00e9m\u016f"},"content":{"rendered":"\n<h2 class=\"wp-block-heading\">Na podcasty.cz pou\u017e\u00edv\u00e1me doporu\u010dov\u00e1n\u00ed pouze na hlavn\u00ed str\u00e1nce formou karuselu &#8222;Doporu\u010den\u00fd obsah pro V\u00e1s&#8220;.<\/h2>\n\n\n\n<div class=\"accordion\">\n\t<div class=\"accordion__items\">\n\n<details class=\"expander is-style-default\">\n\t<summary data-datalayer-name=\"\" data-datalayer-text=\"Hlavn\u00ed parametry doporu\u010dov\u00e1n\u00ed\">\n\t\t\t\t<strong>Hlavn\u00ed parametry doporu\u010dov\u00e1n\u00ed<\/strong>\n\t\t\t<\/summary>\n\t<div class=\"inner-blocks\">\n\n<ul class=\"wp-block-list\">\n<li>Personalizace (souhlas u\u017eivatele s personalizac\u00ed obsahu), chov\u00e1n\u00ed jednotliv\u00e9ho u\u017eivatele a chov\u00e1n\u00ed ostatn\u00edch u\u017eivatel\u016f<\/li>\n<\/ul>\n\n<\/div><\/details>\n\n\n\n<details class=\"expander is-style-default\">\n\t<summary data-datalayer-name=\"\" data-datalayer-text=\"Vedlej\u0161\u00ed parametry\">\n\t\t\t\t<strong>Vedlej\u0161\u00ed parametry<\/strong>\n\t\t\t<\/summary>\n\t<div class=\"inner-blocks\">\n\n<ul class=\"wp-block-list\">\n<li>Charakteristika obsahu (kl\u00ed\u010dov\u00e1 slova, obsah), \u010das (st\u00e1\u0159\u00ed epizody)<\/li>\n<\/ul>\n\n<\/div><\/details>\n\n\n\n<details class=\"expander is-style-default\">\n\t<summary data-datalayer-name=\"\" data-datalayer-text=\"Nastaven\u00ed personalizace\">\n\t\t\t\t<strong>Nastaven\u00ed personalizace<\/strong>\n\t\t\t<\/summary>\n\t<div class=\"inner-blocks\">\n\n<ul class=\"wp-block-list\">\n<li>U\u017eivatel je opr\u00e1vn\u011bn souhlas s&nbsp;personalizac\u00ed obsahu zm\u011bnit ve sv\u00e9m u\u017eivatelsk\u00e9m \u00fa\u010dtu nebo prost\u0159ednictv\u00edm odkazu \u201eNastaven\u00ed personalizace\u201c, kter\u00fd je um\u00edst\u011bn v&nbsp;pati\u010dce Slu\u017eby, pokud to u\u010din\u00ed, zm\u011bn\u00ed t\u00edm hlavn\u00ed parametr<\/li>\n\n\n\n<li>V p\u0159\u00edpad\u011b, \u017ee u\u017eivatel neposkytl souhlas s&nbsp;personalizac\u00ed obsahu je doporu\u010dov\u00e1n obecn\u00fd seznam epizod s ohledem na aktu\u00e1ln\u00ed \u010das<\/li>\n<\/ul>\n\n<\/div><\/details>\n\n<\/div><\/div>\n\n","protected":false},"excerpt":{"rendered":"<p>Na podcasty.cz pou\u017e\u00edv\u00e1me doporu\u010dov\u00e1n\u00ed pouze na hlavn\u00ed str\u00e1nce formou karuselu &#8222;Doporu\u010den\u00fd obsah pro V\u00e1s&#8220;.<\/p>\n","protected":false},"author":67,"featured_media":0,"parent":0,"menu_order":27,"comment_status":"closed","ping_status":"closed","template":"page-sidemenu","meta":{"_acf_changed":false,"_relevanssi_hide_post":"","_relevanssi_hide_content":"","_relevanssi_pin_for_all":"","_relevanssi_pin_keywords":"","_relevanssi_unpin_keywords":"","_relevanssi_related_keywords":"","_relevanssi_related_include_ids":"","_relevanssi_related_exclude_ids":"","_relevanssi_related_no_append":"","_relevanssi_related_not_related":"","_relevanssi_related_posts":"1","_relevanssi_noindex_reason":"","footnotes":""},"page_category":[34],"page_tag":[],"service_status_category":[],"class_list":["post-39","page","type-page","status-publish","hentry"],"acf":[],"_links":{"self":[{"href":"https:\/\/o-seznam.cz\/napoveda\/podcasty\/wp-json\/wp\/v2\/pages\/39","targetHints":{"allow":["GET"]}}],"collection":[{"href":"https:\/\/o-seznam.cz\/napoveda\/podcasty\/wp-json\/wp\/v2\/pages"}],"about":[{"href":"https:\/\/o-seznam.cz\/napoveda\/podcasty\/wp-json\/wp\/v2\/types\/page"}],"author":[{"embeddable":true,"href":"https:\/\/o-seznam.cz\/napoveda\/podcasty\/wp-json\/wp\/v2\/users\/67"}],"replies":[{"embeddable":true,"href":"https:\/\/o-seznam.cz\/napoveda\/podcasty\/wp-json\/wp\/v2\/comments?post=39"}],"version-history":[{"count":6,"href":"https:\/\/o-seznam.cz\/napoveda\/podcasty\/wp-json\/wp\/v2\/pages\/39\/revisions"}],"predecessor-version":[{"id":337,"href":"https:\/\/o-seznam.cz\/napoveda\/podcasty\/wp-json\/wp\/v2\/pages\/39\/revisions\/337"}],"wp:attachment":[{"href":"https:\/\/o-seznam.cz\/napoveda\/podcasty\/wp-json\/wp\/v2\/media?parent=39"}],"wp:term":[{"taxonomy":"page_category","embeddable":true,"href":"https:\/\/o-seznam.cz\/napoveda\/podcasty\/wp-json\/wp\/v2\/page_category?post=39"},{"taxonomy":"page_tag","embeddable":true,"href":"https:\/\/o-seznam.cz\/napoveda\/podcasty\/wp-json\/wp\/v2\/page_tag?post=39"},{"taxonomy":"service_status_category","embeddable":true,"href":"https:\/\/o-seznam.cz\/napoveda\/podcasty\/wp-json\/wp\/v2\/service_status_category?post=39"}],"curies":[{"name":"wp","href":"https:\/\/api.w.org\/{rel}","templated":true}]}}