{"id":305,"date":"2025-12-10T08:54:21","date_gmt":"2025-12-10T07:54:21","guid":{"rendered":"https:\/\/o-seznam.cz\/napoveda\/podcasty\/?page_id=305"},"modified":"2025-12-11T08:20:38","modified_gmt":"2025-12-11T07:20:38","slug":"pridani-podcastu-z-youtube","status":"publish","type":"page","link":"https:\/\/o-seznam.cz\/napoveda\/podcasty\/pridani-podcastu-z-youtube\/","title":{"rendered":"Jak p\u0159evedu Youtube podcast na Podcasty.cz?"},"content":{"rendered":"\n<div class=\"wp-block-group is-layout-constrained wp-block-group-is-layout-constrained\">\n<h2 class=\"wp-block-heading\">Youtube bohu\u017eel nepodporuje \u0161\u00ed\u0159en\u00ed obsahu formou RSS<\/h2>\n\n\n\n<p>Chcete-li \u0161\u00ed\u0159it V\u00e1\u0161 podcast i v&nbsp;audio podob\u011b, vytvo\u0159te podcast z va\u0161ich vide\u00ed snadno a rychle na Podcasty.cz a \u0161i\u0159te na ostatn\u00ed podcastov\u00e9 platformy pomoc\u00ed RSS od&nbsp;Podcasty.cz.<\/p>\n<\/div>\n\n\n\n<div class=\"wp-block-group is-layout-constrained wp-block-group-is-layout-constrained\">\n<h2 class=\"wp-block-heading\">3 kroky pro publikov\u00e1n\u00ed na Podcasty.cz<\/h2>\n\n\n\n<ol class=\"wp-block-list is-style-circle\">\n<li>P\u0159ihlaste se do Studia a na \u00favodn\u00ed str\u00e1nce klikn\u011bte na \u201eP\u0159idat podcast\u201c<\/li>\n\n\n\n<li>Vyberte \u201eVytvo\u0159it nov\u00fd podcast\u201c a vytvo\u0159te sv\u016fj podcast &#8211; <a href=\"https:\/\/o-seznam.cz\/napoveda\/podcasty\/zalozeni-podcastu\/\" class=\"is-style-next\">zjistit v\u00edce o zalo\u017een\u00ed podcastu<\/a><\/li>\n\n\n\n<li>Z va\u0161ich vide\u00ed vytvo\u0159te epizody a publikujte je &#8211; <a href=\"https:\/\/o-seznam.cz\/napoveda\/podcasty\/epizody\/\" class=\"is-style-next\">v\u0161e o epizod\u00e1ch<\/a><\/li>\n<\/ol>\n<\/div>\n\n\n\n<div class=\"wp-block-group is-layout-constrained wp-block-group-is-layout-constrained\">\n<h2 class=\"wp-block-heading\">Pro distribuci do ostatn\u00edch podcastov\u00fdch platforem vyu\u017eijte RSS od Podcasty.cz<\/h2>\n\n\n\n<div class=\"wp-block-group is-layout-constrained wp-block-group-is-layout-constrained\">\n<h5 class=\"wp-block-heading\">Nastavte podcast pro distribuci pomoc\u00ed RSS<\/h5>\n\n\n\n<ol class=\"wp-block-list is-style-circle\">\n<li>V menu podcastu vyberte polo\u017eku RSS<\/li>\n\n\n\n<li>Aktivujte RSS a z\u00edskejte sv\u00e9 RSS URL<\/li>\n\n\n\n<li>V\u011bt\u0161ina platforem vy\u017eaduje zobrazen\u00ed emailu vlastn\u00edka v RSS<\/li>\n<\/ol>\n<\/div>\n\n\n\n<div class=\"wp-block-group is-layout-constrained wp-block-group-is-layout-constrained\">\n<h5 class=\"wp-block-heading is-style-next\">Nastaven\u00ed RSS<\/h5>\n\n\n\n<p class=\"is-style-next\">V\u0161e o nastaven\u00ed RSS najdete <a href=\"https:\/\/o-seznam.cz\/napoveda\/podcasty\/rss-2\/\">zde<\/a><\/p>\n<\/div>\n\n\n\n<div class=\"wp-block-group is-layout-constrained wp-block-group-is-layout-constrained\">\n<h5 class=\"wp-block-heading\">Pro p\u0159id\u00e1n\u00ed podcastu do jin\u00fdch platforem postupujte podle instrukc\u00ed dan\u00e9 platformy<\/h5>\n\n\n\n<div class=\"accordion\">\n\t<div class=\"accordion__items\">\n\n<details class=\"expander is-style-default\">\n\t<summary data-datalayer-name=\"\" data-datalayer-text=\"Apple podcasty\">\n\t\t\t\t<strong>Apple podcasty<\/strong>\n\t\t\t<\/summary>\n\t<div class=\"inner-blocks\">\n\n<ul class=\"wp-block-list\">\n<li><a class=\"is-style-link-external\" href=\"https:\/\/podcasters.apple.com\/support\/897-submit-a-show\">https:\/\/podcasters.apple.com\/support\/897-submit-a-show<\/a><\/li>\n<\/ul>\n\n<\/div><\/details>\n\n\n\n<details class=\"expander is-style-default\">\n\t<summary data-datalayer-name=\"\" data-datalayer-text=\"Spotify\">\n\t\t\t\t<strong>Spotify<\/strong>\n\t\t\t<\/summary>\n\t<div class=\"inner-blocks\">\n\n<ul class=\"wp-block-list\">\n<li><a class=\"is-style-link-external\" href=\"https:\/\/support.spotify.com\/us\/creators\/article\/claiming-your-podcast-on-spotify-for-creators\/\">https:\/\/support.spotify.com\/us\/creators\/article\/claiming-your-podcast-on-spotify-for-creators\/<\/a>&nbsp;&nbsp;<\/li>\n<\/ul>\n\n<\/div><\/details>\n\n\n\n<details class=\"expander is-style-default\">\n\t<summary data-datalayer-name=\"\" data-datalayer-text=\"Ostatn\u00ed platformy\">\n\t\t\t\t<strong>Ostatn\u00ed platformy<\/strong>\n\t\t\t<\/summary>\n\t<div class=\"inner-blocks\">\n\n<ul class=\"wp-block-list\">\n<li>v\u011bt\u0161ina platforem p\u0159eb\u00edr\u00e1 z katalogu Apple podcast\u016f, <\/li>\n\n\n\n<li>p\u0159\u00edpadn\u011b postupujte podle instrukc\u00ed dan\u00e9 platformy kam chcete podcast um\u00edstit<\/li>\n<\/ul>\n\n<\/div><\/details>\n\n<\/div><\/div>\n\n<\/div>\n\n\n\n<div class=\"wp-block-group is-layout-constrained wp-block-group-is-layout-constrained\">\n<p class=\"is-style-link-external\">V&nbsp;p\u0159\u00edpad\u011b z\u00e1jmu o pomoc se zalistov\u00e1n\u00edm n\u00e1s kontaktujte na <a href=\"mailto:podcasty.redakce@firma.seznam.cz\">podcasty.redakce@firma.seznam.cz<\/a><\/p>\n<\/div>\n<\/div>\n\n\n\n<p><\/p>\n","protected":false},"excerpt":{"rendered":"<p>Youtube bohu\u017eel nepodporuje \u0161\u00ed\u0159en\u00ed obsahu formou RSS Chcete-li \u0161\u00ed\u0159it V\u00e1\u0161 podcast i v&nbsp;audio podob\u011b, vytvo\u0159te podcast z va\u0161ich vide\u00ed snadno a rychle na Podcasty.cz a \u0161i\u0159te na ostatn\u00ed podcastov\u00e9 platformy pomoc\u00ed RSS od&nbsp;Podcasty.cz. 3 kroky pro publikov\u00e1n\u00ed na Podcasty.cz Pro distribuci do ostatn\u00edch podcastov\u00fdch platforem vyu\u017eijte RSS od Podcasty.cz Nastavte podcast pro distribuci pomoc\u00ed RSS [&hellip;]<\/p>\n","protected":false},"author":67,"featured_media":0,"parent":0,"menu_order":23,"comment_status":"closed","ping_status":"closed","template":"page-sidemenu","meta":{"_acf_changed":false,"_relevanssi_hide_post":"","_relevanssi_hide_content":"","_relevanssi_pin_for_all":"","_relevanssi_pin_keywords":"","_relevanssi_unpin_keywords":"","_relevanssi_related_keywords":"","_relevanssi_related_include_ids":"","_relevanssi_related_exclude_ids":"","_relevanssi_related_no_append":"","_relevanssi_related_not_related":"","_relevanssi_related_posts":"","_relevanssi_noindex_reason":"","footnotes":""},"page_category":[34],"page_tag":[],"service_status_category":[],"class_list":["post-305","page","type-page","status-publish","hentry"],"acf":[],"_links":{"self":[{"href":"https:\/\/o-seznam.cz\/napoveda\/podcasty\/wp-json\/wp\/v2\/pages\/305","targetHints":{"allow":["GET"]}}],"collection":[{"href":"https:\/\/o-seznam.cz\/napoveda\/podcasty\/wp-json\/wp\/v2\/pages"}],"about":[{"href":"https:\/\/o-seznam.cz\/napoveda\/podcasty\/wp-json\/wp\/v2\/types\/page"}],"author":[{"embeddable":true,"href":"https:\/\/o-seznam.cz\/napoveda\/podcasty\/wp-json\/wp\/v2\/users\/67"}],"replies":[{"embeddable":true,"href":"https:\/\/o-seznam.cz\/napoveda\/podcasty\/wp-json\/wp\/v2\/comments?post=305"}],"version-history":[{"count":24,"href":"https:\/\/o-seznam.cz\/napoveda\/podcasty\/wp-json\/wp\/v2\/pages\/305\/revisions"}],"predecessor-version":[{"id":335,"href":"https:\/\/o-seznam.cz\/napoveda\/podcasty\/wp-json\/wp\/v2\/pages\/305\/revisions\/335"}],"wp:attachment":[{"href":"https:\/\/o-seznam.cz\/napoveda\/podcasty\/wp-json\/wp\/v2\/media?parent=305"}],"wp:term":[{"taxonomy":"page_category","embeddable":true,"href":"https:\/\/o-seznam.cz\/napoveda\/podcasty\/wp-json\/wp\/v2\/page_category?post=305"},{"taxonomy":"page_tag","embeddable":true,"href":"https:\/\/o-seznam.cz\/napoveda\/podcasty\/wp-json\/wp\/v2\/page_tag?post=305"},{"taxonomy":"service_status_category","embeddable":true,"href":"https:\/\/o-seznam.cz\/napoveda\/podcasty\/wp-json\/wp\/v2\/service_status_category?post=305"}],"curies":[{"name":"wp","href":"https:\/\/api.w.org\/{rel}","templated":true}]}}