{"id":285,"date":"2025-10-15T15:41:37","date_gmt":"2025-10-15T13:41:37","guid":{"rendered":"https:\/\/o-seznam.cz\/napoveda\/podcasty\/?page_id=285"},"modified":"2025-10-15T17:51:10","modified_gmt":"2025-10-15T15:51:10","slug":"rss-2","status":"publish","type":"page","link":"https:\/\/o-seznam.cz\/napoveda\/podcasty\/rss-2\/","title":{"rendered":"RSS"},"content":{"rendered":"\n<h2 class=\"wp-block-heading\">Podcasty hostovan\u00e9 na podcasty.cz je mo\u017en\u00e9 \u0161\u00ed\u0159it do sv\u011bta skrze RSS&nbsp;&nbsp;<\/h2>\n\n\n\n<div class=\"wp-block-group is-layout-constrained wp-block-group-is-layout-constrained\">\n<h2 class=\"wp-block-heading\"><strong>Zapnut\u00ed distribuce skrze RSS<\/strong>&nbsp;<\/h2>\n\n\n\n<ul start=\"1\" class=\"wp-block-list is-style-circle\">\n<li>V\u202fmenu podcastu vyberte polo\u017eku RSS&nbsp;<\/li>\n\n\n\n<li>RSS aktivujte pomoc\u00ed p\u0159ep\u00edna\u010de&nbsp;<\/li>\n<\/ul>\n<\/div>\n\n\n\n<div class=\"wp-block-group is-layout-constrained wp-block-group-is-layout-constrained\">\n<h2 class=\"wp-block-heading\">Z\u00e1kladn\u00ed funkce<\/h2>\n\n\n\n<div class=\"accordion\">\n\t<div class=\"accordion__items\">\n\n<details class=\"expander is-style-default\">\n\t<summary data-datalayer-name=\"\" data-datalayer-text=\"Nesouhlas s p\u0159id\u00e1n\u00edm podcastu do jin\u00fdch platforem\">\n\t\t\t\t<strong>Nesouhlas s p\u0159id\u00e1n\u00edm podcastu do jin\u00fdch platforem<\/strong>\n\t\t\t<\/summary>\n\t<div class=\"inner-blocks\">\n\n<ul class=\"wp-block-list\">\n<li>Platformy kter\u00e9 tento p\u0159\u00edznak respektuj\u00ed nep\u0159idaj\u00ed podcast bez va\u0161eho v\u00fdslovn\u00e9ho souhlasu<\/li>\n<\/ul>\n\n<\/div><\/details>\n\n\n\n<details class=\"expander is-style-default\">\n\t<summary data-datalayer-name=\"\" data-datalayer-text=\"Podcast je kompletn\u00ed\">\n\t\t\t\t<strong>Podcast je kompletn\u00ed<\/strong>\n\t\t\t<\/summary>\n\t<div class=\"inner-blocks\">\n\n<ul class=\"wp-block-list\">\n<li>Slou\u017e\u00ed k\u202fozna\u010den\u00ed, \u017ee podcast je kompletn\u00ed a nepl\u00e1nujete p\u0159id\u00e1vat nov\u00e9 epizody<\/li>\n<\/ul>\n\n<\/div><\/details>\n\n\n\n<details class=\"expander is-style-default\">\n\t<summary data-datalayer-name=\"\" data-datalayer-text=\"Limit po\u010dtu nejnov\u011bj\u0161\u00edch epizod v RSS (max. 1000)\">\n\t\t\t\t<strong>Limit po\u010dtu nejnov\u011bj\u0161\u00edch epizod v RSS (max. 1000)<\/strong>\n\t\t\t<\/summary>\n\t<div class=\"inner-blocks\">\n\n<ul class=\"wp-block-list\">\n<li>Omez\u00ed po\u010det epizod vystaven\u00fdch v RSS<\/li>\n\n\n\n<li>M\u011bjte archiv v\u0161ech epizod na podcasty.cz<\/li>\n<\/ul>\n\n<\/div><\/details>\n\n\n\n<details class=\"expander is-style-default\">\n\t<summary data-datalayer-name=\"\" data-datalayer-text=\"Trvale p\u0159esm\u011brovat (301) RSS na novou adresu\">\n\t\t\t\t<strong>Trvale p\u0159esm\u011brovat (301) RSS na novou adresu<\/strong>\n\t\t\t<\/summary>\n\t<div class=\"inner-blocks\">\n\n<ul class=\"wp-block-list\">\n<li>U\u017eite\u010dn\u00e9 v situac\u00edch kdy jeden podcast kon\u010d\u00ed a nahrazuje ho jin\u00fd&nbsp;<\/li>\n\n\n\n<li>Vyu\u017eit\u00edm RSS redirectu je mo\u017en\u00e9 zachovat odb\u011bratel\u00e9 st\u00e1vaj\u00edc\u00edho podcastu a z\u00e1rove\u0148 je p\u0159esm\u011brovat na nov\u00fd \u201enavazuj\u00edc\u00ed\u201c podcast<\/li>\n\n\n\n<li>Pouh\u00fdm p\u0159ejmenov\u00e1n\u00edm sice dojde k zachov\u00e1n\u00ed sou\u010dasn\u00fdch odb\u011bratel\u016f v RSS, ale dojde z\u00e1rove\u0148 ke zm\u011bn\u011b n\u00e1zvu podcastu u v\u0161ech p\u016fvodn\u00edch epizod a taky k zahrnut\u00ed p\u016fvodn\u00edch epizod do nov\u00e9ho podcastu<\/li>\n<\/ul>\n\n<\/div><\/details>\n\n\n\n<details class=\"expander is-style-default\">\n\t<summary data-datalayer-name=\"\" data-datalayer-text=\"Zpo\u017ed\u011bn\u00ed publikace epizod v RSS (ve dnech)\">\n\t\t\t\t<strong>Zpo\u017ed\u011bn\u00ed publikace epizod v RSS (ve dnech)<\/strong>\n\t\t\t<\/summary>\n\t<div class=\"inner-blocks\">\n\n<ul class=\"wp-block-list\">\n<li>Zdr\u017eet vyd\u00e1n\u00ed epizody v RSS o X dn\u00ed a nab\u00eddnout tak nov\u00e9 d\u00edly v \u201ep\u0159edpremi\u00e9\u0159e&#8220; na podcasty.cz<\/li>\n<\/ul>\n\n<\/div><\/details>\n\n<\/div><\/div>\n\n<\/div>\n\n\n\n<div class=\"wp-block-group is-layout-constrained wp-block-group-is-layout-constrained\">\n<h2 class=\"wp-block-heading\">Ov\u011b\u0159en\u00ed vlastnictv\u00ed<\/h2>\n\n\n\n<p>Pro p\u0159id\u00e1n\u00ed va\u0161eho RSS podcastu do jin\u00fdch podcastov\u00fdch aplikac\u00ed m\u016f\u017eete b\u00fdt vyzv\u00e1n\u00ed k zobrazen\u00ed dodate\u010dn\u00fdch ov\u011b\u0159ovac\u00edch informac\u00ed v RSS.<\/p>\n\n\n\n<ul class=\"wp-block-list\">\n<li>Email vlastn\u00edka&nbsp;<\/li>\n\n\n\n<li>Ov\u011b\u0159ovac\u00ed k\u00f3d&nbsp;<\/li>\n<\/ul>\n\n\n\n<p>Ov\u011b\u0159ovac\u00ed \u00fadaje m\u016f\u017eete zobrazovat v RSS trvale nebo jen do\u010dasn\u011b.<\/p>\n<\/div>\n","protected":false},"excerpt":{"rendered":"<p>Podcasty hostovan\u00e9 na podcasty.cz je mo\u017en\u00e9 \u0161\u00ed\u0159it do sv\u011bta skrze RSS&nbsp;&nbsp; Zapnut\u00ed distribuce skrze RSS&nbsp; Z\u00e1kladn\u00ed funkce Ov\u011b\u0159en\u00ed vlastnictv\u00ed Pro p\u0159id\u00e1n\u00ed va\u0161eho RSS podcastu do jin\u00fdch podcastov\u00fdch aplikac\u00ed m\u016f\u017eete b\u00fdt vyzv\u00e1n\u00ed k zobrazen\u00ed dodate\u010dn\u00fdch ov\u011b\u0159ovac\u00edch informac\u00ed v RSS. Ov\u011b\u0159ovac\u00ed \u00fadaje m\u016f\u017eete zobrazovat v RSS trvale nebo jen do\u010dasn\u011b.<\/p>\n","protected":false},"author":67,"featured_media":0,"parent":0,"menu_order":22,"comment_status":"closed","ping_status":"closed","template":"page-sidemenu","meta":{"_acf_changed":false,"_relevanssi_hide_post":"","_relevanssi_hide_content":"","_relevanssi_pin_for_all":"","_relevanssi_pin_keywords":"","_relevanssi_unpin_keywords":"","_relevanssi_related_keywords":"","_relevanssi_related_include_ids":"","_relevanssi_related_exclude_ids":"","_relevanssi_related_no_append":"","_relevanssi_related_not_related":"","_relevanssi_related_posts":"1","_relevanssi_noindex_reason":"","footnotes":""},"page_category":[34],"page_tag":[],"service_status_category":[],"class_list":["post-285","page","type-page","status-publish","hentry"],"acf":[],"_links":{"self":[{"href":"https:\/\/o-seznam.cz\/napoveda\/podcasty\/wp-json\/wp\/v2\/pages\/285","targetHints":{"allow":["GET"]}}],"collection":[{"href":"https:\/\/o-seznam.cz\/napoveda\/podcasty\/wp-json\/wp\/v2\/pages"}],"about":[{"href":"https:\/\/o-seznam.cz\/napoveda\/podcasty\/wp-json\/wp\/v2\/types\/page"}],"author":[{"embeddable":true,"href":"https:\/\/o-seznam.cz\/napoveda\/podcasty\/wp-json\/wp\/v2\/users\/67"}],"replies":[{"embeddable":true,"href":"https:\/\/o-seznam.cz\/napoveda\/podcasty\/wp-json\/wp\/v2\/comments?post=285"}],"version-history":[{"count":10,"href":"https:\/\/o-seznam.cz\/napoveda\/podcasty\/wp-json\/wp\/v2\/pages\/285\/revisions"}],"predecessor-version":[{"id":296,"href":"https:\/\/o-seznam.cz\/napoveda\/podcasty\/wp-json\/wp\/v2\/pages\/285\/revisions\/296"}],"wp:attachment":[{"href":"https:\/\/o-seznam.cz\/napoveda\/podcasty\/wp-json\/wp\/v2\/media?parent=285"}],"wp:term":[{"taxonomy":"page_category","embeddable":true,"href":"https:\/\/o-seznam.cz\/napoveda\/podcasty\/wp-json\/wp\/v2\/page_category?post=285"},{"taxonomy":"page_tag","embeddable":true,"href":"https:\/\/o-seznam.cz\/napoveda\/podcasty\/wp-json\/wp\/v2\/page_tag?post=285"},{"taxonomy":"service_status_category","embeddable":true,"href":"https:\/\/o-seznam.cz\/napoveda\/podcasty\/wp-json\/wp\/v2\/service_status_category?post=285"}],"curies":[{"name":"wp","href":"https:\/\/api.w.org\/{rel}","templated":true}]}}