{"id":255,"date":"2025-10-15T10:21:07","date_gmt":"2025-10-15T08:21:07","guid":{"rendered":"https:\/\/o-seznam.cz\/napoveda\/podcasty\/?page_id=255"},"modified":"2025-12-10T09:26:52","modified_gmt":"2025-12-10T08:26:52","slug":"technicke-parametry","status":"publish","type":"page","link":"https:\/\/o-seznam.cz\/napoveda\/podcasty\/technicke-parametry\/","title":{"rendered":"Technick\u00e9 parametry slu\u017eby\u00a0podcasty.cz"},"content":{"rendered":"\n<div class=\"wp-block-group is-layout-constrained wp-block-group-is-layout-constrained\">\n<h2 class=\"wp-block-heading\">Podporovan\u00e9 form\u00e1ty pro dod\u00e1van\u00e9 audio<\/h2>\n\n\n\n<ul class=\"wp-block-list\">\n<li>audio ve form\u00e1tu mp3, m4a nebo wav (kodek&nbsp;AAC s bitrate min. 256 Kbps a vzorkov\u00e1n\u00edm alespo\u0148 44.1 kHz<\/li>\n\n\n\n<li>video ve form\u00e1tu mp4 s&nbsp;audio stopou v&nbsp;kodeku AAC s bitrate min. 256 Kbps a vzorkov\u00e1n\u00edm alespo\u0148 44.1 kHz<\/li>\n\n\n\n<li>Limit velikosti pro zdrojov\u00fd soubor je 1GB<\/li>\n<\/ul>\n<\/div>\n\n\n\n<div class=\"wp-block-group is-layout-constrained wp-block-group-is-layout-constrained\">\n<h2 class=\"wp-block-heading\">Podporovan\u00e9 form\u00e1ty obr\u00e1zk\u016f<\/h2>\n\n\n\n<ul class=\"wp-block-list\">\n<li>obr\u00e1zky typu .jpeg. .png nebo .gif v&nbsp;RGB sch\u00e9matu<\/li>\n\n\n\n<li>ide\u00e1ln\u011b \u010dtvercov\u00fdch rozm\u011br\u016f, jin\u00e9 rozm\u011bry budou automaticky upraveny na \u010dtverec<\/li>\n\n\n\n<li>minim\u00e1ln\u00ed rozm\u011bry 1400x1400px a rozli\u0161en\u00ed 72 dpi<\/li>\n\n\n\n<li>bez pr\u016fhlednosti nebo bez alfa kan\u00e1lu<\/li>\n<\/ul>\n<\/div>\n","protected":false},"excerpt":{"rendered":"<p>Podporovan\u00e9 form\u00e1ty pro dod\u00e1van\u00e9 audio Podporovan\u00e9 form\u00e1ty obr\u00e1zk\u016f<\/p>\n","protected":false},"author":67,"featured_media":0,"parent":0,"menu_order":26,"comment_status":"closed","ping_status":"closed","template":"page-sidemenu","meta":{"_acf_changed":false,"_relevanssi_hide_post":"","_relevanssi_hide_content":"","_relevanssi_pin_for_all":"","_relevanssi_pin_keywords":"","_relevanssi_unpin_keywords":"","_relevanssi_related_keywords":"","_relevanssi_related_include_ids":"","_relevanssi_related_exclude_ids":"","_relevanssi_related_no_append":"","_relevanssi_related_not_related":"","_relevanssi_related_posts":"1","_relevanssi_noindex_reason":"","footnotes":""},"page_category":[34],"page_tag":[],"service_status_category":[],"class_list":["post-255","page","type-page","status-publish","hentry"],"acf":[],"_links":{"self":[{"href":"https:\/\/o-seznam.cz\/napoveda\/podcasty\/wp-json\/wp\/v2\/pages\/255","targetHints":{"allow":["GET"]}}],"collection":[{"href":"https:\/\/o-seznam.cz\/napoveda\/podcasty\/wp-json\/wp\/v2\/pages"}],"about":[{"href":"https:\/\/o-seznam.cz\/napoveda\/podcasty\/wp-json\/wp\/v2\/types\/page"}],"author":[{"embeddable":true,"href":"https:\/\/o-seznam.cz\/napoveda\/podcasty\/wp-json\/wp\/v2\/users\/67"}],"replies":[{"embeddable":true,"href":"https:\/\/o-seznam.cz\/napoveda\/podcasty\/wp-json\/wp\/v2\/comments?post=255"}],"version-history":[{"count":3,"href":"https:\/\/o-seznam.cz\/napoveda\/podcasty\/wp-json\/wp\/v2\/pages\/255\/revisions"}],"predecessor-version":[{"id":304,"href":"https:\/\/o-seznam.cz\/napoveda\/podcasty\/wp-json\/wp\/v2\/pages\/255\/revisions\/304"}],"wp:attachment":[{"href":"https:\/\/o-seznam.cz\/napoveda\/podcasty\/wp-json\/wp\/v2\/media?parent=255"}],"wp:term":[{"taxonomy":"page_category","embeddable":true,"href":"https:\/\/o-seznam.cz\/napoveda\/podcasty\/wp-json\/wp\/v2\/page_category?post=255"},{"taxonomy":"page_tag","embeddable":true,"href":"https:\/\/o-seznam.cz\/napoveda\/podcasty\/wp-json\/wp\/v2\/page_tag?post=255"},{"taxonomy":"service_status_category","embeddable":true,"href":"https:\/\/o-seznam.cz\/napoveda\/podcasty\/wp-json\/wp\/v2\/service_status_category?post=255"}],"curies":[{"name":"wp","href":"https:\/\/api.w.org\/{rel}","templated":true}]}}