{"id":121,"date":"2025-10-14T12:27:51","date_gmt":"2025-10-14T10:27:51","guid":{"rendered":"https:\/\/o-seznam.cz\/napoveda\/podcasty\/?page_id=121"},"modified":"2026-04-14T14:53:50","modified_gmt":"2026-04-14T12:53:50","slug":"smluvni-podminky","status":"publish","type":"page","link":"https:\/\/o-seznam.cz\/napoveda\/podcasty\/mohlo-by-vas-zajimat\/smluvni-podminky\/","title":{"rendered":"Smluvn\u00ed podm\u00ednky"},"content":{"rendered":"\n<div class=\"wp-block-group is-layout-constrained wp-block-group-is-layout-constrained\">\n<p><a href=\"https:\/\/o-seznam.cz\/napoveda\/podcasty\/ucinne-od-4-5-2026\/\">Smluvn\u00ed podm\u00ednky slu\u017eby Podcasty.cz<\/a>\u00a0\u2013 \u00fa\u010dinn\u00e9 od 4. 5. 2026<\/p>\n\n\n\n<p><a href=\"https:\/\/o-seznam.cz\/napoveda\/podcasty\/ucinne-od-13-10-2025\/\">Smluvn\u00ed podm\u00ednky slu\u017eby Podcasty.cz<\/a>\u00a0\u2013 \u00fa\u010dinn\u00e9 od 13. 10. 2025<\/p>\n<\/div>\n","protected":false},"excerpt":{"rendered":"<p>Smluvn\u00ed podm\u00ednky slu\u017eby Podcasty.cz\u00a0\u2013 \u00fa\u010dinn\u00e9 od 4. 5. 2026 Smluvn\u00ed podm\u00ednky slu\u017eby Podcasty.cz\u00a0\u2013 \u00fa\u010dinn\u00e9 od 13. 10. 2025<\/p>\n","protected":false},"author":67,"featured_media":0,"parent":115,"menu_order":0,"comment_status":"closed","ping_status":"closed","template":"page-sidemenu","meta":{"_acf_changed":false,"_relevanssi_hide_post":"","_relevanssi_hide_content":"","_relevanssi_pin_for_all":"","_relevanssi_pin_keywords":"","_relevanssi_unpin_keywords":"","_relevanssi_related_keywords":"","_relevanssi_related_include_ids":"","_relevanssi_related_exclude_ids":"","_relevanssi_related_no_append":"","_relevanssi_related_not_related":"","_relevanssi_related_posts":"1","_relevanssi_noindex_reason":"","footnotes":""},"page_category":[34],"page_tag":[],"service_status_category":[],"class_list":["post-121","page","type-page","status-publish","hentry"],"acf":[],"_links":{"self":[{"href":"https:\/\/o-seznam.cz\/napoveda\/podcasty\/wp-json\/wp\/v2\/pages\/121","targetHints":{"allow":["GET"]}}],"collection":[{"href":"https:\/\/o-seznam.cz\/napoveda\/podcasty\/wp-json\/wp\/v2\/pages"}],"about":[{"href":"https:\/\/o-seznam.cz\/napoveda\/podcasty\/wp-json\/wp\/v2\/types\/page"}],"author":[{"embeddable":true,"href":"https:\/\/o-seznam.cz\/napoveda\/podcasty\/wp-json\/wp\/v2\/users\/67"}],"replies":[{"embeddable":true,"href":"https:\/\/o-seznam.cz\/napoveda\/podcasty\/wp-json\/wp\/v2\/comments?post=121"}],"version-history":[{"count":8,"href":"https:\/\/o-seznam.cz\/napoveda\/podcasty\/wp-json\/wp\/v2\/pages\/121\/revisions"}],"predecessor-version":[{"id":388,"href":"https:\/\/o-seznam.cz\/napoveda\/podcasty\/wp-json\/wp\/v2\/pages\/121\/revisions\/388"}],"up":[{"embeddable":true,"href":"https:\/\/o-seznam.cz\/napoveda\/podcasty\/wp-json\/wp\/v2\/pages\/115"}],"wp:attachment":[{"href":"https:\/\/o-seznam.cz\/napoveda\/podcasty\/wp-json\/wp\/v2\/media?parent=121"}],"wp:term":[{"taxonomy":"page_category","embeddable":true,"href":"https:\/\/o-seznam.cz\/napoveda\/podcasty\/wp-json\/wp\/v2\/page_category?post=121"},{"taxonomy":"page_tag","embeddable":true,"href":"https:\/\/o-seznam.cz\/napoveda\/podcasty\/wp-json\/wp\/v2\/page_tag?post=121"},{"taxonomy":"service_status_category","embeddable":true,"href":"https:\/\/o-seznam.cz\/napoveda\/podcasty\/wp-json\/wp\/v2\/service_status_category?post=121"}],"curies":[{"name":"wp","href":"https:\/\/api.w.org\/{rel}","templated":true}]}}