{"id":96,"date":"2025-07-25T17:38:25","date_gmt":"2025-07-25T15:38:25","guid":{"rendered":"https:\/\/o-seznam.cz\/napoveda\/odkazy\/?page_id=96"},"modified":"2025-09-04T16:21:39","modified_gmt":"2025-09-04T14:21:39","slug":"pravidla-pro-eroticke-odkazy","status":"publish","type":"page","link":"https:\/\/o-seznam.cz\/napoveda\/odkazy\/pravidla-katalogu\/pravidla-pro-eroticke-odkazy\/","title":{"rendered":"Pravidla pro erotick\u00e9 odkazy"},"content":{"rendered":"\n<div class=\"wp-block-group is-layout-constrained wp-block-group-is-layout-constrained\">\n<h2 class=\"wp-block-heading is-style-next\">Pokud vkl\u00e1d\u00e1te odkazy s erotick\u00fdm obsahem, plat\u00ed krom\u011b&nbsp;<a href=\"https:\/\/o-seznam.cz\/napoveda\/odkazy\/pravidla-katalogu\/zavazna-pravidla-pro-odkazy\/\">obecn\u00fdch pravidel<\/a>&nbsp;pro zad\u00e1v\u00e1n\u00ed odkaz\u016f n\u00e1sleduj\u00edc\u00ed pravidla:<\/h2>\n\n\n\n<ul class=\"wp-block-list\">\n<li>Str\u00e1nky nesm\u00ed poru\u0161ovat platn\u00e9 z\u00e1kony \u010cR.<\/li>\n\n\n\n<li>Na str\u00e1nk\u00e1ch nesm\u00ed b\u00fdt textov\u00e9 ani obrazov\u00e9 dokumenty se zv\u00ed\u0159aty a osobami mlad\u0161\u00edmi 18 let.<\/li>\n\n\n\n<li>Str\u00e1nky mus\u00ed b\u00fdt v\u00fdhradn\u011b erotick\u00e9ho charakteru.<\/li>\n\n\n\n<li>Na str\u00e1nk\u00e1ch se nesm\u00ed otev\u00edrat v\u00edce, ne\u017e jedno pop up okno.<\/li>\n\n\n\n<li>Str\u00e1nky nesm\u00ed \u017e\u00e1dn\u00fdm zp\u016fsobem zasahovat do nastaven\u00ed po\u010d\u00edta\u010de nebo prohl\u00ed\u017ee\u010de.<\/li>\n\n\n\n<li>Str\u00e1nky nesm\u00ed b\u00fdt duplicitn\u00ed: typicky str\u00e1nky s embed videi z jin\u00fdch server\u016f.<\/li>\n\n\n\n<li>Str\u00e1nky mohou b\u00fdt um\u00edst\u011bny pouze do jedn\u00e9 sekce katalogu erotika. V p\u0159\u00edpad\u011b, \u017ee jde o vysoce kvalitn\u00ed a r\u016fznorod\u00fd web m\u016f\u017ee administr\u00e1tor katalogu str\u00e1nky um\u00edstit do v\u00edce sekc\u00ed.<\/li>\n\n\n\n<li>Str\u00e1nky nesm\u00ed propagovat ani odkazovat na placen\u00e9 slu\u017eby, kter\u00e9 neposkytuj\u00ed u\u017eivatel\u016fm transparentn\u00ed informace o cen\u011b slu\u017eby. Takov\u00e9 odkazy se do katalogu norm\u00e1ln\u00ed cestou p\u0159es registraci nedostanou. Pokud je propagujete, poru\u0161ujete na\u0161e pravidlo chr\u00e1nit u\u017eivatele.<\/li>\n\n\n\n<li>Na str\u00e1nk\u00e1ch nesm\u00ed b\u00fdt um\u00edst\u011bn \u017e\u00e1dn\u00fd soubor ani programov\u00fd k\u00f3d, kter\u00fd by jak\u00fdmkoliv zp\u016fsobem po\u0161kozoval po\u010d\u00edta\u010d u\u017eivatele, prohl\u00ed\u017ee\u010d nebo data u\u017eivatele.<\/li>\n\n\n\n<li>Str\u00e1nka, ani k\u00f3d um\u00edst\u011bn\u00fd na str\u00e1nce, nesm\u00ed vyu\u017e\u00edvat po\u010d\u00edta\u010d u\u017eivatele k vlastn\u00ed duplikaci \u010di dal\u0161\u00edmu \u0161\u00ed\u0159en\u00ed.<\/li>\n\n\n\n<li>Do katalogu erotick\u00fdch odkaz\u016f se neza\u0159azuj\u00ed str\u00e1nky z freeweb\u016f, kde je zak\u00e1z\u00e1no umis\u0165ov\u00e1n\u00ed str\u00e1nek s erotick\u00fdm obsahem (p\u0159\u00edklady t\u011bchto freeweb\u016f: volny.cz, geocities.com, wz.cz, webzdarma.cz, webpark.cz, tiscali.cz, mujweb.cz, freehosting.cz, multiweb.cz, ic.cz atd.).<\/li>\n\n\n\n<li>Pokud se zm\u011bn\u00ed obsah str\u00e1nek ji\u017e zat\u0159\u00edd\u011bn\u00e9ho odkazu na dialer nebo jin\u00fd obsah, kter\u00fd odporuje z\u00e1vazn\u00fdm pravidl\u016fm katalogu Seznam.cz, bude odkaz smaz\u00e1n. V p\u0159\u00edpad\u011b opravy obsahu a sjedn\u00e1n\u00ed n\u00e1pravy ze strany majitele www bude odkaz na \u017e\u00e1dost klienta do katalogu znovu za\u0159azen. V p\u0159\u00edpad\u011b, \u017ee se situace bude opakovat a majitel www znovu zm\u011bn\u00ed obsah, kter\u00fd nebude odpov\u00eddat pravidl\u016fm katalogu, bude odkaz natrvalo smaz\u00e1n a u\u017e jej nebude mo\u017en\u00e9 za\u0159adit do katalogu.<\/li>\n\n\n\n<li>Pokud se zm\u011bn\u00ed URL nebo bude str\u00e1nka p\u0159esm\u011brov\u00e1na na jinou dom\u00e9nu (redirect), je klient povinen tuto zm\u011bnu (pomoc\u00ed&nbsp;<a class=\"is-style-next\" href=\"https:\/\/o-seznam.cz\/napoveda\/odkazy\/kontaktni-formular\/\">kontaktn\u00edho formul\u00e1\u0159e<\/a>&nbsp;nebo p\u0159es&nbsp;<a class=\"is-style-link-external\" href=\"https:\/\/ask.szn.cz\/link\/linkAddScreen?state=SEARCHLINK\" target=\"_blank\" rel=\"noreferrer noopener\">edita\u010dn\u00ed formul\u00e1\u0159 z webu<\/a>) nahl\u00e1sit na Seznam.cz, aby bylo mo\u017en\u00e9 opravu URL prov\u00e9st. Pokud tak neu\u010din\u00ed, bude odkaz smaz\u00e1n. V p\u0159\u00edpad\u011b, \u017ee si za\u017e\u00e1d\u00e1 o znovu za\u0159azen\u00ed odkazu a po ur\u010dit\u00e9 dob\u011b bude jeho dom\u00e9na znovu p\u0159esm\u011brov\u00e1na, bude odkaz smaz\u00e1n natrvalo a ji\u017e nebude mo\u017en\u00e9 ho za\u0159adit do katalogu.<\/li>\n\n\n\n<li>V p\u0159\u00edpad\u011b, \u017ee n\u011bkter\u00e1 \u010d\u00e1st str\u00e1nek je placen\u00e1 (premium SMS, platebn\u00ed karta, Paypal, atd.), mus\u00ed b\u00fdt na str\u00e1nk\u00e1ch v placen\u00e9 sekci uvedeno I\u010c provozovatele webu a kontakt.<\/li>\n\n\n\n<li>V p\u0159\u00edpad\u011b placen\u00e9ho p\u0159\u00edstupu na str\u00e1nky je podm\u00ednkou pro za\u0159azen\u00ed odkazu poskytnout administr\u00e1torovi katalogu na po\u017e\u00e1d\u00e1n\u00ed \u010dasov\u011b omezen\u00fd p\u0159\u00edstup do placen\u00e9 \u010d\u00e1sti str\u00e1nek za \u00fa\u010delem zji\u0161t\u011bn\u00ed kvality obsahu.<\/li>\n\n\n\n<li>Ka\u017ed\u00fd web, kter\u00fd cokoli prod\u00e1v\u00e1, a\u0165 u\u017e se jedn\u00e1 o galerie, videa, DVD, nebo feti\u0161istick\u00e9 zam\u011b\u0159en\u00ed (prodej pou\u017eit\u00e9ho pr\u00e1dla atd.) mus\u00ed m\u00edt na str\u00e1nk\u00e1ch I\u010c a obchodn\u00ed podm\u00ednky v\u010detn\u011b kontaktu.<\/li>\n<\/ul>\n<\/div>\n\n\n\n<div class=\"wp-block-group is-layout-constrained wp-block-group-is-layout-constrained\">\n<p><strong>Poru\u0161en\u00ed kter\u00e9koliv z t\u011bchto podm\u00ednek m\u016f\u017ee v\u00e9st k trval\u00e9mu vy\u0159azen\u00ed str\u00e1nky z katalogu, p\u0159\u00edpadn\u011b i k omezen\u00ed dal\u0161\u00edch registrac\u00ed provozovatele.<\/strong><\/p>\n\n\n\n<p class=\"is-style-link-external\"><strong>Chcete-li p\u0159idat odkaz zdarma do Erotick\u00fdch kategori\u00ed, klikn\u011bte<\/strong>&nbsp;<a href=\"https:\/\/ask.szn.cz\/link\/linkRequestScreen?state=DETAIL\" target=\"_blank\" rel=\"noreferrer noopener\"><strong>zde<\/strong><\/a><\/p>\n\n\n\n<p class=\"is-style-link-external\"><strong>Chcete-li editovat (zm\u011bnit) odkaz v Erotick\u00fdch kategori\u00edch, klikn\u011bte<\/strong>&nbsp;<a href=\"https:\/\/ask.szn.cz\/link\/linkRequestScreen?state=SEARCHLINK\" target=\"_blank\" rel=\"noreferrer noopener\"><strong>zde<\/strong><\/a><\/p>\n<\/div>\n","protected":false},"excerpt":{"rendered":"<p>Pokud vkl\u00e1d\u00e1te odkazy s erotick\u00fdm obsahem, plat\u00ed krom\u011b&nbsp;obecn\u00fdch pravidel&nbsp;pro zad\u00e1v\u00e1n\u00ed odkaz\u016f n\u00e1sleduj\u00edc\u00ed pravidla: Poru\u0161en\u00ed kter\u00e9koliv z t\u011bchto podm\u00ednek m\u016f\u017ee v\u00e9st k trval\u00e9mu vy\u0159azen\u00ed str\u00e1nky z katalogu, p\u0159\u00edpadn\u011b i k omezen\u00ed dal\u0161\u00edch registrac\u00ed provozovatele. Chcete-li p\u0159idat odkaz zdarma do Erotick\u00fdch kategori\u00ed, klikn\u011bte&nbsp;zde Chcete-li editovat (zm\u011bnit) odkaz v Erotick\u00fdch kategori\u00edch, klikn\u011bte&nbsp;zde<\/p>\n","protected":false},"author":67,"featured_media":0,"parent":83,"menu_order":30,"comment_status":"closed","ping_status":"closed","template":"page-sidemenu","meta":{"_acf_changed":false,"_relevanssi_hide_post":"","_relevanssi_hide_content":"","_relevanssi_pin_for_all":"","_relevanssi_pin_keywords":"","_relevanssi_unpin_keywords":"","_relevanssi_related_keywords":"","_relevanssi_related_include_ids":"","_relevanssi_related_exclude_ids":"","_relevanssi_related_no_append":"","_relevanssi_related_not_related":"","_relevanssi_related_posts":"1","_relevanssi_noindex_reason":"","footnotes":""},"page_category":[31],"page_tag":[],"service_status_category":[],"class_list":["post-96","page","type-page","status-publish","hentry"],"acf":[],"_links":{"self":[{"href":"https:\/\/o-seznam.cz\/napoveda\/odkazy\/wp-json\/wp\/v2\/pages\/96","targetHints":{"allow":["GET"]}}],"collection":[{"href":"https:\/\/o-seznam.cz\/napoveda\/odkazy\/wp-json\/wp\/v2\/pages"}],"about":[{"href":"https:\/\/o-seznam.cz\/napoveda\/odkazy\/wp-json\/wp\/v2\/types\/page"}],"author":[{"embeddable":true,"href":"https:\/\/o-seznam.cz\/napoveda\/odkazy\/wp-json\/wp\/v2\/users\/67"}],"replies":[{"embeddable":true,"href":"https:\/\/o-seznam.cz\/napoveda\/odkazy\/wp-json\/wp\/v2\/comments?post=96"}],"version-history":[{"count":14,"href":"https:\/\/o-seznam.cz\/napoveda\/odkazy\/wp-json\/wp\/v2\/pages\/96\/revisions"}],"predecessor-version":[{"id":385,"href":"https:\/\/o-seznam.cz\/napoveda\/odkazy\/wp-json\/wp\/v2\/pages\/96\/revisions\/385"}],"up":[{"embeddable":true,"href":"https:\/\/o-seznam.cz\/napoveda\/odkazy\/wp-json\/wp\/v2\/pages\/83"}],"wp:attachment":[{"href":"https:\/\/o-seznam.cz\/napoveda\/odkazy\/wp-json\/wp\/v2\/media?parent=96"}],"wp:term":[{"taxonomy":"page_category","embeddable":true,"href":"https:\/\/o-seznam.cz\/napoveda\/odkazy\/wp-json\/wp\/v2\/page_category?post=96"},{"taxonomy":"page_tag","embeddable":true,"href":"https:\/\/o-seznam.cz\/napoveda\/odkazy\/wp-json\/wp\/v2\/page_tag?post=96"},{"taxonomy":"service_status_category","embeddable":true,"href":"https:\/\/o-seznam.cz\/napoveda\/odkazy\/wp-json\/wp\/v2\/service_status_category?post=96"}],"curies":[{"name":"wp","href":"https:\/\/api.w.org\/{rel}","templated":true}]}}