{"id":83,"date":"2025-07-25T17:21:24","date_gmt":"2025-07-25T15:21:24","guid":{"rendered":"https:\/\/o-seznam.cz\/napoveda\/odkazy\/?page_id=83"},"modified":"2025-08-15T14:30:46","modified_gmt":"2025-08-15T12:30:46","slug":"pravidla-katalogu","status":"publish","type":"page","link":"https:\/\/o-seznam.cz\/napoveda\/odkazy\/pravidla-katalogu\/","title":{"rendered":"Pravidla katalogu"},"content":{"rendered":"\n<div class=\"wp-block-group is-layout-constrained wp-block-group-is-layout-constrained\"><div class=\"wp-block-seznam-list-pages\"><div>\n<div style=\"--seznam-tiles--columns:3\" class=\"wp-block-seznam-tiles has-columns-3\"><div class=\"inner-blocks\">\n<div class=\"block-boxlink\"><a class=\"boxlink boxlink--icon-arrow boxlink--align-y-center px-f8 py-f4\" href=\"https:\/\/o-seznam.cz\/napoveda\/odkazy\/pravidla-katalogu\/zaverecne-ustanoveni-pro-odkazy\/\"><div class=\"inner-blocks\">Z\u00e1v\u011bre\u010dn\u00e9 ustanoven\u00ed pro odkazy<\/div><\/a><\/div><div class=\"block-boxlink\"><a class=\"boxlink boxlink--icon-arrow boxlink--align-y-center px-f8 py-f4\" href=\"https:\/\/o-seznam.cz\/napoveda\/odkazy\/pravidla-katalogu\/zavazna-pravidla-pro-odkazy\/\"><div class=\"inner-blocks\">Z\u00e1vazn\u00e1 pravidla pro odkazy<\/div><\/a><\/div><div class=\"block-boxlink\"><a class=\"boxlink boxlink--icon-arrow boxlink--align-y-center px-f8 py-f4\" href=\"https:\/\/o-seznam.cz\/napoveda\/odkazy\/pravidla-katalogu\/pravidla-pro-eroticke-odkazy\/\"><div class=\"inner-blocks\">Pravidla pro erotick\u00e9 odkazy<\/div><\/a><\/div><\/div><\/div>\n\n<\/div><\/div>\n<\/div>\n","protected":false},"excerpt":{"rendered":"","protected":false},"author":67,"featured_media":0,"parent":0,"menu_order":3,"comment_status":"closed","ping_status":"closed","template":"page-sidemenu","meta":{"_acf_changed":false,"_relevanssi_hide_post":"","_relevanssi_hide_content":"","_relevanssi_pin_for_all":"","_relevanssi_pin_keywords":"","_relevanssi_unpin_keywords":"","_relevanssi_related_keywords":"","_relevanssi_related_include_ids":"","_relevanssi_related_exclude_ids":"","_relevanssi_related_no_append":"","_relevanssi_related_not_related":"","_relevanssi_related_posts":"1","_relevanssi_noindex_reason":"","footnotes":""},"page_category":[31],"page_tag":[],"service_status_category":[],"class_list":["post-83","page","type-page","status-publish","hentry"],"acf":[],"_links":{"self":[{"href":"https:\/\/o-seznam.cz\/napoveda\/odkazy\/wp-json\/wp\/v2\/pages\/83","targetHints":{"allow":["GET"]}}],"collection":[{"href":"https:\/\/o-seznam.cz\/napoveda\/odkazy\/wp-json\/wp\/v2\/pages"}],"about":[{"href":"https:\/\/o-seznam.cz\/napoveda\/odkazy\/wp-json\/wp\/v2\/types\/page"}],"author":[{"embeddable":true,"href":"https:\/\/o-seznam.cz\/napoveda\/odkazy\/wp-json\/wp\/v2\/users\/67"}],"replies":[{"embeddable":true,"href":"https:\/\/o-seznam.cz\/napoveda\/odkazy\/wp-json\/wp\/v2\/comments?post=83"}],"version-history":[{"count":8,"href":"https:\/\/o-seznam.cz\/napoveda\/odkazy\/wp-json\/wp\/v2\/pages\/83\/revisions"}],"predecessor-version":[{"id":172,"href":"https:\/\/o-seznam.cz\/napoveda\/odkazy\/wp-json\/wp\/v2\/pages\/83\/revisions\/172"}],"wp:attachment":[{"href":"https:\/\/o-seznam.cz\/napoveda\/odkazy\/wp-json\/wp\/v2\/media?parent=83"}],"wp:term":[{"taxonomy":"page_category","embeddable":true,"href":"https:\/\/o-seznam.cz\/napoveda\/odkazy\/wp-json\/wp\/v2\/page_category?post=83"},{"taxonomy":"page_tag","embeddable":true,"href":"https:\/\/o-seznam.cz\/napoveda\/odkazy\/wp-json\/wp\/v2\/page_tag?post=83"},{"taxonomy":"service_status_category","embeddable":true,"href":"https:\/\/o-seznam.cz\/napoveda\/odkazy\/wp-json\/wp\/v2\/service_status_category?post=83"}],"curies":[{"name":"wp","href":"https:\/\/api.w.org\/{rel}","templated":true}]}}