{"id":75,"date":"2025-07-25T16:56:58","date_gmt":"2025-07-25T14:56:58","guid":{"rendered":"https:\/\/o-seznam.cz\/napoveda\/odkazy\/?page_id=75"},"modified":"2025-08-15T14:30:19","modified_gmt":"2025-08-15T12:30:19","slug":"proc-neni-v-katalogu-odkaz-na-moji-stranku","status":"publish","type":"page","link":"https:\/\/o-seznam.cz\/napoveda\/odkazy\/nejcastejsi-otazky-k-odkazum\/proc-neni-v-katalogu-odkaz-na-moji-stranku\/","title":{"rendered":"Pro\u010d nen\u00ed v katalogu odkaz na moj\u00ed str\u00e1nku?"},"content":{"rendered":"\n<div class=\"wp-block-group is-layout-constrained wp-block-group-is-layout-constrained\">\n<h2 class=\"wp-block-heading\"><strong>Str\u00e1nka m\u016f\u017ee b\u00fdt z katalogu odstran\u011bna z t\u011bchto d\u016fvod\u016f:<\/strong><\/h2>\n\n\n\n<div class=\"wp-block-group is-layout-constrained wp-block-group-is-layout-constrained\">\n<ul class=\"wp-block-list\">\n<li>Program kontroluj\u00edc\u00ed dostupnost str\u00e1nek v\u00e1\u0161 odkaz do\u010dasn\u011b skryl, proto\u017ee webov\u00e1 str\u00e1nka nebyla dostupn\u00e1. Odkaz se v katalogu odkazy.seznam.cz objev\u00ed do 7 dn\u016f po op\u011btovn\u00e9m zp\u0159\u00edstupn\u011bn\u00ed str\u00e1nek.<\/li>\n\n\n\n<li>Odkaz mohl b\u00fdt pozm\u011bn\u011bn nebo p\u0159esunut do jin\u00e9 relevantn\u00ed kategorie. To je mo\u017en\u00e9 z d\u016fvodu neust\u00e1l\u00e9 kontroly ji\u017e zat\u0159\u00edd\u011bn\u00fdch odkaz\u016f a vytv\u00e1\u0159en\u00ed nov\u00fdch kategori\u00ed.<\/li>\n\n\n\n<li>Odkaz mohl b\u00fdt smaz\u00e1n, proto\u017ee odporoval pravidl\u016fm pro podobu a um\u00edst\u011bn\u00ed odkazu v katalogu.&nbsp;V p\u0159\u00edpadech podobn\u00fdch tomuto obvykle zas\u00edl\u00e1me informa\u010dn\u00ed e-mail na kontaktn\u00ed adresu.<\/li>\n<\/ul>\n\n\n\n<p>M\u00e1te-li z\u00e1jem o nadstandardn\u00ed um\u00edst\u011bn\u00ed sv\u00fdch odkaz\u016f v katalogu Seznam, p\u0159e\u010dt\u011bte si jak inzerovat na odkazov\u00e9m katalogu.<\/p>\n<\/div>\n<\/div>\n","protected":false},"excerpt":{"rendered":"<p>Str\u00e1nka m\u016f\u017ee b\u00fdt z katalogu odstran\u011bna z t\u011bchto d\u016fvod\u016f: M\u00e1te-li z\u00e1jem o nadstandardn\u00ed um\u00edst\u011bn\u00ed sv\u00fdch odkaz\u016f v katalogu Seznam, p\u0159e\u010dt\u011bte si jak inzerovat na odkazov\u00e9m katalogu.<\/p>\n","protected":false},"author":67,"featured_media":0,"parent":19,"menu_order":0,"comment_status":"closed","ping_status":"closed","template":"page-sidemenu","meta":{"_acf_changed":false,"_relevanssi_hide_post":"","_relevanssi_hide_content":"","_relevanssi_pin_for_all":"","_relevanssi_pin_keywords":"","_relevanssi_unpin_keywords":"","_relevanssi_related_keywords":"","_relevanssi_related_include_ids":"","_relevanssi_related_exclude_ids":"","_relevanssi_related_no_append":"","_relevanssi_related_not_related":"","_relevanssi_related_posts":"1","_relevanssi_noindex_reason":"","footnotes":""},"page_category":[31],"page_tag":[],"service_status_category":[],"class_list":["post-75","page","type-page","status-publish","hentry"],"acf":[],"_links":{"self":[{"href":"https:\/\/o-seznam.cz\/napoveda\/odkazy\/wp-json\/wp\/v2\/pages\/75","targetHints":{"allow":["GET"]}}],"collection":[{"href":"https:\/\/o-seznam.cz\/napoveda\/odkazy\/wp-json\/wp\/v2\/pages"}],"about":[{"href":"https:\/\/o-seznam.cz\/napoveda\/odkazy\/wp-json\/wp\/v2\/types\/page"}],"author":[{"embeddable":true,"href":"https:\/\/o-seznam.cz\/napoveda\/odkazy\/wp-json\/wp\/v2\/users\/67"}],"replies":[{"embeddable":true,"href":"https:\/\/o-seznam.cz\/napoveda\/odkazy\/wp-json\/wp\/v2\/comments?post=75"}],"version-history":[{"count":5,"href":"https:\/\/o-seznam.cz\/napoveda\/odkazy\/wp-json\/wp\/v2\/pages\/75\/revisions"}],"predecessor-version":[{"id":279,"href":"https:\/\/o-seznam.cz\/napoveda\/odkazy\/wp-json\/wp\/v2\/pages\/75\/revisions\/279"}],"up":[{"embeddable":true,"href":"https:\/\/o-seznam.cz\/napoveda\/odkazy\/wp-json\/wp\/v2\/pages\/19"}],"wp:attachment":[{"href":"https:\/\/o-seznam.cz\/napoveda\/odkazy\/wp-json\/wp\/v2\/media?parent=75"}],"wp:term":[{"taxonomy":"page_category","embeddable":true,"href":"https:\/\/o-seznam.cz\/napoveda\/odkazy\/wp-json\/wp\/v2\/page_category?post=75"},{"taxonomy":"page_tag","embeddable":true,"href":"https:\/\/o-seznam.cz\/napoveda\/odkazy\/wp-json\/wp\/v2\/page_tag?post=75"},{"taxonomy":"service_status_category","embeddable":true,"href":"https:\/\/o-seznam.cz\/napoveda\/odkazy\/wp-json\/wp\/v2\/service_status_category?post=75"}],"curies":[{"name":"wp","href":"https:\/\/api.w.org\/{rel}","templated":true}]}}