{"id":37,"date":"2025-07-25T15:37:45","date_gmt":"2025-07-25T13:37:45","guid":{"rendered":"https:\/\/o-seznam.cz\/napoveda\/odkazy\/?page_id=37"},"modified":"2025-08-15T14:30:07","modified_gmt":"2025-08-15T12:30:07","slug":"jak-zmenim-odkaz","status":"publish","type":"page","link":"https:\/\/o-seznam.cz\/napoveda\/odkazy\/nejcastejsi-otazky-k-odkazum\/jak-zmenim-odkaz\/","title":{"rendered":"Jak zm\u011bn\u00edm odkaz?"},"content":{"rendered":"\n<div class=\"wp-block-group is-layout-constrained wp-block-group-is-layout-constrained\">\n<div class=\"wp-block-group is-layout-constrained wp-block-group-is-layout-constrained\">\n<p class=\"is-style-link-external\">Zm\u011bny lze zadat prost\u0159ednictv\u00edm\u00a0<a calss=\"is-style-link-external\" href=\"https:\/\/ask.szn.cz\/link\/linkAddScreen?state=SEARCHLINK\" target=\"_blank\" rel=\"noreferrer noopener\">formul\u00e1\u0159e pro \u00fapravu z\u00e1pisu v katalogu<\/a>. P\u0159\u00edpadn\u00e9 nestandardn\u00ed \u017e\u00e1dosti, kam pat\u0159\u00ed zejm\u00e9na zm\u011bna \u010di p\u0159id\u00e1n\u00ed kategorie\u00a0a smaz\u00e1n\u00ed odkazu, n\u00e1m pros\u00edm po\u0161lete pomoc\u00ed\u00a0<a href=\"https:\/\/o-seznam.cz\/napoveda\/odkazy\/kontaktni-formular\/\" target=\"_blank\" rel=\"noreferrer noopener\">kontaktn\u00edho formul\u00e1\u0159e<\/a>.<\/p>\n\n\n\n<p>P\u0159i editaci odkazu mus\u00edte URL str\u00e1nek zadat do formul\u00e1\u0159e v naprosto stejn\u00e9 podob\u011b, v n\u00ed\u017e je uvedena v odkazov\u00e9m katalogu (Pozor na lom\u00edtka! Nap\u0159\u00edklad adresy http:\/\/www.seznam.cz a http:\/\/www.seznam.cz\/ jsou&nbsp;rozd\u00edln\u00e9!).<\/p>\n<\/div>\n\n\n\n<div class=\"wp-block-group is-layout-constrained wp-block-group-is-layout-constrained\">\n<h4 class=\"wp-block-heading\">Za jak dlouho se m\u016fj odkaz nebo jeho zm\u011bna objev\u00ed na Seznamu?<\/h4>\n\n\n\n<p>Ve\u0161ker\u00e9 \u017e\u00e1dosti by m\u011bly b\u00fdt vy\u0159\u00edzeny do 30 dn\u016f ode dne zad\u00e1n\u00ed. Ve chv\u00edli, kdy bude va\u0161e \u017e\u00e1dost vy\u0159\u00edzena, o tom budete informov\u00e1n(a) e-mailem stejn\u011b jako p\u0159i registraci nov\u00e9ho odkazu.<\/p>\n<\/div>\n<\/div>\n","protected":false},"excerpt":{"rendered":"<p>Zm\u011bny lze zadat prost\u0159ednictv\u00edm\u00a0formul\u00e1\u0159e pro \u00fapravu z\u00e1pisu v katalogu. P\u0159\u00edpadn\u00e9 nestandardn\u00ed \u017e\u00e1dosti, kam pat\u0159\u00ed zejm\u00e9na zm\u011bna \u010di p\u0159id\u00e1n\u00ed kategorie\u00a0a smaz\u00e1n\u00ed odkazu, n\u00e1m pros\u00edm po\u0161lete pomoc\u00ed\u00a0kontaktn\u00edho formul\u00e1\u0159e. P\u0159i editaci odkazu mus\u00edte URL str\u00e1nek zadat do formul\u00e1\u0159e v naprosto stejn\u00e9 podob\u011b, v n\u00ed\u017e je uvedena v odkazov\u00e9m katalogu (Pozor na lom\u00edtka! Nap\u0159\u00edklad adresy http:\/\/www.seznam.cz a http:\/\/www.seznam.cz\/ jsou&nbsp;rozd\u00edln\u00e9!). [&hellip;]<\/p>\n","protected":false},"author":67,"featured_media":0,"parent":19,"menu_order":0,"comment_status":"closed","ping_status":"closed","template":"page-sidemenu","meta":{"_acf_changed":false,"_relevanssi_hide_post":"","_relevanssi_hide_content":"","_relevanssi_pin_for_all":"","_relevanssi_pin_keywords":"","_relevanssi_unpin_keywords":"","_relevanssi_related_keywords":"","_relevanssi_related_include_ids":"","_relevanssi_related_exclude_ids":"","_relevanssi_related_no_append":"","_relevanssi_related_not_related":"","_relevanssi_related_posts":"1","_relevanssi_noindex_reason":"","footnotes":""},"page_category":[31],"page_tag":[],"service_status_category":[],"class_list":["post-37","page","type-page","status-publish","hentry"],"acf":[],"_links":{"self":[{"href":"https:\/\/o-seznam.cz\/napoveda\/odkazy\/wp-json\/wp\/v2\/pages\/37","targetHints":{"allow":["GET"]}}],"collection":[{"href":"https:\/\/o-seznam.cz\/napoveda\/odkazy\/wp-json\/wp\/v2\/pages"}],"about":[{"href":"https:\/\/o-seznam.cz\/napoveda\/odkazy\/wp-json\/wp\/v2\/types\/page"}],"author":[{"embeddable":true,"href":"https:\/\/o-seznam.cz\/napoveda\/odkazy\/wp-json\/wp\/v2\/users\/67"}],"replies":[{"embeddable":true,"href":"https:\/\/o-seznam.cz\/napoveda\/odkazy\/wp-json\/wp\/v2\/comments?post=37"}],"version-history":[{"count":10,"href":"https:\/\/o-seznam.cz\/napoveda\/odkazy\/wp-json\/wp\/v2\/pages\/37\/revisions"}],"predecessor-version":[{"id":377,"href":"https:\/\/o-seznam.cz\/napoveda\/odkazy\/wp-json\/wp\/v2\/pages\/37\/revisions\/377"}],"up":[{"embeddable":true,"href":"https:\/\/o-seznam.cz\/napoveda\/odkazy\/wp-json\/wp\/v2\/pages\/19"}],"wp:attachment":[{"href":"https:\/\/o-seznam.cz\/napoveda\/odkazy\/wp-json\/wp\/v2\/media?parent=37"}],"wp:term":[{"taxonomy":"page_category","embeddable":true,"href":"https:\/\/o-seznam.cz\/napoveda\/odkazy\/wp-json\/wp\/v2\/page_category?post=37"},{"taxonomy":"page_tag","embeddable":true,"href":"https:\/\/o-seznam.cz\/napoveda\/odkazy\/wp-json\/wp\/v2\/page_tag?post=37"},{"taxonomy":"service_status_category","embeddable":true,"href":"https:\/\/o-seznam.cz\/napoveda\/odkazy\/wp-json\/wp\/v2\/service_status_category?post=37"}],"curies":[{"name":"wp","href":"https:\/\/api.w.org\/{rel}","templated":true}]}}