{"id":33,"date":"2025-07-25T15:31:39","date_gmt":"2025-07-25T13:31:39","guid":{"rendered":"https:\/\/o-seznam.cz\/napoveda\/odkazy\/?page_id=33"},"modified":"2025-10-22T13:55:52","modified_gmt":"2025-10-22T11:55:52","slug":"jak-pridam-odkaz","status":"publish","type":"page","link":"https:\/\/o-seznam.cz\/napoveda\/odkazy\/nejcastejsi-otazky-k-odkazum\/jak-pridam-odkaz\/","title":{"rendered":"Jak p\u0159id\u00e1m odkaz?"},"content":{"rendered":"\n<div class=\"wp-block-group is-layout-constrained wp-block-group-is-layout-constrained\">\n<h2 class=\"wp-block-heading is-style-link-external\">Sv\u016fj odkaz do katalogu Seznam.cz m\u016f\u017eete p\u0159idat zcela zdarma. <\/h2>\n\n\n\n<p class=\"is-style-link-external\">Jedin\u00e9, co k tomu pot\u0159ebujete, je m\u00edt funk\u010dn\u00ed WWW str\u00e1nku a dodr\u017eet pravidlo, \u017ee do nekomer\u010dn\u00edch kategori\u00ed mohou b\u00fdt za\u0159azeny pouze str\u00e1nky\u00a0nekomer\u010dn\u00ed (osobn\u00ed str\u00e1nky, informativn\u00ed str\u00e1nky). V\u00fdjime\u010dn\u011b lze za\u0159adit velmi kvalitn\u00ed obsah i na komer\u010dn\u00edch str\u00e1nk\u00e1ch (jako nap\u0159\u00edklad\u00a0<a href=\"https:\/\/www.novinky.cz\/\" target=\"_blank\" rel=\"noreferrer noopener\">www.novinky.cz<\/a>,\u00a0<a href=\"https:\/\/www.sauto.cz\/\" data-type=\"link\" data-id=\"https:\/www.sauto.cz\/\" target=\"_blank\" rel=\"noreferrer noopener\">www.sauto.cz<\/a>, atp.). Pro \u00fasp\u011b\u0161n\u00e9 p\u0159id\u00e1n\u00ed odkazu do\u00a0katalogu Seznam je nutn\u00e9, aby n\u00e1zev a popis odkazu odpov\u00eddal\u00a0<a href=\"https:\/\/o-seznam.cz\/napoveda\/odkazy\/pravidla-katalogu\/zavazna-pravidla-pro-odkazy\/\">z\u00e1vazn\u00fdm pravidl\u016fm<\/a>.<\/p>\n<\/div>\n\n\n\n<div class=\"wp-block-group is-layout-constrained wp-block-group-is-layout-constrained\">\n<p><strong>Postup je n\u00e1sleduj\u00edc\u00ed:<\/strong><\/p>\n\n\n\n<ul class=\"wp-block-list\">\n<li>Nejprve si v katalogu&nbsp;<a class=\"is-style-link-external\" href=\"http:\/\/odkazy.seznam.cz\/\" target=\"_blank\" rel=\"noreferrer noopener\">odkazy.seznam.cz<\/a>&nbsp;vyhled\u00e1te odkazovou kategorii, do n\u00ed\u017e chcete sv\u016fj odkaz um\u00edstit. Pot\u00e9 vpravo naho\u0159e, nebo&nbsp;uprost\u0159ed dole pod v\u00fdpisem odkaz\u016f v kategorii klikn\u011bte na odkaz &#8222;p\u0159idat odkaz&#8220; a otev\u0159e se registra\u010dn\u00ed formul\u00e1\u0159.<\/li>\n\n\n\n<li>V tomto formul\u00e1\u0159i vypln\u00edte internetovou adresu WWW str\u00e1nek, n\u00e1zev, popis odkazu a tak\u00e9 kontaktn\u00ed e-mail, kde v\u00e1m bude zasl\u00e1no potvrzen\u00ed registrace, nebo d\u016fvody pro zam\u00edtnut\u00ed registrace.<\/li>\n\n\n\n<li>Na prvn\u00ed str\u00e1nce formul\u00e1\u0159e vypl\u0148te URL webov\u00e9 str\u00e1nky se zaj\u00edmav\u00fdm obsahem a klepnut\u00edm na tla\u010d\u00edtko &#8222;Potvrdit&#8220; p\u0159ejd\u011bte na druhou str\u00e1nku formul\u00e1\u0159e.<\/li>\n\n\n\n<li>Na n\u00e1sleduj\u00edc\u00ed str\u00e1nce se pokus\u00edme uleh\u010dit na\u010dten\u00edm informac\u00ed z dan\u00e9 str\u00e1nky &#8211; n\u00e1zev z titulku str\u00e1nky a popis z popisku na str\u00e1nce. Nejste-li s podobou spokojen(a), m\u016f\u017eete informace o str\u00e1nce upravit.&nbsp;E-mailovou adresu pou\u017eijeme pro zasl\u00e1n\u00ed potvrzen\u00ed p\u0159ijet\u00ed \u017e\u00e1dosti.<\/li>\n\n\n\n<li>Zpracov\u00e1n\u00ed \u017e\u00e1dost\u00ed o p\u0159id\u00e1n\u00ed do katalogu prob\u00edh\u00e1 ru\u010dn\u011b, po zpracov\u00e1n\u00ed budete o za\u0159azen\u00ed \u010di neza\u0159azen\u00ed do katalogu informov\u00e1ni na Va\u0161\u00ed kontaktn\u00ed e-mailov\u00e9 adrese.<\/li>\n<\/ul>\n<\/div>\n","protected":false},"excerpt":{"rendered":"<p>Sv\u016fj odkaz do katalogu Seznam.cz m\u016f\u017eete p\u0159idat zcela zdarma. Jedin\u00e9, co k tomu pot\u0159ebujete, je m\u00edt funk\u010dn\u00ed WWW str\u00e1nku a dodr\u017eet pravidlo, \u017ee do nekomer\u010dn\u00edch kategori\u00ed mohou b\u00fdt za\u0159azeny pouze str\u00e1nky\u00a0nekomer\u010dn\u00ed (osobn\u00ed str\u00e1nky, informativn\u00ed str\u00e1nky). V\u00fdjime\u010dn\u011b lze za\u0159adit velmi kvalitn\u00ed obsah i na komer\u010dn\u00edch str\u00e1nk\u00e1ch (jako nap\u0159\u00edklad\u00a0www.novinky.cz,\u00a0www.sauto.cz, atp.). Pro \u00fasp\u011b\u0161n\u00e9 p\u0159id\u00e1n\u00ed odkazu do\u00a0katalogu Seznam je [&hellip;]<\/p>\n","protected":false},"author":67,"featured_media":0,"parent":19,"menu_order":0,"comment_status":"closed","ping_status":"closed","template":"page-sidemenu","meta":{"_acf_changed":false,"_relevanssi_hide_post":"","_relevanssi_hide_content":"","_relevanssi_pin_for_all":"","_relevanssi_pin_keywords":"","_relevanssi_unpin_keywords":"","_relevanssi_related_keywords":"","_relevanssi_related_include_ids":"","_relevanssi_related_exclude_ids":"","_relevanssi_related_no_append":"","_relevanssi_related_not_related":"","_relevanssi_related_posts":"1","_relevanssi_noindex_reason":"","footnotes":""},"page_category":[31],"page_tag":[],"service_status_category":[],"class_list":["post-33","page","type-page","status-publish","hentry"],"acf":[],"_links":{"self":[{"href":"https:\/\/o-seznam.cz\/napoveda\/odkazy\/wp-json\/wp\/v2\/pages\/33","targetHints":{"allow":["GET"]}}],"collection":[{"href":"https:\/\/o-seznam.cz\/napoveda\/odkazy\/wp-json\/wp\/v2\/pages"}],"about":[{"href":"https:\/\/o-seznam.cz\/napoveda\/odkazy\/wp-json\/wp\/v2\/types\/page"}],"author":[{"embeddable":true,"href":"https:\/\/o-seznam.cz\/napoveda\/odkazy\/wp-json\/wp\/v2\/users\/67"}],"replies":[{"embeddable":true,"href":"https:\/\/o-seznam.cz\/napoveda\/odkazy\/wp-json\/wp\/v2\/comments?post=33"}],"version-history":[{"count":11,"href":"https:\/\/o-seznam.cz\/napoveda\/odkazy\/wp-json\/wp\/v2\/pages\/33\/revisions"}],"predecessor-version":[{"id":382,"href":"https:\/\/o-seznam.cz\/napoveda\/odkazy\/wp-json\/wp\/v2\/pages\/33\/revisions\/382"}],"up":[{"embeddable":true,"href":"https:\/\/o-seznam.cz\/napoveda\/odkazy\/wp-json\/wp\/v2\/pages\/19"}],"wp:attachment":[{"href":"https:\/\/o-seznam.cz\/napoveda\/odkazy\/wp-json\/wp\/v2\/media?parent=33"}],"wp:term":[{"taxonomy":"page_category","embeddable":true,"href":"https:\/\/o-seznam.cz\/napoveda\/odkazy\/wp-json\/wp\/v2\/page_category?post=33"},{"taxonomy":"page_tag","embeddable":true,"href":"https:\/\/o-seznam.cz\/napoveda\/odkazy\/wp-json\/wp\/v2\/page_tag?post=33"},{"taxonomy":"service_status_category","embeddable":true,"href":"https:\/\/o-seznam.cz\/napoveda\/odkazy\/wp-json\/wp\/v2\/service_status_category?post=33"}],"curies":[{"name":"wp","href":"https:\/\/api.w.org\/{rel}","templated":true}]}}