{"id":100,"date":"2025-07-25T17:42:28","date_gmt":"2025-07-25T15:42:28","guid":{"rendered":"https:\/\/o-seznam.cz\/napoveda\/odkazy\/?page_id=100"},"modified":"2025-08-15T14:31:32","modified_gmt":"2025-08-15T12:31:32","slug":"zaverecne-ustanoveni-pro-odkazy","status":"publish","type":"page","link":"https:\/\/o-seznam.cz\/napoveda\/odkazy\/pravidla-katalogu\/zaverecne-ustanoveni-pro-odkazy\/","title":{"rendered":"Z\u00e1v\u011bre\u010dn\u00e9 ustanoven\u00ed pro odkazy"},"content":{"rendered":"\n<div class=\"wp-block-group is-layout-constrained wp-block-group-is-layout-constrained\">\n<p>Odkaz um\u00edst\u011bn\u00fd na Seznamu stejn\u011b jako webov\u00e1 prezentace, na n\u00ed\u017e odkazuje, nesm\u00ed odporovat platn\u00fdm mezin\u00e1rodn\u00edm pr\u00e1vn\u00edm norm\u00e1m, platn\u00fdm pr\u00e1vn\u00edm norm\u00e1m \u010cesk\u00e9 republiky, obecn\u011b uzn\u00e1van\u00fdm mravn\u00edm hodnot\u00e1m a&nbsp;etick\u00fdm pravidl\u016fm firmy Seznam.cz.<\/p>\n\n\n\n<p>Odkazy nebo \u017e\u00e1dosti s obsahem poru\u0161uj\u00edc\u00edm v\u00fd\u0161e uveden\u00e1 pravidla mohou b\u00fdt upraveny \u010di smaz\u00e1ny (s e-mailov\u00fdm vyrozum\u011bn\u00edm \u010di bez n\u011bj).<\/p>\n\n\n\n<p>Ve v\u0161ech p\u0159\u00edpadech v\u010detn\u011b nejasnost\u00ed jsou kone\u010dn\u00fdmi arbitry administr\u00e1to\u0159i odkazov\u00e9ho katalogu odkazy.seznam.cz.<\/p>\n\n\n\n<p>Seznam.cz si vyhrazuje pr\u00e1vo neza\u0159adit jak\u00fdkoli odkaz. Ka\u017ed\u00fd zadavatel odkazu m\u00e1 v\u0161ak pr\u00e1vo na vysv\u011btlen\u00ed z\u00e1sahu do podoby odkazu (formou e-mailu po vznesen\u00ed e-mailov\u00e9ho dotazu).<\/p>\n\n\n\n<p>Firma Seznam.cz nenese jakoukoli zodpov\u011bdnost za \u0161kodu \u010di u\u0161l\u00fd zisk vznikl\u00e9 uveden\u00edm podoby odkazu do souladu s t\u011bmito pravidly a\u0165 ji\u017e v okam\u017eiku zat\u0159\u00edd\u011bn\u00ed odkazu \u010di b\u011bhem pozd\u011bj\u0161\u00ed kontroly.<\/p>\n<\/div>\n\n\n\n<p><\/p>\n","protected":false},"excerpt":{"rendered":"<p>Odkaz um\u00edst\u011bn\u00fd na Seznamu stejn\u011b jako webov\u00e1 prezentace, na n\u00ed\u017e odkazuje, nesm\u00ed odporovat platn\u00fdm mezin\u00e1rodn\u00edm pr\u00e1vn\u00edm norm\u00e1m, platn\u00fdm pr\u00e1vn\u00edm norm\u00e1m \u010cesk\u00e9 republiky, obecn\u011b uzn\u00e1van\u00fdm mravn\u00edm hodnot\u00e1m a&nbsp;etick\u00fdm pravidl\u016fm firmy Seznam.cz. Odkazy nebo \u017e\u00e1dosti s obsahem poru\u0161uj\u00edc\u00edm v\u00fd\u0161e uveden\u00e1 pravidla mohou b\u00fdt upraveny \u010di smaz\u00e1ny (s e-mailov\u00fdm vyrozum\u011bn\u00edm \u010di bez n\u011bj). Ve v\u0161ech p\u0159\u00edpadech v\u010detn\u011b nejasnost\u00ed [&hellip;]<\/p>\n","protected":false},"author":67,"featured_media":0,"parent":83,"menu_order":4,"comment_status":"closed","ping_status":"closed","template":"page-sidemenu","meta":{"_acf_changed":false,"_relevanssi_hide_post":"","_relevanssi_hide_content":"","_relevanssi_pin_for_all":"","_relevanssi_pin_keywords":"","_relevanssi_unpin_keywords":"","_relevanssi_related_keywords":"","_relevanssi_related_include_ids":"","_relevanssi_related_exclude_ids":"","_relevanssi_related_no_append":"","_relevanssi_related_not_related":"","_relevanssi_related_posts":"1","_relevanssi_noindex_reason":"","footnotes":""},"page_category":[31],"page_tag":[],"service_status_category":[],"class_list":["post-100","page","type-page","status-publish","hentry"],"acf":[],"_links":{"self":[{"href":"https:\/\/o-seznam.cz\/napoveda\/odkazy\/wp-json\/wp\/v2\/pages\/100","targetHints":{"allow":["GET"]}}],"collection":[{"href":"https:\/\/o-seznam.cz\/napoveda\/odkazy\/wp-json\/wp\/v2\/pages"}],"about":[{"href":"https:\/\/o-seznam.cz\/napoveda\/odkazy\/wp-json\/wp\/v2\/types\/page"}],"author":[{"embeddable":true,"href":"https:\/\/o-seznam.cz\/napoveda\/odkazy\/wp-json\/wp\/v2\/users\/67"}],"replies":[{"embeddable":true,"href":"https:\/\/o-seznam.cz\/napoveda\/odkazy\/wp-json\/wp\/v2\/comments?post=100"}],"version-history":[{"count":2,"href":"https:\/\/o-seznam.cz\/napoveda\/odkazy\/wp-json\/wp\/v2\/pages\/100\/revisions"}],"predecessor-version":[{"id":378,"href":"https:\/\/o-seznam.cz\/napoveda\/odkazy\/wp-json\/wp\/v2\/pages\/100\/revisions\/378"}],"up":[{"embeddable":true,"href":"https:\/\/o-seznam.cz\/napoveda\/odkazy\/wp-json\/wp\/v2\/pages\/83"}],"wp:attachment":[{"href":"https:\/\/o-seznam.cz\/napoveda\/odkazy\/wp-json\/wp\/v2\/media?parent=100"}],"wp:term":[{"taxonomy":"page_category","embeddable":true,"href":"https:\/\/o-seznam.cz\/napoveda\/odkazy\/wp-json\/wp\/v2\/page_category?post=100"},{"taxonomy":"page_tag","embeddable":true,"href":"https:\/\/o-seznam.cz\/napoveda\/odkazy\/wp-json\/wp\/v2\/page_tag?post=100"},{"taxonomy":"service_status_category","embeddable":true,"href":"https:\/\/o-seznam.cz\/napoveda\/odkazy\/wp-json\/wp\/v2\/service_status_category?post=100"}],"curies":[{"name":"wp","href":"https:\/\/api.w.org\/{rel}","templated":true}]}}