{"id":50,"date":"2024-11-04T14:59:12","date_gmt":"2024-11-04T13:59:12","guid":{"rendered":"https:\/\/o-seznam.cz\/napoveda\/medium\/?page_id=50"},"modified":"2024-12-08T20:37:09","modified_gmt":"2024-12-08T19:37:09","slug":"reakce-clankem-na-clanek","status":"publish","type":"page","link":"https:\/\/o-seznam.cz\/napoveda\/medium\/reakce-clankem-na-clanek\/","title":{"rendered":"Reakce \u010dl\u00e1nkem na \u010dl\u00e1nek"},"content":{"rendered":"\n<div class=\"wp-block-group is-layout-constrained wp-block-group-is-layout-constrained\">\n<p>Na konci ka\u017ed\u00e9ho \u010dl\u00e1nku na webu je um\u00edst\u011bno tla\u010d\u00edtko &#8222;Napsat reakci na \u010dl\u00e1nek&#8220;, kter\u00e9 kdy\u017e zma\u010dknete a m\u00e1te registraci na M\u00e9dium.cz, tak v\u00e1s odvede tento odkaz do administrace do formul\u00e1\u0159e zalo\u017een\u00ed \u010dl\u00e1nku.<\/p>\n\n\n\n<figure class=\"wp-block-image size-full\"><img loading=\"lazy\" decoding=\"async\" width=\"633\" height=\"143\" src=\"https:\/\/o-seznam.cz\/napoveda\/medium\/wp-content\/uploads\/sites\/21\/2024\/11\/polemiky-redakce-na-clanek.png\" alt=\"\" class=\"wp-image-51\" srcset=\"https:\/\/o-seznam.cz\/napoveda\/medium\/wp-content\/uploads\/sites\/21\/2024\/11\/polemiky-redakce-na-clanek.png 633w, https:\/\/o-seznam.cz\/napoveda\/medium\/wp-content\/uploads\/sites\/21\/2024\/11\/polemiky-redakce-na-clanek-320x72.png 320w\" sizes=\"auto, (max-width: 633px) 100vw, 633px\" \/><\/figure>\n\n\n\n<p>V tomto formul\u00e1\u0159i je p\u0159edvypln\u011bna prvn\u00ed polo\u017eka, kter\u00e1 znamen\u00e1, \u017ee zakl\u00e1dan\u00fd \u010dl\u00e1nek bude reak\u010dn\u00edm \u010dl\u00e1nkem na uveden\u00fd \u010dl\u00e1nek, ze kter\u00e9ho jste na tla\u010d\u00edtko kliknuli.<\/p>\n\n\n\n<figure class=\"wp-block-image size-full\"><img loading=\"lazy\" decoding=\"async\" width=\"343\" height=\"131\" src=\"https:\/\/o-seznam.cz\/napoveda\/medium\/wp-content\/uploads\/sites\/21\/2024\/11\/polemiky-admin-reakce-na-clanek.png\" alt=\"\" class=\"wp-image-52\" srcset=\"https:\/\/o-seznam.cz\/napoveda\/medium\/wp-content\/uploads\/sites\/21\/2024\/11\/polemiky-admin-reakce-na-clanek.png 343w, https:\/\/o-seznam.cz\/napoveda\/medium\/wp-content\/uploads\/sites\/21\/2024\/11\/polemiky-admin-reakce-na-clanek-320x122.png 320w\" sizes=\"auto, (max-width: 343px) 100vw, 343px\" \/><\/figure>\n\n\n\n<p>Pokud \u010dl\u00e1nek publikujete, pak ve va\u0161em \u010dl\u00e1nku bude strukturovan\u00fd odkaz p\u0159\u00edmo pod hlavn\u00edm obr\u00e1zkem \u010dl\u00e1nku (nad perexem) um\u00edst\u011bn odkaz na \u010dl\u00e1nek, kter\u00fd reagujete, aby \u010dten\u00e1\u0159 m\u011bl snadnou cestu ke zdroji va\u0161\u00ed reakce.<\/p>\n\n\n\n<p>Pokud v\u00e1\u0161 \u010dl\u00e1nek bude za\u0159azen alespo\u0148 do n\u011bkter\u00e9 ze sekc\u00ed webu M\u00e9dium.cz, pak na konci \u010dl\u00e1nku, na kter\u00fd reagujete, bude odkaz na va\u0161\u00ed reakci.<br><br>Pokud n\u011bkdo reaguje na v\u00e1\u0161 \u010dl\u00e1nek, tak v editaci tohoto \u010dl\u00e1nku m\u016f\u017eete \u00fapln\u011b dole vid\u011bt v\u00fdpis \u010dl\u00e1nk\u016f, kter\u00e9 jsou pr\u00e1v\u011b reakcemi na v\u00e1\u0161 editovan\u00fd \u010dl\u00e1nek.<\/p>\n<\/div>\n","protected":false},"excerpt":{"rendered":"<p>Na konci ka\u017ed\u00e9ho \u010dl\u00e1nku na webu je um\u00edst\u011bno tla\u010d\u00edtko &#8222;Napsat reakci na \u010dl\u00e1nek&#8220;, kter\u00e9 kdy\u017e zma\u010dknete a m\u00e1te registraci na M\u00e9dium.cz, tak v\u00e1s odvede tento odkaz do administrace do formul\u00e1\u0159e zalo\u017een\u00ed \u010dl\u00e1nku. V tomto formul\u00e1\u0159i je p\u0159edvypln\u011bna prvn\u00ed polo\u017eka, kter\u00e1 znamen\u00e1, \u017ee zakl\u00e1dan\u00fd \u010dl\u00e1nek bude reak\u010dn\u00edm \u010dl\u00e1nkem na uveden\u00fd \u010dl\u00e1nek, ze kter\u00e9ho jste na tla\u010d\u00edtko [&hellip;]<\/p>\n","protected":false},"author":12,"featured_media":0,"parent":0,"menu_order":7,"comment_status":"closed","ping_status":"closed","template":"page-sidemenu","meta":{"_acf_changed":false,"_relevanssi_hide_post":"","_relevanssi_hide_content":"","_relevanssi_pin_for_all":"","_relevanssi_pin_keywords":"","_relevanssi_unpin_keywords":"","_relevanssi_related_keywords":"","_relevanssi_related_include_ids":"","_relevanssi_related_exclude_ids":"","_relevanssi_related_no_append":"","_relevanssi_related_not_related":"","_relevanssi_related_posts":"","_relevanssi_noindex_reason":"","footnotes":""},"page_category":[3],"page_tag":[],"service_status_category":[],"class_list":["post-50","page","type-page","status-publish","hentry"],"acf":[],"_links":{"self":[{"href":"https:\/\/o-seznam.cz\/napoveda\/medium\/wp-json\/wp\/v2\/pages\/50","targetHints":{"allow":["GET"]}}],"collection":[{"href":"https:\/\/o-seznam.cz\/napoveda\/medium\/wp-json\/wp\/v2\/pages"}],"about":[{"href":"https:\/\/o-seznam.cz\/napoveda\/medium\/wp-json\/wp\/v2\/types\/page"}],"author":[{"embeddable":true,"href":"https:\/\/o-seznam.cz\/napoveda\/medium\/wp-json\/wp\/v2\/users\/12"}],"replies":[{"embeddable":true,"href":"https:\/\/o-seznam.cz\/napoveda\/medium\/wp-json\/wp\/v2\/comments?post=50"}],"version-history":[{"count":2,"href":"https:\/\/o-seznam.cz\/napoveda\/medium\/wp-json\/wp\/v2\/pages\/50\/revisions"}],"predecessor-version":[{"id":96,"href":"https:\/\/o-seznam.cz\/napoveda\/medium\/wp-json\/wp\/v2\/pages\/50\/revisions\/96"}],"wp:attachment":[{"href":"https:\/\/o-seznam.cz\/napoveda\/medium\/wp-json\/wp\/v2\/media?parent=50"}],"wp:term":[{"taxonomy":"page_category","embeddable":true,"href":"https:\/\/o-seznam.cz\/napoveda\/medium\/wp-json\/wp\/v2\/page_category?post=50"},{"taxonomy":"page_tag","embeddable":true,"href":"https:\/\/o-seznam.cz\/napoveda\/medium\/wp-json\/wp\/v2\/page_tag?post=50"},{"taxonomy":"service_status_category","embeddable":true,"href":"https:\/\/o-seznam.cz\/napoveda\/medium\/wp-json\/wp\/v2\/service_status_category?post=50"}],"curies":[{"name":"wp","href":"https:\/\/api.w.org\/{rel}","templated":true}]}}