{"id":5,"date":"2024-10-21T11:55:43","date_gmt":"2024-10-21T09:55:43","guid":{"rendered":"https:\/\/o-seznam.cz\/napoveda\/medium\/?page_id=5"},"modified":"2026-02-13T20:09:07","modified_gmt":"2026-02-13T19:09:07","slug":"napoveda-medium-cz","status":"publish","type":"page","link":"https:\/\/o-seznam.cz\/napoveda\/medium\/","title":{"rendered":"N\u00e1pov\u011bda M\u00e9dium.cz"},"content":{"rendered":"\n<div class=\"wp-block-group alignwide is-layout-constrained wp-block-group-is-layout-constrained\">\n<div class=\"wp-block-group alignwide is-layout-constrained wp-block-group-is-layout-constrained\"><div class=\"alignwide alignwide wp-block-seznam-hero\"><div class=\"cover is-hero is-hero-default bg-neutral-40\"><img decoding=\"async\" src=\"https:\/\/o-seznam.cz\/napoveda\/medium\/wp-content\/themes\/seznam\/patterns\/images\/seznam-cover.jpg\" class=\"cover__media\" alt=\"\" \/><div class=\"cover__dim\" style=\"opacity:0.45\"><\/div><div class=\"cover__content is-layout-constrained\">\n\n<h1 class=\"wp-block-heading has-text-align-left\">N\u00e1pov\u011bda<br>M\u00e9dium.cz<\/h1>\n\n\n\n<div class=\"wp-block-group is-content-justification-left is-layout-constrained wp-container-core-group-is-layout-59d06cab wp-block-group-is-layout-constrained\">\n<p>Stru\u010dn\u00e9 n\u00e1vody, jak publikovat sv\u00e9 \u010dl\u00e1nky, spravovat si autorsk\u00fd profil a jak monetizovat sv\u016fj obsah. Najdete zde tak\u00e9 pravidla pro autory \u010di tipy pro zv\u00fd\u0161en\u00ed \u010dtenosti.<\/p>\n<\/div>\n\n<\/div><\/div><\/div>\n\n\n<\/div>\n<\/div>\n\n\n\n<div class=\"wp-block-group is-layout-constrained wp-block-group-is-layout-constrained\">\n<h2 class=\"wp-block-heading\">Nej\u010dast\u011bj\u0161\u00ed dotazy<\/h2>\n\n\n\n<div class=\"accordion\">\n\t<div class=\"accordion__items\">\n\n<details class=\"expander is-style-default\">\n\t<summary data-datalayer-name=\"\" data-datalayer-text=\"Jak zru\u0161it odb\u011br \u010dl\u00e1nk\u016f ze slu\u017eby M\u00e9dium, ze kter\u00fdch mi chod\u00ed notifikace na e-mail?\">\n\t\t\t\t<strong>Jak zru\u0161it odb\u011br \u010dl\u00e1nk\u016f ze slu\u017eby M\u00e9dium, ze kter\u00fdch mi chod\u00ed notifikace na e-mail?<\/strong>\n\t\t\t<\/summary>\n\t<div class=\"inner-blocks\">\n\n<p>V\u0161echny sledovan\u00e9 autory a t\u00e9mata m\u016f\u017eete naj\u00edt a spravovat ve sv\u00e9m ve\u0159ejn\u00e9m profilu na odkazu <a class=\"is-style-link-external\" href=\"https:\/\/www.seznam.cz\/profil\/sleduji\" target=\"_blank\" rel=\"noreferrer noopener\">https:\/\/www.seznam.cz\/profil\/sleduji<\/a><\/p>\n\n<\/div><\/details>\n\n\n\n<details class=\"expander is-style-default\">\n\t<summary data-datalayer-name=\"\" data-datalayer-text=\"Kdo a o \u010dem m\u016f\u017ee ps\u00e1t pro M\u00e9dium.cz? \">\n\t\t\t\t<strong>Kdo a o \u010dem m\u016f\u017ee ps\u00e1t pro M\u00e9dium.cz? <\/strong>\n\t\t\t<\/summary>\n\t<div class=\"inner-blocks\">\n\n<p class=\"is-style-link-external\">Kdokoli o \u010demkoli. Ale nesm\u00ed to b\u00fdt v rozporu s dobr\u00fdmi mravy a s na\u0161imi <a href=\"https:\/\/medium.seznam.cz\/clanek\/seznam-medium-pravidla-2\" target=\"_blank\" rel=\"noreferrer noopener\">pravidly<\/a>.<\/p>\n\n<\/div><\/details>\n\n\n\n<details class=\"expander is-style-default\">\n\t<summary data-datalayer-name=\"\" data-datalayer-text=\"Jak zjistit, jakou \u010dtenost maj\u00ed \u010dl\u00e1nky?\">\n\t\t\t\t<strong>Jak zjistit, jakou \u010dtenost maj\u00ed \u010dl\u00e1nky?<\/strong>\n\t\t\t<\/summary>\n\t<div class=\"inner-blocks\">\n\n<p>P\u0159\u00edmo v redak\u010dn\u00edm syst\u00e9mu je k dispozici statistika, kter\u00e1 ukazuje, kolik m\u00e1 dan\u00fd \u010dl\u00e1nek shl\u00e9dnut\u00ed (PV).<\/p>\n\n<\/div><\/details>\n\n\n\n<details class=\"expander is-style-default\">\n\t<summary data-datalayer-name=\"\" data-datalayer-text=\"Kolik \u010dten\u00e1\u0159\u016f je t\u0159eba z\u00edskat, aby \u010dl\u00e1nky za\u010daly vyd\u011bl\u00e1vat?\">\n\t\t\t\t<strong>Kolik \u010dten\u00e1\u0159\u016f je t\u0159eba z\u00edskat, aby \u010dl\u00e1nky za\u010daly vyd\u011bl\u00e1vat?<\/strong>\n\t\t\t<\/summary>\n\t<div class=\"inner-blocks\">\n\n<p>Pokud \u010dl\u00e1nky dos\u00e1hnou alespo\u0148 100 000 zhl\u00e9dnut\u00ed, je mo\u017en\u00e9 zapojit se do programu Seznam Partner (mo\u017enost a detaily se zobraz\u00ed v administra\u010dn\u00edm syst\u00e9mu) a z\u00edskat provizi z reklamy, kterou u \u010dl\u00e1nk\u016f zobrazujeme.<\/p>\n\n<\/div><\/details>\n\n\n\n<details class=\"expander is-style-default\">\n\t<summary data-datalayer-name=\"\" data-datalayer-text=\"Pro\u010d se \u010dl\u00e1nek zobrazuje pouze na autorsk\u00e9m profilu? \">\n\t\t\t\t<strong>Pro\u010d se \u010dl\u00e1nek zobrazuje pouze na autorsk\u00e9m profilu? <\/strong>\n\t\t\t<\/summary>\n\t<div class=\"inner-blocks\">\n\n<p class=\"is-style-link-external\">Ka\u017ed\u00fd \u010dl\u00e1nek se zobrazuje nejprve na profilu, dokud ho nezkontroluje editor, kter\u00fd rozhodne o p\u0159\u00edpadn\u00e9m dal\u0161\u00edm um\u00edst\u011bn\u00ed. Pokud tam i z\u016fstane, z\u0159ejm\u011b nespl\u0148uje krit\u00e9ria pro uve\u0159ejn\u011bn\u00ed na viditeln\u011bj\u0161\u00edch pozic\u00edch. V p\u0159\u00edpad\u011b poru\u0161en\u00ed <a href=\"https:\/\/medium.seznam.cz\/clanek\/seznam-medium-smluvni-podminky-sluzby-seznam-medium-1\" target=\"_blank\" rel=\"noreferrer noopener\">smluvn\u00edch podm\u00ednek<\/a> \u010dl\u00e1nek odpublikuje a autora informuje.<\/p>\n\n<\/div><\/details>\n\n<\/div><\/div>\n\n<\/div>\n\n\n\n<div class=\"wp-block-group is-layout-constrained wp-block-group-is-layout-constrained\">\n<h2 class=\"wp-block-heading\">N\u00e1pov\u011bda pro M\u00e9dium.cz<\/h2>\n\n\n<div class=\"wp-block-seznam-list-pages\"><div>\n<div style=\"--seznam-tiles--columns:3\" class=\"wp-block-seznam-tiles has-columns-3\"><div class=\"inner-blocks\">\n<div class=\"block-boxlink\"><a class=\"boxlink boxlink--icon-arrow boxlink--align-y-center px-f8 py-f4\" href=\"https:\/\/o-seznam.cz\/napoveda\/medium\/zakladni-informace\/\"><div class=\"inner-blocks\">Z\u00e1kladn\u00ed informace<\/div><\/a><\/div><div class=\"block-boxlink\"><a class=\"boxlink boxlink--icon-arrow boxlink--align-y-center px-f8 py-f4\" href=\"https:\/\/o-seznam.cz\/napoveda\/medium\/zalozeni-a-publikace-clanku\/\"><div class=\"inner-blocks\">Zalo\u017een\u00ed \u010dl\u00e1nku<\/div><\/a><\/div><div class=\"block-boxlink\"><a class=\"boxlink boxlink--icon-arrow boxlink--align-y-center px-f8 py-f4\" href=\"https:\/\/o-seznam.cz\/napoveda\/medium\/vlozeni-a-editace-obrazku\/\"><div class=\"inner-blocks\">Vlo\u017een\u00ed obr\u00e1zku<\/div><\/a><\/div><div class=\"block-boxlink\"><a class=\"boxlink boxlink--icon-arrow boxlink--align-y-center px-f8 py-f4\" href=\"https:\/\/o-seznam.cz\/napoveda\/medium\/zalozeni-ankety\/\"><div class=\"inner-blocks\">Zalo\u017een\u00ed ankety<\/div><\/a><\/div><div class=\"block-boxlink\"><a class=\"boxlink boxlink--icon-arrow boxlink--align-y-center px-f8 py-f4\" href=\"https:\/\/o-seznam.cz\/napoveda\/medium\/nastaveni-autorskeho-profilu\/\"><div class=\"inner-blocks\">Autorsk\u00fd profil<\/div><\/a><\/div><div class=\"block-boxlink\"><a class=\"boxlink boxlink--icon-arrow boxlink--align-y-center px-f8 py-f4\" href=\"https:\/\/o-seznam.cz\/napoveda\/medium\/nastaveni-emailovych-upozorneni\/\"><div class=\"inner-blocks\">E-mailov\u00e1 upozorn\u011bn\u00ed<\/div><\/a><\/div><div class=\"block-boxlink\"><a class=\"boxlink boxlink--icon-arrow boxlink--align-y-center px-f8 py-f4\" href=\"https:\/\/o-seznam.cz\/napoveda\/medium\/reakce-clankem-na-clanek\/\"><div class=\"inner-blocks\">Reakce na \u010dl\u00e1nek<\/div><\/a><\/div><div class=\"block-boxlink\"><a class=\"boxlink boxlink--icon-arrow boxlink--align-y-center px-f8 py-f4\" href=\"https:\/\/o-seznam.cz\/napoveda\/medium\/autorske-predplatne\/\"><div class=\"inner-blocks\">Autorsk\u00e9 p\u0159edplatn\u00e9<\/div><\/a><\/div><div class=\"block-boxlink\"><a class=\"boxlink boxlink--icon-arrow boxlink--align-y-center px-f8 py-f4\" href=\"https:\/\/o-seznam.cz\/napoveda\/medium\/videoclanky-epizody-a-videa\/\"><div class=\"inner-blocks\">Jak nahr\u00e1t a zve\u0159ejnit video?<\/div><\/a><\/div><div class=\"block-boxlink\"><a class=\"boxlink boxlink--icon-arrow boxlink--align-y-center px-f8 py-f4\" href=\"https:\/\/o-seznam.cz\/napoveda\/medium\/sledovani-autoru-a-temat\/\"><div class=\"inner-blocks\">Sledov\u00e1n\u00ed autor\u016f a t\u00e9mat<\/div><\/a><\/div><div class=\"block-boxlink\"><a class=\"boxlink boxlink--icon-arrow boxlink--align-y-center px-f8 py-f4\" href=\"https:\/\/o-seznam.cz\/napoveda\/medium\/jak-si-zapnu-tlacitko-prispet\/\"><div class=\"inner-blocks\">Jak si zapnu tla\u010d\u00edtko P\u0159isp\u011bt?<\/div><\/a><\/div><\/div><\/div>\n\n<\/div><\/div>\n<\/div>\n\n\n\n<div class=\"wp-block-group is-layout-constrained wp-block-group-is-layout-constrained\">\n<h2 class=\"wp-block-heading\">Mohlo by v\u00e1s zaj\u00edmat<\/h2>\n\n\n\n<div class=\"wp-block-seznam-tiles has-columns-2\" style=\"--seznam-tiles--columns:2\"><div class=\"inner-blocks\"><div class=\"block-boxlink\"><a class=\"boxlink boxlink--icon-external px-f8 py-f4\" href=\"https:\/\/medium.seznam.cz\/p\/zacit\" target=\"_blank\"><div class=\"inner-blocks\">\n\n<p>V\u00edce o M\u00e9dium.cz<\/p>\n\n<\/div><\/a><\/div>\n\n<div class=\"block-boxlink\"><a class=\"boxlink boxlink--icon-external px-f8 py-f4\" href=\"https:\/\/medium.seznam.cz\/clanek\/seznam-medium-pravidla-2\" target=\"_blank\"><div class=\"inner-blocks\">\n\n<p>Pravidla<\/p>\n\n<\/div><\/a><\/div>\n\n<div class=\"block-boxlink\"><a class=\"boxlink boxlink--icon-external px-f8 py-f4\" href=\"https:\/\/medium.seznam.cz\/clanek\/seznam-medium-desatero-dobreho-textu-3\" target=\"_blank\"><div class=\"inner-blocks\">\n\n<p>Desatero dobr\u00e9ho textu<\/p>\n\n<\/div><\/a><\/div>\n\n<div class=\"block-boxlink\"><a class=\"boxlink boxlink--icon-external px-f8 py-f4\" href=\"https:\/\/medium.seznam.cz\/clanek\/editor-seznam-medium-chci-aby-se-muj-clanek-dostal-na-domovskou-stranku-seznam-cz-na-co-si-dat-pozor-6542\" target=\"_blank\"><div class=\"inner-blocks\">\n\n<p>Na co si d\u00e1t pozor?<\/p>\n\n<\/div><\/a><\/div><\/div><\/div>\n<\/div>\n\n\n\n<div class=\"wp-block-group is-layout-constrained wp-block-group-is-layout-constrained\">\n<div class=\"accordion\">\n\t<div class=\"accordion__items\">\n\n<details class=\"expander is-style-box\">\n\t<summary data-datalayer-name=\"\" data-datalayer-text=\"Nev\u00edte si rady nebo m\u00e1te dotaz?\">\n\t\t\t\t<strong>Nev\u00edte si rady nebo m\u00e1te dotaz?<\/strong>\n\t\t\t<\/summary>\n\t<div class=\"inner-blocks\">\n\n<p>Pokud jste nena\u0161li odpov\u011b\u010f na va\u0161i ot\u00e1zku, sta\u010d\u00ed n\u00e1m napsat na medium@firma.seznam.cz.<\/p>\n\n<\/div><\/details>\n\n\n\n<details class=\"expander is-style-box\">\n\t<summary data-datalayer-name=\"\" data-datalayer-text=\"Po\u010det aktivn\u00edch p\u0159\u00edjemc\u016f slu\u017eby\">\n\t\t\t\t<strong>Po\u010det aktivn\u00edch p\u0159\u00edjemc\u016f slu\u017eby<\/strong>\n\t\t\t<\/summary>\n\t<div class=\"inner-blocks\">\n\n<p>Po\u010det aktivn\u00edch p\u0159\u00edjemc\u016f slu\u017eby podle \u010dl. 24 na\u0159\u00edzen\u00ed o digit\u00e1ln\u00edch slu\u017eb\u00e1ch je k 31.1.2026<strong>: <strong>3&nbsp;487&nbsp;748<\/strong><\/strong><\/p>\n\n<\/div><\/details>\n\n\n\n<details class=\"expander is-style-box\">\n\t<summary data-datalayer-name=\"\" data-datalayer-text=\"Zpr\u00e1vy o moderaci podle DSA\">\n\t\t\t\t<strong>Zpr\u00e1vy o moderaci podle DSA<\/strong>\n\t\t\t<\/summary>\n\t<div class=\"inner-blocks\">\n\n<p><a href=\"https:\/\/o-seznam.cz\/napoveda\/medium\/wp-content\/uploads\/sites\/21\/2026\/02\/CS_Annex_I__Templates_for_Transparency_Reports_Medium.cz_.xlsx\" data-type=\"link\" data-id=\"https:\/\/o-seznam.cz\/napoveda\/medium\/wp-content\/uploads\/sites\/21\/2026\/02\/CS_Annex_I__Templates_for_Transparency_Reports_Medium.cz_.xlsx\">Zpr\u00e1va o moderaci obsahu na slu\u017eb\u011b M\u00e9dium.cz podle \u010dl\u00e1nku 15 a 24 na\u0159\u00edzen\u00ed o digit\u00e1ln\u00edch slu\u017eb\u00e1ch, \u010d. 2022\/2065 (d\u00e1le jen \u201eDSA\u201c) za obdob\u00ed 1.1.2025-31.12.2025<\/a><\/p>\n\n<\/div><\/details>\n\n<\/div><\/div>\n\n<\/div>\n\n\n\n<p><\/p>\n","protected":false},"excerpt":{"rendered":"<p>Nej\u010dast\u011bj\u0161\u00ed dotazy N\u00e1pov\u011bda pro M\u00e9dium.cz Mohlo by v\u00e1s zaj\u00edmat<\/p>\n","protected":false},"author":2,"featured_media":0,"parent":0,"menu_order":0,"comment_status":"closed","ping_status":"closed","template":"page-no-head","meta":{"_acf_changed":false,"_relevanssi_hide_post":"","_relevanssi_hide_content":"","_relevanssi_pin_for_all":"","_relevanssi_pin_keywords":"","_relevanssi_unpin_keywords":"","_relevanssi_related_keywords":"","_relevanssi_related_include_ids":"","_relevanssi_related_exclude_ids":"","_relevanssi_related_no_append":"","_relevanssi_related_not_related":"","_relevanssi_related_posts":"","_relevanssi_noindex_reason":"","footnotes":""},"page_category":[],"page_tag":[],"service_status_category":[11,27],"class_list":["post-5","page","type-page","status-publish","hentry"],"acf":[],"_links":{"self":[{"href":"https:\/\/o-seznam.cz\/napoveda\/medium\/wp-json\/wp\/v2\/pages\/5","targetHints":{"allow":["GET"]}}],"collection":[{"href":"https:\/\/o-seznam.cz\/napoveda\/medium\/wp-json\/wp\/v2\/pages"}],"about":[{"href":"https:\/\/o-seznam.cz\/napoveda\/medium\/wp-json\/wp\/v2\/types\/page"}],"author":[{"embeddable":true,"href":"https:\/\/o-seznam.cz\/napoveda\/medium\/wp-json\/wp\/v2\/users\/2"}],"replies":[{"embeddable":true,"href":"https:\/\/o-seznam.cz\/napoveda\/medium\/wp-json\/wp\/v2\/comments?post=5"}],"version-history":[{"count":41,"href":"https:\/\/o-seznam.cz\/napoveda\/medium\/wp-json\/wp\/v2\/pages\/5\/revisions"}],"predecessor-version":[{"id":239,"href":"https:\/\/o-seznam.cz\/napoveda\/medium\/wp-json\/wp\/v2\/pages\/5\/revisions\/239"}],"wp:attachment":[{"href":"https:\/\/o-seznam.cz\/napoveda\/medium\/wp-json\/wp\/v2\/media?parent=5"}],"wp:term":[{"taxonomy":"page_category","embeddable":true,"href":"https:\/\/o-seznam.cz\/napoveda\/medium\/wp-json\/wp\/v2\/page_category?post=5"},{"taxonomy":"page_tag","embeddable":true,"href":"https:\/\/o-seznam.cz\/napoveda\/medium\/wp-json\/wp\/v2\/page_tag?post=5"},{"taxonomy":"service_status_category","embeddable":true,"href":"https:\/\/o-seznam.cz\/napoveda\/medium\/wp-json\/wp\/v2\/service_status_category?post=5"}],"curies":[{"name":"wp","href":"https:\/\/api.w.org\/{rel}","templated":true}]}}