{"id":42,"date":"2024-11-04T14:52:07","date_gmt":"2024-11-04T13:52:07","guid":{"rendered":"https:\/\/o-seznam.cz\/napoveda\/medium\/?page_id=42"},"modified":"2024-11-04T14:52:07","modified_gmt":"2024-11-04T13:52:07","slug":"zalozeni-ankety","status":"publish","type":"page","link":"https:\/\/o-seznam.cz\/napoveda\/medium\/zalozeni-ankety\/","title":{"rendered":"Zalo\u017een\u00ed ankety"},"content":{"rendered":"\n<div class=\"wp-block-group is-layout-constrained wp-block-group-is-layout-constrained\">\n<p>Anketu lze p\u0159ipravit p\u0159edem, a to v lev\u00e9m menu u polo\u017eky <strong>Ankety <\/strong>tla\u010d\u00edtkem <strong>+<\/strong>&nbsp;nebo ve v\u00fdpisu anket vpravo dole tla\u010d\u00edtkem <strong>P\u0159idat<\/strong>.<br><br>Anketu lze tak\u00e9 zakl\u00e1dat p\u0159\u00edmo p\u0159i pr\u00e1ci na \u010dl\u00e1nku, kam ji p\u0159id\u00e1te p\u0159\u00edslu\u0161n\u00fdm tla\u010d\u00edtkem:<\/p>\n\n\n\n<figure class=\"wp-block-image size-full\"><img loading=\"lazy\" decoding=\"async\" width=\"39\" height=\"39\" src=\"https:\/\/o-seznam.cz\/napoveda\/medium\/wp-content\/uploads\/sites\/21\/2024\/11\/anketa.png\" alt=\"\" class=\"wp-image-43\"\/><\/figure>\n\n\n\n<p>V mal\u00e9m okn\u011b, kter\u00e9 se rozbal\u00ed, sta\u010d\u00ed kliknout na <strong>Nov\u00e1 anketa<\/strong> (pro zalo\u017een\u00ed \u00fapln\u011b nov\u00e9) nebo <strong>Zvolit anketu<\/strong> (pro vybr\u00e1n\u00ed d\u0159\u00edve zalo\u017een\u00e9).<br><br>Nov\u00e1 anketa mus\u00ed m\u00edt v\u017edy vypln\u011bnou <strong>ot\u00e1zku <\/strong>a alespo\u0148 jednu <strong>odpov\u011b\u010f<\/strong>. Lze u n\u00ed nastavit <strong>za\u010d\u00e1tek <\/strong>a <strong>konec <\/strong>b\u011bhu.<br><br>Anketa vznikne po ulo\u017een\u00ed. Pokud ji zakl\u00e1d\u00e1te p\u0159edem, m\u016f\u017eete ji pomoc\u00ed v\u00fd\u0161e uveden\u00e9ho tla\u010d\u00edtka vlo\u017eit do \u010dl\u00e1nku.<\/p>\n<\/div>\n","protected":false},"excerpt":{"rendered":"<p>Anketu lze p\u0159ipravit p\u0159edem, a to v lev\u00e9m menu u polo\u017eky Ankety tla\u010d\u00edtkem +&nbsp;nebo ve v\u00fdpisu anket vpravo dole tla\u010d\u00edtkem P\u0159idat. Anketu lze tak\u00e9 zakl\u00e1dat p\u0159\u00edmo p\u0159i pr\u00e1ci na \u010dl\u00e1nku, kam ji p\u0159id\u00e1te p\u0159\u00edslu\u0161n\u00fdm tla\u010d\u00edtkem: V mal\u00e9m okn\u011b, kter\u00e9 se rozbal\u00ed, sta\u010d\u00ed kliknout na Nov\u00e1 anketa (pro zalo\u017een\u00ed \u00fapln\u011b nov\u00e9) nebo Zvolit anketu (pro vybr\u00e1n\u00ed [&hellip;]<\/p>\n","protected":false},"author":12,"featured_media":0,"parent":0,"menu_order":4,"comment_status":"closed","ping_status":"closed","template":"page-sidemenu","meta":{"_acf_changed":false,"_relevanssi_hide_post":"","_relevanssi_hide_content":"","_relevanssi_pin_for_all":"","_relevanssi_pin_keywords":"","_relevanssi_unpin_keywords":"","_relevanssi_related_keywords":"","_relevanssi_related_include_ids":"","_relevanssi_related_exclude_ids":"","_relevanssi_related_no_append":"","_relevanssi_related_not_related":"","_relevanssi_related_posts":"","_relevanssi_noindex_reason":"","footnotes":""},"page_category":[3],"page_tag":[],"service_status_category":[],"class_list":["post-42","page","type-page","status-publish","hentry"],"acf":[],"_links":{"self":[{"href":"https:\/\/o-seznam.cz\/napoveda\/medium\/wp-json\/wp\/v2\/pages\/42","targetHints":{"allow":["GET"]}}],"collection":[{"href":"https:\/\/o-seznam.cz\/napoveda\/medium\/wp-json\/wp\/v2\/pages"}],"about":[{"href":"https:\/\/o-seznam.cz\/napoveda\/medium\/wp-json\/wp\/v2\/types\/page"}],"author":[{"embeddable":true,"href":"https:\/\/o-seznam.cz\/napoveda\/medium\/wp-json\/wp\/v2\/users\/12"}],"replies":[{"embeddable":true,"href":"https:\/\/o-seznam.cz\/napoveda\/medium\/wp-json\/wp\/v2\/comments?post=42"}],"version-history":[{"count":1,"href":"https:\/\/o-seznam.cz\/napoveda\/medium\/wp-json\/wp\/v2\/pages\/42\/revisions"}],"predecessor-version":[{"id":44,"href":"https:\/\/o-seznam.cz\/napoveda\/medium\/wp-json\/wp\/v2\/pages\/42\/revisions\/44"}],"wp:attachment":[{"href":"https:\/\/o-seznam.cz\/napoveda\/medium\/wp-json\/wp\/v2\/media?parent=42"}],"wp:term":[{"taxonomy":"page_category","embeddable":true,"href":"https:\/\/o-seznam.cz\/napoveda\/medium\/wp-json\/wp\/v2\/page_category?post=42"},{"taxonomy":"page_tag","embeddable":true,"href":"https:\/\/o-seznam.cz\/napoveda\/medium\/wp-json\/wp\/v2\/page_tag?post=42"},{"taxonomy":"service_status_category","embeddable":true,"href":"https:\/\/o-seznam.cz\/napoveda\/medium\/wp-json\/wp\/v2\/service_status_category?post=42"}],"curies":[{"name":"wp","href":"https:\/\/api.w.org\/{rel}","templated":true}]}}