{"id":143,"date":"2025-08-31T22:27:36","date_gmt":"2025-08-31T20:27:36","guid":{"rendered":"https:\/\/o-seznam.cz\/napoveda\/medium\/?page_id=143"},"modified":"2026-01-05T12:51:51","modified_gmt":"2026-01-05T11:51:51","slug":"jak-si-zapnu-tlacitko-prispet","status":"publish","type":"page","link":"https:\/\/o-seznam.cz\/napoveda\/medium\/jak-si-zapnu-tlacitko-prispet\/","title":{"rendered":"Jak si zapnu tla\u010d\u00edtko P\u0159isp\u011bt?"},"content":{"rendered":"\n<p>U sv\u00fdch \u010dl\u00e1nk\u016f a na sv\u00e9m profilu na M\u00e9dium.cz m\u016f\u017eete m\u00edt tla\u010d\u00edtko P\u0159isp\u011bt autorovi, p\u0159es kter\u00e9 v\u00e1m \u010dten\u00e1\u0159i mohou pos\u00edlat finan\u010dn\u00ed p\u0159\u00edsp\u011bvky. Procesem aktivace v\u00e1s povede box P\u0159\u00edsp\u011bvky od \u010dten\u00e1\u0159\u016f na n\u00e1st\u011bnce va\u0161eho \u00fa\u010dtu v administraci M\u00e9dium.cz.<\/p>\n\n\n\n<div class=\"wp-block-group is-layout-constrained wp-block-group-is-layout-constrained\">\n<h2 class=\"wp-block-heading\">1. krok &#8211; proces registrace v Seznam Pen\u011b\u017eence<\/h2>\n\n\n\n<figure class=\"wp-block-image size-full\"><img loading=\"lazy\" decoding=\"async\" width=\"401\" height=\"262\" src=\"https:\/\/o-seznam.cz\/napoveda\/medium\/wp-content\/uploads\/sites\/21\/2025\/08\/image.png\" alt=\"\" class=\"wp-image-145\" srcset=\"https:\/\/o-seznam.cz\/napoveda\/medium\/wp-content\/uploads\/sites\/21\/2025\/08\/image.png 401w, https:\/\/o-seznam.cz\/napoveda\/medium\/wp-content\/uploads\/sites\/21\/2025\/08\/image-320x209.png 320w\" sizes=\"auto, (max-width: 401px) 100vw, 401px\" \/><\/figure>\n\n\n\n<p>Box &#8222;P\u0159\u00edsp\u011bvky od \u010dten\u00e1\u0159\u016f&#8220; v\u00e1s odvede do <a href=\"https:\/\/o-seznam.cz\/napoveda\/klientska-zona\/prijem-plateb\/\">registrace v r\u00e1mci Seznam Klientsk\u00e9 z\u00f3ny<\/a>. Tento proces je nezbytn\u00e9 absolvovat, ne\u017e budete m\u00edt mo\u017enost tla\u010d\u00edtko aktivovat u sv\u00fdch \u010dl\u00e1nk\u016f a na sv\u00e9m autorsk\u00e9m profilu M\u00e9dium.cz.<\/p>\n<\/div>\n\n\n\n<div class=\"wp-block-group is-layout-constrained wp-block-group-is-layout-constrained\">\n<h2 class=\"wp-block-heading\">2. krok &#8211; aktivace tla\u010d\u00edtka v nastaven\u00ed M\u00e9dium.cz<\/h2>\n\n\n\n<p>Na konci registrace v r\u00e1mci Seznam Klientsk\u00e9 z\u00f3ny budete p\u0159esm\u011brov\u00e1ni do nastaven\u00ed va\u0161eho u\u017eivatelsk\u00e9ho \u00fa\u010dtu v administraci M\u00e9dium.cz, kde m\u016f\u017eete aktivovat tla\u010d\u00edtko P\u0159isp\u011bt autorovi.<\/p>\n\n\n\n<figure class=\"wp-block-image size-full\"><img loading=\"lazy\" decoding=\"async\" width=\"642\" height=\"68\" src=\"https:\/\/o-seznam.cz\/napoveda\/medium\/wp-content\/uploads\/sites\/21\/2025\/08\/image-1.png\" alt=\"\" class=\"wp-image-146\" srcset=\"https:\/\/o-seznam.cz\/napoveda\/medium\/wp-content\/uploads\/sites\/21\/2025\/08\/image-1.png 642w, https:\/\/o-seznam.cz\/napoveda\/medium\/wp-content\/uploads\/sites\/21\/2025\/08\/image-1-320x34.png 320w\" sizes=\"auto, (max-width: 642px) 100vw, 642px\" \/><\/figure>\n\n\n\n<p>Od toho okam\u017eiku se na va\u0161em ve\u0159ejn\u00e9m autorsk\u00e9m profilu na M\u00e9dium.cz a u va\u0161ich \u010dl\u00e1nk\u016f objev\u00ed tla\u010d\u00edtko P\u0159isp\u011bt autorovi, p\u0159es kter\u00e9 v\u00e1m mohou \u010dten\u00e1\u0159i pos\u00edlat finan\u010dn\u00ed p\u0159\u00edsp\u011bvky.<\/p>\n\n\n\n<figure class=\"wp-block-image size-full\"><img loading=\"lazy\" decoding=\"async\" width=\"184\" height=\"63\" src=\"https:\/\/o-seznam.cz\/napoveda\/medium\/wp-content\/uploads\/sites\/21\/2025\/08\/image-2.png\" alt=\"\" class=\"wp-image-147\"\/><\/figure>\n\n\n\n<p>Pokud byste aktivaci tla\u010d\u00edtka neprovedli rovnou, m\u016f\u017eete se k n\u00ed vr\u00e1tit kdykoliv v budoucnu p\u0159es box na N\u00e1st\u011bnce, kter\u00fd v tu chv\u00edli bude m\u00edt tuto podobu:<\/p>\n\n\n\n<figure class=\"wp-block-image size-full\"><img loading=\"lazy\" decoding=\"async\" width=\"381\" height=\"217\" src=\"https:\/\/o-seznam.cz\/napoveda\/medium\/wp-content\/uploads\/sites\/21\/2025\/08\/image-3.png\" alt=\"\" class=\"wp-image-148\" srcset=\"https:\/\/o-seznam.cz\/napoveda\/medium\/wp-content\/uploads\/sites\/21\/2025\/08\/image-3.png 381w, https:\/\/o-seznam.cz\/napoveda\/medium\/wp-content\/uploads\/sites\/21\/2025\/08\/image-3-320x182.png 320w\" sizes=\"auto, (max-width: 381px) 100vw, 381px\" \/><\/figure>\n\n\n\n<p>Pokud jste tla\u010d\u00edtko \u00fasp\u011b\u0161n\u011b nastavili, box v\u00e1s o tom bude informovat:<\/p>\n\n\n\n<figure class=\"wp-block-image size-full\"><img loading=\"lazy\" decoding=\"async\" width=\"382\" height=\"215\" src=\"https:\/\/o-seznam.cz\/napoveda\/medium\/wp-content\/uploads\/sites\/21\/2025\/08\/image-4.png\" alt=\"\" class=\"wp-image-149\" srcset=\"https:\/\/o-seznam.cz\/napoveda\/medium\/wp-content\/uploads\/sites\/21\/2025\/08\/image-4.png 382w, https:\/\/o-seznam.cz\/napoveda\/medium\/wp-content\/uploads\/sites\/21\/2025\/08\/image-4-320x180.png 320w\" sizes=\"auto, (max-width: 382px) 100vw, 382px\" \/><\/figure>\n\n\n\n<p>Detailn\u00ed informace naleznete v <a href=\"https:\/\/medium.seznam.cz\/clanek\/seznam-medium-smluvni-podminky-sluzby-seznam-medium-1\">podm\u00ednk\u00e1ch slu\u017eby M\u00e9dium.cz<\/a>.<\/p>\n\n\n\n<p><\/p>\n<\/div>\n","protected":false},"excerpt":{"rendered":"<p>U sv\u00fdch \u010dl\u00e1nk\u016f a na sv\u00e9m profilu na M\u00e9dium.cz m\u016f\u017eete m\u00edt tla\u010d\u00edtko P\u0159isp\u011bt autorovi, p\u0159es kter\u00e9 v\u00e1m \u010dten\u00e1\u0159i mohou pos\u00edlat finan\u010dn\u00ed p\u0159\u00edsp\u011bvky. Procesem aktivace v\u00e1s povede box P\u0159\u00edsp\u011bvky od \u010dten\u00e1\u0159\u016f na n\u00e1st\u011bnce va\u0161eho \u00fa\u010dtu v administraci M\u00e9dium.cz. 1. krok &#8211; proces registrace v Seznam Pen\u011b\u017eence Box &#8222;P\u0159\u00edsp\u011bvky od \u010dten\u00e1\u0159\u016f&#8220; v\u00e1s odvede do registrace v r\u00e1mci [&hellip;]<\/p>\n","protected":false},"author":72,"featured_media":0,"parent":0,"menu_order":19,"comment_status":"closed","ping_status":"closed","template":"page-sidemenu","meta":{"_acf_changed":false,"_relevanssi_hide_post":"","_relevanssi_hide_content":"","_relevanssi_pin_for_all":"","_relevanssi_pin_keywords":"","_relevanssi_unpin_keywords":"","_relevanssi_related_keywords":"","_relevanssi_related_include_ids":"","_relevanssi_related_exclude_ids":"","_relevanssi_related_no_append":"","_relevanssi_related_not_related":"","_relevanssi_related_posts":"","_relevanssi_noindex_reason":"","footnotes":""},"page_category":[3],"page_tag":[],"service_status_category":[],"class_list":["post-143","page","type-page","status-publish","hentry"],"acf":[],"_links":{"self":[{"href":"https:\/\/o-seznam.cz\/napoveda\/medium\/wp-json\/wp\/v2\/pages\/143","targetHints":{"allow":["GET"]}}],"collection":[{"href":"https:\/\/o-seznam.cz\/napoveda\/medium\/wp-json\/wp\/v2\/pages"}],"about":[{"href":"https:\/\/o-seznam.cz\/napoveda\/medium\/wp-json\/wp\/v2\/types\/page"}],"author":[{"embeddable":true,"href":"https:\/\/o-seznam.cz\/napoveda\/medium\/wp-json\/wp\/v2\/users\/72"}],"replies":[{"embeddable":true,"href":"https:\/\/o-seznam.cz\/napoveda\/medium\/wp-json\/wp\/v2\/comments?post=143"}],"version-history":[{"count":10,"href":"https:\/\/o-seznam.cz\/napoveda\/medium\/wp-json\/wp\/v2\/pages\/143\/revisions"}],"predecessor-version":[{"id":230,"href":"https:\/\/o-seznam.cz\/napoveda\/medium\/wp-json\/wp\/v2\/pages\/143\/revisions\/230"}],"wp:attachment":[{"href":"https:\/\/o-seznam.cz\/napoveda\/medium\/wp-json\/wp\/v2\/media?parent=143"}],"wp:term":[{"taxonomy":"page_category","embeddable":true,"href":"https:\/\/o-seznam.cz\/napoveda\/medium\/wp-json\/wp\/v2\/page_category?post=143"},{"taxonomy":"page_tag","embeddable":true,"href":"https:\/\/o-seznam.cz\/napoveda\/medium\/wp-json\/wp\/v2\/page_tag?post=143"},{"taxonomy":"service_status_category","embeddable":true,"href":"https:\/\/o-seznam.cz\/napoveda\/medium\/wp-json\/wp\/v2\/service_status_category?post=143"}],"curies":[{"name":"wp","href":"https:\/\/api.w.org\/{rel}","templated":true}]}}