{"id":119,"date":"2025-05-15T15:52:57","date_gmt":"2025-05-15T13:52:57","guid":{"rendered":"https:\/\/o-seznam.cz\/napoveda\/medium\/?page_id=119"},"modified":"2025-10-20T15:32:04","modified_gmt":"2025-10-20T13:32:04","slug":"sledovani-autoru-a-temat","status":"publish","type":"page","link":"https:\/\/o-seznam.cz\/napoveda\/medium\/sledovani-autoru-a-temat\/","title":{"rendered":"Sledov\u00e1n\u00ed autor\u016f a t\u00e9mat"},"content":{"rendered":"\n<div class=\"wp-block-group is-layout-constrained wp-block-group-is-layout-constrained\">\n<p>Na slu\u017eb\u00e1ch Novinky.cz, Sport.cz, Super.cz, SeznamZpr\u00e1vy.cz, Pro\u017deny.cz, Gar\u00e1\u017e.cz a M\u00e9dium.cz m\u016f\u017eete sledovat autory a t\u00e9mata. Pokud si nap\u0159\u00edklad \u201czasledujete\u201d ur\u010dit\u00e9ho autora, tak v\u00e1m p\u0159ijde do emailu upozorn\u011bn\u00ed v\u017edy, kdy\u017e autor vyd\u00e1 nov\u00fd \u010dl\u00e1nek.<\/p>\n\n\n\n<figure class=\"wp-block-image size-full is-resized\"><img loading=\"lazy\" decoding=\"async\" width=\"450\" height=\"264\" src=\"https:\/\/o-seznam.cz\/napoveda\/medium\/wp-content\/uploads\/sites\/21\/2025\/05\/sledovane-1.png\" alt=\"\" class=\"wp-image-120\" style=\"width:200px\" srcset=\"https:\/\/o-seznam.cz\/napoveda\/medium\/wp-content\/uploads\/sites\/21\/2025\/05\/sledovane-1.png 450w, https:\/\/o-seznam.cz\/napoveda\/medium\/wp-content\/uploads\/sites\/21\/2025\/05\/sledovane-1-320x188.png 320w\" sizes=\"auto, (max-width: 450px) 100vw, 450px\" \/><\/figure>\n\n\n\n<p>Odeb\u00edran\u00e9 \u010dl\u00e1nky jsou tak\u00e9 k nalezen\u00ed v sekci Moje sledovan\u00e9, kter\u00e1 je k dispozici na ka\u017ed\u00e9 slu\u017eb\u011b:<\/p>\n\n\n\n<ul class=\"wp-block-list\">\n<li><a class=\"is-style-link-external\" href=\"https:\/\/www.novinky.cz\/p\/sledovane\" target=\"_blank\" rel=\"noreferrer noopener\">Sekce Moje Sledovan\u00e9 na slu\u017eb\u011b Novinky.cz<\/a><\/li>\n\n\n\n<li><a class=\"is-style-link-external\" href=\"https:\/\/www.sport.cz\/p\/sledovane\" target=\"_blank\" rel=\"noreferrer noopener\">Sekce Moje Sledovan\u00e9 na slu\u017eb\u011b Sport.cz<\/a><\/li>\n\n\n\n<li><a class=\"is-style-link-external\" href=\"https:\/\/www.super.cz\/p\/sledovane\" target=\"_blank\" rel=\"noreferrer noopener\">Sekce Moje Sledovan\u00e9 na slu\u017eb\u011b Super.cz<\/a><\/li>\n\n\n\n<li><a class=\"is-style-link-external\" href=\"https:\/\/www.seznamzpravy.cz\/p\/sledovane\" target=\"_blank\" rel=\"noreferrer noopener\">Sekce Moje Sledovan\u00e9 na slu\u017eb\u011b SeznamZpr\u00e1vy.cz<\/a><\/li>\n\n\n\n<li><a class=\"is-style-link-external\" href=\"https:\/\/www.prozeny.cz\/p\/sledovane\" target=\"_blank\" rel=\"noreferrer noopener\">Sekce Moje Sledovan\u00e9 na slu\u017eb\u011b Pro\u017deny.cz<\/a><\/li>\n\n\n\n<li><a class=\"is-style-link-external\" href=\"https:\/\/www.garaz.cz\/p\/sledovane\" target=\"_blank\" rel=\"noreferrer noopener\">Sekce Moje Sledovan\u00e9 na slu\u017eb\u011b Gar\u00e1\u017e.cz<\/a><\/li>\n\n\n\n<li><a class=\"is-style-link-external\" href=\"https:\/\/medium.seznam.cz\/p\/sledovane\" target=\"_blank\" rel=\"noreferrer noopener\">Sekce Moje Sledovan\u00e9 na slu\u017eb\u011b M\u00e9dium.cz<\/a><\/li>\n<\/ul>\n<\/div>\n\n\n\n<div class=\"wp-block-group is-layout-constrained wp-block-group-is-layout-constrained\">\n<h2 class=\"wp-block-heading\">Jak zru\u0161it emailov\u00e9 notifikace<\/h2>\n\n\n\n<p class=\"is-style-link-external\">Emailov\u00e9 notifikace od ur\u010dit\u00e9ho autora nebo t\u00e9matu m\u016f\u017eete zru\u0161it v <a href=\"https:\/\/www.seznam.cz\/profil\/sleduji\" target=\"_blank\" rel=\"noreferrer noopener\">nastaven\u00ed profilu Seznam.cz<\/a>. Zde sta\u010d\u00ed u vybran\u00e9ho autora nebo t\u00e9matu kliknout na tla\u010d\u00edtko P\u0159estat sledovat.<\/p>\n\n\n\n<figure class=\"wp-block-image size-full is-resized\"><img loading=\"lazy\" decoding=\"async\" width=\"958\" height=\"734\" src=\"https:\/\/o-seznam.cz\/napoveda\/medium\/wp-content\/uploads\/sites\/21\/2025\/05\/sledovane-2.png\" alt=\"\" class=\"wp-image-121\" style=\"width:400px\" srcset=\"https:\/\/o-seznam.cz\/napoveda\/medium\/wp-content\/uploads\/sites\/21\/2025\/05\/sledovane-2.png 958w, https:\/\/o-seznam.cz\/napoveda\/medium\/wp-content\/uploads\/sites\/21\/2025\/05\/sledovane-2-320x245.png 320w, https:\/\/o-seznam.cz\/napoveda\/medium\/wp-content\/uploads\/sites\/21\/2025\/05\/sledovane-2-768x588.png 768w\" sizes=\"auto, (max-width: 958px) 100vw, 958px\" \/><\/figure>\n\n\n\n<p>Emailov\u00e9 notifikace od ur\u010dit\u00e9ho autora nebo t\u00e9matu m\u016f\u017eete tak\u00e9 zru\u0161it na stejn\u00e9m m\u00edst\u011b, kde jste aktivovali sledov\u00e1n\u00ed.<\/p>\n\n\n\n<figure class=\"wp-block-image size-full is-resized\"><img loading=\"lazy\" decoding=\"async\" width=\"552\" height=\"284\" src=\"https:\/\/o-seznam.cz\/napoveda\/medium\/wp-content\/uploads\/sites\/21\/2025\/05\/sledovane-3.png\" alt=\"\" class=\"wp-image-122\" style=\"width:200px\" srcset=\"https:\/\/o-seznam.cz\/napoveda\/medium\/wp-content\/uploads\/sites\/21\/2025\/05\/sledovane-3.png 552w, https:\/\/o-seznam.cz\/napoveda\/medium\/wp-content\/uploads\/sites\/21\/2025\/05\/sledovane-3-320x165.png 320w\" sizes=\"auto, (max-width: 552px) 100vw, 552px\" \/><\/figure>\n<\/div>\n","protected":false},"excerpt":{"rendered":"<p>Na slu\u017eb\u00e1ch Novinky.cz, Sport.cz, Super.cz, SeznamZpr\u00e1vy.cz, Pro\u017deny.cz, Gar\u00e1\u017e.cz a M\u00e9dium.cz m\u016f\u017eete sledovat autory a t\u00e9mata. Pokud si nap\u0159\u00edklad \u201czasledujete\u201d ur\u010dit\u00e9ho autora, tak v\u00e1m p\u0159ijde do emailu upozorn\u011bn\u00ed v\u017edy, kdy\u017e autor vyd\u00e1 nov\u00fd \u010dl\u00e1nek. Odeb\u00edran\u00e9 \u010dl\u00e1nky jsou tak\u00e9 k nalezen\u00ed v sekci Moje sledovan\u00e9, kter\u00e1 je k dispozici na ka\u017ed\u00e9 slu\u017eb\u011b: Jak zru\u0161it emailov\u00e9 notifikace Emailov\u00e9 [&hellip;]<\/p>\n","protected":false},"author":2,"featured_media":0,"parent":0,"menu_order":18,"comment_status":"closed","ping_status":"closed","template":"page-sidemenu","meta":{"_acf_changed":false,"_relevanssi_hide_post":"","_relevanssi_hide_content":"","_relevanssi_pin_for_all":"","_relevanssi_pin_keywords":"","_relevanssi_unpin_keywords":"","_relevanssi_related_keywords":"","_relevanssi_related_include_ids":"","_relevanssi_related_exclude_ids":"","_relevanssi_related_no_append":"","_relevanssi_related_not_related":"","_relevanssi_related_posts":"","_relevanssi_noindex_reason":"","footnotes":""},"page_category":[3],"page_tag":[],"service_status_category":[],"class_list":["post-119","page","type-page","status-publish","hentry"],"acf":[],"_links":{"self":[{"href":"https:\/\/o-seznam.cz\/napoveda\/medium\/wp-json\/wp\/v2\/pages\/119","targetHints":{"allow":["GET"]}}],"collection":[{"href":"https:\/\/o-seznam.cz\/napoveda\/medium\/wp-json\/wp\/v2\/pages"}],"about":[{"href":"https:\/\/o-seznam.cz\/napoveda\/medium\/wp-json\/wp\/v2\/types\/page"}],"author":[{"embeddable":true,"href":"https:\/\/o-seznam.cz\/napoveda\/medium\/wp-json\/wp\/v2\/users\/2"}],"replies":[{"embeddable":true,"href":"https:\/\/o-seznam.cz\/napoveda\/medium\/wp-json\/wp\/v2\/comments?post=119"}],"version-history":[{"count":7,"href":"https:\/\/o-seznam.cz\/napoveda\/medium\/wp-json\/wp\/v2\/pages\/119\/revisions"}],"predecessor-version":[{"id":132,"href":"https:\/\/o-seznam.cz\/napoveda\/medium\/wp-json\/wp\/v2\/pages\/119\/revisions\/132"}],"wp:attachment":[{"href":"https:\/\/o-seznam.cz\/napoveda\/medium\/wp-json\/wp\/v2\/media?parent=119"}],"wp:term":[{"taxonomy":"page_category","embeddable":true,"href":"https:\/\/o-seznam.cz\/napoveda\/medium\/wp-json\/wp\/v2\/page_category?post=119"},{"taxonomy":"page_tag","embeddable":true,"href":"https:\/\/o-seznam.cz\/napoveda\/medium\/wp-json\/wp\/v2\/page_tag?post=119"},{"taxonomy":"service_status_category","embeddable":true,"href":"https:\/\/o-seznam.cz\/napoveda\/medium\/wp-json\/wp\/v2\/service_status_category?post=119"}],"curies":[{"name":"wp","href":"https:\/\/api.w.org\/{rel}","templated":true}]}}