{"id":78,"date":"2024-10-19T00:30:15","date_gmt":"2024-10-18T22:30:15","guid":{"rendered":"https:\/\/o-seznam.cz\/napoveda\/klientska-zona\/?page_id=78"},"modified":"2024-12-09T10:10:42","modified_gmt":"2024-12-09T09:10:42","slug":"informovani-emailem","status":"publish","type":"page","link":"https:\/\/o-seznam.cz\/napoveda\/klientska-zona\/nastaveni\/informovani-emailem\/","title":{"rendered":"Informov\u00e1n\u00ed e-mailem"},"content":{"rendered":"\n<div class=\"wp-block-group is-layout-constrained wp-block-group-is-layout-constrained\">\n<p>V t\u00e9to \u010d\u00e1sti si m\u016f\u017eete nastavit kontaktn\u00ed e-maily pro:<\/p>\n\n\n\n<ul class=\"wp-block-list\">\n<li>Informace o autorizaci (budeme v\u00e1s informovat o zm\u011bn\u011b kontaktn\u00edch a faktura\u010dn\u00edch \u00fadaj\u016f)<\/li>\n\n\n\n<li>Elektronick\u00e1 fakturace<\/li>\n\n\n\n<li>Informov\u00e1n\u00ed o nav\u00fd\u0161en\u00ed kreditu v Pen\u011b\u017eence<\/li>\n\n\n\n<li>Upozorn\u011bn\u00ed na vy\u010derpan\u00fd kredit (informace o vy\u010derp\u00e1n\u00ed kreditu je d\u016fle\u017eit\u00e1, proto V\u00e1m ji zas\u00edl\u00e1me v\u017edy)<\/li>\n\n\n\n<li>Upozorn\u011bn\u00ed na pokles kreditu pod nastavenou hodnotu (nastavujete \u010d\u00e1stku)<\/li>\n\n\n\n<li>Upozorn\u011bn\u00ed na bl\u00ed\u017e\u00edc\u00ed se vy\u010derp\u00e1n\u00ed kreditu (nastavujete po\u010det dn\u00ed p\u0159ed vy\u010derp\u00e1n\u00edm kreditu)<\/li>\n\n\n\n<li>V\u00fdpisy transakc\u00ed (denn\u011b, t\u00fddn\u011b, m\u011bs\u00ed\u010dn\u011b) s mo\u017enost\u00ed zas\u00edlat i pr\u00e1zdn\u00e9 v\u00fdpisy<\/li>\n<\/ul>\n\n\n\n<figure class=\"wp-block-image size-full\"><img loading=\"lazy\" decoding=\"async\" width=\"1369\" height=\"791\" src=\"https:\/\/o-seznam.cz\/napoveda\/klientska-zona\/wp-content\/uploads\/sites\/18\/2024\/10\/elfa-1new-nh.png\" alt=\"\" class=\"wp-image-79\" srcset=\"https:\/\/o-seznam.cz\/napoveda\/klientska-zona\/wp-content\/uploads\/sites\/18\/2024\/10\/elfa-1new-nh.png 1369w, https:\/\/o-seznam.cz\/napoveda\/klientska-zona\/wp-content\/uploads\/sites\/18\/2024\/10\/elfa-1new-nh-992x573.png 992w, https:\/\/o-seznam.cz\/napoveda\/klientska-zona\/wp-content\/uploads\/sites\/18\/2024\/10\/elfa-1new-nh-320x185.png 320w, https:\/\/o-seznam.cz\/napoveda\/klientska-zona\/wp-content\/uploads\/sites\/18\/2024\/10\/elfa-1new-nh-768x444.png 768w\" sizes=\"auto, (max-width: 1369px) 100vw, 1369px\" \/><\/figure>\n\n\n\n<figure class=\"wp-block-image size-full\"><img loading=\"lazy\" decoding=\"async\" width=\"1368\" height=\"1001\" src=\"https:\/\/o-seznam.cz\/napoveda\/klientska-zona\/wp-content\/uploads\/sites\/18\/2024\/10\/elfa2new-nh.png\" alt=\"\" class=\"wp-image-80\" srcset=\"https:\/\/o-seznam.cz\/napoveda\/klientska-zona\/wp-content\/uploads\/sites\/18\/2024\/10\/elfa2new-nh.png 1368w, https:\/\/o-seznam.cz\/napoveda\/klientska-zona\/wp-content\/uploads\/sites\/18\/2024\/10\/elfa2new-nh-992x726.png 992w, https:\/\/o-seznam.cz\/napoveda\/klientska-zona\/wp-content\/uploads\/sites\/18\/2024\/10\/elfa2new-nh-320x234.png 320w, https:\/\/o-seznam.cz\/napoveda\/klientska-zona\/wp-content\/uploads\/sites\/18\/2024\/10\/elfa2new-nh-768x562.png 768w\" sizes=\"auto, (max-width: 1368px) 100vw, 1368px\" \/><\/figure>\n<\/div>\n","protected":false},"excerpt":{"rendered":"<p>V t\u00e9to \u010d\u00e1sti si m\u016f\u017eete nastavit kontaktn\u00ed e-maily pro:<\/p>\n","protected":false},"author":6,"featured_media":0,"parent":86,"menu_order":70,"comment_status":"closed","ping_status":"closed","template":"page-sidemenu","meta":{"_acf_changed":false,"_relevanssi_hide_post":"","_relevanssi_hide_content":"","_relevanssi_pin_for_all":"","_relevanssi_pin_keywords":"","_relevanssi_unpin_keywords":"","_relevanssi_related_keywords":"","_relevanssi_related_include_ids":"","_relevanssi_related_exclude_ids":"","_relevanssi_related_no_append":"","_relevanssi_related_not_related":"","_relevanssi_related_posts":"","_relevanssi_noindex_reason":"","footnotes":""},"page_category":[3],"page_tag":[],"service_status_category":[],"class_list":["post-78","page","type-page","status-publish","hentry"],"acf":[],"_links":{"self":[{"href":"https:\/\/o-seznam.cz\/napoveda\/klientska-zona\/wp-json\/wp\/v2\/pages\/78","targetHints":{"allow":["GET"]}}],"collection":[{"href":"https:\/\/o-seznam.cz\/napoveda\/klientska-zona\/wp-json\/wp\/v2\/pages"}],"about":[{"href":"https:\/\/o-seznam.cz\/napoveda\/klientska-zona\/wp-json\/wp\/v2\/types\/page"}],"author":[{"embeddable":true,"href":"https:\/\/o-seznam.cz\/napoveda\/klientska-zona\/wp-json\/wp\/v2\/users\/6"}],"replies":[{"embeddable":true,"href":"https:\/\/o-seznam.cz\/napoveda\/klientska-zona\/wp-json\/wp\/v2\/comments?post=78"}],"version-history":[{"count":1,"href":"https:\/\/o-seznam.cz\/napoveda\/klientska-zona\/wp-json\/wp\/v2\/pages\/78\/revisions"}],"predecessor-version":[{"id":81,"href":"https:\/\/o-seznam.cz\/napoveda\/klientska-zona\/wp-json\/wp\/v2\/pages\/78\/revisions\/81"}],"up":[{"embeddable":true,"href":"https:\/\/o-seznam.cz\/napoveda\/klientska-zona\/wp-json\/wp\/v2\/pages\/86"}],"wp:attachment":[{"href":"https:\/\/o-seznam.cz\/napoveda\/klientska-zona\/wp-json\/wp\/v2\/media?parent=78"}],"wp:term":[{"taxonomy":"page_category","embeddable":true,"href":"https:\/\/o-seznam.cz\/napoveda\/klientska-zona\/wp-json\/wp\/v2\/page_category?post=78"},{"taxonomy":"page_tag","embeddable":true,"href":"https:\/\/o-seznam.cz\/napoveda\/klientska-zona\/wp-json\/wp\/v2\/page_tag?post=78"},{"taxonomy":"service_status_category","embeddable":true,"href":"https:\/\/o-seznam.cz\/napoveda\/klientska-zona\/wp-json\/wp\/v2\/service_status_category?post=78"}],"curies":[{"name":"wp","href":"https:\/\/api.w.org\/{rel}","templated":true}]}}