{"id":73,"date":"2024-10-19T00:35:03","date_gmt":"2024-10-18T22:35:03","guid":{"rendered":"https:\/\/o-seznam.cz\/napoveda\/klientska-zona\/?page_id=73"},"modified":"2025-10-17T15:04:01","modified_gmt":"2025-10-17T13:04:01","slug":"sprava-uctu","status":"publish","type":"page","link":"https:\/\/o-seznam.cz\/napoveda\/klientska-zona\/nastaveni\/sprava-uctu\/","title":{"rendered":"Spr\u00e1va \u00fa\u010dt\u016f"},"content":{"rendered":"\n<div class=\"wp-block-group is-layout-constrained wp-block-group-is-layout-constrained\">\n<p>Umo\u017e\u0148uje v\u00e1m sd\u00edlet p\u0159\u00edstup do Klientsk\u00e9 z\u00f3ny s jin\u00fdmi registrovan\u00fdmi u\u017eivateli Seznam.cz.<\/p>\n\n\n\n<p>V menu Nastaven\u00ed si prvn\u00ed zvol\u00edte, zda chcete p\u0159\u00edstup do \u00fa\u010dtu:<\/p>\n\n\n\n<ul class=\"wp-block-list\">\n<li>P\u0159id\u011blit jin\u00e9mu u\u017eivateli = \u00da\u010dty s p\u0159\u00edstupem k m\u00e9mu \u00fa\u010dtu<\/li>\n\n\n\n<li>Z\u00edskat od jin\u00e9ho u\u017eivatele = \u00da\u010dty, ke kter\u00fdm m\u00e1m p\u0159\u00edstup<\/li>\n<\/ul>\n<\/div>\n\n\n\n<div class=\"wp-block-group is-layout-constrained wp-block-group-is-layout-constrained\">\n<p>N\u00e1sledn\u011b zad\u00e1te e-mail u\u017eivatele, se kter\u00fdm chcete sd\u00edlet p\u0159\u00edstup, a vyberete \u00farove\u0148 pr\u00e1v pro slu\u017ebu:<\/p>\n\n\n\n<ul class=\"wp-block-list\">\n<li><strong>Klientsk\u00e1 z\u00f3na<\/strong>\n<ul class=\"wp-block-list\">\n<li>Report\u00e9r \u2013 u\u017eivatel m\u016f\u017ee do Klientsk\u00e9 z\u00f3ny pouze nahl\u00ed\u017eet. Syst\u00e9m mu nedovol\u00ed jak\u00e9koliv editace<\/li>\n\n\n\n<li>Editor \u2013 u\u017eivatel m\u016f\u017ee upravovat nastaven\u00ed informov\u00e1n\u00ed e-mailem, upozor\u0148ov\u00e1n\u00ed na pokles kreditu, stahovat doklady a v\u00fdpisy<\/li>\n<\/ul>\n<\/li>\n<\/ul>\n\n\n\n<figure class=\"wp-block-image size-full\"><img loading=\"lazy\" decoding=\"async\" width=\"1917\" height=\"1002\" src=\"https:\/\/o-seznam.cz\/napoveda\/klientska-zona\/wp-content\/uploads\/sites\/18\/2025\/10\/prava1.png\" alt=\"\" class=\"wp-image-328\" srcset=\"https:\/\/o-seznam.cz\/napoveda\/klientska-zona\/wp-content\/uploads\/sites\/18\/2025\/10\/prava1.png 1917w, https:\/\/o-seznam.cz\/napoveda\/klientska-zona\/wp-content\/uploads\/sites\/18\/2025\/10\/prava1-992x519.png 992w, https:\/\/o-seznam.cz\/napoveda\/klientska-zona\/wp-content\/uploads\/sites\/18\/2025\/10\/prava1-320x167.png 320w, https:\/\/o-seznam.cz\/napoveda\/klientska-zona\/wp-content\/uploads\/sites\/18\/2025\/10\/prava1-768x401.png 768w, https:\/\/o-seznam.cz\/napoveda\/klientska-zona\/wp-content\/uploads\/sites\/18\/2025\/10\/prava1-1536x803.png 1536w\" sizes=\"auto, (max-width: 1917px) 100vw, 1917px\" \/><\/figure>\n\n\n\n<p>P\u0159id\u011blen\u00ed pr\u00e1v je dokon\u010deno po jejich p\u0159ijmut\u00ed \u010di odm\u00edtnut\u00ed u\u017eivatelem, kter\u00e9mu byl n\u00e1vrh zasl\u00e1n.<\/p>\n\n\n\n<p>Ozn\u00e1men\u00ed o nab\u00eddce nebo \u017e\u00e1dosti o sd\u00edlen\u00ed p\u0159\u00edstupu najde u\u017eivatel v\u017edy v Menu \u2013 Upozorn\u011bn\u00ed.<\/p>\n\n\n\n<div class=\"wp-block-seznam-box is-layout-flow wp-block-seznam-box-is-layout-flow\">\n<p>Upozorn\u011bn\u00ed: U\u017eivatel, kter\u00fd m\u00e1 p\u0159\u00edstup do va\u0161eho \u00fa\u010dtu, m\u016f\u017ee podle zvolen\u00fdch pr\u00e1v vykon\u00e1vat ur\u010dit\u00e9 operace. Dejte si pozor, komu pr\u00e1va ud\u011bl\u00edte.<\/p>\n<\/div>\n<\/div>\n\n\n\n<div class=\"wp-block-group is-layout-constrained wp-block-group-is-layout-constrained\">\n<h2 class=\"wp-block-heading\">Jak spravovat propojen\u00e9 \u00fa\u010dty<\/h2>\n\n\n\n<p>1. P\u0159ihlaste se do Klientsk\u00e9 z\u00f3ny pod va\u0161\u00edm p\u0159ihla\u0161ovac\u00edm emailem a heslem.<\/p>\n\n\n\n<p>2. V prav\u00e9m horn\u00edm rohu klikn\u011bte na \u0161ipku u va\u0161eho \u00fa\u010dtu.<\/p>\n\n\n\n<p>3. Zvolte \u00fa\u010det, kter\u00fd chcete spravovat.<\/p>\n\n\n\n<p>4. V prav\u00e9m horn\u00edm rohu zkontrolujte, v jak\u00e9m \u00fa\u010dtu se nach\u00e1z\u00edte.<\/p>\n\n\n\n<figure class=\"wp-block-image size-full\"><img loading=\"lazy\" decoding=\"async\" width=\"1899\" height=\"996\" src=\"https:\/\/o-seznam.cz\/napoveda\/klientska-zona\/wp-content\/uploads\/sites\/18\/2025\/10\/prava2.png\" alt=\"\" class=\"wp-image-329\" srcset=\"https:\/\/o-seznam.cz\/napoveda\/klientska-zona\/wp-content\/uploads\/sites\/18\/2025\/10\/prava2.png 1899w, https:\/\/o-seznam.cz\/napoveda\/klientska-zona\/wp-content\/uploads\/sites\/18\/2025\/10\/prava2-992x520.png 992w, https:\/\/o-seznam.cz\/napoveda\/klientska-zona\/wp-content\/uploads\/sites\/18\/2025\/10\/prava2-320x168.png 320w, https:\/\/o-seznam.cz\/napoveda\/klientska-zona\/wp-content\/uploads\/sites\/18\/2025\/10\/prava2-768x403.png 768w, https:\/\/o-seznam.cz\/napoveda\/klientska-zona\/wp-content\/uploads\/sites\/18\/2025\/10\/prava2-1536x806.png 1536w\" sizes=\"auto, (max-width: 1899px) 100vw, 1899px\" \/><\/figure>\n\n\n\n<p>5. Spravujte vybran\u00fd propojen\u00fd \u00fa\u010det v Klientsk\u00e9 z\u00f3n\u011b dle p\u0159id\u011blen\u00fdch pr\u00e1v:<\/p>\n\n\n\n<ul class=\"wp-block-list\">\n<li>Do spr\u00e1vy Klientsk\u00e9 z\u00f3ny se dostanete automaticky p\u0159i kliknut\u00ed na e-mail u \u201eSpravovat \u00fa\u010det\u201c<\/li>\n<\/ul>\n\n\n\n<p>6. Spr\u00e1vu ukon\u010d\u00edte stejn\u00fdm postupem jako p\u0159i zah\u00e1jen\u00ed a kliknete na \u201eP\u0159estat spravovat\u201c.<\/p>\n<\/div>\n","protected":false},"excerpt":{"rendered":"<p>Umo\u017e\u0148uje v\u00e1m sd\u00edlet p\u0159\u00edstup do Klientsk\u00e9 z\u00f3ny s jin\u00fdmi registrovan\u00fdmi u\u017eivateli Seznam.cz. V menu Nastaven\u00ed si prvn\u00ed zvol\u00edte, zda chcete p\u0159\u00edstup do \u00fa\u010dtu: N\u00e1sledn\u011b zad\u00e1te e-mail u\u017eivatele, se kter\u00fdm chcete sd\u00edlet p\u0159\u00edstup, a vyberete \u00farove\u0148 pr\u00e1v pro slu\u017ebu: P\u0159id\u011blen\u00ed pr\u00e1v je dokon\u010deno po jejich p\u0159ijmut\u00ed \u010di odm\u00edtnut\u00ed u\u017eivatelem, kter\u00e9mu byl n\u00e1vrh zasl\u00e1n. Ozn\u00e1men\u00ed o nab\u00eddce [&hellip;]<\/p>\n","protected":false},"author":6,"featured_media":0,"parent":86,"menu_order":60,"comment_status":"closed","ping_status":"closed","template":"page-sidemenu","meta":{"_acf_changed":false,"_relevanssi_hide_post":"","_relevanssi_hide_content":"","_relevanssi_pin_for_all":"","_relevanssi_pin_keywords":"","_relevanssi_unpin_keywords":"","_relevanssi_related_keywords":"","_relevanssi_related_include_ids":"","_relevanssi_related_exclude_ids":"","_relevanssi_related_no_append":"","_relevanssi_related_not_related":"","_relevanssi_related_posts":"","_relevanssi_noindex_reason":"","footnotes":""},"page_category":[3],"page_tag":[],"service_status_category":[],"class_list":["post-73","page","type-page","status-publish","hentry"],"acf":[],"_links":{"self":[{"href":"https:\/\/o-seznam.cz\/napoveda\/klientska-zona\/wp-json\/wp\/v2\/pages\/73","targetHints":{"allow":["GET"]}}],"collection":[{"href":"https:\/\/o-seznam.cz\/napoveda\/klientska-zona\/wp-json\/wp\/v2\/pages"}],"about":[{"href":"https:\/\/o-seznam.cz\/napoveda\/klientska-zona\/wp-json\/wp\/v2\/types\/page"}],"author":[{"embeddable":true,"href":"https:\/\/o-seznam.cz\/napoveda\/klientska-zona\/wp-json\/wp\/v2\/users\/6"}],"replies":[{"embeddable":true,"href":"https:\/\/o-seznam.cz\/napoveda\/klientska-zona\/wp-json\/wp\/v2\/comments?post=73"}],"version-history":[{"count":3,"href":"https:\/\/o-seznam.cz\/napoveda\/klientska-zona\/wp-json\/wp\/v2\/pages\/73\/revisions"}],"predecessor-version":[{"id":330,"href":"https:\/\/o-seznam.cz\/napoveda\/klientska-zona\/wp-json\/wp\/v2\/pages\/73\/revisions\/330"}],"up":[{"embeddable":true,"href":"https:\/\/o-seznam.cz\/napoveda\/klientska-zona\/wp-json\/wp\/v2\/pages\/86"}],"wp:attachment":[{"href":"https:\/\/o-seznam.cz\/napoveda\/klientska-zona\/wp-json\/wp\/v2\/media?parent=73"}],"wp:term":[{"taxonomy":"page_category","embeddable":true,"href":"https:\/\/o-seznam.cz\/napoveda\/klientska-zona\/wp-json\/wp\/v2\/page_category?post=73"},{"taxonomy":"page_tag","embeddable":true,"href":"https:\/\/o-seznam.cz\/napoveda\/klientska-zona\/wp-json\/wp\/v2\/page_tag?post=73"},{"taxonomy":"service_status_category","embeddable":true,"href":"https:\/\/o-seznam.cz\/napoveda\/klientska-zona\/wp-json\/wp\/v2\/service_status_category?post=73"}],"curies":[{"name":"wp","href":"https:\/\/api.w.org\/{rel}","templated":true}]}}