{"id":65,"date":"2024-10-19T00:40:47","date_gmt":"2024-10-18T22:40:47","guid":{"rendered":"https:\/\/o-seznam.cz\/napoveda\/klientska-zona\/?page_id=65"},"modified":"2024-12-12T23:47:48","modified_gmt":"2024-12-12T22:47:48","slug":"snadne-platby-kartou","status":"publish","type":"page","link":"https:\/\/o-seznam.cz\/napoveda\/klientska-zona\/nastaveni\/snadne-platby-kartou\/","title":{"rendered":"Snadn\u00e9 platby kartou"},"content":{"rendered":"\n<div class=\"wp-block-group is-layout-constrained wp-block-group-is-layout-constrained\">\n<p>V t\u00e9to \u010d\u00e1sti Nastaven\u00ed m\u016f\u017eete spravovat zapamatovan\u00e9 karty a vytvo\u0159it, editovat \u010di zru\u0161it pravidla pro Automatick\u00e9 opakovan\u00e9 platby kartou.<\/p>\n<\/div>\n\n\n\n<div class=\"wp-block-group is-layout-constrained wp-block-group-is-layout-constrained\">\n<h2 class=\"wp-block-heading\">Nastaven\u00ed pravidel pro Automatick\u00e9 opakovan\u00e9 platby kartou<\/h2>\n\n\n\n<p>Pravidlo pro automatick\u00e9 dobit\u00ed se ulo\u017e\u00ed po prvn\u00ed, tzv. registra\u010dn\u00ed platb\u011b kartou.<\/p>\n\n\n\n<figure class=\"wp-block-image size-full\"><img loading=\"lazy\" decoding=\"async\" width=\"1911\" height=\"866\" src=\"https:\/\/o-seznam.cz\/napoveda\/klientska-zona\/wp-content\/uploads\/sites\/18\/2024\/10\/opakovane-platby1.png\" alt=\"\" class=\"wp-image-66\" srcset=\"https:\/\/o-seznam.cz\/napoveda\/klientska-zona\/wp-content\/uploads\/sites\/18\/2024\/10\/opakovane-platby1.png 1911w, https:\/\/o-seznam.cz\/napoveda\/klientska-zona\/wp-content\/uploads\/sites\/18\/2024\/10\/opakovane-platby1-992x450.png 992w, https:\/\/o-seznam.cz\/napoveda\/klientska-zona\/wp-content\/uploads\/sites\/18\/2024\/10\/opakovane-platby1-320x145.png 320w, https:\/\/o-seznam.cz\/napoveda\/klientska-zona\/wp-content\/uploads\/sites\/18\/2024\/10\/opakovane-platby1-768x348.png 768w, https:\/\/o-seznam.cz\/napoveda\/klientska-zona\/wp-content\/uploads\/sites\/18\/2024\/10\/opakovane-platby1-1536x696.png 1536w\" sizes=\"auto, (max-width: 1911px) 100vw, 1911px\" \/><\/figure>\n\n\n\n<p>P\u0159i platb\u011b kartou si nastav\u00edte hladinu kreditu. Pokud se v\u00e1\u0161 kredit dostane pod tuto hodnotu, pokus\u00edme se automaticky dob\u00edt.<\/p>\n\n\n\n<p>M\u016f\u017eete si nastavit maxim\u00e1ln\u00ed po\u010det opakovan\u00fdch plateb proveden\u00fdch za t\u00fdden.<\/p>\n\n\n\n<figure class=\"wp-block-image size-full\"><img loading=\"lazy\" decoding=\"async\" width=\"1177\" height=\"747\" src=\"https:\/\/o-seznam.cz\/napoveda\/klientska-zona\/wp-content\/uploads\/sites\/18\/2024\/10\/opakovane-platby-kartou1.jpg\" alt=\"\" class=\"wp-image-67\" srcset=\"https:\/\/o-seznam.cz\/napoveda\/klientska-zona\/wp-content\/uploads\/sites\/18\/2024\/10\/opakovane-platby-kartou1.jpg 1177w, https:\/\/o-seznam.cz\/napoveda\/klientska-zona\/wp-content\/uploads\/sites\/18\/2024\/10\/opakovane-platby-kartou1-992x630.jpg 992w, https:\/\/o-seznam.cz\/napoveda\/klientska-zona\/wp-content\/uploads\/sites\/18\/2024\/10\/opakovane-platby-kartou1-320x203.jpg 320w, https:\/\/o-seznam.cz\/napoveda\/klientska-zona\/wp-content\/uploads\/sites\/18\/2024\/10\/opakovane-platby-kartou1-768x487.jpg 768w\" sizes=\"auto, (max-width: 1177px) 100vw, 1177px\" \/><\/figure>\n\n\n\n<p>Po \u00fasp\u011b\u0161n\u00e9 platb\u011b je vytvo\u0159ena registra\u010dn\u00ed objedn\u00e1vka a ulo\u017eeno pravidlo, dle kter\u00e9ho v\u00e1m budeme dob\u00edjet kredit<\/p>\n\n\n\n<p>V Nastaven\u00ed lze editovat hladinu kreditu. Pokud se v\u00e1\u0161 kredit dostane pod tuto hodnotu, pokus\u00edme se automaticky dob\u00edt.<\/p>\n\n\n\n<p>V Nastaven\u00ed lze editovat po\u010det opakovan\u00fdch plateb.<\/p>\n\n\n\n<p>V Nastaven\u00ed je mo\u017en\u00e9 pravidlo deaktivovat anebo smazat, pokud je nap\u0159. nastaveno na ji\u017e neplatn\u00e9 kart\u011b.<\/p>\n\n\n\n<p>Z Nastaven\u00ed je mo\u017en\u00e9 p\u0159idat dal\u0161\u00ed pravidlo a m\u00edt jich ulo\u017eeno v\u00edc. Aktivn\u00ed je v\u017edy pouze jedno pravidlo, je ale mo\u017en\u00e9 mezi ulo\u017een\u00fdmi pravidly p\u0159ep\u00ednat.<\/p>\n\n\n\n<figure class=\"wp-block-image size-full\"><img loading=\"lazy\" decoding=\"async\" width=\"1305\" height=\"770\" src=\"https:\/\/o-seznam.cz\/napoveda\/klientska-zona\/wp-content\/uploads\/sites\/18\/2024\/10\/opakovane-platby2.png\" alt=\"\" class=\"wp-image-68\" srcset=\"https:\/\/o-seznam.cz\/napoveda\/klientska-zona\/wp-content\/uploads\/sites\/18\/2024\/10\/opakovane-platby2.png 1305w, https:\/\/o-seznam.cz\/napoveda\/klientska-zona\/wp-content\/uploads\/sites\/18\/2024\/10\/opakovane-platby2-992x585.png 992w, https:\/\/o-seznam.cz\/napoveda\/klientska-zona\/wp-content\/uploads\/sites\/18\/2024\/10\/opakovane-platby2-320x189.png 320w, https:\/\/o-seznam.cz\/napoveda\/klientska-zona\/wp-content\/uploads\/sites\/18\/2024\/10\/opakovane-platby2-768x453.png 768w\" sizes=\"auto, (max-width: 1305px) 100vw, 1305px\" \/><\/figure>\n\n\n\n<p>Aktivn\u00ed pravidlo, podle kter\u00e9ho je automaticky dob\u00edjeno uvid\u00edte v Pen\u011b\u017eence<\/p>\n\n\n\n<p>S manu\u00e1ln\u00edm dobit\u00edm si m\u016f\u017eete za\u0161krtnout checkbox <strong>Zapamatovat kartu<\/strong> a p\u0159\u00ed\u0161t\u011b nebudete muset zad\u00e1vat jej\u00ed \u00fadaje<\/p>\n\n\n\n<figure class=\"wp-block-image size-full\"><img loading=\"lazy\" decoding=\"async\" width=\"1477\" height=\"923\" src=\"https:\/\/o-seznam.cz\/napoveda\/klientska-zona\/wp-content\/uploads\/sites\/18\/2024\/10\/zapamatovane-platby-kartou1.jpg\" alt=\"\" class=\"wp-image-70\" srcset=\"https:\/\/o-seznam.cz\/napoveda\/klientska-zona\/wp-content\/uploads\/sites\/18\/2024\/10\/zapamatovane-platby-kartou1.jpg 1477w, https:\/\/o-seznam.cz\/napoveda\/klientska-zona\/wp-content\/uploads\/sites\/18\/2024\/10\/zapamatovane-platby-kartou1-992x620.jpg 992w, https:\/\/o-seznam.cz\/napoveda\/klientska-zona\/wp-content\/uploads\/sites\/18\/2024\/10\/zapamatovane-platby-kartou1-320x200.jpg 320w, https:\/\/o-seznam.cz\/napoveda\/klientska-zona\/wp-content\/uploads\/sites\/18\/2024\/10\/zapamatovane-platby-kartou1-768x480.jpg 768w\" sizes=\"auto, (max-width: 1477px) 100vw, 1477px\" \/><\/figure>\n\n\n\n<p>Detaily zapamatovan\u00e9 karty uvid\u00edte v Nastaven\u00ed.<\/p>\n\n\n\n<figure class=\"wp-block-image size-full\"><img loading=\"lazy\" decoding=\"async\" width=\"1279\" height=\"842\" src=\"https:\/\/o-seznam.cz\/napoveda\/klientska-zona\/wp-content\/uploads\/sites\/18\/2024\/10\/opakovane-platby3.png\" alt=\"\" class=\"wp-image-71\" srcset=\"https:\/\/o-seznam.cz\/napoveda\/klientska-zona\/wp-content\/uploads\/sites\/18\/2024\/10\/opakovane-platby3.png 1279w, https:\/\/o-seznam.cz\/napoveda\/klientska-zona\/wp-content\/uploads\/sites\/18\/2024\/10\/opakovane-platby3-992x653.png 992w, https:\/\/o-seznam.cz\/napoveda\/klientska-zona\/wp-content\/uploads\/sites\/18\/2024\/10\/opakovane-platby3-320x211.png 320w, https:\/\/o-seznam.cz\/napoveda\/klientska-zona\/wp-content\/uploads\/sites\/18\/2024\/10\/opakovane-platby3-768x506.png 768w\" sizes=\"auto, (max-width: 1279px) 100vw, 1279px\" \/><\/figure>\n<\/div>\n","protected":false},"excerpt":{"rendered":"<p>V t\u00e9to \u010d\u00e1sti Nastaven\u00ed m\u016f\u017eete spravovat zapamatovan\u00e9 karty a vytvo\u0159it, editovat \u010di zru\u0161it pravidla pro Automatick\u00e9 opakovan\u00e9 platby kartou. Nastaven\u00ed pravidel pro Automatick\u00e9 opakovan\u00e9 platby kartou Pravidlo pro automatick\u00e9 dobit\u00ed se ulo\u017e\u00ed po prvn\u00ed, tzv. registra\u010dn\u00ed platb\u011b kartou. P\u0159i platb\u011b kartou si nastav\u00edte hladinu kreditu. Pokud se v\u00e1\u0161 kredit dostane pod tuto hodnotu, pokus\u00edme se [&hellip;]<\/p>\n","protected":false},"author":6,"featured_media":0,"parent":86,"menu_order":30,"comment_status":"closed","ping_status":"closed","template":"page-sidemenu","meta":{"_acf_changed":false,"_relevanssi_hide_post":"","_relevanssi_hide_content":"","_relevanssi_pin_for_all":"","_relevanssi_pin_keywords":"","_relevanssi_unpin_keywords":"","_relevanssi_related_keywords":"","_relevanssi_related_include_ids":"","_relevanssi_related_exclude_ids":"","_relevanssi_related_no_append":"","_relevanssi_related_not_related":"","_relevanssi_related_posts":"","_relevanssi_noindex_reason":"","footnotes":""},"page_category":[3],"page_tag":[],"service_status_category":[],"class_list":["post-65","page","type-page","status-publish","hentry"],"acf":[],"_links":{"self":[{"href":"https:\/\/o-seznam.cz\/napoveda\/klientska-zona\/wp-json\/wp\/v2\/pages\/65","targetHints":{"allow":["GET"]}}],"collection":[{"href":"https:\/\/o-seznam.cz\/napoveda\/klientska-zona\/wp-json\/wp\/v2\/pages"}],"about":[{"href":"https:\/\/o-seznam.cz\/napoveda\/klientska-zona\/wp-json\/wp\/v2\/types\/page"}],"author":[{"embeddable":true,"href":"https:\/\/o-seznam.cz\/napoveda\/klientska-zona\/wp-json\/wp\/v2\/users\/6"}],"replies":[{"embeddable":true,"href":"https:\/\/o-seznam.cz\/napoveda\/klientska-zona\/wp-json\/wp\/v2\/comments?post=65"}],"version-history":[{"count":3,"href":"https:\/\/o-seznam.cz\/napoveda\/klientska-zona\/wp-json\/wp\/v2\/pages\/65\/revisions"}],"predecessor-version":[{"id":169,"href":"https:\/\/o-seznam.cz\/napoveda\/klientska-zona\/wp-json\/wp\/v2\/pages\/65\/revisions\/169"}],"up":[{"embeddable":true,"href":"https:\/\/o-seznam.cz\/napoveda\/klientska-zona\/wp-json\/wp\/v2\/pages\/86"}],"wp:attachment":[{"href":"https:\/\/o-seznam.cz\/napoveda\/klientska-zona\/wp-json\/wp\/v2\/media?parent=65"}],"wp:term":[{"taxonomy":"page_category","embeddable":true,"href":"https:\/\/o-seznam.cz\/napoveda\/klientska-zona\/wp-json\/wp\/v2\/page_category?post=65"},{"taxonomy":"page_tag","embeddable":true,"href":"https:\/\/o-seznam.cz\/napoveda\/klientska-zona\/wp-json\/wp\/v2\/page_tag?post=65"},{"taxonomy":"service_status_category","embeddable":true,"href":"https:\/\/o-seznam.cz\/napoveda\/klientska-zona\/wp-json\/wp\/v2\/service_status_category?post=65"}],"curies":[{"name":"wp","href":"https:\/\/api.w.org\/{rel}","templated":true}]}}